{"id":10011,"date":"2023-11-28T23:23:59","date_gmt":"2023-11-28T22:23:59","guid":{"rendered":"https:\/\/lesforestiersassocies.fr\/?page_id=10011"},"modified":"2024-07-12T10:50:51","modified_gmt":"2024-07-12T08:50:51","slug":"scierie","status":"publish","type":"page","link":"https:\/\/lesforestiersassocies.fr\/index.php\/scierie\/","title":{"rendered":"Scierie"},"content":{"rendered":"<p><div class=\"fusion-fullwidth fullwidth-box fusion-builder-row-1 fusion-flex-container has-pattern-background has-mask-background fusion-parallax-none nonhundred-percent-fullwidth non-hundred-percent-height-scrolling lazyload\" style=\"--awb-background-position:right top;--awb-border-radius-top-left:0px;--awb-border-radius-top-right:0px;--awb-border-radius-bottom-right:0px;--awb-border-radius-bottom-left:0px;--awb-padding-right:0px;--awb-margin-top:150px;--awb-background-size:contain;--awb-flex-wrap:wrap;\" data-bg=\"http:\/\/lesforestiersassocies.fr\/wp-content\/uploads\/2023\/11\/hero-bg.png\" ><div class=\"fusion-builder-row fusion-row fusion-flex-align-items-flex-start fusion-flex-content-wrap\" style=\"max-width:1248px;margin-left: calc(-4% \/ 2 );margin-right: calc(-4% \/ 2 );\"><div class=\"fusion-layout-column fusion_builder_column fusion-builder-column-0 fusion_builder_column_1_2 1_2 fusion-flex-column\" style=\"--awb-bg-size:cover;--awb-width-large:50%;--awb-margin-top-large:110px;--awb-spacing-right-large:3.84%;--awb-margin-bottom-large:0px;--awb-spacing-left-large:3.84%;--awb-width-medium:50%;--awb-order-medium:0;--awb-spacing-right-medium:3.84%;--awb-spacing-left-medium:3.84%;--awb-width-small:100%;--awb-order-small:0;--awb-spacing-right-small:1.92%;--awb-spacing-left-small:1.92%;\"><div class=\"fusion-column-wrapper fusion-column-has-shadow fusion-flex-justify-content-flex-start fusion-content-layout-column\"><div class=\"fusion-title title fusion-title-1 fusion-sep-none fusion-title-text fusion-title-size-one\" style=\"--awb-text-color:#3c804a;--awb-font-size:46px;\"><h1 class=\"fusion-title-heading title-heading-left\" style=\"margin:0;font-size:1em;text-transform:none;\">Sciage au d\u00e9tail<\/h1><\/div><div class=\"fusion-text fusion-text-1\" style=\"--awb-text-color:#9dd81a;--awb-text-font-family:&quot;Open Sans&quot;;--awb-text-font-style:normal;--awb-text-font-weight:600;\"><p>Nous poss\u00e9dons une unit\u00e9 de sciage pouvant r\u00e9pondre \u00e0 vos demandes particuli\u00e8res. Sur tous types d&rsquo;essences, notamment le douglas, le ch\u00eane, le peuplier, le m\u00e9l\u00e8ze, le ch\u00e2taignier, le h\u00eatre, le fr\u00eane et l&rsquo;acacia qui peuvent correspondre aussi bien \u00e0 des usages int\u00e9rieur et ext\u00e9rieur. Sciage \u00e0 fa\u00e7on, sciage destin\u00e9 \u00e0 vos grumes et scier \u00e0 vos dimensions.<\/p>\n<\/div><\/div><\/div><div class=\"fusion-layout-column fusion_builder_column fusion-builder-column-1 fusion_builder_column_1_2 1_2 fusion-flex-column\" style=\"--awb-bg-size:cover;--awb-width-large:50%;--awb-margin-top-large:0px;--awb-spacing-right-large:3.84%;--awb-margin-bottom-large:0px;--awb-spacing-left-large:3.84%;--awb-width-medium:50%;--awb-order-medium:0;--awb-spacing-right-medium:3.84%;--awb-spacing-left-medium:3.84%;--awb-width-small:100%;--awb-order-small:0;--awb-spacing-right-small:1.92%;--awb-spacing-left-small:1.92%;\"><div class=\"fusion-column-wrapper fusion-column-has-shadow fusion-flex-justify-content-flex-start fusion-content-layout-column\"><div class=\"fusion-image-element \" style=\"text-align:center;--awb-aspect-ratio: 100 \/ 138;--awb-object-position:52% 58%;--awb-mask-url: url(https:\/\/lesforestiersassocies.fr\/wp-content\/plugins\/fusion-builder\/\/assets\/images\/masks\/mask-15.svg);--awb-mask-size: cover;--awb-mask-position: bottom left;--awb-margin-top:0.5px;--awb-margin-right:0.5px;--awb-margin-bottom:0.5px;--awb-margin-left:0.5px;--awb-max-width:400px;--awb-caption-title-font-family:var(--h2_typography-font-family);--awb-caption-title-font-weight:var(--h2_typography-font-weight);--awb-caption-title-font-style:var(--h2_typography-font-style);--awb-caption-title-size:var(--h2_typography-font-size);--awb-caption-title-transform:var(--h2_typography-text-transform);--awb-caption-title-line-height:var(--h2_typography-line-height);--awb-caption-title-letter-spacing:var(--h2_typography-letter-spacing);\"><div style=\"display:inline-block;width:400px;\"><span class=\" fusion-imageframe imageframe-none imageframe-1 hover-type-none has-mask has-aspect-ratio\"><img decoding=\"async\" width=\"2560\" height=\"1440\" title=\"FORET 143\" src=\"https:\/\/lesforestiersassocies.fr\/wp-content\/uploads\/2024\/07\/FORET-143-scaled.jpg\" data-orig-src=\"http:\/\/lesforestiersassocies.fr\/wp-content\/uploads\/2024\/07\/FORET-143-scaled.jpg\" class=\"lazyload img-responsive wp-image-12070 img-with-aspect-ratio\" alt srcset=\"data:image\/svg+xml,%3Csvg%20xmlns%3D%27http%3A%2F%2Fwww.w3.org%2F2000%2Fsvg%27%20width%3D%272560%27%20height%3D%271440%27%20viewBox%3D%270%200%202560%201440%27%3E%3Crect%20width%3D%272560%27%20height%3D%271440%27%20fill-opacity%3D%220%22%2F%3E%3C%2Fsvg%3E\" data-srcset=\"https:\/\/lesforestiersassocies.fr\/wp-content\/uploads\/2024\/07\/FORET-143-200x113.jpg 200w, https:\/\/lesforestiersassocies.fr\/wp-content\/uploads\/2024\/07\/FORET-143-400x225.jpg 400w, https:\/\/lesforestiersassocies.fr\/wp-content\/uploads\/2024\/07\/FORET-143-600x338.jpg 600w, https:\/\/lesforestiersassocies.fr\/wp-content\/uploads\/2024\/07\/FORET-143-800x450.jpg 800w, https:\/\/lesforestiersassocies.fr\/wp-content\/uploads\/2024\/07\/FORET-143-1200x675.jpg 1200w, https:\/\/lesforestiersassocies.fr\/wp-content\/uploads\/2024\/07\/FORET-143-scaled.jpg 2560w\" data-sizes=\"auto\" data-orig-sizes=\"(max-width: 718px) 100vw, 600px\" \/><\/span><\/div><\/div><\/div><\/div><\/div><\/div><div class=\"fusion-fullwidth fullwidth-box fusion-builder-row-2 fusion-flex-container has-pattern-background has-mask-background fusion-parallax-none nonhundred-percent-fullwidth non-hundred-percent-height-scrolling lazyload\" style=\"--awb-background-position:right top;--awb-border-radius-top-left:0px;--awb-border-radius-top-right:0px;--awb-border-radius-bottom-right:0px;--awb-border-radius-bottom-left:0px;--awb-margin-top:150px;--awb-background-size:contain;--awb-flex-wrap:wrap;\" data-bg=\"http:\/\/lesforestiersassocies.fr\/wp-content\/uploads\/2023\/11\/hero-bg.png\" ><div class=\"fusion-builder-row fusion-row fusion-flex-align-items-flex-start fusion-flex-content-wrap\" style=\"max-width:1248px;margin-left: calc(-4% \/ 2 );margin-right: calc(-4% \/ 2 );\"><div class=\"fusion-layout-column fusion_builder_column fusion-builder-column-2 fusion_builder_column_1_2 1_2 fusion-flex-column\" style=\"--awb-bg-size:cover;--awb-width-large:50%;--awb-margin-top-large:0px;--awb-spacing-right-large:0%;--awb-margin-bottom-large:0px;--awb-spacing-left-large:0%;--awb-width-medium:50%;--awb-order-medium:0;--awb-spacing-right-medium:0%;--awb-spacing-left-medium:0%;--awb-width-small:100%;--awb-order-small:0;--awb-spacing-right-small:1.92%;--awb-spacing-left-small:1.92%;\"><div class=\"fusion-column-wrapper fusion-column-has-shadow fusion-flex-justify-content-flex-start fusion-content-layout-column\"><div class=\"awb-gallery-wrapper awb-gallery-wrapper-1 button-span-no\"><div style=\"margin:-5px;--awb-bordersize:0px;--awb-border-radius:12px;--awb-caption-title-color:#ffffff;--awb-caption-title-size:18px;--awb-caption-title-transform:var(--awb-typography4-text-transform);--awb-caption-title-line-height:24px;--awb-caption-title-letter-spacing:0px;--awb-caption-text-color:#ffffff;--awb-caption-text-size:var(--awb-typography5-font-size);--awb-caption-text-transform:var(--awb-typography5-text-transform);--awb-caption-text-line-height:var(--awb-typography5-line-height);--awb-caption-text-letter-spacing:var(--awb-typography5-letter-spacing);--awb-caption-overlay-color:#141617;--awb-caption-background-color:#141617;--awb-caption-title-font-family:&quot;Inter&quot;;--awb-caption-title-font-style:normal;--awb-caption-title-font-weight:500;--awb-caption-text-font-family:var(--awb-typography5-font-family);--awb-caption-text-font-weight:var(--awb-typography5-font-weight);--awb-caption-text-font-style:var(--awb-typography5-font-style);\" class=\"fusion-gallery fusion-gallery-container fusion-grid-3 fusion-columns-total-5 fusion-gallery-layout-masonry fusion-gallery-1\"><div class=\"fusion-grid-column fusion-gallery-column fusion-gallery-column-3 hover-type-zoomin fusion-grid-sizer\"><\/div><div style=\"padding:5px;\" class=\"fusion-grid-column fusion-gallery-column fusion-gallery-column-3 hover-type-zoomin fusion-element-grid\"><div class=\"fusion-gallery-image\"><a href=\"https:\/\/lesforestiersassocies.fr\/wp-content\/uploads\/2024\/07\/FORET-52.jpg\" rel=\"noreferrer\" data-rel=\"iLightbox[gallery_image_1]\" class=\"fusion-lightbox\" target=\"_self\"><div style=\"padding-top:calc((100% + 10px) * 0.8 - 5px);background-position:40% 91%;\" class=\"fusion-masonry-element-container lazyload\" data-bg=\"https:\/\/lesforestiersassocies.fr\/wp-content\/uploads\/2024\/07\/FORET-52.jpg\"><img decoding=\"async\" src=\"data:image\/gif;base64,R0lGODlhAQABAAAAACH5BAEKAAEALAAAAAABAAEAAAICTAEAOw==\" data-orig-src=\"https:\/\/lesforestiersassocies.fr\/wp-content\/uploads\/2024\/07\/FORET-52.jpg\" width=\"\" height=\"\" alt=\"\" title=\"FORET 52\" aria-label=\"FORET 52\" class=\"lazyload img-responsive wp-image-12052\"  \/><\/div><\/a><\/div><\/div><div style=\"padding:5px;\" class=\"fusion-grid-column fusion-gallery-column fusion-gallery-column-3 hover-type-zoomin fusion-element-grid\"><div class=\"fusion-gallery-image\"><a href=\"https:\/\/lesforestiersassocies.fr\/wp-content\/uploads\/2024\/07\/FORET-51.jpg\" rel=\"noreferrer\" data-rel=\"iLightbox[gallery_image_1]\" class=\"fusion-lightbox\" target=\"_self\"><div style=\"padding-top:calc((100% + 10px) * 0.8 - 5px);background-position:;\" class=\"fusion-masonry-element-container lazyload\" data-bg=\"https:\/\/lesforestiersassocies.fr\/wp-content\/uploads\/2024\/07\/FORET-51.jpg\"><img decoding=\"async\" src=\"data:image\/gif;base64,R0lGODlhAQABAAAAACH5BAEKAAEALAAAAAABAAEAAAICTAEAOw==\" data-orig-src=\"https:\/\/lesforestiersassocies.fr\/wp-content\/uploads\/2024\/07\/FORET-51.jpg\" width=\"\" height=\"\" alt=\"\" title=\"FORET 51\" aria-label=\"FORET 51\" class=\"lazyload img-responsive wp-image-12054\"  \/><\/div><\/a><\/div><\/div><div style=\"padding:5px;\" class=\"fusion-grid-column fusion-gallery-column fusion-gallery-column-3 hover-type-zoomin fusion-element-grid\"><div class=\"fusion-gallery-image\"><a href=\"https:\/\/lesforestiersassocies.fr\/wp-content\/uploads\/2024\/07\/FORET-54.jpg\" rel=\"noreferrer\" data-rel=\"iLightbox[gallery_image_1]\" class=\"fusion-lightbox\" target=\"_self\"><div style=\"padding-top:calc((100% + 10px) * 0.8 - 5px);background-position:;\" class=\"fusion-masonry-element-container lazyload\" data-bg=\"https:\/\/lesforestiersassocies.fr\/wp-content\/uploads\/2024\/07\/FORET-54.jpg\"><img decoding=\"async\" src=\"data:image\/gif;base64,R0lGODlhAQABAAAAACH5BAEKAAEALAAAAAABAAEAAAICTAEAOw==\" data-orig-src=\"https:\/\/lesforestiersassocies.fr\/wp-content\/uploads\/2024\/07\/FORET-54.jpg\" width=\"\" height=\"\" alt=\"\" title=\"FORET 54\" aria-label=\"FORET 54\" class=\"lazyload img-responsive wp-image-12053\"  \/><\/div><\/a><\/div><\/div><div style=\"padding:5px;\" class=\"fusion-grid-column fusion-gallery-column fusion-gallery-column-3 hover-type-zoomin fusion-element-landscape fusion-element-portrait\"><div class=\"fusion-gallery-image\"><a href=\"https:\/\/lesforestiersassocies.fr\/wp-content\/uploads\/2024\/07\/WhatsApp-Image-2024-02-15-at-09.08.53.jpeg\" rel=\"noreferrer\" data-rel=\"iLightbox[gallery_image_1]\" class=\"fusion-lightbox\" target=\"_self\"><div style=\"padding-top:calc((100% + 10px) * 0.8);background-position:47% 49%;\" class=\"fusion-masonry-element-container lazyload\" data-bg=\"https:\/\/lesforestiersassocies.fr\/wp-content\/uploads\/2024\/07\/WhatsApp-Image-2024-02-15-at-09.08.53.jpeg\"><img decoding=\"async\" src=\"https:\/\/lesforestiersassocies.fr\/wp-content\/uploads\/2024\/07\/WhatsApp-Image-2024-02-15-at-09.08.53.jpeg\" data-orig-src=\"https:\/\/lesforestiersassocies.fr\/wp-content\/uploads\/2024\/07\/WhatsApp-Image-2024-02-15-at-09.08.53.jpeg\" width=\"2048\" height=\"1536\" alt=\"\" title=\"WhatsApp Image 2024-02-15 at 09.08.53\" aria-label=\"WhatsApp Image 2024-02-15 at 09.08.53\" class=\"lazyload img-responsive wp-image-12072\" srcset=\"data:image\/svg+xml,%3Csvg%20xmlns%3D%27http%3A%2F%2Fwww.w3.org%2F2000%2Fsvg%27%20width%3D%272048%27%20height%3D%271536%27%20viewBox%3D%270%200%202048%201536%27%3E%3Crect%20width%3D%272048%27%20height%3D%271536%27%20fill-opacity%3D%220%22%2F%3E%3C%2Fsvg%3E\" data-srcset=\"https:\/\/lesforestiersassocies.fr\/wp-content\/uploads\/2024\/07\/WhatsApp-Image-2024-02-15-at-09.08.53-200x150.jpeg 200w, https:\/\/lesforestiersassocies.fr\/wp-content\/uploads\/2024\/07\/WhatsApp-Image-2024-02-15-at-09.08.53-400x300.jpeg 400w, https:\/\/lesforestiersassocies.fr\/wp-content\/uploads\/2024\/07\/WhatsApp-Image-2024-02-15-at-09.08.53-600x450.jpeg 600w, https:\/\/lesforestiersassocies.fr\/wp-content\/uploads\/2024\/07\/WhatsApp-Image-2024-02-15-at-09.08.53-800x600.jpeg 800w, https:\/\/lesforestiersassocies.fr\/wp-content\/uploads\/2024\/07\/WhatsApp-Image-2024-02-15-at-09.08.53-1200x900.jpeg 1200w, https:\/\/lesforestiersassocies.fr\/wp-content\/uploads\/2024\/07\/WhatsApp-Image-2024-02-15-at-09.08.53.jpeg 2048w\" data-sizes=\"auto\" data-orig-sizes=\"(min-width: 2200px) 100vw, (min-width: 640px) 1200px, \" \/><\/div><\/a><\/div><\/div><div style=\"padding:5px;\" class=\"fusion-grid-column fusion-gallery-column fusion-gallery-column-3 hover-type-zoomin fusion-element-landscape\"><div class=\"fusion-gallery-image\"><a href=\"https:\/\/lesforestiersassocies.fr\/wp-content\/uploads\/2024\/07\/FORET-69-scaled.jpg\" rel=\"noreferrer\" data-rel=\"iLightbox[gallery_image_1]\" class=\"fusion-lightbox\" target=\"_self\"><div style=\"padding-top:calc((100% + 10px) * 0.4 - 5px);background-position:46% 30%;\" class=\"fusion-masonry-element-container lazyload\" data-bg=\"https:\/\/lesforestiersassocies.fr\/wp-content\/uploads\/2024\/07\/FORET-69-scaled.jpg\"><img decoding=\"async\" src=\"https:\/\/lesforestiersassocies.fr\/wp-content\/uploads\/2024\/07\/FORET-69-scaled.jpg\" data-orig-src=\"https:\/\/lesforestiersassocies.fr\/wp-content\/uploads\/2024\/07\/FORET-69-scaled.jpg\" width=\"2560\" height=\"1706\" alt=\"\" title=\"FORET 69\" aria-label=\"FORET 69\" class=\"lazyload img-responsive wp-image-12057\" srcset=\"data:image\/svg+xml,%3Csvg%20xmlns%3D%27http%3A%2F%2Fwww.w3.org%2F2000%2Fsvg%27%20width%3D%272560%27%20height%3D%271706%27%20viewBox%3D%270%200%202560%201706%27%3E%3Crect%20width%3D%272560%27%20height%3D%271706%27%20fill-opacity%3D%220%22%2F%3E%3C%2Fsvg%3E\" data-srcset=\"https:\/\/lesforestiersassocies.fr\/wp-content\/uploads\/2024\/07\/FORET-69-200x133.jpg 200w, https:\/\/lesforestiersassocies.fr\/wp-content\/uploads\/2024\/07\/FORET-69-400x267.jpg 400w, https:\/\/lesforestiersassocies.fr\/wp-content\/uploads\/2024\/07\/FORET-69-600x400.jpg 600w, https:\/\/lesforestiersassocies.fr\/wp-content\/uploads\/2024\/07\/FORET-69-800x533.jpg 800w, https:\/\/lesforestiersassocies.fr\/wp-content\/uploads\/2024\/07\/FORET-69-1200x800.jpg 1200w, https:\/\/lesforestiersassocies.fr\/wp-content\/uploads\/2024\/07\/FORET-69-scaled.jpg 2560w\" data-sizes=\"auto\" data-orig-sizes=\"(min-width: 2200px) 100vw, (min-width: 640px) 1200px, \" \/><\/div><\/a><\/div><\/div><\/div><\/div><\/div><\/div><div class=\"fusion-layout-column fusion_builder_column fusion-builder-column-3 fusion_builder_column_1_2 1_2 fusion-flex-column\" style=\"--awb-bg-size:cover;--awb-width-large:50%;--awb-margin-top-large:0px;--awb-spacing-right-large:3.84%;--awb-margin-bottom-large:0px;--awb-spacing-left-large:3.84%;--awb-width-medium:50%;--awb-order-medium:0;--awb-spacing-right-medium:3.84%;--awb-spacing-left-medium:3.84%;--awb-width-small:100%;--awb-order-small:0;--awb-spacing-right-small:1.92%;--awb-spacing-left-small:1.92%;\"><div class=\"fusion-column-wrapper fusion-column-has-shadow fusion-flex-justify-content-flex-start fusion-content-layout-column\"><div class=\"fusion-video fusion-selfhosted-video\" style=\"max-width:100%;\"><div class=\"video-wrapper\"><video playsinline=\"true\" width=\"100%\" style=\"object-fit: cover;\" autoplay=\"true\" loop=\"true\" preload=\"auto\" controls=\"1\"><source src=\"http:\/\/lesforestiersassocies.fr\/wp-content\/uploads\/2024\/07\/Video-scierie.mp4\" type=\"video\/mp4\">D\u00e9sol\u00e9, votre navigateur ne prend pas en charge les vid\u00e9os int\u00e9gr\u00e9es.<\/video><\/div><\/div><\/div><\/div><\/div><\/div><\/p>\n","protected":false},"excerpt":{"rendered":"","protected":false},"author":1,"featured_media":0,"parent":0,"menu_order":0,"comment_status":"closed","ping_status":"closed","template":"100-width.php","meta":{"footnotes":""},"acf":[],"yoast_head":"<!-- This site is optimized with the Yoast SEO plugin v21.9 - https:\/\/yoast.com\/wordpress\/plugins\/seo\/ -->\n<title>Scierie - Les Forestiers Associ\u00e9s<\/title>\n<meta name=\"robots\" content=\"index, follow, max-snippet:-1, max-image-preview:large, max-video-preview:-1\" \/>\n<link rel=\"canonical\" href=\"https:\/\/lesforestiersassocies.fr\/index.php\/scierie\/\" \/>\n<meta property=\"og:locale\" content=\"fr_FR\" \/>\n<meta property=\"og:type\" content=\"article\" \/>\n<meta property=\"og:title\" content=\"Scierie - Les Forestiers Associ\u00e9s\" \/>\n<meta property=\"og:url\" content=\"https:\/\/lesforestiersassocies.fr\/index.php\/scierie\/\" \/>\n<meta property=\"og:site_name\" content=\"Les Forestiers Associ\u00e9s\" \/>\n<meta property=\"article:modified_time\" content=\"2024-07-12T08:50:51+00:00\" \/>\n<meta name=\"twitter:card\" content=\"summary_large_image\" \/>\n<script type=\"application\/ld+json\" class=\"yoast-schema-graph\">{\"@context\":\"https:\/\/schema.org\",\"@graph\":[{\"@type\":\"WebPage\",\"@id\":\"https:\/\/lesforestiersassocies.fr\/index.php\/scierie\/\",\"url\":\"https:\/\/lesforestiersassocies.fr\/index.php\/scierie\/\",\"name\":\"Scierie - Les Forestiers Associ\u00e9s\",\"isPartOf\":{\"@id\":\"https:\/\/lesforestiersassocies.fr\/#website\"},\"datePublished\":\"2023-11-28T22:23:59+00:00\",\"dateModified\":\"2024-07-12T08:50:51+00:00\",\"breadcrumb\":{\"@id\":\"https:\/\/lesforestiersassocies.fr\/index.php\/scierie\/#breadcrumb\"},\"inLanguage\":\"fr-FR\",\"potentialAction\":[{\"@type\":\"ReadAction\",\"target\":[\"https:\/\/lesforestiersassocies.fr\/index.php\/scierie\/\"]}]},{\"@type\":\"BreadcrumbList\",\"@id\":\"https:\/\/lesforestiersassocies.fr\/index.php\/scierie\/#breadcrumb\",\"itemListElement\":[{\"@type\":\"ListItem\",\"position\":1,\"name\":\"Accueil\",\"item\":\"https:\/\/lesforestiersassocies.fr\/\"},{\"@type\":\"ListItem\",\"position\":2,\"name\":\"Scierie\"}]},{\"@type\":\"WebSite\",\"@id\":\"https:\/\/lesforestiersassocies.fr\/#website\",\"url\":\"https:\/\/lesforestiersassocies.fr\/\",\"name\":\"Les Forestiers Associ\u00e9s\",\"description\":\"Les Forestiers Associ\u00e9s\",\"publisher\":{\"@id\":\"https:\/\/lesforestiersassocies.fr\/#organization\"},\"potentialAction\":[{\"@type\":\"SearchAction\",\"target\":{\"@type\":\"EntryPoint\",\"urlTemplate\":\"https:\/\/lesforestiersassocies.fr\/?s={search_term_string}\"},\"query-input\":\"required name=search_term_string\"}],\"inLanguage\":\"fr-FR\"},{\"@type\":\"Organization\",\"@id\":\"https:\/\/lesforestiersassocies.fr\/#organization\",\"name\":\"Les Forestiers Associ\u00e9s\",\"url\":\"https:\/\/lesforestiersassocies.fr\/\",\"logo\":{\"@type\":\"ImageObject\",\"inLanguage\":\"fr-FR\",\"@id\":\"https:\/\/lesforestiersassocies.fr\/#\/schema\/logo\/image\/\",\"url\":\"http:\/\/lesforestiersassocies.fr\/wp-content\/uploads\/2019\/01\/LFA-Logo.jpg\",\"contentUrl\":\"http:\/\/lesforestiersassocies.fr\/wp-content\/uploads\/2019\/01\/LFA-Logo.jpg\",\"width\":905,\"height\":314,\"caption\":\"Les Forestiers Associ\u00e9s\"},\"image\":{\"@id\":\"https:\/\/lesforestiersassocies.fr\/#\/schema\/logo\/image\/\"}}]}<\/script>\n<!-- \/ Yoast SEO plugin. -->","yoast_head_json":{"title":"Scierie - Les Forestiers Associ\u00e9s","robots":{"index":"index","follow":"follow","max-snippet":"max-snippet:-1","max-image-preview":"max-image-preview:large","max-video-preview":"max-video-preview:-1"},"canonical":"https:\/\/lesforestiersassocies.fr\/index.php\/scierie\/","og_locale":"fr_FR","og_type":"article","og_title":"Scierie - Les Forestiers Associ\u00e9s","og_url":"https:\/\/lesforestiersassocies.fr\/index.php\/scierie\/","og_site_name":"Les Forestiers Associ\u00e9s","article_modified_time":"2024-07-12T08:50:51+00:00","twitter_card":"summary_large_image","schema":{"@context":"https:\/\/schema.org","@graph":[{"@type":"WebPage","@id":"https:\/\/lesforestiersassocies.fr\/index.php\/scierie\/","url":"https:\/\/lesforestiersassocies.fr\/index.php\/scierie\/","name":"Scierie - Les Forestiers Associ\u00e9s","isPartOf":{"@id":"https:\/\/lesforestiersassocies.fr\/#website"},"datePublished":"2023-11-28T22:23:59+00:00","dateModified":"2024-07-12T08:50:51+00:00","breadcrumb":{"@id":"https:\/\/lesforestiersassocies.fr\/index.php\/scierie\/#breadcrumb"},"inLanguage":"fr-FR","potentialAction":[{"@type":"ReadAction","target":["https:\/\/lesforestiersassocies.fr\/index.php\/scierie\/"]}]},{"@type":"BreadcrumbList","@id":"https:\/\/lesforestiersassocies.fr\/index.php\/scierie\/#breadcrumb","itemListElement":[{"@type":"ListItem","position":1,"name":"Accueil","item":"https:\/\/lesforestiersassocies.fr\/"},{"@type":"ListItem","position":2,"name":"Scierie"}]},{"@type":"WebSite","@id":"https:\/\/lesforestiersassocies.fr\/#website","url":"https:\/\/lesforestiersassocies.fr\/","name":"Les Forestiers Associ\u00e9s","description":"Les Forestiers Associ\u00e9s","publisher":{"@id":"https:\/\/lesforestiersassocies.fr\/#organization"},"potentialAction":[{"@type":"SearchAction","target":{"@type":"EntryPoint","urlTemplate":"https:\/\/lesforestiersassocies.fr\/?s={search_term_string}"},"query-input":"required name=search_term_string"}],"inLanguage":"fr-FR"},{"@type":"Organization","@id":"https:\/\/lesforestiersassocies.fr\/#organization","name":"Les Forestiers Associ\u00e9s","url":"https:\/\/lesforestiersassocies.fr\/","logo":{"@type":"ImageObject","inLanguage":"fr-FR","@id":"https:\/\/lesforestiersassocies.fr\/#\/schema\/logo\/image\/","url":"http:\/\/lesforestiersassocies.fr\/wp-content\/uploads\/2019\/01\/LFA-Logo.jpg","contentUrl":"http:\/\/lesforestiersassocies.fr\/wp-content\/uploads\/2019\/01\/LFA-Logo.jpg","width":905,"height":314,"caption":"Les Forestiers Associ\u00e9s"},"image":{"@id":"https:\/\/lesforestiersassocies.fr\/#\/schema\/logo\/image\/"}}]}},"_links":{"self":[{"href":"https:\/\/lesforestiersassocies.fr\/index.php\/wp-json\/wp\/v2\/pages\/10011"}],"collection":[{"href":"https:\/\/lesforestiersassocies.fr\/index.php\/wp-json\/wp\/v2\/pages"}],"about":[{"href":"https:\/\/lesforestiersassocies.fr\/index.php\/wp-json\/wp\/v2\/types\/page"}],"author":[{"embeddable":true,"href":"https:\/\/lesforestiersassocies.fr\/index.php\/wp-json\/wp\/v2\/users\/1"}],"replies":[{"embeddable":true,"href":"https:\/\/lesforestiersassocies.fr\/index.php\/wp-json\/wp\/v2\/comments?post=10011"}],"version-history":[{"count":15,"href":"https:\/\/lesforestiersassocies.fr\/index.php\/wp-json\/wp\/v2\/pages\/10011\/revisions"}],"predecessor-version":[{"id":12073,"href":"https:\/\/lesforestiersassocies.fr\/index.php\/wp-json\/wp\/v2\/pages\/10011\/revisions\/12073"}],"wp:attachment":[{"href":"https:\/\/lesforestiersassocies.fr\/index.php\/wp-json\/wp\/v2\/media?parent=10011"}],"curies":[{"name":"wp","href":"https:\/\/api.w.org\/{rel}","templated":true}]}}