{"id":10147,"date":"2023-12-08T12:13:18","date_gmt":"2023-12-08T11:13:18","guid":{"rendered":"https:\/\/lesforestiersassocies.fr\/?post_type=product&#038;p=10147"},"modified":"2024-06-12T17:32:32","modified_gmt":"2024-06-12T15:32:32","slug":"saturateur-bois-environnement-biosource","status":"publish","type":"product","link":"https:\/\/lesforestiersassocies.fr\/index.php\/produit\/saturateur-bois-environnement-biosource\/","title":{"rendered":"Saturateur Bois Environnement Biosourc\u00e9"},"content":{"rendered":"<p>Performance, facilit\u00e9 et rapidit\u00e9 pour prot\u00e9ger et embellir tous les bois ext\u00e9rieurs<\/p>\n<p>Le\u00a0<strong>Saturateur Bois Environnement<\/strong>\u00a0impr\u00e8gne, prot\u00e8ge et ralentit le grisaillement des terrasses, planchers ext\u00e9rieurs, caillebotis et boiseries ext\u00e9rieures.<\/p>\n<p>Recommand\u00e9 pour\u00a0toutes les essences de bois dont les bois thermochauff\u00e9s et autoclav\u00e9s, il est particuli\u00e8rement recommand\u00e9 sur bois exotiques neufs d\u00e8s la pose de l&rsquo;ouvrage et sans vieillissement pr\u00e9alable.<\/p>\n<p>Tr\u00e8s simple\u00a0et rapide \u00e0 mettre en oeuvre, il\u00a0s&rsquo;applique en seulement 2 couches, frais sur frais, sans essuyage :\u00a0la garantie d&rsquo;un chantier r\u00e9ussi\u00a0et termin\u00e9 dans la\u00a0demi-journ\u00e9e. P\u00e9n\u00e9trant et non filmog\u00e8ne, il ne s&rsquo;\u00e9caille pas et s&rsquo;entretient ais\u00e9ment. R\u00e9novation locale possible.<\/p>\n<p>Anti-UV, hydroperlant et anti-glissant (selon NF EN 13036-4), il assure une protection efficace contre les intemp\u00e9ries.<\/p>\n<p>Son aspect mat met en valeur la beaut\u00e9 naturelle et brute des bois.<\/p>\n<p>Depuis 2005, la Ligue Qualit\u00e9 Environnement Blanchon conjugue performance technique et r\u00e9duction de l&rsquo;impact environnemental. Le\u00a0<strong>Saturateur Bois Environnement<\/strong>\u00a0contient 87% d&rsquo;ingr\u00e9dients naturels, biosourc\u00e9s et min\u00e9raux (non issus de l&rsquo;agriculture biologique) dont 20% de carbone biosourc\u00e9e mesur\u00e9 selon la norme NF EN 16640.<\/p>\n<p><strong>B\u00e9n\u00e9fices :\u00a0<\/strong><\/p>\n<ul>\n<li>Toutes essences de bois<\/li>\n<li>Direct\u00a0sur bois neufs, sans vieillissement pr\u00e9alable<\/li>\n<li>Application facile sans essuyage<\/li>\n<li>Application en 2 couches frais sur frais<\/li>\n<li>Remise en circulation rapide : 12h<\/li>\n<li>Protection anti-UV<\/li>\n<li>Effet hydroperlant<\/li>\n<li>Anti-glissant\u00a0selon NF EN 13036-4<\/li>\n<li>Non filmog\u00e8ne :\u00a0ne s&rsquo;\u00e9caille pas<\/li>\n<li>Entretien facile sans pon\u00e7age<\/li>\n<li>R\u00e9novation locale possible<\/li>\n<li>Aspect mat, rendu naturel et brut des bois<\/li>\n<li>Titulaire d&rsquo;une FDES exclusive<\/li>\n<\/ul>\n","protected":false},"excerpt":{"rendered":"<p class=\"product-name\"><strong><span class=\"base\" data-ui-id=\"page-title-wrapper\">Saturateur Bois Environnement Biosourc\u00e9<\/span><\/strong><\/p>\n","protected":false},"featured_media":10380,"template":"","meta":[],"product_cat":[63],"product_tag":[122],"acf":[],"yoast_head":"<!-- This site is optimized with the Yoast SEO plugin v21.9 - https:\/\/yoast.com\/wordpress\/plugins\/seo\/ -->\n<title>Saturateur Bois Environnement Biosourc\u00e9 - Les Forestiers Associ\u00e9s<\/title>\n<meta name=\"robots\" content=\"index, follow, max-snippet:-1, max-image-preview:large, max-video-preview:-1\" \/>\n<link rel=\"canonical\" href=\"https:\/\/lesforestiersassocies.fr\/index.php\/produit\/saturateur-bois-environnement-biosource\/\" \/>\n<meta property=\"og:locale\" content=\"fr_FR\" \/>\n<meta property=\"og:type\" content=\"article\" \/>\n<meta property=\"og:title\" content=\"Saturateur Bois Environnement Biosourc\u00e9 - Les Forestiers Associ\u00e9s\" \/>\n<meta property=\"og:description\" content=\"Saturateur Bois Environnement Biosourc\u00e9\" \/>\n<meta property=\"og:url\" content=\"https:\/\/lesforestiersassocies.fr\/index.php\/produit\/saturateur-bois-environnement-biosource\/\" \/>\n<meta property=\"og:site_name\" content=\"Les Forestiers Associ\u00e9s\" \/>\n<meta property=\"article:modified_time\" content=\"2024-06-12T15:32:32+00:00\" \/>\n<meta property=\"og:image\" content=\"https:\/\/lesforestiersassocies.fr\/wp-content\/uploads\/2023\/12\/saturateur-environnement.jpg\" \/>\n\t<meta property=\"og:image:width\" content=\"500\" \/>\n\t<meta property=\"og:image:height\" content=\"427\" \/>\n\t<meta property=\"og:image:type\" content=\"image\/jpeg\" \/>\n<meta name=\"twitter:card\" content=\"summary_large_image\" \/>\n<meta name=\"twitter:label1\" content=\"Dur\u00e9e de lecture estim\u00e9e\" \/>\n\t<meta name=\"twitter:data1\" content=\"2 minutes\" \/>\n<script type=\"application\/ld+json\" class=\"yoast-schema-graph\">{\"@context\":\"https:\/\/schema.org\",\"@graph\":[{\"@type\":\"WebPage\",\"@id\":\"https:\/\/lesforestiersassocies.fr\/index.php\/produit\/saturateur-bois-environnement-biosource\/\",\"url\":\"https:\/\/lesforestiersassocies.fr\/index.php\/produit\/saturateur-bois-environnement-biosource\/\",\"name\":\"Saturateur Bois Environnement Biosourc\u00e9 - Les Forestiers Associ\u00e9s\",\"isPartOf\":{\"@id\":\"https:\/\/lesforestiersassocies.fr\/#website\"},\"datePublished\":\"2023-12-08T11:13:18+00:00\",\"dateModified\":\"2024-06-12T15:32:32+00:00\",\"breadcrumb\":{\"@id\":\"https:\/\/lesforestiersassocies.fr\/index.php\/produit\/saturateur-bois-environnement-biosource\/#breadcrumb\"},\"inLanguage\":\"fr-FR\",\"potentialAction\":[{\"@type\":\"ReadAction\",\"target\":[\"https:\/\/lesforestiersassocies.fr\/index.php\/produit\/saturateur-bois-environnement-biosource\/\"]}]},{\"@type\":\"BreadcrumbList\",\"@id\":\"https:\/\/lesforestiersassocies.fr\/index.php\/produit\/saturateur-bois-environnement-biosource\/#breadcrumb\",\"itemListElement\":[{\"@type\":\"ListItem\",\"position\":1,\"name\":\"Accueil\",\"item\":\"https:\/\/lesforestiersassocies.fr\/\"},{\"@type\":\"ListItem\",\"position\":2,\"name\":\"Inventory\",\"item\":\"https:\/\/lesforestiersassocies.fr\/index.php\/inventory\/\"},{\"@type\":\"ListItem\",\"position\":3,\"name\":\"Saturateur Bois Environnement Biosourc\u00e9\"}]},{\"@type\":\"WebSite\",\"@id\":\"https:\/\/lesforestiersassocies.fr\/#website\",\"url\":\"https:\/\/lesforestiersassocies.fr\/\",\"name\":\"Les Forestiers Associ\u00e9s\",\"description\":\"Les Forestiers Associ\u00e9s\",\"publisher\":{\"@id\":\"https:\/\/lesforestiersassocies.fr\/#organization\"},\"potentialAction\":[{\"@type\":\"SearchAction\",\"target\":{\"@type\":\"EntryPoint\",\"urlTemplate\":\"https:\/\/lesforestiersassocies.fr\/?s={search_term_string}\"},\"query-input\":\"required name=search_term_string\"}],\"inLanguage\":\"fr-FR\"},{\"@type\":\"Organization\",\"@id\":\"https:\/\/lesforestiersassocies.fr\/#organization\",\"name\":\"Les Forestiers Associ\u00e9s\",\"url\":\"https:\/\/lesforestiersassocies.fr\/\",\"logo\":{\"@type\":\"ImageObject\",\"inLanguage\":\"fr-FR\",\"@id\":\"https:\/\/lesforestiersassocies.fr\/#\/schema\/logo\/image\/\",\"url\":\"http:\/\/lesforestiersassocies.fr\/wp-content\/uploads\/2019\/01\/LFA-Logo.jpg\",\"contentUrl\":\"http:\/\/lesforestiersassocies.fr\/wp-content\/uploads\/2019\/01\/LFA-Logo.jpg\",\"width\":905,\"height\":314,\"caption\":\"Les Forestiers Associ\u00e9s\"},\"image\":{\"@id\":\"https:\/\/lesforestiersassocies.fr\/#\/schema\/logo\/image\/\"}}]}<\/script>\n<!-- \/ Yoast SEO plugin. -->","yoast_head_json":{"title":"Saturateur Bois Environnement Biosourc\u00e9 - Les Forestiers Associ\u00e9s","robots":{"index":"index","follow":"follow","max-snippet":"max-snippet:-1","max-image-preview":"max-image-preview:large","max-video-preview":"max-video-preview:-1"},"canonical":"https:\/\/lesforestiersassocies.fr\/index.php\/produit\/saturateur-bois-environnement-biosource\/","og_locale":"fr_FR","og_type":"article","og_title":"Saturateur Bois Environnement Biosourc\u00e9 - Les Forestiers Associ\u00e9s","og_description":"Saturateur Bois Environnement Biosourc\u00e9","og_url":"https:\/\/lesforestiersassocies.fr\/index.php\/produit\/saturateur-bois-environnement-biosource\/","og_site_name":"Les Forestiers Associ\u00e9s","article_modified_time":"2024-06-12T15:32:32+00:00","og_image":[{"width":500,"height":427,"url":"https:\/\/lesforestiersassocies.fr\/wp-content\/uploads\/2023\/12\/saturateur-environnement.jpg","type":"image\/jpeg"}],"twitter_card":"summary_large_image","twitter_misc":{"Dur\u00e9e de lecture estim\u00e9e":"2 minutes"},"schema":{"@context":"https:\/\/schema.org","@graph":[{"@type":"WebPage","@id":"https:\/\/lesforestiersassocies.fr\/index.php\/produit\/saturateur-bois-environnement-biosource\/","url":"https:\/\/lesforestiersassocies.fr\/index.php\/produit\/saturateur-bois-environnement-biosource\/","name":"Saturateur Bois Environnement Biosourc\u00e9 - Les Forestiers Associ\u00e9s","isPartOf":{"@id":"https:\/\/lesforestiersassocies.fr\/#website"},"datePublished":"2023-12-08T11:13:18+00:00","dateModified":"2024-06-12T15:32:32+00:00","breadcrumb":{"@id":"https:\/\/lesforestiersassocies.fr\/index.php\/produit\/saturateur-bois-environnement-biosource\/#breadcrumb"},"inLanguage":"fr-FR","potentialAction":[{"@type":"ReadAction","target":["https:\/\/lesforestiersassocies.fr\/index.php\/produit\/saturateur-bois-environnement-biosource\/"]}]},{"@type":"BreadcrumbList","@id":"https:\/\/lesforestiersassocies.fr\/index.php\/produit\/saturateur-bois-environnement-biosource\/#breadcrumb","itemListElement":[{"@type":"ListItem","position":1,"name":"Accueil","item":"https:\/\/lesforestiersassocies.fr\/"},{"@type":"ListItem","position":2,"name":"Inventory","item":"https:\/\/lesforestiersassocies.fr\/index.php\/inventory\/"},{"@type":"ListItem","position":3,"name":"Saturateur Bois Environnement Biosourc\u00e9"}]},{"@type":"WebSite","@id":"https:\/\/lesforestiersassocies.fr\/#website","url":"https:\/\/lesforestiersassocies.fr\/","name":"Les Forestiers Associ\u00e9s","description":"Les Forestiers Associ\u00e9s","publisher":{"@id":"https:\/\/lesforestiersassocies.fr\/#organization"},"potentialAction":[{"@type":"SearchAction","target":{"@type":"EntryPoint","urlTemplate":"https:\/\/lesforestiersassocies.fr\/?s={search_term_string}"},"query-input":"required name=search_term_string"}],"inLanguage":"fr-FR"},{"@type":"Organization","@id":"https:\/\/lesforestiersassocies.fr\/#organization","name":"Les Forestiers Associ\u00e9s","url":"https:\/\/lesforestiersassocies.fr\/","logo":{"@type":"ImageObject","inLanguage":"fr-FR","@id":"https:\/\/lesforestiersassocies.fr\/#\/schema\/logo\/image\/","url":"http:\/\/lesforestiersassocies.fr\/wp-content\/uploads\/2019\/01\/LFA-Logo.jpg","contentUrl":"http:\/\/lesforestiersassocies.fr\/wp-content\/uploads\/2019\/01\/LFA-Logo.jpg","width":905,"height":314,"caption":"Les Forestiers Associ\u00e9s"},"image":{"@id":"https:\/\/lesforestiersassocies.fr\/#\/schema\/logo\/image\/"}}]}},"_links":{"self":[{"href":"https:\/\/lesforestiersassocies.fr\/index.php\/wp-json\/wp\/v2\/product\/10147"}],"collection":[{"href":"https:\/\/lesforestiersassocies.fr\/index.php\/wp-json\/wp\/v2\/product"}],"about":[{"href":"https:\/\/lesforestiersassocies.fr\/index.php\/wp-json\/wp\/v2\/types\/product"}],"wp:featuredmedia":[{"embeddable":true,"href":"https:\/\/lesforestiersassocies.fr\/index.php\/wp-json\/wp\/v2\/media\/10380"}],"wp:attachment":[{"href":"https:\/\/lesforestiersassocies.fr\/index.php\/wp-json\/wp\/v2\/media?parent=10147"}],"wp:term":[{"taxonomy":"product_cat","embeddable":true,"href":"https:\/\/lesforestiersassocies.fr\/index.php\/wp-json\/wp\/v2\/product_cat?post=10147"},{"taxonomy":"product_tag","embeddable":true,"href":"https:\/\/lesforestiersassocies.fr\/index.php\/wp-json\/wp\/v2\/product_tag?post=10147"}],"curies":[{"name":"wp","href":"https:\/\/api.w.org\/{rel}","templated":true}]}}