{"id":10148,"date":"2023-12-08T12:27:12","date_gmt":"2023-12-08T11:27:12","guid":{"rendered":"https:\/\/lesforestiersassocies.fr\/?post_type=product&#038;p=10148"},"modified":"2024-06-12T17:40:39","modified_gmt":"2024-06-12T15:40:39","slug":"lasure-tech-wood","status":"publish","type":"product","link":"https:\/\/lesforestiersassocies.fr\/index.php\/produit\/lasure-tech-wood\/","title":{"rendered":"Lasure Tech-Wood\u00ae"},"content":{"rendered":"<p>La 1\u00e8re lasure toutes essences de bois<\/p>\n<p>La formulation unique de la\u00a0<strong>Lasure TECH-WOOD\u00ae<\/strong> garantit une adh\u00e9rence parfaite sur tous les bois ext\u00e9rieurs, y compris peu ou non impr\u00e9gnables tels que m\u00e9l\u00e8ze, douglas, red cedar, ch\u00eane ainsi que les bois thermo trait\u00e9s et autoclav\u00e9s.<\/p>\n<p>Sa\u00a0durabilit\u00e9 est renforc\u00e9e gr\u00e2ce \u00e0 une impr\u00e9gnation optimale du bois et une grande souplesse du film protecteur.<\/p>\n<p>Dot\u00e9e d\u2019une forte concentration en pigments et en agents anti-UV, elle assure une haute r\u00e9sistance aux UV et aux intemp\u00e9ries. Pas de craquellement du film, son usure est ma\u00eetris\u00e9e et homog\u00e8ne dans le temps.<\/p>\n<p>Excellente applicabilit\u00e9 gr\u00e2ce \u00e0 sa consistance cr\u00e9meuse adapt\u00e9e pour une application sur grandes surfaces verticales.<\/p>\n<p><strong>Les performances de la Lasure TECH-WOOD\u00ae\u00a0sont certifi\u00e9es par FCBA\u00a0avec la certification\u00a0CTB Finitions Bois.<\/strong><\/p>\n<h3><strong>B\u00e9n\u00e9fices :<\/strong><\/h3>\n<div class=\"product-more-body\">\n<ul>\n<li>Adh\u00e9rence parfaite sur toutes essences de bois<\/li>\n<li>Tr\u00e8s haute r\u00e9sistance aux UV et aux intemp\u00e9ries<\/li>\n<li>Forte concentration en pigments et en agents anti-UV<\/li>\n<li>Film souple, microporeux et hydrofuge<\/li>\n<li>Usure ma\u00eetris\u00e9e et homog\u00e8ne dans le temps<\/li>\n<li>Excellente applicabilit\u00e9<\/li>\n<li>Consistance cr\u00e9meuse : ne coule pas<\/li>\n<li>Tendu parfait<\/li>\n<li>Sp\u00e9cial ext\u00e9rieur<\/li>\n<\/ul>\n<\/div>\n","protected":false},"excerpt":{"rendered":"<p class=\"product-name\"><strong><span class=\"base\" data-ui-id=\"page-title-wrapper\">Lasure Tech-Wood\u00ae<\/span><\/strong><\/p>\n","protected":false},"featured_media":10151,"template":"","meta":[],"product_cat":[63],"product_tag":[122],"acf":[],"yoast_head":"<!-- This site is optimized with the Yoast SEO plugin v21.9 - https:\/\/yoast.com\/wordpress\/plugins\/seo\/ -->\n<title>Lasure Tech-Wood\u00ae - Les Forestiers Associ\u00e9s<\/title>\n<meta name=\"robots\" content=\"index, follow, max-snippet:-1, max-image-preview:large, max-video-preview:-1\" \/>\n<link rel=\"canonical\" href=\"https:\/\/lesforestiersassocies.fr\/index.php\/produit\/lasure-tech-wood\/\" \/>\n<meta property=\"og:locale\" content=\"fr_FR\" \/>\n<meta property=\"og:type\" content=\"article\" \/>\n<meta property=\"og:title\" content=\"Lasure Tech-Wood\u00ae - Les Forestiers Associ\u00e9s\" \/>\n<meta property=\"og:description\" content=\"Lasure Tech-Wood\u00ae\" \/>\n<meta property=\"og:url\" content=\"https:\/\/lesforestiersassocies.fr\/index.php\/produit\/lasure-tech-wood\/\" \/>\n<meta property=\"og:site_name\" content=\"Les Forestiers Associ\u00e9s\" \/>\n<meta property=\"article:modified_time\" content=\"2024-06-12T15:40:39+00:00\" \/>\n<meta property=\"og:image\" content=\"https:\/\/lesforestiersassocies.fr\/wp-content\/uploads\/2023\/12\/blanchon-lasure-tech-wood-CTB-5l.png\" \/>\n\t<meta property=\"og:image:width\" content=\"300\" \/>\n\t<meta property=\"og:image:height\" content=\"300\" \/>\n\t<meta property=\"og:image:type\" content=\"image\/png\" \/>\n<meta name=\"twitter:card\" content=\"summary_large_image\" \/>\n<meta name=\"twitter:label1\" content=\"Dur\u00e9e de lecture estim\u00e9e\" \/>\n\t<meta name=\"twitter:data1\" content=\"2 minutes\" \/>\n<script type=\"application\/ld+json\" class=\"yoast-schema-graph\">{\"@context\":\"https:\/\/schema.org\",\"@graph\":[{\"@type\":\"WebPage\",\"@id\":\"https:\/\/lesforestiersassocies.fr\/index.php\/produit\/lasure-tech-wood\/\",\"url\":\"https:\/\/lesforestiersassocies.fr\/index.php\/produit\/lasure-tech-wood\/\",\"name\":\"Lasure Tech-Wood\u00ae - Les Forestiers Associ\u00e9s\",\"isPartOf\":{\"@id\":\"https:\/\/lesforestiersassocies.fr\/#website\"},\"datePublished\":\"2023-12-08T11:27:12+00:00\",\"dateModified\":\"2024-06-12T15:40:39+00:00\",\"breadcrumb\":{\"@id\":\"https:\/\/lesforestiersassocies.fr\/index.php\/produit\/lasure-tech-wood\/#breadcrumb\"},\"inLanguage\":\"fr-FR\",\"potentialAction\":[{\"@type\":\"ReadAction\",\"target\":[\"https:\/\/lesforestiersassocies.fr\/index.php\/produit\/lasure-tech-wood\/\"]}]},{\"@type\":\"BreadcrumbList\",\"@id\":\"https:\/\/lesforestiersassocies.fr\/index.php\/produit\/lasure-tech-wood\/#breadcrumb\",\"itemListElement\":[{\"@type\":\"ListItem\",\"position\":1,\"name\":\"Accueil\",\"item\":\"https:\/\/lesforestiersassocies.fr\/\"},{\"@type\":\"ListItem\",\"position\":2,\"name\":\"Inventory\",\"item\":\"https:\/\/lesforestiersassocies.fr\/index.php\/inventory\/\"},{\"@type\":\"ListItem\",\"position\":3,\"name\":\"Lasure Tech-Wood\u00ae\"}]},{\"@type\":\"WebSite\",\"@id\":\"https:\/\/lesforestiersassocies.fr\/#website\",\"url\":\"https:\/\/lesforestiersassocies.fr\/\",\"name\":\"Les Forestiers Associ\u00e9s\",\"description\":\"Les Forestiers Associ\u00e9s\",\"publisher\":{\"@id\":\"https:\/\/lesforestiersassocies.fr\/#organization\"},\"potentialAction\":[{\"@type\":\"SearchAction\",\"target\":{\"@type\":\"EntryPoint\",\"urlTemplate\":\"https:\/\/lesforestiersassocies.fr\/?s={search_term_string}\"},\"query-input\":\"required name=search_term_string\"}],\"inLanguage\":\"fr-FR\"},{\"@type\":\"Organization\",\"@id\":\"https:\/\/lesforestiersassocies.fr\/#organization\",\"name\":\"Les Forestiers Associ\u00e9s\",\"url\":\"https:\/\/lesforestiersassocies.fr\/\",\"logo\":{\"@type\":\"ImageObject\",\"inLanguage\":\"fr-FR\",\"@id\":\"https:\/\/lesforestiersassocies.fr\/#\/schema\/logo\/image\/\",\"url\":\"http:\/\/lesforestiersassocies.fr\/wp-content\/uploads\/2019\/01\/LFA-Logo.jpg\",\"contentUrl\":\"http:\/\/lesforestiersassocies.fr\/wp-content\/uploads\/2019\/01\/LFA-Logo.jpg\",\"width\":905,\"height\":314,\"caption\":\"Les Forestiers Associ\u00e9s\"},\"image\":{\"@id\":\"https:\/\/lesforestiersassocies.fr\/#\/schema\/logo\/image\/\"}}]}<\/script>\n<!-- \/ Yoast SEO plugin. -->","yoast_head_json":{"title":"Lasure Tech-Wood\u00ae - Les Forestiers Associ\u00e9s","robots":{"index":"index","follow":"follow","max-snippet":"max-snippet:-1","max-image-preview":"max-image-preview:large","max-video-preview":"max-video-preview:-1"},"canonical":"https:\/\/lesforestiersassocies.fr\/index.php\/produit\/lasure-tech-wood\/","og_locale":"fr_FR","og_type":"article","og_title":"Lasure Tech-Wood\u00ae - Les Forestiers Associ\u00e9s","og_description":"Lasure Tech-Wood\u00ae","og_url":"https:\/\/lesforestiersassocies.fr\/index.php\/produit\/lasure-tech-wood\/","og_site_name":"Les Forestiers Associ\u00e9s","article_modified_time":"2024-06-12T15:40:39+00:00","og_image":[{"width":300,"height":300,"url":"https:\/\/lesforestiersassocies.fr\/wp-content\/uploads\/2023\/12\/blanchon-lasure-tech-wood-CTB-5l.png","type":"image\/png"}],"twitter_card":"summary_large_image","twitter_misc":{"Dur\u00e9e de lecture estim\u00e9e":"2 minutes"},"schema":{"@context":"https:\/\/schema.org","@graph":[{"@type":"WebPage","@id":"https:\/\/lesforestiersassocies.fr\/index.php\/produit\/lasure-tech-wood\/","url":"https:\/\/lesforestiersassocies.fr\/index.php\/produit\/lasure-tech-wood\/","name":"Lasure Tech-Wood\u00ae - Les Forestiers Associ\u00e9s","isPartOf":{"@id":"https:\/\/lesforestiersassocies.fr\/#website"},"datePublished":"2023-12-08T11:27:12+00:00","dateModified":"2024-06-12T15:40:39+00:00","breadcrumb":{"@id":"https:\/\/lesforestiersassocies.fr\/index.php\/produit\/lasure-tech-wood\/#breadcrumb"},"inLanguage":"fr-FR","potentialAction":[{"@type":"ReadAction","target":["https:\/\/lesforestiersassocies.fr\/index.php\/produit\/lasure-tech-wood\/"]}]},{"@type":"BreadcrumbList","@id":"https:\/\/lesforestiersassocies.fr\/index.php\/produit\/lasure-tech-wood\/#breadcrumb","itemListElement":[{"@type":"ListItem","position":1,"name":"Accueil","item":"https:\/\/lesforestiersassocies.fr\/"},{"@type":"ListItem","position":2,"name":"Inventory","item":"https:\/\/lesforestiersassocies.fr\/index.php\/inventory\/"},{"@type":"ListItem","position":3,"name":"Lasure Tech-Wood\u00ae"}]},{"@type":"WebSite","@id":"https:\/\/lesforestiersassocies.fr\/#website","url":"https:\/\/lesforestiersassocies.fr\/","name":"Les Forestiers Associ\u00e9s","description":"Les Forestiers Associ\u00e9s","publisher":{"@id":"https:\/\/lesforestiersassocies.fr\/#organization"},"potentialAction":[{"@type":"SearchAction","target":{"@type":"EntryPoint","urlTemplate":"https:\/\/lesforestiersassocies.fr\/?s={search_term_string}"},"query-input":"required name=search_term_string"}],"inLanguage":"fr-FR"},{"@type":"Organization","@id":"https:\/\/lesforestiersassocies.fr\/#organization","name":"Les Forestiers Associ\u00e9s","url":"https:\/\/lesforestiersassocies.fr\/","logo":{"@type":"ImageObject","inLanguage":"fr-FR","@id":"https:\/\/lesforestiersassocies.fr\/#\/schema\/logo\/image\/","url":"http:\/\/lesforestiersassocies.fr\/wp-content\/uploads\/2019\/01\/LFA-Logo.jpg","contentUrl":"http:\/\/lesforestiersassocies.fr\/wp-content\/uploads\/2019\/01\/LFA-Logo.jpg","width":905,"height":314,"caption":"Les Forestiers Associ\u00e9s"},"image":{"@id":"https:\/\/lesforestiersassocies.fr\/#\/schema\/logo\/image\/"}}]}},"_links":{"self":[{"href":"https:\/\/lesforestiersassocies.fr\/index.php\/wp-json\/wp\/v2\/product\/10148"}],"collection":[{"href":"https:\/\/lesforestiersassocies.fr\/index.php\/wp-json\/wp\/v2\/product"}],"about":[{"href":"https:\/\/lesforestiersassocies.fr\/index.php\/wp-json\/wp\/v2\/types\/product"}],"wp:featuredmedia":[{"embeddable":true,"href":"https:\/\/lesforestiersassocies.fr\/index.php\/wp-json\/wp\/v2\/media\/10151"}],"wp:attachment":[{"href":"https:\/\/lesforestiersassocies.fr\/index.php\/wp-json\/wp\/v2\/media?parent=10148"}],"wp:term":[{"taxonomy":"product_cat","embeddable":true,"href":"https:\/\/lesforestiersassocies.fr\/index.php\/wp-json\/wp\/v2\/product_cat?post=10148"},{"taxonomy":"product_tag","embeddable":true,"href":"https:\/\/lesforestiersassocies.fr\/index.php\/wp-json\/wp\/v2\/product_tag?post=10148"}],"curies":[{"name":"wp","href":"https:\/\/api.w.org\/{rel}","templated":true}]}}