{"id":10163,"date":"2023-12-08T15:36:48","date_gmt":"2023-12-08T14:36:48","guid":{"rendered":"https:\/\/lesforestiersassocies.fr\/?post_type=product&#038;p=10163"},"modified":"2023-12-18T11:54:21","modified_gmt":"2023-12-18T10:54:21","slug":"vitrificateur-parquet-environnement-biosource","status":"publish","type":"product","link":"https:\/\/lesforestiersassocies.fr\/index.php\/produit\/vitrificateur-parquet-environnement-biosource\/","title":{"rendered":"Vitrificateur Parquet Environnement Biosourc\u00e9"},"content":{"rendered":"<p>Performance et \u00e9cologie : Innovation technique majeure dans la protection des sols et autres surfaces en bois.<\/p>\n<p>Depuis 2005 la Ligne Qualit\u00e9 Environnement Blanchon conjugue performance technique et r\u00e9duction de l&rsquo;impact environnemental. Le\u00a0<strong>Vitrificateur Parquet Environnement<\/strong>\u00a0contient 78% d&rsquo;ingr\u00e9dients naturels, biosourc\u00e9s et min\u00e9raux (non issus de l&rsquo;agriculture biologique) dont 26% de carbone biosourc\u00e9 mesur\u00e9 selon la norme NF EN 16640.<\/p>\n<p>Certification CTB sur la\u00a0performance du syst\u00e8me de finition bois et la qualit\u00e9 du service.<\/p>\n<p>Sans odeur, le\u00a0<strong>Vitrificateur Parquet Environnement<\/strong>\u00a0s&rsquo;applique directement sur tous types de parquets, planchers et escaliers, en leur apportant une nuance chaleureuse.<\/p>\n<p><strong>B\u00e9n\u00e9fices :<\/strong><\/p>\n<div class=\"product-more-body\">\n<ul>\n<li>Prot\u00e8ge durablement parquets, planchers et escaliers<\/li>\n<li>Haute r\u00e9sistance aux passages r\u00e9p\u00e9t\u00e9s<\/li>\n<li>Sans odeur<\/li>\n<li>Met en valeur le bois en lui apportant une nuance chaleureuse<\/li>\n<li>Pour toutes essences de bois y compris exotiques<\/li>\n<li>Ne glisse pas<\/li>\n<li>Confort d&rsquo;application<\/li>\n<li>Certification CTB Finition bois<\/li>\n<li>Rapidit\u00e9 de s\u00e9chage pour une immobilisation r\u00e9duite des locaux<\/li>\n<\/ul>\n<\/div>\n","protected":false},"excerpt":{"rendered":"<p class=\"product-name\"><strong><span class=\"base\" data-ui-id=\"page-title-wrapper\">Vitrificateur Parquet Environnement Biosourc\u00e9<\/span><\/strong><\/p>\n","protected":false},"featured_media":10164,"template":"","meta":[],"product_cat":[63],"product_tag":[124],"acf":[],"yoast_head":"<!-- This site is optimized with the Yoast SEO plugin v21.9 - https:\/\/yoast.com\/wordpress\/plugins\/seo\/ -->\n<title>Vitrificateur Parquet Environnement Biosourc\u00e9 - Les Forestiers Associ\u00e9s<\/title>\n<meta name=\"robots\" content=\"index, follow, max-snippet:-1, max-image-preview:large, max-video-preview:-1\" \/>\n<link rel=\"canonical\" href=\"https:\/\/lesforestiersassocies.fr\/index.php\/produit\/vitrificateur-parquet-environnement-biosource\/\" \/>\n<meta property=\"og:locale\" content=\"fr_FR\" \/>\n<meta property=\"og:type\" content=\"article\" \/>\n<meta property=\"og:title\" content=\"Vitrificateur Parquet Environnement Biosourc\u00e9 - Les Forestiers Associ\u00e9s\" \/>\n<meta property=\"og:description\" content=\"Vitrificateur Parquet Environnement Biosourc\u00e9\" \/>\n<meta property=\"og:url\" content=\"https:\/\/lesforestiersassocies.fr\/index.php\/produit\/vitrificateur-parquet-environnement-biosource\/\" \/>\n<meta property=\"og:site_name\" content=\"Les Forestiers Associ\u00e9s\" \/>\n<meta property=\"article:modified_time\" content=\"2023-12-18T10:54:21+00:00\" \/>\n<meta property=\"og:image\" content=\"https:\/\/lesforestiersassocies.fr\/wp-content\/uploads\/2023\/12\/blanchon-vp-environnement-bio-5l.png\" \/>\n\t<meta property=\"og:image:width\" content=\"300\" \/>\n\t<meta property=\"og:image:height\" content=\"300\" \/>\n\t<meta property=\"og:image:type\" content=\"image\/png\" \/>\n<meta name=\"twitter:card\" content=\"summary_large_image\" \/>\n<meta name=\"twitter:label1\" content=\"Dur\u00e9e de lecture estim\u00e9e\" \/>\n\t<meta name=\"twitter:data1\" content=\"1 minute\" \/>\n<script type=\"application\/ld+json\" class=\"yoast-schema-graph\">{\"@context\":\"https:\/\/schema.org\",\"@graph\":[{\"@type\":\"WebPage\",\"@id\":\"https:\/\/lesforestiersassocies.fr\/index.php\/produit\/vitrificateur-parquet-environnement-biosource\/\",\"url\":\"https:\/\/lesforestiersassocies.fr\/index.php\/produit\/vitrificateur-parquet-environnement-biosource\/\",\"name\":\"Vitrificateur Parquet Environnement Biosourc\u00e9 - Les Forestiers Associ\u00e9s\",\"isPartOf\":{\"@id\":\"https:\/\/lesforestiersassocies.fr\/#website\"},\"datePublished\":\"2023-12-08T14:36:48+00:00\",\"dateModified\":\"2023-12-18T10:54:21+00:00\",\"breadcrumb\":{\"@id\":\"https:\/\/lesforestiersassocies.fr\/index.php\/produit\/vitrificateur-parquet-environnement-biosource\/#breadcrumb\"},\"inLanguage\":\"fr-FR\",\"potentialAction\":[{\"@type\":\"ReadAction\",\"target\":[\"https:\/\/lesforestiersassocies.fr\/index.php\/produit\/vitrificateur-parquet-environnement-biosource\/\"]}]},{\"@type\":\"BreadcrumbList\",\"@id\":\"https:\/\/lesforestiersassocies.fr\/index.php\/produit\/vitrificateur-parquet-environnement-biosource\/#breadcrumb\",\"itemListElement\":[{\"@type\":\"ListItem\",\"position\":1,\"name\":\"Accueil\",\"item\":\"https:\/\/lesforestiersassocies.fr\/\"},{\"@type\":\"ListItem\",\"position\":2,\"name\":\"Inventory\",\"item\":\"https:\/\/lesforestiersassocies.fr\/index.php\/inventory\/\"},{\"@type\":\"ListItem\",\"position\":3,\"name\":\"Vitrificateur Parquet Environnement Biosourc\u00e9\"}]},{\"@type\":\"WebSite\",\"@id\":\"https:\/\/lesforestiersassocies.fr\/#website\",\"url\":\"https:\/\/lesforestiersassocies.fr\/\",\"name\":\"Les Forestiers Associ\u00e9s\",\"description\":\"Les Forestiers Associ\u00e9s\",\"publisher\":{\"@id\":\"https:\/\/lesforestiersassocies.fr\/#organization\"},\"potentialAction\":[{\"@type\":\"SearchAction\",\"target\":{\"@type\":\"EntryPoint\",\"urlTemplate\":\"https:\/\/lesforestiersassocies.fr\/?s={search_term_string}\"},\"query-input\":\"required name=search_term_string\"}],\"inLanguage\":\"fr-FR\"},{\"@type\":\"Organization\",\"@id\":\"https:\/\/lesforestiersassocies.fr\/#organization\",\"name\":\"Les Forestiers Associ\u00e9s\",\"url\":\"https:\/\/lesforestiersassocies.fr\/\",\"logo\":{\"@type\":\"ImageObject\",\"inLanguage\":\"fr-FR\",\"@id\":\"https:\/\/lesforestiersassocies.fr\/#\/schema\/logo\/image\/\",\"url\":\"http:\/\/lesforestiersassocies.fr\/wp-content\/uploads\/2019\/01\/LFA-Logo.jpg\",\"contentUrl\":\"http:\/\/lesforestiersassocies.fr\/wp-content\/uploads\/2019\/01\/LFA-Logo.jpg\",\"width\":905,\"height\":314,\"caption\":\"Les Forestiers Associ\u00e9s\"},\"image\":{\"@id\":\"https:\/\/lesforestiersassocies.fr\/#\/schema\/logo\/image\/\"}}]}<\/script>\n<!-- \/ Yoast SEO plugin. -->","yoast_head_json":{"title":"Vitrificateur Parquet Environnement Biosourc\u00e9 - Les Forestiers Associ\u00e9s","robots":{"index":"index","follow":"follow","max-snippet":"max-snippet:-1","max-image-preview":"max-image-preview:large","max-video-preview":"max-video-preview:-1"},"canonical":"https:\/\/lesforestiersassocies.fr\/index.php\/produit\/vitrificateur-parquet-environnement-biosource\/","og_locale":"fr_FR","og_type":"article","og_title":"Vitrificateur Parquet Environnement Biosourc\u00e9 - Les Forestiers Associ\u00e9s","og_description":"Vitrificateur Parquet Environnement Biosourc\u00e9","og_url":"https:\/\/lesforestiersassocies.fr\/index.php\/produit\/vitrificateur-parquet-environnement-biosource\/","og_site_name":"Les Forestiers Associ\u00e9s","article_modified_time":"2023-12-18T10:54:21+00:00","og_image":[{"width":300,"height":300,"url":"https:\/\/lesforestiersassocies.fr\/wp-content\/uploads\/2023\/12\/blanchon-vp-environnement-bio-5l.png","type":"image\/png"}],"twitter_card":"summary_large_image","twitter_misc":{"Dur\u00e9e de lecture estim\u00e9e":"1 minute"},"schema":{"@context":"https:\/\/schema.org","@graph":[{"@type":"WebPage","@id":"https:\/\/lesforestiersassocies.fr\/index.php\/produit\/vitrificateur-parquet-environnement-biosource\/","url":"https:\/\/lesforestiersassocies.fr\/index.php\/produit\/vitrificateur-parquet-environnement-biosource\/","name":"Vitrificateur Parquet Environnement Biosourc\u00e9 - Les Forestiers Associ\u00e9s","isPartOf":{"@id":"https:\/\/lesforestiersassocies.fr\/#website"},"datePublished":"2023-12-08T14:36:48+00:00","dateModified":"2023-12-18T10:54:21+00:00","breadcrumb":{"@id":"https:\/\/lesforestiersassocies.fr\/index.php\/produit\/vitrificateur-parquet-environnement-biosource\/#breadcrumb"},"inLanguage":"fr-FR","potentialAction":[{"@type":"ReadAction","target":["https:\/\/lesforestiersassocies.fr\/index.php\/produit\/vitrificateur-parquet-environnement-biosource\/"]}]},{"@type":"BreadcrumbList","@id":"https:\/\/lesforestiersassocies.fr\/index.php\/produit\/vitrificateur-parquet-environnement-biosource\/#breadcrumb","itemListElement":[{"@type":"ListItem","position":1,"name":"Accueil","item":"https:\/\/lesforestiersassocies.fr\/"},{"@type":"ListItem","position":2,"name":"Inventory","item":"https:\/\/lesforestiersassocies.fr\/index.php\/inventory\/"},{"@type":"ListItem","position":3,"name":"Vitrificateur Parquet Environnement Biosourc\u00e9"}]},{"@type":"WebSite","@id":"https:\/\/lesforestiersassocies.fr\/#website","url":"https:\/\/lesforestiersassocies.fr\/","name":"Les Forestiers Associ\u00e9s","description":"Les Forestiers Associ\u00e9s","publisher":{"@id":"https:\/\/lesforestiersassocies.fr\/#organization"},"potentialAction":[{"@type":"SearchAction","target":{"@type":"EntryPoint","urlTemplate":"https:\/\/lesforestiersassocies.fr\/?s={search_term_string}"},"query-input":"required name=search_term_string"}],"inLanguage":"fr-FR"},{"@type":"Organization","@id":"https:\/\/lesforestiersassocies.fr\/#organization","name":"Les Forestiers Associ\u00e9s","url":"https:\/\/lesforestiersassocies.fr\/","logo":{"@type":"ImageObject","inLanguage":"fr-FR","@id":"https:\/\/lesforestiersassocies.fr\/#\/schema\/logo\/image\/","url":"http:\/\/lesforestiersassocies.fr\/wp-content\/uploads\/2019\/01\/LFA-Logo.jpg","contentUrl":"http:\/\/lesforestiersassocies.fr\/wp-content\/uploads\/2019\/01\/LFA-Logo.jpg","width":905,"height":314,"caption":"Les Forestiers Associ\u00e9s"},"image":{"@id":"https:\/\/lesforestiersassocies.fr\/#\/schema\/logo\/image\/"}}]}},"_links":{"self":[{"href":"https:\/\/lesforestiersassocies.fr\/index.php\/wp-json\/wp\/v2\/product\/10163"}],"collection":[{"href":"https:\/\/lesforestiersassocies.fr\/index.php\/wp-json\/wp\/v2\/product"}],"about":[{"href":"https:\/\/lesforestiersassocies.fr\/index.php\/wp-json\/wp\/v2\/types\/product"}],"wp:featuredmedia":[{"embeddable":true,"href":"https:\/\/lesforestiersassocies.fr\/index.php\/wp-json\/wp\/v2\/media\/10164"}],"wp:attachment":[{"href":"https:\/\/lesforestiersassocies.fr\/index.php\/wp-json\/wp\/v2\/media?parent=10163"}],"wp:term":[{"taxonomy":"product_cat","embeddable":true,"href":"https:\/\/lesforestiersassocies.fr\/index.php\/wp-json\/wp\/v2\/product_cat?post=10163"},{"taxonomy":"product_tag","embeddable":true,"href":"https:\/\/lesforestiersassocies.fr\/index.php\/wp-json\/wp\/v2\/product_tag?post=10163"}],"curies":[{"name":"wp","href":"https:\/\/api.w.org\/{rel}","templated":true}]}}