{"id":10169,"date":"2023-12-08T16:10:56","date_gmt":"2023-12-08T15:10:56","guid":{"rendered":"https:\/\/lesforestiersassocies.fr\/?post_type=product&#038;p=10169"},"modified":"2024-04-24T11:24:11","modified_gmt":"2024-04-24T09:24:11","slug":"huile-bardage-opaque","status":"publish","type":"product","link":"https:\/\/lesforestiersassocies.fr\/index.php\/produit\/huile-bardage-opaque\/","title":{"rendered":"Huile Bardage Opaque"},"content":{"rendered":"<p>Impr\u00e9gnation opaque mate tr\u00e8s haute durabilit\u00e9<\/p>\n<p>L&rsquo;<strong>Huile Bardage\u00a0Opaque<\/strong>\u00a0impr\u00e8gne, prot\u00e8ge et d\u00e9core\u00a0tous les bois ext\u00e9rieurs verticaux : bardages, portails, volets, claustras, palissades, abris de jardin&#8230;<\/p>\n<p>Elle\u00a0est parfaitement adapt\u00e9e \u00e0 la protection des essences bardages, notamment les bois peu ou non impr\u00e9gnables tels que le m\u00e9l\u00e8ze, le douglas ou le red cedar.<\/p>\n<p>Ses teintes concentr\u00e9es et son aspect mat poudr\u00e9\u00a0en font une finition d\u00e9corative tr\u00e8s tendance qui met en valeur le veinage et la beaut\u00e9 naturelle du bois tout en masquant les imperfections.<\/p>\n<p>Tr\u00e8s simple et rapide \u00e0 mettre en \u0153uvre, elle s&rsquo;applique en seulement 2 couches, frais sur frais, sans essuyage : la garantie d&rsquo;un chantier r\u00e9ussi et termin\u00e9 dans la demi-journ\u00e9e. Sa consistance g\u00e9lifi\u00e9e permet une application facile et sans coulure sur surfaces verticales.<\/p>\n<p>Naturellement p\u00e9n\u00e9trante et non filmog\u00e8ne, elle ne\u00a0s&rsquo;\u00e9caille pas et s&rsquo;entretient ais\u00e9ment.<\/p>\n<p><strong>B\u00e9n\u00e9fices :<\/strong><\/p>\n<div class=\"product-more-body\">\n<ul>\n<li>Toutes essences de bois<\/li>\n<li>Impr\u00e8gne, prot\u00e8ge et d\u00e9core<\/li>\n<li>Opaque : masque les imperfections<\/li>\n<li>Teintes concentr\u00e9es et aspect mat poudr\u00e9<\/li>\n<li>G\u00e9lifi\u00e9e : id\u00e9ale sur surfaces verticales<\/li>\n<li>Application facile sans essuyage<\/li>\n<li>Application en 2 couches frais sur frais<\/li>\n<li>S\u00e9chage rapide : 20 min entre 2 couches<\/li>\n<li>Non filmog\u00e8ne :\u00a0ne s&rsquo;\u00e9caille pas<\/li>\n<li>Entretien facile sans pon\u00e7age<\/li>\n<\/ul>\n<\/div>\n","protected":false},"excerpt":{"rendered":"<p class=\"product-name\"><strong><span class=\"base\" data-ui-id=\"page-title-wrapper\">Huile Bardage Opaque<\/span><\/strong><\/p>\n","protected":false},"featured_media":10170,"template":"","meta":[],"product_cat":[63],"product_tag":[122],"acf":[],"yoast_head":"<!-- This site is optimized with the Yoast SEO plugin v21.9 - https:\/\/yoast.com\/wordpress\/plugins\/seo\/ -->\n<title>Huile Bardage Opaque - Les Forestiers Associ\u00e9s<\/title>\n<meta name=\"robots\" content=\"index, follow, max-snippet:-1, max-image-preview:large, max-video-preview:-1\" \/>\n<link rel=\"canonical\" href=\"https:\/\/lesforestiersassocies.fr\/index.php\/produit\/huile-bardage-opaque\/\" \/>\n<meta property=\"og:locale\" content=\"fr_FR\" \/>\n<meta property=\"og:type\" content=\"article\" \/>\n<meta property=\"og:title\" content=\"Huile Bardage Opaque - Les Forestiers Associ\u00e9s\" \/>\n<meta property=\"og:description\" content=\"Huile Bardage Opaque\" \/>\n<meta property=\"og:url\" content=\"https:\/\/lesforestiersassocies.fr\/index.php\/produit\/huile-bardage-opaque\/\" \/>\n<meta property=\"og:site_name\" content=\"Les Forestiers Associ\u00e9s\" \/>\n<meta property=\"article:modified_time\" content=\"2024-04-24T09:24:11+00:00\" \/>\n<meta property=\"og:image\" content=\"https:\/\/lesforestiersassocies.fr\/wp-content\/uploads\/2023\/12\/blanchon-huile-bardage-5L.png\" \/>\n\t<meta property=\"og:image:width\" content=\"300\" \/>\n\t<meta property=\"og:image:height\" content=\"300\" \/>\n\t<meta property=\"og:image:type\" content=\"image\/png\" \/>\n<meta name=\"twitter:card\" content=\"summary_large_image\" \/>\n<meta name=\"twitter:label1\" content=\"Dur\u00e9e de lecture estim\u00e9e\" \/>\n\t<meta name=\"twitter:data1\" content=\"2 minutes\" \/>\n<script type=\"application\/ld+json\" class=\"yoast-schema-graph\">{\"@context\":\"https:\/\/schema.org\",\"@graph\":[{\"@type\":\"WebPage\",\"@id\":\"https:\/\/lesforestiersassocies.fr\/index.php\/produit\/huile-bardage-opaque\/\",\"url\":\"https:\/\/lesforestiersassocies.fr\/index.php\/produit\/huile-bardage-opaque\/\",\"name\":\"Huile Bardage Opaque - Les Forestiers Associ\u00e9s\",\"isPartOf\":{\"@id\":\"https:\/\/lesforestiersassocies.fr\/#website\"},\"datePublished\":\"2023-12-08T15:10:56+00:00\",\"dateModified\":\"2024-04-24T09:24:11+00:00\",\"breadcrumb\":{\"@id\":\"https:\/\/lesforestiersassocies.fr\/index.php\/produit\/huile-bardage-opaque\/#breadcrumb\"},\"inLanguage\":\"fr-FR\",\"potentialAction\":[{\"@type\":\"ReadAction\",\"target\":[\"https:\/\/lesforestiersassocies.fr\/index.php\/produit\/huile-bardage-opaque\/\"]}]},{\"@type\":\"BreadcrumbList\",\"@id\":\"https:\/\/lesforestiersassocies.fr\/index.php\/produit\/huile-bardage-opaque\/#breadcrumb\",\"itemListElement\":[{\"@type\":\"ListItem\",\"position\":1,\"name\":\"Accueil\",\"item\":\"https:\/\/lesforestiersassocies.fr\/\"},{\"@type\":\"ListItem\",\"position\":2,\"name\":\"Inventory\",\"item\":\"https:\/\/lesforestiersassocies.fr\/index.php\/inventory\/\"},{\"@type\":\"ListItem\",\"position\":3,\"name\":\"Huile Bardage Opaque\"}]},{\"@type\":\"WebSite\",\"@id\":\"https:\/\/lesforestiersassocies.fr\/#website\",\"url\":\"https:\/\/lesforestiersassocies.fr\/\",\"name\":\"Les Forestiers Associ\u00e9s\",\"description\":\"Les Forestiers Associ\u00e9s\",\"publisher\":{\"@id\":\"https:\/\/lesforestiersassocies.fr\/#organization\"},\"potentialAction\":[{\"@type\":\"SearchAction\",\"target\":{\"@type\":\"EntryPoint\",\"urlTemplate\":\"https:\/\/lesforestiersassocies.fr\/?s={search_term_string}\"},\"query-input\":\"required name=search_term_string\"}],\"inLanguage\":\"fr-FR\"},{\"@type\":\"Organization\",\"@id\":\"https:\/\/lesforestiersassocies.fr\/#organization\",\"name\":\"Les Forestiers Associ\u00e9s\",\"url\":\"https:\/\/lesforestiersassocies.fr\/\",\"logo\":{\"@type\":\"ImageObject\",\"inLanguage\":\"fr-FR\",\"@id\":\"https:\/\/lesforestiersassocies.fr\/#\/schema\/logo\/image\/\",\"url\":\"http:\/\/lesforestiersassocies.fr\/wp-content\/uploads\/2019\/01\/LFA-Logo.jpg\",\"contentUrl\":\"http:\/\/lesforestiersassocies.fr\/wp-content\/uploads\/2019\/01\/LFA-Logo.jpg\",\"width\":905,\"height\":314,\"caption\":\"Les Forestiers Associ\u00e9s\"},\"image\":{\"@id\":\"https:\/\/lesforestiersassocies.fr\/#\/schema\/logo\/image\/\"}}]}<\/script>\n<!-- \/ Yoast SEO plugin. -->","yoast_head_json":{"title":"Huile Bardage Opaque - Les Forestiers Associ\u00e9s","robots":{"index":"index","follow":"follow","max-snippet":"max-snippet:-1","max-image-preview":"max-image-preview:large","max-video-preview":"max-video-preview:-1"},"canonical":"https:\/\/lesforestiersassocies.fr\/index.php\/produit\/huile-bardage-opaque\/","og_locale":"fr_FR","og_type":"article","og_title":"Huile Bardage Opaque - Les Forestiers Associ\u00e9s","og_description":"Huile Bardage Opaque","og_url":"https:\/\/lesforestiersassocies.fr\/index.php\/produit\/huile-bardage-opaque\/","og_site_name":"Les Forestiers Associ\u00e9s","article_modified_time":"2024-04-24T09:24:11+00:00","og_image":[{"width":300,"height":300,"url":"https:\/\/lesforestiersassocies.fr\/wp-content\/uploads\/2023\/12\/blanchon-huile-bardage-5L.png","type":"image\/png"}],"twitter_card":"summary_large_image","twitter_misc":{"Dur\u00e9e de lecture estim\u00e9e":"2 minutes"},"schema":{"@context":"https:\/\/schema.org","@graph":[{"@type":"WebPage","@id":"https:\/\/lesforestiersassocies.fr\/index.php\/produit\/huile-bardage-opaque\/","url":"https:\/\/lesforestiersassocies.fr\/index.php\/produit\/huile-bardage-opaque\/","name":"Huile Bardage Opaque - Les Forestiers Associ\u00e9s","isPartOf":{"@id":"https:\/\/lesforestiersassocies.fr\/#website"},"datePublished":"2023-12-08T15:10:56+00:00","dateModified":"2024-04-24T09:24:11+00:00","breadcrumb":{"@id":"https:\/\/lesforestiersassocies.fr\/index.php\/produit\/huile-bardage-opaque\/#breadcrumb"},"inLanguage":"fr-FR","potentialAction":[{"@type":"ReadAction","target":["https:\/\/lesforestiersassocies.fr\/index.php\/produit\/huile-bardage-opaque\/"]}]},{"@type":"BreadcrumbList","@id":"https:\/\/lesforestiersassocies.fr\/index.php\/produit\/huile-bardage-opaque\/#breadcrumb","itemListElement":[{"@type":"ListItem","position":1,"name":"Accueil","item":"https:\/\/lesforestiersassocies.fr\/"},{"@type":"ListItem","position":2,"name":"Inventory","item":"https:\/\/lesforestiersassocies.fr\/index.php\/inventory\/"},{"@type":"ListItem","position":3,"name":"Huile Bardage Opaque"}]},{"@type":"WebSite","@id":"https:\/\/lesforestiersassocies.fr\/#website","url":"https:\/\/lesforestiersassocies.fr\/","name":"Les Forestiers Associ\u00e9s","description":"Les Forestiers Associ\u00e9s","publisher":{"@id":"https:\/\/lesforestiersassocies.fr\/#organization"},"potentialAction":[{"@type":"SearchAction","target":{"@type":"EntryPoint","urlTemplate":"https:\/\/lesforestiersassocies.fr\/?s={search_term_string}"},"query-input":"required name=search_term_string"}],"inLanguage":"fr-FR"},{"@type":"Organization","@id":"https:\/\/lesforestiersassocies.fr\/#organization","name":"Les Forestiers Associ\u00e9s","url":"https:\/\/lesforestiersassocies.fr\/","logo":{"@type":"ImageObject","inLanguage":"fr-FR","@id":"https:\/\/lesforestiersassocies.fr\/#\/schema\/logo\/image\/","url":"http:\/\/lesforestiersassocies.fr\/wp-content\/uploads\/2019\/01\/LFA-Logo.jpg","contentUrl":"http:\/\/lesforestiersassocies.fr\/wp-content\/uploads\/2019\/01\/LFA-Logo.jpg","width":905,"height":314,"caption":"Les Forestiers Associ\u00e9s"},"image":{"@id":"https:\/\/lesforestiersassocies.fr\/#\/schema\/logo\/image\/"}}]}},"_links":{"self":[{"href":"https:\/\/lesforestiersassocies.fr\/index.php\/wp-json\/wp\/v2\/product\/10169"}],"collection":[{"href":"https:\/\/lesforestiersassocies.fr\/index.php\/wp-json\/wp\/v2\/product"}],"about":[{"href":"https:\/\/lesforestiersassocies.fr\/index.php\/wp-json\/wp\/v2\/types\/product"}],"wp:featuredmedia":[{"embeddable":true,"href":"https:\/\/lesforestiersassocies.fr\/index.php\/wp-json\/wp\/v2\/media\/10170"}],"wp:attachment":[{"href":"https:\/\/lesforestiersassocies.fr\/index.php\/wp-json\/wp\/v2\/media?parent=10169"}],"wp:term":[{"taxonomy":"product_cat","embeddable":true,"href":"https:\/\/lesforestiersassocies.fr\/index.php\/wp-json\/wp\/v2\/product_cat?post=10169"},{"taxonomy":"product_tag","embeddable":true,"href":"https:\/\/lesforestiersassocies.fr\/index.php\/wp-json\/wp\/v2\/product_tag?post=10169"}],"curies":[{"name":"wp","href":"https:\/\/api.w.org\/{rel}","templated":true}]}}