{"id":10175,"date":"2023-12-08T16:37:29","date_gmt":"2023-12-08T15:37:29","guid":{"rendered":"https:\/\/lesforestiersassocies.fr\/?post_type=product&#038;p=10175"},"modified":"2024-05-03T15:31:09","modified_gmt":"2024-05-03T13:31:09","slug":"vitrificateur-oceanic-air-protect","status":"publish","type":"product","link":"https:\/\/lesforestiersassocies.fr\/index.php\/produit\/vitrificateur-oceanic-air-protect\/","title":{"rendered":"Vitrificateur Oc\u00e9anic\u00ae Air Protect\u00ae"},"content":{"rendered":"<p>Monocomposant et pur-polyur\u00e9thane, le Vitrificateur Parquet\u00a0<strong>Oc\u00e9anic\u00ae Air Protect\u00ae<\/strong>\u00a0assure une tr\u00e8s haute r\u00e9sistance contre les agressions chimiques et m\u00e9caniques.<\/p>\n<p>Certification CTB sur la\u00a0performance du syst\u00e8me de finition bois et la qualit\u00e9 du service.<\/p>\n<p>Il laisse au bois sa couleur naturelle et met en valeur son veinage.<\/p>\n<p>Issue des derni\u00e8res technologies, la formule de l&rsquo;<strong>Oc\u00e9anic\u00ae Air Protect\u00ae\u00a0<\/strong>bloque jusqu&rsquo;\u00e0 80% des \u00e9missions du parquet et assainit l&rsquo;air de la pi\u00e8ce. Pouvoir garnissant renforc\u00e9. Permet une remise en circulation rapide des locaux.<\/p>\n<p><strong>B\u00e9n\u00e9fices :<\/strong><\/p>\n<div class=\"product-more-body\">\n<p>Vitrificateur Parquets, planchers, escaliers<\/p>\n<ul>\n<li>\u00a0Pur-Polyur\u00e9thane monocomposant<\/li>\n<li>Am\u00e9liore la qualit\u00e9 de l&rsquo;air int\u00e9rieur gr\u00e2ce \u00e0 son innovation Air Protect\u00ae : bloque 80% des \u00e9missions du parquet<\/li>\n<li>Prot\u00e8ge durablement les parquets des agressions chimiques et m\u00e9caniques<\/li>\n<li>Tr\u00e8s r\u00e9sistant aux taches,\u00a0\u00e0 l&rsquo;abrasion, aux chocs et aux rayures<\/li>\n<li>Pouvoir garnissant renforc\u00e9<\/li>\n<li>Non glissant (glissance test\u00e9e selon NF EN 13036-4)<\/li>\n<li>Classement au feu CflS1 (PV sur demande)<\/li>\n<li>Pour toutes essences de bois<\/li>\n<li>Tr\u00e8s agr\u00e9able \u00e0 l&rsquo;application<\/li>\n<li>Laisse au bois sa couleur naturelle<\/li>\n<li>Remise en circulation rapide des locaux<\/li>\n<li>Sans odeur<\/li>\n<\/ul>\n<\/div>\n","protected":false},"excerpt":{"rendered":"<p><strong>Vitrificateur Oc\u00e9anic\u00ae Air Protect\u00ae<\/strong><\/p>\n","protected":false},"featured_media":10176,"template":"","meta":[],"product_cat":[63],"product_tag":[121],"acf":[],"yoast_head":"<!-- This site is optimized with the Yoast SEO plugin v21.9 - https:\/\/yoast.com\/wordpress\/plugins\/seo\/ -->\n<title>Vitrificateur Oc\u00e9anic\u00ae Air Protect\u00ae - Les Forestiers Associ\u00e9s<\/title>\n<meta name=\"robots\" content=\"index, follow, max-snippet:-1, max-image-preview:large, max-video-preview:-1\" \/>\n<link rel=\"canonical\" href=\"https:\/\/lesforestiersassocies.fr\/index.php\/produit\/vitrificateur-oceanic-air-protect\/\" \/>\n<meta property=\"og:locale\" content=\"fr_FR\" \/>\n<meta property=\"og:type\" content=\"article\" \/>\n<meta property=\"og:title\" content=\"Vitrificateur Oc\u00e9anic\u00ae Air Protect\u00ae - Les Forestiers Associ\u00e9s\" \/>\n<meta property=\"og:description\" content=\"Vitrificateur Oc\u00e9anic\u00ae Air Protect\u00ae\" \/>\n<meta property=\"og:url\" content=\"https:\/\/lesforestiersassocies.fr\/index.php\/produit\/vitrificateur-oceanic-air-protect\/\" \/>\n<meta property=\"og:site_name\" content=\"Les Forestiers Associ\u00e9s\" \/>\n<meta property=\"article:modified_time\" content=\"2024-05-03T13:31:09+00:00\" \/>\n<meta property=\"og:image\" content=\"https:\/\/lesforestiersassocies.fr\/wp-content\/uploads\/2023\/12\/blanchon-oceanic-airprotect-CTB-5l.png\" \/>\n\t<meta property=\"og:image:width\" content=\"300\" \/>\n\t<meta property=\"og:image:height\" content=\"300\" \/>\n\t<meta property=\"og:image:type\" content=\"image\/png\" \/>\n<meta name=\"twitter:card\" content=\"summary_large_image\" \/>\n<meta name=\"twitter:label1\" content=\"Dur\u00e9e de lecture estim\u00e9e\" \/>\n\t<meta name=\"twitter:data1\" content=\"2 minutes\" \/>\n<script type=\"application\/ld+json\" class=\"yoast-schema-graph\">{\"@context\":\"https:\/\/schema.org\",\"@graph\":[{\"@type\":\"WebPage\",\"@id\":\"https:\/\/lesforestiersassocies.fr\/index.php\/produit\/vitrificateur-oceanic-air-protect\/\",\"url\":\"https:\/\/lesforestiersassocies.fr\/index.php\/produit\/vitrificateur-oceanic-air-protect\/\",\"name\":\"Vitrificateur Oc\u00e9anic\u00ae Air Protect\u00ae - Les Forestiers Associ\u00e9s\",\"isPartOf\":{\"@id\":\"https:\/\/lesforestiersassocies.fr\/#website\"},\"datePublished\":\"2023-12-08T15:37:29+00:00\",\"dateModified\":\"2024-05-03T13:31:09+00:00\",\"breadcrumb\":{\"@id\":\"https:\/\/lesforestiersassocies.fr\/index.php\/produit\/vitrificateur-oceanic-air-protect\/#breadcrumb\"},\"inLanguage\":\"fr-FR\",\"potentialAction\":[{\"@type\":\"ReadAction\",\"target\":[\"https:\/\/lesforestiersassocies.fr\/index.php\/produit\/vitrificateur-oceanic-air-protect\/\"]}]},{\"@type\":\"BreadcrumbList\",\"@id\":\"https:\/\/lesforestiersassocies.fr\/index.php\/produit\/vitrificateur-oceanic-air-protect\/#breadcrumb\",\"itemListElement\":[{\"@type\":\"ListItem\",\"position\":1,\"name\":\"Accueil\",\"item\":\"https:\/\/lesforestiersassocies.fr\/\"},{\"@type\":\"ListItem\",\"position\":2,\"name\":\"Inventory\",\"item\":\"https:\/\/lesforestiersassocies.fr\/index.php\/inventory\/\"},{\"@type\":\"ListItem\",\"position\":3,\"name\":\"Vitrificateur Oc\u00e9anic\u00ae Air Protect\u00ae\"}]},{\"@type\":\"WebSite\",\"@id\":\"https:\/\/lesforestiersassocies.fr\/#website\",\"url\":\"https:\/\/lesforestiersassocies.fr\/\",\"name\":\"Les Forestiers Associ\u00e9s\",\"description\":\"Les Forestiers Associ\u00e9s\",\"publisher\":{\"@id\":\"https:\/\/lesforestiersassocies.fr\/#organization\"},\"potentialAction\":[{\"@type\":\"SearchAction\",\"target\":{\"@type\":\"EntryPoint\",\"urlTemplate\":\"https:\/\/lesforestiersassocies.fr\/?s={search_term_string}\"},\"query-input\":\"required name=search_term_string\"}],\"inLanguage\":\"fr-FR\"},{\"@type\":\"Organization\",\"@id\":\"https:\/\/lesforestiersassocies.fr\/#organization\",\"name\":\"Les Forestiers Associ\u00e9s\",\"url\":\"https:\/\/lesforestiersassocies.fr\/\",\"logo\":{\"@type\":\"ImageObject\",\"inLanguage\":\"fr-FR\",\"@id\":\"https:\/\/lesforestiersassocies.fr\/#\/schema\/logo\/image\/\",\"url\":\"http:\/\/lesforestiersassocies.fr\/wp-content\/uploads\/2019\/01\/LFA-Logo.jpg\",\"contentUrl\":\"http:\/\/lesforestiersassocies.fr\/wp-content\/uploads\/2019\/01\/LFA-Logo.jpg\",\"width\":905,\"height\":314,\"caption\":\"Les Forestiers Associ\u00e9s\"},\"image\":{\"@id\":\"https:\/\/lesforestiersassocies.fr\/#\/schema\/logo\/image\/\"}}]}<\/script>\n<!-- \/ Yoast SEO plugin. -->","yoast_head_json":{"title":"Vitrificateur Oc\u00e9anic\u00ae Air Protect\u00ae - Les Forestiers Associ\u00e9s","robots":{"index":"index","follow":"follow","max-snippet":"max-snippet:-1","max-image-preview":"max-image-preview:large","max-video-preview":"max-video-preview:-1"},"canonical":"https:\/\/lesforestiersassocies.fr\/index.php\/produit\/vitrificateur-oceanic-air-protect\/","og_locale":"fr_FR","og_type":"article","og_title":"Vitrificateur Oc\u00e9anic\u00ae Air Protect\u00ae - Les Forestiers Associ\u00e9s","og_description":"Vitrificateur Oc\u00e9anic\u00ae Air Protect\u00ae","og_url":"https:\/\/lesforestiersassocies.fr\/index.php\/produit\/vitrificateur-oceanic-air-protect\/","og_site_name":"Les Forestiers Associ\u00e9s","article_modified_time":"2024-05-03T13:31:09+00:00","og_image":[{"width":300,"height":300,"url":"https:\/\/lesforestiersassocies.fr\/wp-content\/uploads\/2023\/12\/blanchon-oceanic-airprotect-CTB-5l.png","type":"image\/png"}],"twitter_card":"summary_large_image","twitter_misc":{"Dur\u00e9e de lecture estim\u00e9e":"2 minutes"},"schema":{"@context":"https:\/\/schema.org","@graph":[{"@type":"WebPage","@id":"https:\/\/lesforestiersassocies.fr\/index.php\/produit\/vitrificateur-oceanic-air-protect\/","url":"https:\/\/lesforestiersassocies.fr\/index.php\/produit\/vitrificateur-oceanic-air-protect\/","name":"Vitrificateur Oc\u00e9anic\u00ae Air Protect\u00ae - Les Forestiers Associ\u00e9s","isPartOf":{"@id":"https:\/\/lesforestiersassocies.fr\/#website"},"datePublished":"2023-12-08T15:37:29+00:00","dateModified":"2024-05-03T13:31:09+00:00","breadcrumb":{"@id":"https:\/\/lesforestiersassocies.fr\/index.php\/produit\/vitrificateur-oceanic-air-protect\/#breadcrumb"},"inLanguage":"fr-FR","potentialAction":[{"@type":"ReadAction","target":["https:\/\/lesforestiersassocies.fr\/index.php\/produit\/vitrificateur-oceanic-air-protect\/"]}]},{"@type":"BreadcrumbList","@id":"https:\/\/lesforestiersassocies.fr\/index.php\/produit\/vitrificateur-oceanic-air-protect\/#breadcrumb","itemListElement":[{"@type":"ListItem","position":1,"name":"Accueil","item":"https:\/\/lesforestiersassocies.fr\/"},{"@type":"ListItem","position":2,"name":"Inventory","item":"https:\/\/lesforestiersassocies.fr\/index.php\/inventory\/"},{"@type":"ListItem","position":3,"name":"Vitrificateur Oc\u00e9anic\u00ae Air Protect\u00ae"}]},{"@type":"WebSite","@id":"https:\/\/lesforestiersassocies.fr\/#website","url":"https:\/\/lesforestiersassocies.fr\/","name":"Les Forestiers Associ\u00e9s","description":"Les Forestiers Associ\u00e9s","publisher":{"@id":"https:\/\/lesforestiersassocies.fr\/#organization"},"potentialAction":[{"@type":"SearchAction","target":{"@type":"EntryPoint","urlTemplate":"https:\/\/lesforestiersassocies.fr\/?s={search_term_string}"},"query-input":"required name=search_term_string"}],"inLanguage":"fr-FR"},{"@type":"Organization","@id":"https:\/\/lesforestiersassocies.fr\/#organization","name":"Les Forestiers Associ\u00e9s","url":"https:\/\/lesforestiersassocies.fr\/","logo":{"@type":"ImageObject","inLanguage":"fr-FR","@id":"https:\/\/lesforestiersassocies.fr\/#\/schema\/logo\/image\/","url":"http:\/\/lesforestiersassocies.fr\/wp-content\/uploads\/2019\/01\/LFA-Logo.jpg","contentUrl":"http:\/\/lesforestiersassocies.fr\/wp-content\/uploads\/2019\/01\/LFA-Logo.jpg","width":905,"height":314,"caption":"Les Forestiers Associ\u00e9s"},"image":{"@id":"https:\/\/lesforestiersassocies.fr\/#\/schema\/logo\/image\/"}}]}},"_links":{"self":[{"href":"https:\/\/lesforestiersassocies.fr\/index.php\/wp-json\/wp\/v2\/product\/10175"}],"collection":[{"href":"https:\/\/lesforestiersassocies.fr\/index.php\/wp-json\/wp\/v2\/product"}],"about":[{"href":"https:\/\/lesforestiersassocies.fr\/index.php\/wp-json\/wp\/v2\/types\/product"}],"wp:featuredmedia":[{"embeddable":true,"href":"https:\/\/lesforestiersassocies.fr\/index.php\/wp-json\/wp\/v2\/media\/10176"}],"wp:attachment":[{"href":"https:\/\/lesforestiersassocies.fr\/index.php\/wp-json\/wp\/v2\/media?parent=10175"}],"wp:term":[{"taxonomy":"product_cat","embeddable":true,"href":"https:\/\/lesforestiersassocies.fr\/index.php\/wp-json\/wp\/v2\/product_cat?post=10175"},{"taxonomy":"product_tag","embeddable":true,"href":"https:\/\/lesforestiersassocies.fr\/index.php\/wp-json\/wp\/v2\/product_tag?post=10175"}],"curies":[{"name":"wp","href":"https:\/\/api.w.org\/{rel}","templated":true}]}}