{"id":10177,"date":"2023-12-08T16:40:58","date_gmt":"2023-12-08T15:40:58","guid":{"rendered":"https:\/\/lesforestiersassocies.fr\/?post_type=product&#038;p=10177"},"modified":"2023-12-18T14:54:34","modified_gmt":"2023-12-18T13:54:34","slug":"colle-a-bois-interieur-rapide","status":"publish","type":"product","link":"https:\/\/lesforestiersassocies.fr\/index.php\/produit\/colle-a-bois-interieur-rapide\/","title":{"rendered":"Colle \u00e0 Bois Int\u00e9rieur Rapide"},"content":{"rendered":"<p>Colle vinylique\u00a0pour l&rsquo;assemblage de tous les bois int\u00e9rieurs, contreplaqu\u00e9s, agglom\u00e9r\u00e9s et placage des stratifi\u00e9s.<\/p>\n<p>La\u00a0<strong>Colle \u00e0 Bois Rapide<\/strong>\u00a0est id\u00e9ale pour l&rsquo;assemblage et le placage des bois int\u00e9rieurs hors pi\u00e8ces humides : classification D2 selon la norme NF EN 204.<\/p>\n<p>De prise rapide, elle permet une manipulation de l&rsquo;assemblage dans un d\u00e9lai r\u00e9duit.<\/p>\n<p>\u00c0 base de r\u00e9sine vinylique et en phase aqueuse, la\u00a0<strong>Colle \u00e0 Bois Rapide<\/strong>\u00a0est totalement transparente et invisible apr\u00e8s s\u00e9chage et poss\u00e8de une excellente r\u00e9sistance m\u00e9canique et thermique (jusqu&rsquo;\u00e0 70\u00b0C).<\/p>\n<p><strong>B\u00e9n\u00e9fices :<\/strong><\/p>\n<div class=\"product-more-body\">\n<ul>\n<li>Prise rapide<\/li>\n<li>Classement D2<\/li>\n<li>N\u00b0FCBA : 403\/17\/8115.1\/1<\/li>\n<li>Excellente adh\u00e9rence<\/li>\n<li>Totalement invisible apr\u00e8s s\u00e9chage<\/li>\n<li>Assemblage d\u00e9finitif<\/li>\n<li>Haute r\u00e9sistance m\u00e9canique et thermique (70\u00b0C)<\/li>\n<li>Collage bois massifs, contreplaqu\u00e9s, agglom\u00e9r\u00e9s<\/li>\n<li>Id\u00e9ale pour menuiseries int\u00e9rieures et \u00e9b\u00e9nisterie<\/li>\n<\/ul>\n<\/div>\n<p>&nbsp;<\/p>\n","protected":false},"excerpt":{"rendered":"<p><strong>Colle \u00e0 Bois Int\u00e9rieur Rapide<\/strong><\/p>\n","protected":false},"featured_media":10178,"template":"","meta":[],"product_cat":[63],"product_tag":[124],"acf":[],"yoast_head":"<!-- This site is optimized with the Yoast SEO plugin v21.9 - https:\/\/yoast.com\/wordpress\/plugins\/seo\/ -->\n<title>Colle \u00e0 Bois Int\u00e9rieur Rapide - Les Forestiers Associ\u00e9s<\/title>\n<meta name=\"robots\" content=\"index, follow, max-snippet:-1, max-image-preview:large, max-video-preview:-1\" \/>\n<link rel=\"canonical\" href=\"https:\/\/lesforestiersassocies.fr\/index.php\/produit\/colle-a-bois-interieur-rapide\/\" \/>\n<meta property=\"og:locale\" content=\"fr_FR\" \/>\n<meta property=\"og:type\" content=\"article\" \/>\n<meta property=\"og:title\" content=\"Colle \u00e0 Bois Int\u00e9rieur Rapide - Les Forestiers Associ\u00e9s\" \/>\n<meta property=\"og:description\" content=\"Colle \u00e0 Bois Int\u00e9rieur Rapide\" \/>\n<meta property=\"og:url\" content=\"https:\/\/lesforestiersassocies.fr\/index.php\/produit\/colle-a-bois-interieur-rapide\/\" \/>\n<meta property=\"og:site_name\" content=\"Les Forestiers Associ\u00e9s\" \/>\n<meta property=\"article:modified_time\" content=\"2023-12-18T13:54:34+00:00\" \/>\n<meta property=\"og:image\" content=\"https:\/\/lesforestiersassocies.fr\/wp-content\/uploads\/2023\/12\/blanchon-colle-bois-rapide-250g.png\" \/>\n\t<meta property=\"og:image:width\" content=\"300\" \/>\n\t<meta property=\"og:image:height\" content=\"300\" \/>\n\t<meta property=\"og:image:type\" content=\"image\/png\" \/>\n<meta name=\"twitter:card\" content=\"summary_large_image\" \/>\n<meta name=\"twitter:label1\" content=\"Dur\u00e9e de lecture estim\u00e9e\" \/>\n\t<meta name=\"twitter:data1\" content=\"1 minute\" \/>\n<script type=\"application\/ld+json\" class=\"yoast-schema-graph\">{\"@context\":\"https:\/\/schema.org\",\"@graph\":[{\"@type\":\"WebPage\",\"@id\":\"https:\/\/lesforestiersassocies.fr\/index.php\/produit\/colle-a-bois-interieur-rapide\/\",\"url\":\"https:\/\/lesforestiersassocies.fr\/index.php\/produit\/colle-a-bois-interieur-rapide\/\",\"name\":\"Colle \u00e0 Bois Int\u00e9rieur Rapide - Les Forestiers Associ\u00e9s\",\"isPartOf\":{\"@id\":\"https:\/\/lesforestiersassocies.fr\/#website\"},\"datePublished\":\"2023-12-08T15:40:58+00:00\",\"dateModified\":\"2023-12-18T13:54:34+00:00\",\"breadcrumb\":{\"@id\":\"https:\/\/lesforestiersassocies.fr\/index.php\/produit\/colle-a-bois-interieur-rapide\/#breadcrumb\"},\"inLanguage\":\"fr-FR\",\"potentialAction\":[{\"@type\":\"ReadAction\",\"target\":[\"https:\/\/lesforestiersassocies.fr\/index.php\/produit\/colle-a-bois-interieur-rapide\/\"]}]},{\"@type\":\"BreadcrumbList\",\"@id\":\"https:\/\/lesforestiersassocies.fr\/index.php\/produit\/colle-a-bois-interieur-rapide\/#breadcrumb\",\"itemListElement\":[{\"@type\":\"ListItem\",\"position\":1,\"name\":\"Accueil\",\"item\":\"https:\/\/lesforestiersassocies.fr\/\"},{\"@type\":\"ListItem\",\"position\":2,\"name\":\"Inventory\",\"item\":\"https:\/\/lesforestiersassocies.fr\/index.php\/inventory\/\"},{\"@type\":\"ListItem\",\"position\":3,\"name\":\"Colle \u00e0 Bois Int\u00e9rieur Rapide\"}]},{\"@type\":\"WebSite\",\"@id\":\"https:\/\/lesforestiersassocies.fr\/#website\",\"url\":\"https:\/\/lesforestiersassocies.fr\/\",\"name\":\"Les Forestiers Associ\u00e9s\",\"description\":\"Les Forestiers Associ\u00e9s\",\"publisher\":{\"@id\":\"https:\/\/lesforestiersassocies.fr\/#organization\"},\"potentialAction\":[{\"@type\":\"SearchAction\",\"target\":{\"@type\":\"EntryPoint\",\"urlTemplate\":\"https:\/\/lesforestiersassocies.fr\/?s={search_term_string}\"},\"query-input\":\"required name=search_term_string\"}],\"inLanguage\":\"fr-FR\"},{\"@type\":\"Organization\",\"@id\":\"https:\/\/lesforestiersassocies.fr\/#organization\",\"name\":\"Les Forestiers Associ\u00e9s\",\"url\":\"https:\/\/lesforestiersassocies.fr\/\",\"logo\":{\"@type\":\"ImageObject\",\"inLanguage\":\"fr-FR\",\"@id\":\"https:\/\/lesforestiersassocies.fr\/#\/schema\/logo\/image\/\",\"url\":\"http:\/\/lesforestiersassocies.fr\/wp-content\/uploads\/2019\/01\/LFA-Logo.jpg\",\"contentUrl\":\"http:\/\/lesforestiersassocies.fr\/wp-content\/uploads\/2019\/01\/LFA-Logo.jpg\",\"width\":905,\"height\":314,\"caption\":\"Les Forestiers Associ\u00e9s\"},\"image\":{\"@id\":\"https:\/\/lesforestiersassocies.fr\/#\/schema\/logo\/image\/\"}}]}<\/script>\n<!-- \/ Yoast SEO plugin. -->","yoast_head_json":{"title":"Colle \u00e0 Bois Int\u00e9rieur Rapide - Les Forestiers Associ\u00e9s","robots":{"index":"index","follow":"follow","max-snippet":"max-snippet:-1","max-image-preview":"max-image-preview:large","max-video-preview":"max-video-preview:-1"},"canonical":"https:\/\/lesforestiersassocies.fr\/index.php\/produit\/colle-a-bois-interieur-rapide\/","og_locale":"fr_FR","og_type":"article","og_title":"Colle \u00e0 Bois Int\u00e9rieur Rapide - Les Forestiers Associ\u00e9s","og_description":"Colle \u00e0 Bois Int\u00e9rieur Rapide","og_url":"https:\/\/lesforestiersassocies.fr\/index.php\/produit\/colle-a-bois-interieur-rapide\/","og_site_name":"Les Forestiers Associ\u00e9s","article_modified_time":"2023-12-18T13:54:34+00:00","og_image":[{"width":300,"height":300,"url":"https:\/\/lesforestiersassocies.fr\/wp-content\/uploads\/2023\/12\/blanchon-colle-bois-rapide-250g.png","type":"image\/png"}],"twitter_card":"summary_large_image","twitter_misc":{"Dur\u00e9e de lecture estim\u00e9e":"1 minute"},"schema":{"@context":"https:\/\/schema.org","@graph":[{"@type":"WebPage","@id":"https:\/\/lesforestiersassocies.fr\/index.php\/produit\/colle-a-bois-interieur-rapide\/","url":"https:\/\/lesforestiersassocies.fr\/index.php\/produit\/colle-a-bois-interieur-rapide\/","name":"Colle \u00e0 Bois Int\u00e9rieur Rapide - Les Forestiers Associ\u00e9s","isPartOf":{"@id":"https:\/\/lesforestiersassocies.fr\/#website"},"datePublished":"2023-12-08T15:40:58+00:00","dateModified":"2023-12-18T13:54:34+00:00","breadcrumb":{"@id":"https:\/\/lesforestiersassocies.fr\/index.php\/produit\/colle-a-bois-interieur-rapide\/#breadcrumb"},"inLanguage":"fr-FR","potentialAction":[{"@type":"ReadAction","target":["https:\/\/lesforestiersassocies.fr\/index.php\/produit\/colle-a-bois-interieur-rapide\/"]}]},{"@type":"BreadcrumbList","@id":"https:\/\/lesforestiersassocies.fr\/index.php\/produit\/colle-a-bois-interieur-rapide\/#breadcrumb","itemListElement":[{"@type":"ListItem","position":1,"name":"Accueil","item":"https:\/\/lesforestiersassocies.fr\/"},{"@type":"ListItem","position":2,"name":"Inventory","item":"https:\/\/lesforestiersassocies.fr\/index.php\/inventory\/"},{"@type":"ListItem","position":3,"name":"Colle \u00e0 Bois Int\u00e9rieur Rapide"}]},{"@type":"WebSite","@id":"https:\/\/lesforestiersassocies.fr\/#website","url":"https:\/\/lesforestiersassocies.fr\/","name":"Les Forestiers Associ\u00e9s","description":"Les Forestiers Associ\u00e9s","publisher":{"@id":"https:\/\/lesforestiersassocies.fr\/#organization"},"potentialAction":[{"@type":"SearchAction","target":{"@type":"EntryPoint","urlTemplate":"https:\/\/lesforestiersassocies.fr\/?s={search_term_string}"},"query-input":"required name=search_term_string"}],"inLanguage":"fr-FR"},{"@type":"Organization","@id":"https:\/\/lesforestiersassocies.fr\/#organization","name":"Les Forestiers Associ\u00e9s","url":"https:\/\/lesforestiersassocies.fr\/","logo":{"@type":"ImageObject","inLanguage":"fr-FR","@id":"https:\/\/lesforestiersassocies.fr\/#\/schema\/logo\/image\/","url":"http:\/\/lesforestiersassocies.fr\/wp-content\/uploads\/2019\/01\/LFA-Logo.jpg","contentUrl":"http:\/\/lesforestiersassocies.fr\/wp-content\/uploads\/2019\/01\/LFA-Logo.jpg","width":905,"height":314,"caption":"Les Forestiers Associ\u00e9s"},"image":{"@id":"https:\/\/lesforestiersassocies.fr\/#\/schema\/logo\/image\/"}}]}},"_links":{"self":[{"href":"https:\/\/lesforestiersassocies.fr\/index.php\/wp-json\/wp\/v2\/product\/10177"}],"collection":[{"href":"https:\/\/lesforestiersassocies.fr\/index.php\/wp-json\/wp\/v2\/product"}],"about":[{"href":"https:\/\/lesforestiersassocies.fr\/index.php\/wp-json\/wp\/v2\/types\/product"}],"wp:featuredmedia":[{"embeddable":true,"href":"https:\/\/lesforestiersassocies.fr\/index.php\/wp-json\/wp\/v2\/media\/10178"}],"wp:attachment":[{"href":"https:\/\/lesforestiersassocies.fr\/index.php\/wp-json\/wp\/v2\/media?parent=10177"}],"wp:term":[{"taxonomy":"product_cat","embeddable":true,"href":"https:\/\/lesforestiersassocies.fr\/index.php\/wp-json\/wp\/v2\/product_cat?post=10177"},{"taxonomy":"product_tag","embeddable":true,"href":"https:\/\/lesforestiersassocies.fr\/index.php\/wp-json\/wp\/v2\/product_tag?post=10177"}],"curies":[{"name":"wp","href":"https:\/\/api.w.org\/{rel}","templated":true}]}}