{"id":10181,"date":"2023-12-08T16:48:30","date_gmt":"2023-12-08T15:48:30","guid":{"rendered":"https:\/\/lesforestiersassocies.fr\/?post_type=product&#038;p=10181"},"modified":"2024-02-28T11:14:16","modified_gmt":"2024-02-28T10:14:16","slug":"mastic-bois-poudre","status":"publish","type":"product","link":"https:\/\/lesforestiersassocies.fr\/index.php\/produit\/mastic-bois-poudre\/","title":{"rendered":"Mastic Bois Poudre"},"content":{"rendered":"<p>Le\u00a0<strong>Mastic Bois Poudre<\/strong>\u00a0rebouche les trous et les fissures de toutes tailles et reconstitue des parties manquantes.<\/p>\n<p>Le\u00a0<strong>Mastic Bois POUDRE<\/strong>\u00a0est un mastic en poudre \u00e0 m\u00e9langer avec de l&rsquo;eau pour effectuer des r\u00e9parations de toutes tailles, sans retrait ni fissures. Sa formulation avec une r\u00e9sine de tr\u00e8s haute duret\u00e9 et de forte coh\u00e9sion adh\u00e8re parfaitement sur\u00a0<strong>tous les bois<\/strong>, agglom\u00e9r\u00e9s et contreplaqu\u00e9s. Apr\u00e8s m\u00e9lange, le\u00a0<strong>Mastic Bois POUDRE<\/strong>\u00a0peut-\u00eatre travaill\u00e9 dans un d\u00e9lai de 20 \u00e0 40 min ce qui rend l&rsquo;application plus confortable et g\u00e9n\u00e8re moins de perte.<\/p>\n<p>Le\u00a0<strong>Mastic Bois POUDRE<\/strong>\u00a0<strong>se ponce et se sculpte tr\u00e8s facilement, sans effort<\/strong>. Il se teinte parfaitement et peut \u00eatre recouvert par tout type de finitions bois (vernis, lasures, huiles, peintures).<\/p>\n<p><strong>B\u00e9n\u00e9fices :<\/strong><\/p>\n<div class=\"product-more-body\">\n<p>NOUVELLE FORMULE : PLUS PERFORMANTE<\/p>\n<ul>\n<li>Sans odeur<\/li>\n<li>Haute duret\u00e9<\/li>\n<li>Excellente adh\u00e9rence<\/li>\n<li>Temps d&rsquo;utilisation apr\u00e8s m\u00e9lange : 20 \u00e0 40 min<\/li>\n<li>Dosage facile et variable en fonction de la taille \u00e0 reboucher<\/li>\n<li>Tr\u00e8s facile \u00e0 poncer et \u00e0 sculpter<\/li>\n<li>Tr\u00e8s bonne prise de teinte<\/li>\n<li>Recouvrable par toutes finitions bois (lasures, vernis, huiles, peintures)<\/li>\n<li>Sans solvant<\/li>\n<li>Ne craquelle pas<\/li>\n<li>Ne se r\u00e9tracte pas<\/li>\n<li>Int\u00e9rieur \/ Ext\u00e9rieur si recouvert<\/li>\n<\/ul>\n<\/div>\n","protected":false},"excerpt":{"rendered":"<p><strong>Mastic Bois Poudre<\/strong><\/p>\n","protected":false},"featured_media":10354,"template":"","meta":[],"product_cat":[63],"product_tag":[124],"acf":[],"yoast_head":"<!-- This site is optimized with the Yoast SEO plugin v21.9 - https:\/\/yoast.com\/wordpress\/plugins\/seo\/ -->\n<title>Mastic Bois Poudre - Les Forestiers Associ\u00e9s<\/title>\n<meta name=\"robots\" content=\"index, follow, max-snippet:-1, max-image-preview:large, max-video-preview:-1\" \/>\n<link rel=\"canonical\" href=\"https:\/\/lesforestiersassocies.fr\/index.php\/produit\/mastic-bois-poudre\/\" \/>\n<meta property=\"og:locale\" content=\"fr_FR\" \/>\n<meta property=\"og:type\" content=\"article\" \/>\n<meta property=\"og:title\" content=\"Mastic Bois Poudre - Les Forestiers Associ\u00e9s\" \/>\n<meta property=\"og:description\" content=\"Mastic Bois Poudre\" \/>\n<meta property=\"og:url\" content=\"https:\/\/lesforestiersassocies.fr\/index.php\/produit\/mastic-bois-poudre\/\" \/>\n<meta property=\"og:site_name\" content=\"Les Forestiers Associ\u00e9s\" \/>\n<meta property=\"article:modified_time\" content=\"2024-02-28T10:14:16+00:00\" \/>\n<meta property=\"og:image\" content=\"https:\/\/lesforestiersassocies.fr\/wp-content\/uploads\/2023\/12\/poudre.jpg\" \/>\n\t<meta property=\"og:image:width\" content=\"924\" \/>\n\t<meta property=\"og:image:height\" content=\"735\" \/>\n\t<meta property=\"og:image:type\" content=\"image\/jpeg\" \/>\n<meta name=\"twitter:card\" content=\"summary_large_image\" \/>\n<meta name=\"twitter:label1\" content=\"Dur\u00e9e de lecture estim\u00e9e\" \/>\n\t<meta name=\"twitter:data1\" content=\"2 minutes\" \/>\n<script type=\"application\/ld+json\" class=\"yoast-schema-graph\">{\"@context\":\"https:\/\/schema.org\",\"@graph\":[{\"@type\":\"WebPage\",\"@id\":\"https:\/\/lesforestiersassocies.fr\/index.php\/produit\/mastic-bois-poudre\/\",\"url\":\"https:\/\/lesforestiersassocies.fr\/index.php\/produit\/mastic-bois-poudre\/\",\"name\":\"Mastic Bois Poudre - Les Forestiers Associ\u00e9s\",\"isPartOf\":{\"@id\":\"https:\/\/lesforestiersassocies.fr\/#website\"},\"datePublished\":\"2023-12-08T15:48:30+00:00\",\"dateModified\":\"2024-02-28T10:14:16+00:00\",\"breadcrumb\":{\"@id\":\"https:\/\/lesforestiersassocies.fr\/index.php\/produit\/mastic-bois-poudre\/#breadcrumb\"},\"inLanguage\":\"fr-FR\",\"potentialAction\":[{\"@type\":\"ReadAction\",\"target\":[\"https:\/\/lesforestiersassocies.fr\/index.php\/produit\/mastic-bois-poudre\/\"]}]},{\"@type\":\"BreadcrumbList\",\"@id\":\"https:\/\/lesforestiersassocies.fr\/index.php\/produit\/mastic-bois-poudre\/#breadcrumb\",\"itemListElement\":[{\"@type\":\"ListItem\",\"position\":1,\"name\":\"Accueil\",\"item\":\"https:\/\/lesforestiersassocies.fr\/\"},{\"@type\":\"ListItem\",\"position\":2,\"name\":\"Inventory\",\"item\":\"https:\/\/lesforestiersassocies.fr\/index.php\/inventory\/\"},{\"@type\":\"ListItem\",\"position\":3,\"name\":\"Mastic Bois Poudre\"}]},{\"@type\":\"WebSite\",\"@id\":\"https:\/\/lesforestiersassocies.fr\/#website\",\"url\":\"https:\/\/lesforestiersassocies.fr\/\",\"name\":\"Les Forestiers Associ\u00e9s\",\"description\":\"Les Forestiers Associ\u00e9s\",\"publisher\":{\"@id\":\"https:\/\/lesforestiersassocies.fr\/#organization\"},\"potentialAction\":[{\"@type\":\"SearchAction\",\"target\":{\"@type\":\"EntryPoint\",\"urlTemplate\":\"https:\/\/lesforestiersassocies.fr\/?s={search_term_string}\"},\"query-input\":\"required name=search_term_string\"}],\"inLanguage\":\"fr-FR\"},{\"@type\":\"Organization\",\"@id\":\"https:\/\/lesforestiersassocies.fr\/#organization\",\"name\":\"Les Forestiers Associ\u00e9s\",\"url\":\"https:\/\/lesforestiersassocies.fr\/\",\"logo\":{\"@type\":\"ImageObject\",\"inLanguage\":\"fr-FR\",\"@id\":\"https:\/\/lesforestiersassocies.fr\/#\/schema\/logo\/image\/\",\"url\":\"http:\/\/lesforestiersassocies.fr\/wp-content\/uploads\/2019\/01\/LFA-Logo.jpg\",\"contentUrl\":\"http:\/\/lesforestiersassocies.fr\/wp-content\/uploads\/2019\/01\/LFA-Logo.jpg\",\"width\":905,\"height\":314,\"caption\":\"Les Forestiers Associ\u00e9s\"},\"image\":{\"@id\":\"https:\/\/lesforestiersassocies.fr\/#\/schema\/logo\/image\/\"}}]}<\/script>\n<!-- \/ Yoast SEO plugin. -->","yoast_head_json":{"title":"Mastic Bois Poudre - Les Forestiers Associ\u00e9s","robots":{"index":"index","follow":"follow","max-snippet":"max-snippet:-1","max-image-preview":"max-image-preview:large","max-video-preview":"max-video-preview:-1"},"canonical":"https:\/\/lesforestiersassocies.fr\/index.php\/produit\/mastic-bois-poudre\/","og_locale":"fr_FR","og_type":"article","og_title":"Mastic Bois Poudre - Les Forestiers Associ\u00e9s","og_description":"Mastic Bois Poudre","og_url":"https:\/\/lesforestiersassocies.fr\/index.php\/produit\/mastic-bois-poudre\/","og_site_name":"Les Forestiers Associ\u00e9s","article_modified_time":"2024-02-28T10:14:16+00:00","og_image":[{"width":924,"height":735,"url":"https:\/\/lesforestiersassocies.fr\/wp-content\/uploads\/2023\/12\/poudre.jpg","type":"image\/jpeg"}],"twitter_card":"summary_large_image","twitter_misc":{"Dur\u00e9e de lecture estim\u00e9e":"2 minutes"},"schema":{"@context":"https:\/\/schema.org","@graph":[{"@type":"WebPage","@id":"https:\/\/lesforestiersassocies.fr\/index.php\/produit\/mastic-bois-poudre\/","url":"https:\/\/lesforestiersassocies.fr\/index.php\/produit\/mastic-bois-poudre\/","name":"Mastic Bois Poudre - Les Forestiers Associ\u00e9s","isPartOf":{"@id":"https:\/\/lesforestiersassocies.fr\/#website"},"datePublished":"2023-12-08T15:48:30+00:00","dateModified":"2024-02-28T10:14:16+00:00","breadcrumb":{"@id":"https:\/\/lesforestiersassocies.fr\/index.php\/produit\/mastic-bois-poudre\/#breadcrumb"},"inLanguage":"fr-FR","potentialAction":[{"@type":"ReadAction","target":["https:\/\/lesforestiersassocies.fr\/index.php\/produit\/mastic-bois-poudre\/"]}]},{"@type":"BreadcrumbList","@id":"https:\/\/lesforestiersassocies.fr\/index.php\/produit\/mastic-bois-poudre\/#breadcrumb","itemListElement":[{"@type":"ListItem","position":1,"name":"Accueil","item":"https:\/\/lesforestiersassocies.fr\/"},{"@type":"ListItem","position":2,"name":"Inventory","item":"https:\/\/lesforestiersassocies.fr\/index.php\/inventory\/"},{"@type":"ListItem","position":3,"name":"Mastic Bois Poudre"}]},{"@type":"WebSite","@id":"https:\/\/lesforestiersassocies.fr\/#website","url":"https:\/\/lesforestiersassocies.fr\/","name":"Les Forestiers Associ\u00e9s","description":"Les Forestiers Associ\u00e9s","publisher":{"@id":"https:\/\/lesforestiersassocies.fr\/#organization"},"potentialAction":[{"@type":"SearchAction","target":{"@type":"EntryPoint","urlTemplate":"https:\/\/lesforestiersassocies.fr\/?s={search_term_string}"},"query-input":"required name=search_term_string"}],"inLanguage":"fr-FR"},{"@type":"Organization","@id":"https:\/\/lesforestiersassocies.fr\/#organization","name":"Les Forestiers Associ\u00e9s","url":"https:\/\/lesforestiersassocies.fr\/","logo":{"@type":"ImageObject","inLanguage":"fr-FR","@id":"https:\/\/lesforestiersassocies.fr\/#\/schema\/logo\/image\/","url":"http:\/\/lesforestiersassocies.fr\/wp-content\/uploads\/2019\/01\/LFA-Logo.jpg","contentUrl":"http:\/\/lesforestiersassocies.fr\/wp-content\/uploads\/2019\/01\/LFA-Logo.jpg","width":905,"height":314,"caption":"Les Forestiers Associ\u00e9s"},"image":{"@id":"https:\/\/lesforestiersassocies.fr\/#\/schema\/logo\/image\/"}}]}},"_links":{"self":[{"href":"https:\/\/lesforestiersassocies.fr\/index.php\/wp-json\/wp\/v2\/product\/10181"}],"collection":[{"href":"https:\/\/lesforestiersassocies.fr\/index.php\/wp-json\/wp\/v2\/product"}],"about":[{"href":"https:\/\/lesforestiersassocies.fr\/index.php\/wp-json\/wp\/v2\/types\/product"}],"wp:featuredmedia":[{"embeddable":true,"href":"https:\/\/lesforestiersassocies.fr\/index.php\/wp-json\/wp\/v2\/media\/10354"}],"wp:attachment":[{"href":"https:\/\/lesforestiersassocies.fr\/index.php\/wp-json\/wp\/v2\/media?parent=10181"}],"wp:term":[{"taxonomy":"product_cat","embeddable":true,"href":"https:\/\/lesforestiersassocies.fr\/index.php\/wp-json\/wp\/v2\/product_cat?post=10181"},{"taxonomy":"product_tag","embeddable":true,"href":"https:\/\/lesforestiersassocies.fr\/index.php\/wp-json\/wp\/v2\/product_tag?post=10181"}],"curies":[{"name":"wp","href":"https:\/\/api.w.org\/{rel}","templated":true}]}}