{"id":10184,"date":"2023-12-08T16:51:43","date_gmt":"2023-12-08T15:51:43","guid":{"rendered":"https:\/\/lesforestiersassocies.fr\/?post_type=product&#038;p=10184"},"modified":"2024-05-15T11:41:05","modified_gmt":"2024-05-15T09:41:05","slug":"mastic-bois-tube-chene-clair","status":"publish","type":"product","link":"https:\/\/lesforestiersassocies.fr\/index.php\/produit\/mastic-bois-tube-chene-clair\/","title":{"rendered":"Mastic Bois Tube Ch\u00eane clair"},"content":{"rendered":"<p>Le\u00a0<strong>Mastic Bois<\/strong>\u00a0rebouche les gros trous et les fissures sans retrait, jusqu&rsquo;\u00e0 1 cm.<\/p>\n<p>Le\u00a0<strong>Mastic Bois<\/strong>\u00a0permet de reboucher les trous et fissures sans retrait jusqu&rsquo;\u00e0 1 cm, en une seule passe. Formul\u00e9 avec des r\u00e9sines vinyliques tr\u00e8s souples, le\u00a0<strong>Mastic Bois<\/strong>\u00a0suit les d\u00e9formations du bois et adh\u00e8re parfaitement sur tous les bois, agglom\u00e9r\u00e9 et contreplaqu\u00e9. Sa composition \u00e0 base de farine de bois et de fibre de cellulose, lui donne un aspect naturel proche du bois.<\/p>\n<p><strong>Le Mastic Bois<\/strong>\u00a0est pr\u00eat \u00e0 l&#8217;emploi, sans odeur, et s&rsquo;applique tr\u00e8s facilement gr\u00e2ce \u00e0 sa pr\u00e9sentation en tube. Apr\u00e8s s\u00e9chage complet, il se ponce tr\u00e8s facilement, se teinte parfaitement et peut \u00eatre recouvert par toutes les finitions : lasures, vernis, huiles, peinture.<\/p>\n<p><strong>B\u00e9n\u00e9fices :<\/strong><\/p>\n<div class=\"product-more-body\">\n<p>REBOUCHAGE GROS TROUS ET FISSURES<\/p>\n<ul>\n<li>Sans odeur<\/li>\n<li>En tube, sans m\u00e9lange<\/li>\n<li>Forte adh\u00e9rence<\/li>\n<li>Haute duret\u00e9<\/li>\n<li>Suit les d\u00e9formations du bois<\/li>\n<li>A base de fibres de bois<\/li>\n<li>Tous types de bois<\/li>\n<li>Rebouchage sans retrait ni fissure<\/li>\n<li>Ne craquelle pas, ne se r\u00e9tracte pas jusqu&rsquo;\u00e0 1 cm<\/li>\n<li>Tr\u00e8s facile \u00e0 poncer<\/li>\n<li>Bonne prise de teinte<\/li>\n<li>Recouvrable par toutes finitions bois<\/li>\n<li>Int\u00e9rieur \/ Ext\u00e9rieur si recouvert<\/li>\n<\/ul>\n<\/div>\n","protected":false},"excerpt":{"rendered":"<p class=\"product-name\"><strong><span class=\"base\" data-ui-id=\"page-title-wrapper\">Mastic Bois Tube Ch\u00eane clair<\/span><\/strong><\/p>\n","protected":false},"featured_media":10744,"template":"","meta":[],"product_cat":[63],"product_tag":[124],"acf":[],"yoast_head":"<!-- This site is optimized with the Yoast SEO plugin v21.9 - https:\/\/yoast.com\/wordpress\/plugins\/seo\/ -->\n<title>Mastic Bois Tube Ch\u00eane clair - Les Forestiers Associ\u00e9s<\/title>\n<meta name=\"robots\" content=\"index, follow, max-snippet:-1, max-image-preview:large, max-video-preview:-1\" \/>\n<link rel=\"canonical\" href=\"https:\/\/lesforestiersassocies.fr\/index.php\/produit\/mastic-bois-tube-chene-clair\/\" \/>\n<meta property=\"og:locale\" content=\"fr_FR\" \/>\n<meta property=\"og:type\" content=\"article\" \/>\n<meta property=\"og:title\" content=\"Mastic Bois Tube Ch\u00eane clair - Les Forestiers Associ\u00e9s\" \/>\n<meta property=\"og:description\" content=\"Mastic Bois Tube Ch\u00eane clair\" \/>\n<meta property=\"og:url\" content=\"https:\/\/lesforestiersassocies.fr\/index.php\/produit\/mastic-bois-tube-chene-clair\/\" \/>\n<meta property=\"og:site_name\" content=\"Les Forestiers Associ\u00e9s\" \/>\n<meta property=\"article:modified_time\" content=\"2024-05-15T09:41:05+00:00\" \/>\n<meta property=\"og:image\" content=\"https:\/\/lesforestiersassocies.fr\/wp-content\/uploads\/2023\/12\/mastic-bois-tube-blanchon.jpg\" \/>\n\t<meta property=\"og:image:width\" content=\"800\" \/>\n\t<meta property=\"og:image:height\" content=\"800\" \/>\n\t<meta property=\"og:image:type\" content=\"image\/jpeg\" \/>\n<meta name=\"twitter:card\" content=\"summary_large_image\" \/>\n<meta name=\"twitter:label1\" content=\"Dur\u00e9e de lecture estim\u00e9e\" \/>\n\t<meta name=\"twitter:data1\" content=\"2 minutes\" \/>\n<script type=\"application\/ld+json\" class=\"yoast-schema-graph\">{\"@context\":\"https:\/\/schema.org\",\"@graph\":[{\"@type\":\"WebPage\",\"@id\":\"https:\/\/lesforestiersassocies.fr\/index.php\/produit\/mastic-bois-tube-chene-clair\/\",\"url\":\"https:\/\/lesforestiersassocies.fr\/index.php\/produit\/mastic-bois-tube-chene-clair\/\",\"name\":\"Mastic Bois Tube Ch\u00eane clair - Les Forestiers Associ\u00e9s\",\"isPartOf\":{\"@id\":\"https:\/\/lesforestiersassocies.fr\/#website\"},\"datePublished\":\"2023-12-08T15:51:43+00:00\",\"dateModified\":\"2024-05-15T09:41:05+00:00\",\"breadcrumb\":{\"@id\":\"https:\/\/lesforestiersassocies.fr\/index.php\/produit\/mastic-bois-tube-chene-clair\/#breadcrumb\"},\"inLanguage\":\"fr-FR\",\"potentialAction\":[{\"@type\":\"ReadAction\",\"target\":[\"https:\/\/lesforestiersassocies.fr\/index.php\/produit\/mastic-bois-tube-chene-clair\/\"]}]},{\"@type\":\"BreadcrumbList\",\"@id\":\"https:\/\/lesforestiersassocies.fr\/index.php\/produit\/mastic-bois-tube-chene-clair\/#breadcrumb\",\"itemListElement\":[{\"@type\":\"ListItem\",\"position\":1,\"name\":\"Accueil\",\"item\":\"https:\/\/lesforestiersassocies.fr\/\"},{\"@type\":\"ListItem\",\"position\":2,\"name\":\"Inventory\",\"item\":\"https:\/\/lesforestiersassocies.fr\/index.php\/inventory\/\"},{\"@type\":\"ListItem\",\"position\":3,\"name\":\"Mastic Bois Tube Ch\u00eane clair\"}]},{\"@type\":\"WebSite\",\"@id\":\"https:\/\/lesforestiersassocies.fr\/#website\",\"url\":\"https:\/\/lesforestiersassocies.fr\/\",\"name\":\"Les Forestiers Associ\u00e9s\",\"description\":\"Les Forestiers Associ\u00e9s\",\"publisher\":{\"@id\":\"https:\/\/lesforestiersassocies.fr\/#organization\"},\"potentialAction\":[{\"@type\":\"SearchAction\",\"target\":{\"@type\":\"EntryPoint\",\"urlTemplate\":\"https:\/\/lesforestiersassocies.fr\/?s={search_term_string}\"},\"query-input\":\"required name=search_term_string\"}],\"inLanguage\":\"fr-FR\"},{\"@type\":\"Organization\",\"@id\":\"https:\/\/lesforestiersassocies.fr\/#organization\",\"name\":\"Les Forestiers Associ\u00e9s\",\"url\":\"https:\/\/lesforestiersassocies.fr\/\",\"logo\":{\"@type\":\"ImageObject\",\"inLanguage\":\"fr-FR\",\"@id\":\"https:\/\/lesforestiersassocies.fr\/#\/schema\/logo\/image\/\",\"url\":\"http:\/\/lesforestiersassocies.fr\/wp-content\/uploads\/2019\/01\/LFA-Logo.jpg\",\"contentUrl\":\"http:\/\/lesforestiersassocies.fr\/wp-content\/uploads\/2019\/01\/LFA-Logo.jpg\",\"width\":905,\"height\":314,\"caption\":\"Les Forestiers Associ\u00e9s\"},\"image\":{\"@id\":\"https:\/\/lesforestiersassocies.fr\/#\/schema\/logo\/image\/\"}}]}<\/script>\n<!-- \/ Yoast SEO plugin. -->","yoast_head_json":{"title":"Mastic Bois Tube Ch\u00eane clair - Les Forestiers Associ\u00e9s","robots":{"index":"index","follow":"follow","max-snippet":"max-snippet:-1","max-image-preview":"max-image-preview:large","max-video-preview":"max-video-preview:-1"},"canonical":"https:\/\/lesforestiersassocies.fr\/index.php\/produit\/mastic-bois-tube-chene-clair\/","og_locale":"fr_FR","og_type":"article","og_title":"Mastic Bois Tube Ch\u00eane clair - Les Forestiers Associ\u00e9s","og_description":"Mastic Bois Tube Ch\u00eane clair","og_url":"https:\/\/lesforestiersassocies.fr\/index.php\/produit\/mastic-bois-tube-chene-clair\/","og_site_name":"Les Forestiers Associ\u00e9s","article_modified_time":"2024-05-15T09:41:05+00:00","og_image":[{"width":800,"height":800,"url":"https:\/\/lesforestiersassocies.fr\/wp-content\/uploads\/2023\/12\/mastic-bois-tube-blanchon.jpg","type":"image\/jpeg"}],"twitter_card":"summary_large_image","twitter_misc":{"Dur\u00e9e de lecture estim\u00e9e":"2 minutes"},"schema":{"@context":"https:\/\/schema.org","@graph":[{"@type":"WebPage","@id":"https:\/\/lesforestiersassocies.fr\/index.php\/produit\/mastic-bois-tube-chene-clair\/","url":"https:\/\/lesforestiersassocies.fr\/index.php\/produit\/mastic-bois-tube-chene-clair\/","name":"Mastic Bois Tube Ch\u00eane clair - Les Forestiers Associ\u00e9s","isPartOf":{"@id":"https:\/\/lesforestiersassocies.fr\/#website"},"datePublished":"2023-12-08T15:51:43+00:00","dateModified":"2024-05-15T09:41:05+00:00","breadcrumb":{"@id":"https:\/\/lesforestiersassocies.fr\/index.php\/produit\/mastic-bois-tube-chene-clair\/#breadcrumb"},"inLanguage":"fr-FR","potentialAction":[{"@type":"ReadAction","target":["https:\/\/lesforestiersassocies.fr\/index.php\/produit\/mastic-bois-tube-chene-clair\/"]}]},{"@type":"BreadcrumbList","@id":"https:\/\/lesforestiersassocies.fr\/index.php\/produit\/mastic-bois-tube-chene-clair\/#breadcrumb","itemListElement":[{"@type":"ListItem","position":1,"name":"Accueil","item":"https:\/\/lesforestiersassocies.fr\/"},{"@type":"ListItem","position":2,"name":"Inventory","item":"https:\/\/lesforestiersassocies.fr\/index.php\/inventory\/"},{"@type":"ListItem","position":3,"name":"Mastic Bois Tube Ch\u00eane clair"}]},{"@type":"WebSite","@id":"https:\/\/lesforestiersassocies.fr\/#website","url":"https:\/\/lesforestiersassocies.fr\/","name":"Les Forestiers Associ\u00e9s","description":"Les Forestiers Associ\u00e9s","publisher":{"@id":"https:\/\/lesforestiersassocies.fr\/#organization"},"potentialAction":[{"@type":"SearchAction","target":{"@type":"EntryPoint","urlTemplate":"https:\/\/lesforestiersassocies.fr\/?s={search_term_string}"},"query-input":"required name=search_term_string"}],"inLanguage":"fr-FR"},{"@type":"Organization","@id":"https:\/\/lesforestiersassocies.fr\/#organization","name":"Les Forestiers Associ\u00e9s","url":"https:\/\/lesforestiersassocies.fr\/","logo":{"@type":"ImageObject","inLanguage":"fr-FR","@id":"https:\/\/lesforestiersassocies.fr\/#\/schema\/logo\/image\/","url":"http:\/\/lesforestiersassocies.fr\/wp-content\/uploads\/2019\/01\/LFA-Logo.jpg","contentUrl":"http:\/\/lesforestiersassocies.fr\/wp-content\/uploads\/2019\/01\/LFA-Logo.jpg","width":905,"height":314,"caption":"Les Forestiers Associ\u00e9s"},"image":{"@id":"https:\/\/lesforestiersassocies.fr\/#\/schema\/logo\/image\/"}}]}},"_links":{"self":[{"href":"https:\/\/lesforestiersassocies.fr\/index.php\/wp-json\/wp\/v2\/product\/10184"}],"collection":[{"href":"https:\/\/lesforestiersassocies.fr\/index.php\/wp-json\/wp\/v2\/product"}],"about":[{"href":"https:\/\/lesforestiersassocies.fr\/index.php\/wp-json\/wp\/v2\/types\/product"}],"wp:featuredmedia":[{"embeddable":true,"href":"https:\/\/lesforestiersassocies.fr\/index.php\/wp-json\/wp\/v2\/media\/10744"}],"wp:attachment":[{"href":"https:\/\/lesforestiersassocies.fr\/index.php\/wp-json\/wp\/v2\/media?parent=10184"}],"wp:term":[{"taxonomy":"product_cat","embeddable":true,"href":"https:\/\/lesforestiersassocies.fr\/index.php\/wp-json\/wp\/v2\/product_cat?post=10184"},{"taxonomy":"product_tag","embeddable":true,"href":"https:\/\/lesforestiersassocies.fr\/index.php\/wp-json\/wp\/v2\/product_tag?post=10184"}],"curies":[{"name":"wp","href":"https:\/\/api.w.org\/{rel}","templated":true}]}}