{"id":10196,"date":"2023-12-11T12:11:15","date_gmt":"2023-12-11T11:11:15","guid":{"rendered":"https:\/\/lesforestiersassocies.fr\/?post_type=product&#038;p=10196"},"modified":"2023-12-18T16:38:28","modified_gmt":"2023-12-18T15:38:28","slug":"seasonite","status":"publish","type":"product","link":"https:\/\/lesforestiersassocies.fr\/index.php\/produit\/seasonite\/","title":{"rendered":"Seasonite"},"content":{"rendered":"<p>SEASONITE\u00ae\u00a0prot\u00e8ge le bois neuf\u00a0des effets dommageables du soleil et de l\u2019humidit\u00e9 pendant la premi\u00e8re saison o\u00f9 il est expos\u00e9 aux agents atmosph\u00e9riques. Respirant, il permet \u00e0 l\u2019exc\u00e9dent d\u2019eau de se r\u00e9guler tout en\u00a0\u00e9vitant que l\u2019humidit\u00e9 ne p\u00e9n\u00e8tre dans le bois. SEASONITE\u00ae est une protection de transition avant traitement d\u00e9finitif.<\/p>\n<p><strong>Propri\u00e9t\u00e9s :<\/strong><\/p>\n<p>\u2022 Stabilise et prot\u00e8ge le bois pendant ses premiers mois d&rsquo;exposition aux intemp\u00e9ries.<br \/>\n\u2022 R\u00e9gule l&rsquo;\u00e9vaporation de l&rsquo;humidit\u00e9 du bois.<br \/>\n\u2022 R\u00e9duit les risques de fendillement, d&rsquo;\u00e9clatement ou de d\u00e9formation du bois suite \u00e0 une exposition brutale au soleil ou \u00e0 la pluie.<br \/>\n\u2022 Limite le grisaillement et pr\u00e9pare les bois \u00e0 recevoir une finition.<\/p>\n<p><strong>Destination :\u00a0<\/strong><\/p>\n<p>\u2022 Direct sur bois pr\u00e9par\u00e9s.<br \/>\n\u2022 Id\u00e9al pour tous les bois tendres (pin, \u00e9pic\u00e9a, Red Cedar&#8230;) et tout particuli\u00e8rement les bois trait\u00e9s \u00e0 c\u0153ur.<br \/>\n\u2022 Utilisable sur surface verticale ou horizontale.<br \/>\n\u2022 S&rsquo;applique sur terrasses, fa\u00e7ades, caillebotis, mobilier de jardin&#8230;<br \/>\n\u2022 S&rsquo;utilise directement, avant ou apr\u00e8s pose, sur bois sec au toucher en une seule couche g\u00e9n\u00e9reuse.<br \/>\n\u2022 Ne s&rsquo;applique pas sur bois d\u00e9j\u00e0 expos\u00e9 aux intemp\u00e9ries.<\/p>\n<p><strong>Recommandations avant application :<\/strong><\/p>\n<p>\u2022 Couvrir tout ce qui ne doit pas \u00eatre trait\u00e9, y compris les plantes et les arbustes.<br \/>\n\u2022 Appliquer entre +10\u00b0C et +30\u00b0C. Ne pas appliquer en plein soleil ni sur des surfaces chaudes.<br \/>\n\u2022 Ne pas appliquer si du temps froid et\/ou humide est attendu dans les 24 heures.<br \/>\n\u2022 M\u00e9langer soigneusement le produit avant l\u2019application. Ne pas diluer.<br \/>\n\u2022 Les bardages verticaux seront trait\u00e9s du haut vers le bas.<br \/>\n\u2022 Apr\u00e8s application au pistolet, toujours r\u00e9partir le produit \u00e0 la brosse ou au rouleau pour am\u00e9liorer la p\u00e9n\u00e9tration et l\u2019uniformit\u00e9.<br \/>\n\u2022 Pr\u00e9parer la surface comme indiqu\u00e9 dans \u00abPr\u00e9paration du support\u00bb.<br \/>\n\u2022 Le bois doit \u00eatre propre, sec au toucher.<\/p>\n<p><strong>Application :\u00a0<\/strong><\/p>\n<p>\u2022 Appliquer une couche g\u00e9n\u00e9reuse sur toutes les surfaces du bois.<br \/>\n\u2022 Bien impr\u00e9gner les abouts.<br \/>\n\u2022 Pour un caillebotis, faire p\u00e9n\u00e9trer SEASONITE\u00ae dans les fentes entre les planches.<\/p>\n","protected":false},"excerpt":{"rendered":"<p class=\"page-title\"><strong><span class=\"base\" data-ui-id=\"page-title-wrapper\">Seasonite : Stabilisateur pour bois neuf\u00a0<\/span><\/strong><\/p>\n","protected":false},"featured_media":10197,"template":"","meta":[],"product_cat":[63],"product_tag":[121],"acf":[],"yoast_head":"<!-- This site is optimized with the Yoast SEO plugin v21.9 - https:\/\/yoast.com\/wordpress\/plugins\/seo\/ -->\n<title>Seasonite - Les Forestiers Associ\u00e9s<\/title>\n<meta name=\"robots\" content=\"index, follow, max-snippet:-1, max-image-preview:large, max-video-preview:-1\" \/>\n<link rel=\"canonical\" href=\"https:\/\/lesforestiersassocies.fr\/index.php\/produit\/seasonite\/\" \/>\n<meta property=\"og:locale\" content=\"fr_FR\" \/>\n<meta property=\"og:type\" content=\"article\" \/>\n<meta property=\"og:title\" content=\"Seasonite - Les Forestiers Associ\u00e9s\" \/>\n<meta property=\"og:description\" content=\"Seasonite : Stabilisateur pour bois neuf\u00a0\" \/>\n<meta property=\"og:url\" content=\"https:\/\/lesforestiersassocies.fr\/index.php\/produit\/seasonite\/\" \/>\n<meta property=\"og:site_name\" content=\"Les Forestiers Associ\u00e9s\" \/>\n<meta property=\"article:modified_time\" content=\"2023-12-18T15:38:28+00:00\" \/>\n<meta property=\"og:image\" content=\"https:\/\/lesforestiersassocies.fr\/wp-content\/uploads\/2023\/12\/Owatrol_SEASONITE_1L_FR_NL__1__44e0.jpg\" \/>\n\t<meta property=\"og:image:width\" content=\"304\" \/>\n\t<meta property=\"og:image:height\" content=\"304\" \/>\n\t<meta property=\"og:image:type\" content=\"image\/jpeg\" \/>\n<meta name=\"twitter:card\" content=\"summary_large_image\" \/>\n<meta name=\"twitter:label1\" content=\"Dur\u00e9e de lecture estim\u00e9e\" \/>\n\t<meta name=\"twitter:data1\" content=\"2 minutes\" \/>\n<script type=\"application\/ld+json\" class=\"yoast-schema-graph\">{\"@context\":\"https:\/\/schema.org\",\"@graph\":[{\"@type\":\"WebPage\",\"@id\":\"https:\/\/lesforestiersassocies.fr\/index.php\/produit\/seasonite\/\",\"url\":\"https:\/\/lesforestiersassocies.fr\/index.php\/produit\/seasonite\/\",\"name\":\"Seasonite - Les Forestiers Associ\u00e9s\",\"isPartOf\":{\"@id\":\"https:\/\/lesforestiersassocies.fr\/#website\"},\"datePublished\":\"2023-12-11T11:11:15+00:00\",\"dateModified\":\"2023-12-18T15:38:28+00:00\",\"breadcrumb\":{\"@id\":\"https:\/\/lesforestiersassocies.fr\/index.php\/produit\/seasonite\/#breadcrumb\"},\"inLanguage\":\"fr-FR\",\"potentialAction\":[{\"@type\":\"ReadAction\",\"target\":[\"https:\/\/lesforestiersassocies.fr\/index.php\/produit\/seasonite\/\"]}]},{\"@type\":\"BreadcrumbList\",\"@id\":\"https:\/\/lesforestiersassocies.fr\/index.php\/produit\/seasonite\/#breadcrumb\",\"itemListElement\":[{\"@type\":\"ListItem\",\"position\":1,\"name\":\"Accueil\",\"item\":\"https:\/\/lesforestiersassocies.fr\/\"},{\"@type\":\"ListItem\",\"position\":2,\"name\":\"Inventory\",\"item\":\"https:\/\/lesforestiersassocies.fr\/index.php\/inventory\/\"},{\"@type\":\"ListItem\",\"position\":3,\"name\":\"Seasonite\"}]},{\"@type\":\"WebSite\",\"@id\":\"https:\/\/lesforestiersassocies.fr\/#website\",\"url\":\"https:\/\/lesforestiersassocies.fr\/\",\"name\":\"Les Forestiers Associ\u00e9s\",\"description\":\"Les Forestiers Associ\u00e9s\",\"publisher\":{\"@id\":\"https:\/\/lesforestiersassocies.fr\/#organization\"},\"potentialAction\":[{\"@type\":\"SearchAction\",\"target\":{\"@type\":\"EntryPoint\",\"urlTemplate\":\"https:\/\/lesforestiersassocies.fr\/?s={search_term_string}\"},\"query-input\":\"required name=search_term_string\"}],\"inLanguage\":\"fr-FR\"},{\"@type\":\"Organization\",\"@id\":\"https:\/\/lesforestiersassocies.fr\/#organization\",\"name\":\"Les Forestiers Associ\u00e9s\",\"url\":\"https:\/\/lesforestiersassocies.fr\/\",\"logo\":{\"@type\":\"ImageObject\",\"inLanguage\":\"fr-FR\",\"@id\":\"https:\/\/lesforestiersassocies.fr\/#\/schema\/logo\/image\/\",\"url\":\"http:\/\/lesforestiersassocies.fr\/wp-content\/uploads\/2019\/01\/LFA-Logo.jpg\",\"contentUrl\":\"http:\/\/lesforestiersassocies.fr\/wp-content\/uploads\/2019\/01\/LFA-Logo.jpg\",\"width\":905,\"height\":314,\"caption\":\"Les Forestiers Associ\u00e9s\"},\"image\":{\"@id\":\"https:\/\/lesforestiersassocies.fr\/#\/schema\/logo\/image\/\"}}]}<\/script>\n<!-- \/ Yoast SEO plugin. -->","yoast_head_json":{"title":"Seasonite - Les Forestiers Associ\u00e9s","robots":{"index":"index","follow":"follow","max-snippet":"max-snippet:-1","max-image-preview":"max-image-preview:large","max-video-preview":"max-video-preview:-1"},"canonical":"https:\/\/lesforestiersassocies.fr\/index.php\/produit\/seasonite\/","og_locale":"fr_FR","og_type":"article","og_title":"Seasonite - Les Forestiers Associ\u00e9s","og_description":"Seasonite : Stabilisateur pour bois neuf\u00a0","og_url":"https:\/\/lesforestiersassocies.fr\/index.php\/produit\/seasonite\/","og_site_name":"Les Forestiers Associ\u00e9s","article_modified_time":"2023-12-18T15:38:28+00:00","og_image":[{"width":304,"height":304,"url":"https:\/\/lesforestiersassocies.fr\/wp-content\/uploads\/2023\/12\/Owatrol_SEASONITE_1L_FR_NL__1__44e0.jpg","type":"image\/jpeg"}],"twitter_card":"summary_large_image","twitter_misc":{"Dur\u00e9e de lecture estim\u00e9e":"2 minutes"},"schema":{"@context":"https:\/\/schema.org","@graph":[{"@type":"WebPage","@id":"https:\/\/lesforestiersassocies.fr\/index.php\/produit\/seasonite\/","url":"https:\/\/lesforestiersassocies.fr\/index.php\/produit\/seasonite\/","name":"Seasonite - Les Forestiers Associ\u00e9s","isPartOf":{"@id":"https:\/\/lesforestiersassocies.fr\/#website"},"datePublished":"2023-12-11T11:11:15+00:00","dateModified":"2023-12-18T15:38:28+00:00","breadcrumb":{"@id":"https:\/\/lesforestiersassocies.fr\/index.php\/produit\/seasonite\/#breadcrumb"},"inLanguage":"fr-FR","potentialAction":[{"@type":"ReadAction","target":["https:\/\/lesforestiersassocies.fr\/index.php\/produit\/seasonite\/"]}]},{"@type":"BreadcrumbList","@id":"https:\/\/lesforestiersassocies.fr\/index.php\/produit\/seasonite\/#breadcrumb","itemListElement":[{"@type":"ListItem","position":1,"name":"Accueil","item":"https:\/\/lesforestiersassocies.fr\/"},{"@type":"ListItem","position":2,"name":"Inventory","item":"https:\/\/lesforestiersassocies.fr\/index.php\/inventory\/"},{"@type":"ListItem","position":3,"name":"Seasonite"}]},{"@type":"WebSite","@id":"https:\/\/lesforestiersassocies.fr\/#website","url":"https:\/\/lesforestiersassocies.fr\/","name":"Les Forestiers Associ\u00e9s","description":"Les Forestiers Associ\u00e9s","publisher":{"@id":"https:\/\/lesforestiersassocies.fr\/#organization"},"potentialAction":[{"@type":"SearchAction","target":{"@type":"EntryPoint","urlTemplate":"https:\/\/lesforestiersassocies.fr\/?s={search_term_string}"},"query-input":"required name=search_term_string"}],"inLanguage":"fr-FR"},{"@type":"Organization","@id":"https:\/\/lesforestiersassocies.fr\/#organization","name":"Les Forestiers Associ\u00e9s","url":"https:\/\/lesforestiersassocies.fr\/","logo":{"@type":"ImageObject","inLanguage":"fr-FR","@id":"https:\/\/lesforestiersassocies.fr\/#\/schema\/logo\/image\/","url":"http:\/\/lesforestiersassocies.fr\/wp-content\/uploads\/2019\/01\/LFA-Logo.jpg","contentUrl":"http:\/\/lesforestiersassocies.fr\/wp-content\/uploads\/2019\/01\/LFA-Logo.jpg","width":905,"height":314,"caption":"Les Forestiers Associ\u00e9s"},"image":{"@id":"https:\/\/lesforestiersassocies.fr\/#\/schema\/logo\/image\/"}}]}},"_links":{"self":[{"href":"https:\/\/lesforestiersassocies.fr\/index.php\/wp-json\/wp\/v2\/product\/10196"}],"collection":[{"href":"https:\/\/lesforestiersassocies.fr\/index.php\/wp-json\/wp\/v2\/product"}],"about":[{"href":"https:\/\/lesforestiersassocies.fr\/index.php\/wp-json\/wp\/v2\/types\/product"}],"wp:featuredmedia":[{"embeddable":true,"href":"https:\/\/lesforestiersassocies.fr\/index.php\/wp-json\/wp\/v2\/media\/10197"}],"wp:attachment":[{"href":"https:\/\/lesforestiersassocies.fr\/index.php\/wp-json\/wp\/v2\/media?parent=10196"}],"wp:term":[{"taxonomy":"product_cat","embeddable":true,"href":"https:\/\/lesforestiersassocies.fr\/index.php\/wp-json\/wp\/v2\/product_cat?post=10196"},{"taxonomy":"product_tag","embeddable":true,"href":"https:\/\/lesforestiersassocies.fr\/index.php\/wp-json\/wp\/v2\/product_tag?post=10196"}],"curies":[{"name":"wp","href":"https:\/\/api.w.org\/{rel}","templated":true}]}}