{"id":10198,"date":"2023-12-11T12:21:17","date_gmt":"2023-12-11T11:21:17","guid":{"rendered":"https:\/\/lesforestiersassocies.fr\/?post_type=product&#038;p=10198"},"modified":"2023-12-19T10:00:27","modified_gmt":"2023-12-19T09:00:27","slug":"oleofloor-natural","status":"publish","type":"product","link":"https:\/\/lesforestiersassocies.fr\/index.php\/produit\/oleofloor-natural\/","title":{"rendered":"Oleofloor natural"},"content":{"rendered":"<p style=\"font-weight: 400;\"><span style=\"font-weight: 400;\">OL\u00c9OFLOOR NATURAL est une huile mate haute performance prot\u00e8ge qui embellit tous vos bois int\u00e9rieurs bruts ou anciennement huil\u00e9s (parquets, escaliers, lambris\u2026) Facile d\u2019emploi, elle s\u2019applique \u00e0 l\u2019aide d\u2019un rouleau et s\u00e8che en 24h. Son excellente p\u00e9n\u00e9tration nourrit le bois en profondeur, vous garantit un r\u00e9sultat de qualit\u00e9 et un entretien facile.<\/span><\/p>\n<p style=\"font-weight: 400;\"><span style=\"font-weight: 400;\">Id\u00e9al pour imperm\u00e9abiliser et le prot\u00e9ger de la poussi\u00e8re, des taches et de l&rsquo;humidit\u00e9.<\/span><\/p>\n<p><strong>Propri\u00e9t\u00e9s :\u00a0<\/strong><\/p>\n<p>Prot\u00e8ge et embellit tous les ouvrages en bois d\u2019int\u00e9rieur (parquets, escaliers, plans de travail,<br \/>\nlambris&#8230;).<br \/>\n\u2022 Id\u00e9al pour tous locaux devant \u00eatre mis rapidement en trafic, n\u00e9cessitant une maintenance<br \/>\nsimplifi\u00e9e.<br \/>\nHuile mate \u00e0 base de r\u00e9sines polyur\u00e9thanes modifi\u00e9es.<br \/>\n\u2022 Id\u00e9ale pour bois bruts ou anciennement huil\u00e9s.<br \/>\n\u2022 Formule trafic intense.<br \/>\n\u2022 Odeur agr\u00e9able.<br \/>\n\u2022 OL\u00c9OFLOOR\u00ae NATURAL conserve l\u2019aspect naturel du bois.<br \/>\n\u2022 Grand confort d\u2019application. S\u00e9chage rapide.<br \/>\n\u2022 P\u00e9n\u00e9tration optimale, nourrit le bois en profondeur.<br \/>\n\u2022 Excellente r\u00e9sistance \u00e0 l\u2019abrasion et aux produits chimiques, y compris ammoniaqu\u00e9s. Protection<br \/>\nrenforc\u00e9e contre l\u2019eau.<br \/>\n\u2022 Ne n\u00e9cessite pas de lustrage ni de mat\u00e9riel d\u2019application lourd et co\u00fbteux. OL\u00c9OFLOOR\u00ae NATURAL<br \/>\npeut, en 1\u00e8re couche seulement, \u00eatre teint\u00e9 avec un colorant universel (max. 3 %). Toujours faire<br \/>\nun essai pr\u00e9alable.<br \/>\n\u2022 Maintenance ais\u00e9e.<\/p>\n<p><strong>Destination :<\/strong><\/p>\n<p>\u2022 Bois d\u2019int\u00e9rieur (parquets, escaliers, plans de travail,<br \/>\nlambris&#8230;).<br \/>\n\u2022 S\u2019applique sur toutes les essences utilis\u00e9es habituellement dans ce genre d\u2019ouvrage.<br \/>\n\u2022 Convient en r\u00e9novation sur supports bruts ou anciennement huil\u00e9s.<\/p>\n<p><strong>Recommandations avant application :<\/strong><\/p>\n<p>OL\u00c9OFLOOR\u00ae NATURAL s\u2019applique sur un support sec, propre, sain et pr\u00e9par\u00e9 selon les normes en<br \/>\nvigueur.<br \/>\n\u2022 Prot\u00e9ger tout ce qui ne doit pas \u00eatre trait\u00e9.<br \/>\n\u2022 M\u00e9langer soigneusement le produit. Pr\u00eat \u00e0 l\u2019emploi. Ne pas diluer.<br \/>\n\u2022 Le bois doit \u00eatre propre, sec, non gras. Si n\u00e9cessaire, nettoyer au SOAPCLEAN** puis laisser<br \/>\ns\u00e9cher.<br \/>\n\u2022 Ne pas appliquer par une temp\u00e9rature ambiante de l\u2019air et du bois inf\u00e9rieure \u00e0 10\u00b0C et sup\u00e9rieure<br \/>\n\u00e0 25\u00b0C et dans tous les cas, se conformer aux normes\/DTU en vigueur.<br \/>\n\u2022 Pour tous renseignements compl\u00e9mentaires contacter notre service technique.<\/p>\n<p><strong>Application :\u00a0<\/strong><\/p>\n<p>\u2022 Appliquer une premi\u00e8re couche r\u00e9guli\u00e8re et garnie d\u2019OL\u00c9OFLOOR\u00ae NATURAL.<br \/>\n\u2022 Commencer par les bords puis faire toute la surface en travaillant par zones.<br \/>\n\u2022 Laisser s\u00e9cher 3 \u00e0 4 heures selon les conditions ambiantes.<br \/>\n\u2022 Appliquer une deuxi\u00e8me couche d\u2019OL\u00c9OFLOOR\u00ae NATURAL.<\/p>\n","protected":false},"excerpt":{"rendered":"<p class=\"page-title\"><strong><span class=\"base\" data-ui-id=\"page-title-wrapper\">Oleofloor natural : Huile de protection mate bois int\u00e9rieur\u00a0<\/span><\/strong><\/p>\n","protected":false},"featured_media":10199,"template":"","meta":[],"product_cat":[63],"product_tag":[127],"acf":[],"yoast_head":"<!-- This site is optimized with the Yoast SEO plugin v21.9 - https:\/\/yoast.com\/wordpress\/plugins\/seo\/ -->\n<title>Oleofloor natural - Les Forestiers Associ\u00e9s<\/title>\n<meta name=\"robots\" content=\"index, follow, max-snippet:-1, max-image-preview:large, max-video-preview:-1\" \/>\n<link rel=\"canonical\" href=\"https:\/\/lesforestiersassocies.fr\/index.php\/produit\/oleofloor-natural\/\" \/>\n<meta property=\"og:locale\" content=\"fr_FR\" \/>\n<meta property=\"og:type\" content=\"article\" \/>\n<meta property=\"og:title\" content=\"Oleofloor natural - Les Forestiers Associ\u00e9s\" \/>\n<meta property=\"og:description\" content=\"Oleofloor natural : Huile de protection mate bois int\u00e9rieur\u00a0\" \/>\n<meta property=\"og:url\" content=\"https:\/\/lesforestiersassocies.fr\/index.php\/produit\/oleofloor-natural\/\" \/>\n<meta property=\"og:site_name\" content=\"Les Forestiers Associ\u00e9s\" \/>\n<meta property=\"article:modified_time\" content=\"2023-12-19T09:00:27+00:00\" \/>\n<meta property=\"og:image\" content=\"https:\/\/lesforestiersassocies.fr\/wp-content\/uploads\/2023\/12\/Owatrol_OLEOFLOOR_NATURAL_1L_FR_NL_Natural__1__f163.png\" \/>\n\t<meta property=\"og:image:width\" content=\"304\" \/>\n\t<meta property=\"og:image:height\" content=\"304\" \/>\n\t<meta property=\"og:image:type\" content=\"image\/png\" \/>\n<meta name=\"twitter:card\" content=\"summary_large_image\" \/>\n<meta name=\"twitter:label1\" content=\"Dur\u00e9e de lecture estim\u00e9e\" \/>\n\t<meta name=\"twitter:data1\" content=\"2 minutes\" \/>\n<script type=\"application\/ld+json\" class=\"yoast-schema-graph\">{\"@context\":\"https:\/\/schema.org\",\"@graph\":[{\"@type\":\"WebPage\",\"@id\":\"https:\/\/lesforestiersassocies.fr\/index.php\/produit\/oleofloor-natural\/\",\"url\":\"https:\/\/lesforestiersassocies.fr\/index.php\/produit\/oleofloor-natural\/\",\"name\":\"Oleofloor natural - Les Forestiers Associ\u00e9s\",\"isPartOf\":{\"@id\":\"https:\/\/lesforestiersassocies.fr\/#website\"},\"datePublished\":\"2023-12-11T11:21:17+00:00\",\"dateModified\":\"2023-12-19T09:00:27+00:00\",\"breadcrumb\":{\"@id\":\"https:\/\/lesforestiersassocies.fr\/index.php\/produit\/oleofloor-natural\/#breadcrumb\"},\"inLanguage\":\"fr-FR\",\"potentialAction\":[{\"@type\":\"ReadAction\",\"target\":[\"https:\/\/lesforestiersassocies.fr\/index.php\/produit\/oleofloor-natural\/\"]}]},{\"@type\":\"BreadcrumbList\",\"@id\":\"https:\/\/lesforestiersassocies.fr\/index.php\/produit\/oleofloor-natural\/#breadcrumb\",\"itemListElement\":[{\"@type\":\"ListItem\",\"position\":1,\"name\":\"Accueil\",\"item\":\"https:\/\/lesforestiersassocies.fr\/\"},{\"@type\":\"ListItem\",\"position\":2,\"name\":\"Inventory\",\"item\":\"https:\/\/lesforestiersassocies.fr\/index.php\/inventory\/\"},{\"@type\":\"ListItem\",\"position\":3,\"name\":\"Oleofloor natural\"}]},{\"@type\":\"WebSite\",\"@id\":\"https:\/\/lesforestiersassocies.fr\/#website\",\"url\":\"https:\/\/lesforestiersassocies.fr\/\",\"name\":\"Les Forestiers Associ\u00e9s\",\"description\":\"Les Forestiers Associ\u00e9s\",\"publisher\":{\"@id\":\"https:\/\/lesforestiersassocies.fr\/#organization\"},\"potentialAction\":[{\"@type\":\"SearchAction\",\"target\":{\"@type\":\"EntryPoint\",\"urlTemplate\":\"https:\/\/lesforestiersassocies.fr\/?s={search_term_string}\"},\"query-input\":\"required name=search_term_string\"}],\"inLanguage\":\"fr-FR\"},{\"@type\":\"Organization\",\"@id\":\"https:\/\/lesforestiersassocies.fr\/#organization\",\"name\":\"Les Forestiers Associ\u00e9s\",\"url\":\"https:\/\/lesforestiersassocies.fr\/\",\"logo\":{\"@type\":\"ImageObject\",\"inLanguage\":\"fr-FR\",\"@id\":\"https:\/\/lesforestiersassocies.fr\/#\/schema\/logo\/image\/\",\"url\":\"http:\/\/lesforestiersassocies.fr\/wp-content\/uploads\/2019\/01\/LFA-Logo.jpg\",\"contentUrl\":\"http:\/\/lesforestiersassocies.fr\/wp-content\/uploads\/2019\/01\/LFA-Logo.jpg\",\"width\":905,\"height\":314,\"caption\":\"Les Forestiers Associ\u00e9s\"},\"image\":{\"@id\":\"https:\/\/lesforestiersassocies.fr\/#\/schema\/logo\/image\/\"}}]}<\/script>\n<!-- \/ Yoast SEO plugin. -->","yoast_head_json":{"title":"Oleofloor natural - Les Forestiers Associ\u00e9s","robots":{"index":"index","follow":"follow","max-snippet":"max-snippet:-1","max-image-preview":"max-image-preview:large","max-video-preview":"max-video-preview:-1"},"canonical":"https:\/\/lesforestiersassocies.fr\/index.php\/produit\/oleofloor-natural\/","og_locale":"fr_FR","og_type":"article","og_title":"Oleofloor natural - Les Forestiers Associ\u00e9s","og_description":"Oleofloor natural : Huile de protection mate bois int\u00e9rieur\u00a0","og_url":"https:\/\/lesforestiersassocies.fr\/index.php\/produit\/oleofloor-natural\/","og_site_name":"Les Forestiers Associ\u00e9s","article_modified_time":"2023-12-19T09:00:27+00:00","og_image":[{"width":304,"height":304,"url":"https:\/\/lesforestiersassocies.fr\/wp-content\/uploads\/2023\/12\/Owatrol_OLEOFLOOR_NATURAL_1L_FR_NL_Natural__1__f163.png","type":"image\/png"}],"twitter_card":"summary_large_image","twitter_misc":{"Dur\u00e9e de lecture estim\u00e9e":"2 minutes"},"schema":{"@context":"https:\/\/schema.org","@graph":[{"@type":"WebPage","@id":"https:\/\/lesforestiersassocies.fr\/index.php\/produit\/oleofloor-natural\/","url":"https:\/\/lesforestiersassocies.fr\/index.php\/produit\/oleofloor-natural\/","name":"Oleofloor natural - Les Forestiers Associ\u00e9s","isPartOf":{"@id":"https:\/\/lesforestiersassocies.fr\/#website"},"datePublished":"2023-12-11T11:21:17+00:00","dateModified":"2023-12-19T09:00:27+00:00","breadcrumb":{"@id":"https:\/\/lesforestiersassocies.fr\/index.php\/produit\/oleofloor-natural\/#breadcrumb"},"inLanguage":"fr-FR","potentialAction":[{"@type":"ReadAction","target":["https:\/\/lesforestiersassocies.fr\/index.php\/produit\/oleofloor-natural\/"]}]},{"@type":"BreadcrumbList","@id":"https:\/\/lesforestiersassocies.fr\/index.php\/produit\/oleofloor-natural\/#breadcrumb","itemListElement":[{"@type":"ListItem","position":1,"name":"Accueil","item":"https:\/\/lesforestiersassocies.fr\/"},{"@type":"ListItem","position":2,"name":"Inventory","item":"https:\/\/lesforestiersassocies.fr\/index.php\/inventory\/"},{"@type":"ListItem","position":3,"name":"Oleofloor natural"}]},{"@type":"WebSite","@id":"https:\/\/lesforestiersassocies.fr\/#website","url":"https:\/\/lesforestiersassocies.fr\/","name":"Les Forestiers Associ\u00e9s","description":"Les Forestiers Associ\u00e9s","publisher":{"@id":"https:\/\/lesforestiersassocies.fr\/#organization"},"potentialAction":[{"@type":"SearchAction","target":{"@type":"EntryPoint","urlTemplate":"https:\/\/lesforestiersassocies.fr\/?s={search_term_string}"},"query-input":"required name=search_term_string"}],"inLanguage":"fr-FR"},{"@type":"Organization","@id":"https:\/\/lesforestiersassocies.fr\/#organization","name":"Les Forestiers Associ\u00e9s","url":"https:\/\/lesforestiersassocies.fr\/","logo":{"@type":"ImageObject","inLanguage":"fr-FR","@id":"https:\/\/lesforestiersassocies.fr\/#\/schema\/logo\/image\/","url":"http:\/\/lesforestiersassocies.fr\/wp-content\/uploads\/2019\/01\/LFA-Logo.jpg","contentUrl":"http:\/\/lesforestiersassocies.fr\/wp-content\/uploads\/2019\/01\/LFA-Logo.jpg","width":905,"height":314,"caption":"Les Forestiers Associ\u00e9s"},"image":{"@id":"https:\/\/lesforestiersassocies.fr\/#\/schema\/logo\/image\/"}}]}},"_links":{"self":[{"href":"https:\/\/lesforestiersassocies.fr\/index.php\/wp-json\/wp\/v2\/product\/10198"}],"collection":[{"href":"https:\/\/lesforestiersassocies.fr\/index.php\/wp-json\/wp\/v2\/product"}],"about":[{"href":"https:\/\/lesforestiersassocies.fr\/index.php\/wp-json\/wp\/v2\/types\/product"}],"wp:featuredmedia":[{"embeddable":true,"href":"https:\/\/lesforestiersassocies.fr\/index.php\/wp-json\/wp\/v2\/media\/10199"}],"wp:attachment":[{"href":"https:\/\/lesforestiersassocies.fr\/index.php\/wp-json\/wp\/v2\/media?parent=10198"}],"wp:term":[{"taxonomy":"product_cat","embeddable":true,"href":"https:\/\/lesforestiersassocies.fr\/index.php\/wp-json\/wp\/v2\/product_cat?post=10198"},{"taxonomy":"product_tag","embeddable":true,"href":"https:\/\/lesforestiersassocies.fr\/index.php\/wp-json\/wp\/v2\/product_tag?post=10198"}],"curies":[{"name":"wp","href":"https:\/\/api.w.org\/{rel}","templated":true}]}}