{"id":10203,"date":"2023-12-11T14:50:03","date_gmt":"2023-12-11T13:50:03","guid":{"rendered":"https:\/\/lesforestiersassocies.fr\/?post_type=product&#038;p=10203"},"modified":"2024-02-23T16:39:56","modified_gmt":"2024-02-23T15:39:56","slug":"textrol-pro","status":"publish","type":"product","link":"https:\/\/lesforestiersassocies.fr\/index.php\/produit\/textrol-pro\/","title":{"rendered":"Textrol Pro"},"content":{"rendered":"<p><strong>Propri\u00e9t\u00e9s :\u00a0<\/strong><\/p>\n<p>Protection non filmog\u00e8ne transparente \u00ab\u00a0aspect huil\u00e9\u00a0\u00bb longue dur\u00e9e, sur bois pr\u00e9par\u00e9s***.<br \/>\nConserve l&rsquo;aspect naturel du bois dans le temps. Incolore ou teint\u00e9.<br \/>\nNe s&rsquo;\u00e9caille pas, ne p\u00e8le pas. Ne noircit pas aux UV.<br \/>\nMaintenance ais\u00e9e et rapide sans gommage, ni pon\u00e7age ni d\u00e9capage.<br \/>\nLa teinte incolore peut se teinter.<br \/>\nLes teintes suivantes sont \u00e0 la demande\u00a0:\u00a0Brun muscade, Redwood, Rouge basque et Lie de vin<\/p>\n<p><strong>Destination :\u00a0<\/strong><\/p>\n<ul>\n<li>Ext\u00e9rieur : chalets, bardages, terrasses, barri\u00e8res, abris de jardin.<\/li>\n<li>Direct sur bois pr\u00e9par\u00e9s.<\/li>\n<li>Bois tendres trait\u00e9s (autoclave, hors ol\u00e9othermie) ou non.<\/li>\n<li>Bruts de sciage, bross\u00e9s, rabot\u00e9s neufs ou anciens.<\/li>\n<\/ul>\n<p><strong>Recommandation avant application :<\/strong><\/p>\n<ul>\n<li>Le bois doit \u00eatre propre, parfaitement sec en surface (hygrom\u00e9trie maxi du bois 18%), sain et pr\u00e9par\u00e9 dans les r\u00e8gles de l&rsquo;art selon les normes DTU en vigueur.<\/li>\n<li>Ne pas appliquer en plein soleil aux heures chaudes de la journ\u00e9e (temp\u00e9rature maxi du bois 30\u00b0C).<\/li>\n<li>S&rsquo;assurer qu&rsquo;il ne pleuvra pas dans les 24 \u00e0 48 heures apr\u00e8s l&rsquo;application. Attention \u00e0 la ros\u00e9e matinale.<\/li>\n<\/ul>\n<p>Bois neufs :<\/p>\n<ul>\n<li>Si pr\u00e9par\u00e9s, ouverts, bross\u00e9s ou bruts de sciage : application directe.<\/li>\n<li>Si ferm\u00e9s\/glac\u00e9s, humides : appliquer une couche de SEASONITE\u00a0pour limiter les risques de d\u00e9formation, de fendillement et de grisaillement. Permet l&rsquo;ouverture des pores et une meilleure p\u00e9n\u00e9tration de la finition. Laisser en exposition entre 6 et 9 mois avant d&rsquo;appliquer TEXTROL<sup>\u00ae<\/sup>\u00a0PRO.<\/li>\n<\/ul>\n<p>Bois gris :<\/p>\n<ul>\n<li>Nettoyage au NET-TROL 200.<\/li>\n<li>Bois gris d\u00e9ja trait\u00e9s (huil\u00e9s) :<\/li>\n<li>D\u00e9shuilage avec le syst\u00e8me NET-TROL 200.<\/li>\n<\/ul>\n<p>Bois anciennement peints, lasur\u00e9s ou vernis :<\/p>\n<ul>\n<li>Remettre le support \u00e0 nu (pon\u00e7age, gommage, d\u00e9capage&#8230;).<\/li>\n<\/ul>\n<p><strong>Application :<\/strong><\/p>\n<p>Ne pas diluer. Bien m\u00e9langer le produit avant et pendant la mise en \u0153uvre.<br \/>\nAppliquer une couche garnie de TEXTROL\u00ae\u00a0PRO dans le sens des fibres du bois et sur la longueur totale de la lame .<br \/>\nAppliquer une seconde couche lorsque l&rsquo;aspect mouill\u00e9 du bois dispara\u00eet (15 \u00e0 30 mn environ). Ne jamais laisser s\u00e9cher entre les couches. Appliquer \u00ab\u00a0\u00a0\u00bbfrais sur frais\u00a0\u00bb\u00a0\u00bb. Renouveler l&rsquo;op\u00e9ration jusqu&rsquo;\u00e0 saturation du support (refus du bois).<br \/>\nEn cas d&rsquo;exc\u00e8s de produit en surface, un lissage est toujours recommand\u00e9 pour am\u00e9liorer la p\u00e9n\u00e9tration et donner un aspect uniforme.<br \/>\nTEXTROL<sup>\u00ae<\/sup>\u00a0PRO doit \u00eatre dans le bois et non pas en surface. Si application au pistolet, lissage imm\u00e9diat.<br \/>\nMise en service terrasses, pontons : trafic normal 48 \u00e0 72 heures.<\/p>\n<p>Note : notre service technique est \u00e0 votre disposition pour vous conseiller et vous faire parvenir une notice technique.<\/p>\n","protected":false},"excerpt":{"rendered":"<p><strong>Saturateur \u00ab\u00a0aspect huil\u00e9\u00a0\u00bb pour terrasses, bardages<\/strong><\/p>\n","protected":false},"featured_media":10382,"template":"","meta":[],"product_cat":[63],"product_tag":[127],"acf":[],"yoast_head":"<!-- This site is optimized with the Yoast SEO plugin v21.9 - https:\/\/yoast.com\/wordpress\/plugins\/seo\/ -->\n<title>Textrol Pro - Les Forestiers Associ\u00e9s<\/title>\n<meta name=\"robots\" content=\"index, follow, max-snippet:-1, max-image-preview:large, max-video-preview:-1\" \/>\n<link rel=\"canonical\" href=\"https:\/\/lesforestiersassocies.fr\/index.php\/produit\/textrol-pro\/\" \/>\n<meta property=\"og:locale\" content=\"fr_FR\" \/>\n<meta property=\"og:type\" content=\"article\" \/>\n<meta property=\"og:title\" content=\"Textrol Pro - Les Forestiers Associ\u00e9s\" \/>\n<meta property=\"og:description\" content=\"Saturateur &quot;aspect huil\u00e9&quot; pour terrasses, bardages\" \/>\n<meta property=\"og:url\" content=\"https:\/\/lesforestiersassocies.fr\/index.php\/produit\/textrol-pro\/\" \/>\n<meta property=\"og:site_name\" content=\"Les Forestiers Associ\u00e9s\" \/>\n<meta property=\"article:modified_time\" content=\"2024-02-23T15:39:56+00:00\" \/>\n<meta property=\"og:image\" content=\"https:\/\/lesforestiersassocies.fr\/wp-content\/uploads\/2023\/12\/textrol-pro.jpg\" \/>\n\t<meta property=\"og:image:width\" content=\"500\" \/>\n\t<meta property=\"og:image:height\" content=\"427\" \/>\n\t<meta property=\"og:image:type\" content=\"image\/jpeg\" \/>\n<meta name=\"twitter:card\" content=\"summary_large_image\" \/>\n<meta name=\"twitter:label1\" content=\"Dur\u00e9e de lecture estim\u00e9e\" \/>\n\t<meta name=\"twitter:data1\" content=\"3 minutes\" \/>\n<script type=\"application\/ld+json\" class=\"yoast-schema-graph\">{\"@context\":\"https:\/\/schema.org\",\"@graph\":[{\"@type\":\"WebPage\",\"@id\":\"https:\/\/lesforestiersassocies.fr\/index.php\/produit\/textrol-pro\/\",\"url\":\"https:\/\/lesforestiersassocies.fr\/index.php\/produit\/textrol-pro\/\",\"name\":\"Textrol Pro - Les Forestiers Associ\u00e9s\",\"isPartOf\":{\"@id\":\"https:\/\/lesforestiersassocies.fr\/#website\"},\"datePublished\":\"2023-12-11T13:50:03+00:00\",\"dateModified\":\"2024-02-23T15:39:56+00:00\",\"breadcrumb\":{\"@id\":\"https:\/\/lesforestiersassocies.fr\/index.php\/produit\/textrol-pro\/#breadcrumb\"},\"inLanguage\":\"fr-FR\",\"potentialAction\":[{\"@type\":\"ReadAction\",\"target\":[\"https:\/\/lesforestiersassocies.fr\/index.php\/produit\/textrol-pro\/\"]}]},{\"@type\":\"BreadcrumbList\",\"@id\":\"https:\/\/lesforestiersassocies.fr\/index.php\/produit\/textrol-pro\/#breadcrumb\",\"itemListElement\":[{\"@type\":\"ListItem\",\"position\":1,\"name\":\"Accueil\",\"item\":\"https:\/\/lesforestiersassocies.fr\/\"},{\"@type\":\"ListItem\",\"position\":2,\"name\":\"Inventory\",\"item\":\"https:\/\/lesforestiersassocies.fr\/index.php\/inventory\/\"},{\"@type\":\"ListItem\",\"position\":3,\"name\":\"Textrol Pro\"}]},{\"@type\":\"WebSite\",\"@id\":\"https:\/\/lesforestiersassocies.fr\/#website\",\"url\":\"https:\/\/lesforestiersassocies.fr\/\",\"name\":\"Les Forestiers Associ\u00e9s\",\"description\":\"Les Forestiers Associ\u00e9s\",\"publisher\":{\"@id\":\"https:\/\/lesforestiersassocies.fr\/#organization\"},\"potentialAction\":[{\"@type\":\"SearchAction\",\"target\":{\"@type\":\"EntryPoint\",\"urlTemplate\":\"https:\/\/lesforestiersassocies.fr\/?s={search_term_string}\"},\"query-input\":\"required name=search_term_string\"}],\"inLanguage\":\"fr-FR\"},{\"@type\":\"Organization\",\"@id\":\"https:\/\/lesforestiersassocies.fr\/#organization\",\"name\":\"Les Forestiers Associ\u00e9s\",\"url\":\"https:\/\/lesforestiersassocies.fr\/\",\"logo\":{\"@type\":\"ImageObject\",\"inLanguage\":\"fr-FR\",\"@id\":\"https:\/\/lesforestiersassocies.fr\/#\/schema\/logo\/image\/\",\"url\":\"http:\/\/lesforestiersassocies.fr\/wp-content\/uploads\/2019\/01\/LFA-Logo.jpg\",\"contentUrl\":\"http:\/\/lesforestiersassocies.fr\/wp-content\/uploads\/2019\/01\/LFA-Logo.jpg\",\"width\":905,\"height\":314,\"caption\":\"Les Forestiers Associ\u00e9s\"},\"image\":{\"@id\":\"https:\/\/lesforestiersassocies.fr\/#\/schema\/logo\/image\/\"}}]}<\/script>\n<!-- \/ Yoast SEO plugin. -->","yoast_head_json":{"title":"Textrol Pro - Les Forestiers Associ\u00e9s","robots":{"index":"index","follow":"follow","max-snippet":"max-snippet:-1","max-image-preview":"max-image-preview:large","max-video-preview":"max-video-preview:-1"},"canonical":"https:\/\/lesforestiersassocies.fr\/index.php\/produit\/textrol-pro\/","og_locale":"fr_FR","og_type":"article","og_title":"Textrol Pro - Les Forestiers Associ\u00e9s","og_description":"Saturateur \"aspect huil\u00e9\" pour terrasses, bardages","og_url":"https:\/\/lesforestiersassocies.fr\/index.php\/produit\/textrol-pro\/","og_site_name":"Les Forestiers Associ\u00e9s","article_modified_time":"2024-02-23T15:39:56+00:00","og_image":[{"width":500,"height":427,"url":"https:\/\/lesforestiersassocies.fr\/wp-content\/uploads\/2023\/12\/textrol-pro.jpg","type":"image\/jpeg"}],"twitter_card":"summary_large_image","twitter_misc":{"Dur\u00e9e de lecture estim\u00e9e":"3 minutes"},"schema":{"@context":"https:\/\/schema.org","@graph":[{"@type":"WebPage","@id":"https:\/\/lesforestiersassocies.fr\/index.php\/produit\/textrol-pro\/","url":"https:\/\/lesforestiersassocies.fr\/index.php\/produit\/textrol-pro\/","name":"Textrol Pro - Les Forestiers Associ\u00e9s","isPartOf":{"@id":"https:\/\/lesforestiersassocies.fr\/#website"},"datePublished":"2023-12-11T13:50:03+00:00","dateModified":"2024-02-23T15:39:56+00:00","breadcrumb":{"@id":"https:\/\/lesforestiersassocies.fr\/index.php\/produit\/textrol-pro\/#breadcrumb"},"inLanguage":"fr-FR","potentialAction":[{"@type":"ReadAction","target":["https:\/\/lesforestiersassocies.fr\/index.php\/produit\/textrol-pro\/"]}]},{"@type":"BreadcrumbList","@id":"https:\/\/lesforestiersassocies.fr\/index.php\/produit\/textrol-pro\/#breadcrumb","itemListElement":[{"@type":"ListItem","position":1,"name":"Accueil","item":"https:\/\/lesforestiersassocies.fr\/"},{"@type":"ListItem","position":2,"name":"Inventory","item":"https:\/\/lesforestiersassocies.fr\/index.php\/inventory\/"},{"@type":"ListItem","position":3,"name":"Textrol Pro"}]},{"@type":"WebSite","@id":"https:\/\/lesforestiersassocies.fr\/#website","url":"https:\/\/lesforestiersassocies.fr\/","name":"Les Forestiers Associ\u00e9s","description":"Les Forestiers Associ\u00e9s","publisher":{"@id":"https:\/\/lesforestiersassocies.fr\/#organization"},"potentialAction":[{"@type":"SearchAction","target":{"@type":"EntryPoint","urlTemplate":"https:\/\/lesforestiersassocies.fr\/?s={search_term_string}"},"query-input":"required name=search_term_string"}],"inLanguage":"fr-FR"},{"@type":"Organization","@id":"https:\/\/lesforestiersassocies.fr\/#organization","name":"Les Forestiers Associ\u00e9s","url":"https:\/\/lesforestiersassocies.fr\/","logo":{"@type":"ImageObject","inLanguage":"fr-FR","@id":"https:\/\/lesforestiersassocies.fr\/#\/schema\/logo\/image\/","url":"http:\/\/lesforestiersassocies.fr\/wp-content\/uploads\/2019\/01\/LFA-Logo.jpg","contentUrl":"http:\/\/lesforestiersassocies.fr\/wp-content\/uploads\/2019\/01\/LFA-Logo.jpg","width":905,"height":314,"caption":"Les Forestiers Associ\u00e9s"},"image":{"@id":"https:\/\/lesforestiersassocies.fr\/#\/schema\/logo\/image\/"}}]}},"_links":{"self":[{"href":"https:\/\/lesforestiersassocies.fr\/index.php\/wp-json\/wp\/v2\/product\/10203"}],"collection":[{"href":"https:\/\/lesforestiersassocies.fr\/index.php\/wp-json\/wp\/v2\/product"}],"about":[{"href":"https:\/\/lesforestiersassocies.fr\/index.php\/wp-json\/wp\/v2\/types\/product"}],"wp:featuredmedia":[{"embeddable":true,"href":"https:\/\/lesforestiersassocies.fr\/index.php\/wp-json\/wp\/v2\/media\/10382"}],"wp:attachment":[{"href":"https:\/\/lesforestiersassocies.fr\/index.php\/wp-json\/wp\/v2\/media?parent=10203"}],"wp:term":[{"taxonomy":"product_cat","embeddable":true,"href":"https:\/\/lesforestiersassocies.fr\/index.php\/wp-json\/wp\/v2\/product_cat?post=10203"},{"taxonomy":"product_tag","embeddable":true,"href":"https:\/\/lesforestiersassocies.fr\/index.php\/wp-json\/wp\/v2\/product_tag?post=10203"}],"curies":[{"name":"wp","href":"https:\/\/api.w.org\/{rel}","templated":true}]}}