{"id":10206,"date":"2023-12-11T15:02:47","date_gmt":"2023-12-11T14:02:47","guid":{"rendered":"https:\/\/lesforestiersassocies.fr\/?post_type=product&#038;p=10206"},"modified":"2024-02-23T16:11:26","modified_gmt":"2024-02-23T15:11:26","slug":"net-trol-200","status":"publish","type":"product","link":"https:\/\/lesforestiersassocies.fr\/index.php\/produit\/net-trol-200\/","title":{"rendered":"Net-Trol 200"},"content":{"rendered":"<p><strong>Propri\u00e9t\u00e9s :<\/strong><\/p>\n<ul>\n<li>Ravive sans d\u00e9colorer les bois grisaill\u00e9s.<\/li>\n<li>\u00c9limine les traces r\u00e9siduelles de sulfate de fer, de calcaire, de rouille, d\u2019efflorescence&#8230;<\/li>\n<li>Agit d\u00e8s 15 minutes.<\/li>\n<li>Non agressif vis-\u00e0-vis du support.<\/li>\n<li>Biod\u00e9gradable, \u00e9co-responsable, rin\u00e7age \u00e0 l\u2019eau.<\/li>\n<\/ul>\n<p><strong>Destination :<\/strong><\/p>\n<ul>\n<li>Ext\u00e9rieur.<\/li>\n<li>Tous les bois bruts (jamais prot\u00e9g\u00e9s, exempts de finition) grisaill\u00e9s, sales, tach\u00e9s tels que M\u00e9l\u00e8ze, Douglas, Autoclaves, Ip\u00e9, Red Cedar.<\/li>\n<li>Surfaces horizontales ou verticales : terrasses, bardages, barri\u00e8res, ponts de bateaux, mobilier de jardin<\/li>\n<li>Autres supports : ciment tach\u00e9 par la rouille, pierres verdies, plastique.<\/li>\n<\/ul>\n<p><strong>Pr\u00e9paration du support :\u00a0<\/strong><\/p>\n<ul>\n<li>Prot\u00e9ger tout ce qui ne doit pas \u00eatre trait\u00e9, y compris les plantes. Porter une attention particuli\u00e8re \u00e0 la protection des surfaces m\u00e9talliques.<\/li>\n<li>Ne pas appliquer en plein soleil ou sur bois tr\u00e8s chaud.<\/li>\n<\/ul>\n<p><strong>Application :<\/strong><\/p>\n<ul>\n<li>Mouiller la surface avec de l\u2019eau douce et propre.<\/li>\n<li>Appliquer g\u00e9n\u00e9reusement du NET-TROL\u00ae 200 sur la surface avec un pinceau, brosse ou un rouleau synth\u00e9tique (poils longs).<\/li>\n<li>Frotter avec une brosse nylon \u00e0 poils durs sur les parties les plus sales.<\/li>\n<li>Laisser agir environ 10-20 minutes. R\u00e9humidifier ci n\u00e9cessaire, le produit ne doit jamais paraitre sec.<\/li>\n<li>Rincer \u00e0 grande eau tout en frottant ou nettoyeur basse pression.<\/li>\n<li>Renouveler l\u2019application si n\u00e9cessaire.<\/li>\n<\/ul>\n","protected":false},"excerpt":{"rendered":"<p><strong>D\u00e9griseur d\u00e9tachant tous bois<\/strong><\/p>\n","protected":false},"featured_media":10384,"template":"","meta":[],"product_cat":[63],"product_tag":[127],"acf":[],"yoast_head":"<!-- This site is optimized with the Yoast SEO plugin v21.9 - https:\/\/yoast.com\/wordpress\/plugins\/seo\/ -->\n<title>Net-Trol 200 - Les Forestiers Associ\u00e9s<\/title>\n<meta name=\"robots\" content=\"index, follow, max-snippet:-1, max-image-preview:large, max-video-preview:-1\" \/>\n<link rel=\"canonical\" href=\"https:\/\/lesforestiersassocies.fr\/index.php\/produit\/net-trol-200\/\" \/>\n<meta property=\"og:locale\" content=\"fr_FR\" \/>\n<meta property=\"og:type\" content=\"article\" \/>\n<meta property=\"og:title\" content=\"Net-Trol 200 - Les Forestiers Associ\u00e9s\" \/>\n<meta property=\"og:description\" content=\"D\u00e9griseur d\u00e9tachant tous bois\" \/>\n<meta property=\"og:url\" content=\"https:\/\/lesforestiersassocies.fr\/index.php\/produit\/net-trol-200\/\" \/>\n<meta property=\"og:site_name\" content=\"Les Forestiers Associ\u00e9s\" \/>\n<meta property=\"article:modified_time\" content=\"2024-02-23T15:11:26+00:00\" \/>\n<meta property=\"og:image\" content=\"https:\/\/lesforestiersassocies.fr\/wp-content\/uploads\/2023\/12\/net-trol-200.jpg\" \/>\n\t<meta property=\"og:image:width\" content=\"500\" \/>\n\t<meta property=\"og:image:height\" content=\"427\" \/>\n\t<meta property=\"og:image:type\" content=\"image\/jpeg\" \/>\n<meta name=\"twitter:card\" content=\"summary_large_image\" \/>\n<meta name=\"twitter:label1\" content=\"Dur\u00e9e de lecture estim\u00e9e\" \/>\n\t<meta name=\"twitter:data1\" content=\"2 minutes\" \/>\n<script type=\"application\/ld+json\" class=\"yoast-schema-graph\">{\"@context\":\"https:\/\/schema.org\",\"@graph\":[{\"@type\":\"WebPage\",\"@id\":\"https:\/\/lesforestiersassocies.fr\/index.php\/produit\/net-trol-200\/\",\"url\":\"https:\/\/lesforestiersassocies.fr\/index.php\/produit\/net-trol-200\/\",\"name\":\"Net-Trol 200 - Les Forestiers Associ\u00e9s\",\"isPartOf\":{\"@id\":\"https:\/\/lesforestiersassocies.fr\/#website\"},\"datePublished\":\"2023-12-11T14:02:47+00:00\",\"dateModified\":\"2024-02-23T15:11:26+00:00\",\"breadcrumb\":{\"@id\":\"https:\/\/lesforestiersassocies.fr\/index.php\/produit\/net-trol-200\/#breadcrumb\"},\"inLanguage\":\"fr-FR\",\"potentialAction\":[{\"@type\":\"ReadAction\",\"target\":[\"https:\/\/lesforestiersassocies.fr\/index.php\/produit\/net-trol-200\/\"]}]},{\"@type\":\"BreadcrumbList\",\"@id\":\"https:\/\/lesforestiersassocies.fr\/index.php\/produit\/net-trol-200\/#breadcrumb\",\"itemListElement\":[{\"@type\":\"ListItem\",\"position\":1,\"name\":\"Accueil\",\"item\":\"https:\/\/lesforestiersassocies.fr\/\"},{\"@type\":\"ListItem\",\"position\":2,\"name\":\"Inventory\",\"item\":\"https:\/\/lesforestiersassocies.fr\/index.php\/inventory\/\"},{\"@type\":\"ListItem\",\"position\":3,\"name\":\"Net-Trol 200\"}]},{\"@type\":\"WebSite\",\"@id\":\"https:\/\/lesforestiersassocies.fr\/#website\",\"url\":\"https:\/\/lesforestiersassocies.fr\/\",\"name\":\"Les Forestiers Associ\u00e9s\",\"description\":\"Les Forestiers Associ\u00e9s\",\"publisher\":{\"@id\":\"https:\/\/lesforestiersassocies.fr\/#organization\"},\"potentialAction\":[{\"@type\":\"SearchAction\",\"target\":{\"@type\":\"EntryPoint\",\"urlTemplate\":\"https:\/\/lesforestiersassocies.fr\/?s={search_term_string}\"},\"query-input\":\"required name=search_term_string\"}],\"inLanguage\":\"fr-FR\"},{\"@type\":\"Organization\",\"@id\":\"https:\/\/lesforestiersassocies.fr\/#organization\",\"name\":\"Les Forestiers Associ\u00e9s\",\"url\":\"https:\/\/lesforestiersassocies.fr\/\",\"logo\":{\"@type\":\"ImageObject\",\"inLanguage\":\"fr-FR\",\"@id\":\"https:\/\/lesforestiersassocies.fr\/#\/schema\/logo\/image\/\",\"url\":\"http:\/\/lesforestiersassocies.fr\/wp-content\/uploads\/2019\/01\/LFA-Logo.jpg\",\"contentUrl\":\"http:\/\/lesforestiersassocies.fr\/wp-content\/uploads\/2019\/01\/LFA-Logo.jpg\",\"width\":905,\"height\":314,\"caption\":\"Les Forestiers Associ\u00e9s\"},\"image\":{\"@id\":\"https:\/\/lesforestiersassocies.fr\/#\/schema\/logo\/image\/\"}}]}<\/script>\n<!-- \/ Yoast SEO plugin. -->","yoast_head_json":{"title":"Net-Trol 200 - Les Forestiers Associ\u00e9s","robots":{"index":"index","follow":"follow","max-snippet":"max-snippet:-1","max-image-preview":"max-image-preview:large","max-video-preview":"max-video-preview:-1"},"canonical":"https:\/\/lesforestiersassocies.fr\/index.php\/produit\/net-trol-200\/","og_locale":"fr_FR","og_type":"article","og_title":"Net-Trol 200 - Les Forestiers Associ\u00e9s","og_description":"D\u00e9griseur d\u00e9tachant tous bois","og_url":"https:\/\/lesforestiersassocies.fr\/index.php\/produit\/net-trol-200\/","og_site_name":"Les Forestiers Associ\u00e9s","article_modified_time":"2024-02-23T15:11:26+00:00","og_image":[{"width":500,"height":427,"url":"https:\/\/lesforestiersassocies.fr\/wp-content\/uploads\/2023\/12\/net-trol-200.jpg","type":"image\/jpeg"}],"twitter_card":"summary_large_image","twitter_misc":{"Dur\u00e9e de lecture estim\u00e9e":"2 minutes"},"schema":{"@context":"https:\/\/schema.org","@graph":[{"@type":"WebPage","@id":"https:\/\/lesforestiersassocies.fr\/index.php\/produit\/net-trol-200\/","url":"https:\/\/lesforestiersassocies.fr\/index.php\/produit\/net-trol-200\/","name":"Net-Trol 200 - Les Forestiers Associ\u00e9s","isPartOf":{"@id":"https:\/\/lesforestiersassocies.fr\/#website"},"datePublished":"2023-12-11T14:02:47+00:00","dateModified":"2024-02-23T15:11:26+00:00","breadcrumb":{"@id":"https:\/\/lesforestiersassocies.fr\/index.php\/produit\/net-trol-200\/#breadcrumb"},"inLanguage":"fr-FR","potentialAction":[{"@type":"ReadAction","target":["https:\/\/lesforestiersassocies.fr\/index.php\/produit\/net-trol-200\/"]}]},{"@type":"BreadcrumbList","@id":"https:\/\/lesforestiersassocies.fr\/index.php\/produit\/net-trol-200\/#breadcrumb","itemListElement":[{"@type":"ListItem","position":1,"name":"Accueil","item":"https:\/\/lesforestiersassocies.fr\/"},{"@type":"ListItem","position":2,"name":"Inventory","item":"https:\/\/lesforestiersassocies.fr\/index.php\/inventory\/"},{"@type":"ListItem","position":3,"name":"Net-Trol 200"}]},{"@type":"WebSite","@id":"https:\/\/lesforestiersassocies.fr\/#website","url":"https:\/\/lesforestiersassocies.fr\/","name":"Les Forestiers Associ\u00e9s","description":"Les Forestiers Associ\u00e9s","publisher":{"@id":"https:\/\/lesforestiersassocies.fr\/#organization"},"potentialAction":[{"@type":"SearchAction","target":{"@type":"EntryPoint","urlTemplate":"https:\/\/lesforestiersassocies.fr\/?s={search_term_string}"},"query-input":"required name=search_term_string"}],"inLanguage":"fr-FR"},{"@type":"Organization","@id":"https:\/\/lesforestiersassocies.fr\/#organization","name":"Les Forestiers Associ\u00e9s","url":"https:\/\/lesforestiersassocies.fr\/","logo":{"@type":"ImageObject","inLanguage":"fr-FR","@id":"https:\/\/lesforestiersassocies.fr\/#\/schema\/logo\/image\/","url":"http:\/\/lesforestiersassocies.fr\/wp-content\/uploads\/2019\/01\/LFA-Logo.jpg","contentUrl":"http:\/\/lesforestiersassocies.fr\/wp-content\/uploads\/2019\/01\/LFA-Logo.jpg","width":905,"height":314,"caption":"Les Forestiers Associ\u00e9s"},"image":{"@id":"https:\/\/lesforestiersassocies.fr\/#\/schema\/logo\/image\/"}}]}},"_links":{"self":[{"href":"https:\/\/lesforestiersassocies.fr\/index.php\/wp-json\/wp\/v2\/product\/10206"}],"collection":[{"href":"https:\/\/lesforestiersassocies.fr\/index.php\/wp-json\/wp\/v2\/product"}],"about":[{"href":"https:\/\/lesforestiersassocies.fr\/index.php\/wp-json\/wp\/v2\/types\/product"}],"wp:featuredmedia":[{"embeddable":true,"href":"https:\/\/lesforestiersassocies.fr\/index.php\/wp-json\/wp\/v2\/media\/10384"}],"wp:attachment":[{"href":"https:\/\/lesforestiersassocies.fr\/index.php\/wp-json\/wp\/v2\/media?parent=10206"}],"wp:term":[{"taxonomy":"product_cat","embeddable":true,"href":"https:\/\/lesforestiersassocies.fr\/index.php\/wp-json\/wp\/v2\/product_cat?post=10206"},{"taxonomy":"product_tag","embeddable":true,"href":"https:\/\/lesforestiersassocies.fr\/index.php\/wp-json\/wp\/v2\/product_tag?post=10206"}],"curies":[{"name":"wp","href":"https:\/\/api.w.org\/{rel}","templated":true}]}}