{"id":10208,"date":"2023-12-11T15:17:40","date_gmt":"2023-12-11T14:17:40","guid":{"rendered":"https:\/\/lesforestiersassocies.fr\/?post_type=product&#038;p=10208"},"modified":"2024-04-27T08:51:16","modified_gmt":"2024-04-27T06:51:16","slug":"linitop-prim-finish","status":"publish","type":"product","link":"https:\/\/lesforestiersassocies.fr\/index.php\/produit\/linitop-prim-finish\/","title":{"rendered":"Linitop Prim &#038; Finish"},"content":{"rendered":"<p><strong>Description :\u00a0<\/strong><\/p>\n<ul>\n<li>Aspect satin\u00e9-mat<\/li>\n<li>Lasure d\u2019impr\u00e9gnation transparente microporeuse multi-usages.<\/li>\n<li>S\u2019adapte parfaitement aux variations dimensionnelles du bois.<\/li>\n<li>Limite les remont\u00e9es de tanins.<\/li>\n<\/ul>\n<p><strong>Fonction :<\/strong><\/p>\n<ol>\n<li style=\"list-style-type: none;\">\n<ol>\n<li>Sous-couche d\u2019impr\u00e9gnation pour favoriser l\u2019adh\u00e9rence des finitions.<\/li>\n<li>Lasure de protection : syst\u00e8me d\u2019application en 3 couches.<\/li>\n<li>Fond teint\u00e9 avant application d\u2019un vernis type.<\/li>\n<\/ol>\n<\/li>\n<\/ol>\n<p><strong>Destination :<\/strong><\/p>\n<ul>\n<li>Sp\u00e9cial : bardages, chalets, portes, huisseries, cl\u00f4tures, balustrades&#8230; Hors Red Cedar et Iroko.<\/li>\n<\/ul>\n<p><strong>Conseil de pro :\u00a0<\/strong><\/p>\n<ul>\n<li>Toujours appliquer Linitop Prim &amp; Finish dans le sens des fibres du bois.<\/li>\n<li>Sur bois neufs ou remis \u00e0 nu, non durables et n\u2019ayant pas re\u00e7u de traitement de pr\u00e9servation, il est recommand\u00e9 d\u2019appliquer au pr\u00e9alable un traitement des bois insecticide, fongicide et anti-bleu en service.<\/li>\n<li>Fond teint\u00e9 avant finition :\n<ul>\n<li>Appliquer une couche de Linitop Prim &amp; Finish.<\/li>\n<li>Apr\u00e8s s\u00e9chage et sans \u00e9grener, terminer par deux couches de vernis.<\/li>\n<\/ul>\n<\/li>\n<\/ul>\n","protected":false},"excerpt":{"rendered":"<p><strong>3 en 1 : sous-couche \/ glacis, finition, et teinte avant vernis &#8211; Aspect satin\u00e9-mat<\/strong><\/p>\n","protected":false},"featured_media":10209,"template":"","meta":[],"product_cat":[63],"product_tag":[121],"acf":[],"yoast_head":"<!-- This site is optimized with the Yoast SEO plugin v21.9 - https:\/\/yoast.com\/wordpress\/plugins\/seo\/ -->\n<title>Linitop Prim &amp; Finish - Les Forestiers Associ\u00e9s<\/title>\n<meta name=\"robots\" content=\"index, follow, max-snippet:-1, max-image-preview:large, max-video-preview:-1\" \/>\n<link rel=\"canonical\" href=\"https:\/\/lesforestiersassocies.fr\/index.php\/produit\/linitop-prim-finish\/\" \/>\n<meta property=\"og:locale\" content=\"fr_FR\" \/>\n<meta property=\"og:type\" content=\"article\" \/>\n<meta property=\"og:title\" content=\"Linitop Prim &amp; Finish - Les Forestiers Associ\u00e9s\" \/>\n<meta property=\"og:description\" content=\"3 en 1 : sous-couche \/ glacis, finition, et teinte avant vernis - Aspect satin\u00e9-mat\" \/>\n<meta property=\"og:url\" content=\"https:\/\/lesforestiersassocies.fr\/index.php\/produit\/linitop-prim-finish\/\" \/>\n<meta property=\"og:site_name\" content=\"Les Forestiers Associ\u00e9s\" \/>\n<meta property=\"article:modified_time\" content=\"2024-04-27T06:51:16+00:00\" \/>\n<meta property=\"og:image\" content=\"https:\/\/lesforestiersassocies.fr\/wp-content\/uploads\/2023\/12\/linitop-prim-fr.png\" \/>\n\t<meta property=\"og:image:width\" content=\"200\" \/>\n\t<meta property=\"og:image:height\" content=\"200\" \/>\n\t<meta property=\"og:image:type\" content=\"image\/png\" \/>\n<meta name=\"twitter:card\" content=\"summary_large_image\" \/>\n<meta name=\"twitter:label1\" content=\"Dur\u00e9e de lecture estim\u00e9e\" \/>\n\t<meta name=\"twitter:data1\" content=\"1 minute\" \/>\n<script type=\"application\/ld+json\" class=\"yoast-schema-graph\">{\"@context\":\"https:\/\/schema.org\",\"@graph\":[{\"@type\":\"WebPage\",\"@id\":\"https:\/\/lesforestiersassocies.fr\/index.php\/produit\/linitop-prim-finish\/\",\"url\":\"https:\/\/lesforestiersassocies.fr\/index.php\/produit\/linitop-prim-finish\/\",\"name\":\"Linitop Prim & Finish - Les Forestiers Associ\u00e9s\",\"isPartOf\":{\"@id\":\"https:\/\/lesforestiersassocies.fr\/#website\"},\"datePublished\":\"2023-12-11T14:17:40+00:00\",\"dateModified\":\"2024-04-27T06:51:16+00:00\",\"breadcrumb\":{\"@id\":\"https:\/\/lesforestiersassocies.fr\/index.php\/produit\/linitop-prim-finish\/#breadcrumb\"},\"inLanguage\":\"fr-FR\",\"potentialAction\":[{\"@type\":\"ReadAction\",\"target\":[\"https:\/\/lesforestiersassocies.fr\/index.php\/produit\/linitop-prim-finish\/\"]}]},{\"@type\":\"BreadcrumbList\",\"@id\":\"https:\/\/lesforestiersassocies.fr\/index.php\/produit\/linitop-prim-finish\/#breadcrumb\",\"itemListElement\":[{\"@type\":\"ListItem\",\"position\":1,\"name\":\"Accueil\",\"item\":\"https:\/\/lesforestiersassocies.fr\/\"},{\"@type\":\"ListItem\",\"position\":2,\"name\":\"Inventory\",\"item\":\"https:\/\/lesforestiersassocies.fr\/index.php\/inventory\/\"},{\"@type\":\"ListItem\",\"position\":3,\"name\":\"Linitop Prim &#038; Finish\"}]},{\"@type\":\"WebSite\",\"@id\":\"https:\/\/lesforestiersassocies.fr\/#website\",\"url\":\"https:\/\/lesforestiersassocies.fr\/\",\"name\":\"Les Forestiers Associ\u00e9s\",\"description\":\"Les Forestiers Associ\u00e9s\",\"publisher\":{\"@id\":\"https:\/\/lesforestiersassocies.fr\/#organization\"},\"potentialAction\":[{\"@type\":\"SearchAction\",\"target\":{\"@type\":\"EntryPoint\",\"urlTemplate\":\"https:\/\/lesforestiersassocies.fr\/?s={search_term_string}\"},\"query-input\":\"required name=search_term_string\"}],\"inLanguage\":\"fr-FR\"},{\"@type\":\"Organization\",\"@id\":\"https:\/\/lesforestiersassocies.fr\/#organization\",\"name\":\"Les Forestiers Associ\u00e9s\",\"url\":\"https:\/\/lesforestiersassocies.fr\/\",\"logo\":{\"@type\":\"ImageObject\",\"inLanguage\":\"fr-FR\",\"@id\":\"https:\/\/lesforestiersassocies.fr\/#\/schema\/logo\/image\/\",\"url\":\"http:\/\/lesforestiersassocies.fr\/wp-content\/uploads\/2019\/01\/LFA-Logo.jpg\",\"contentUrl\":\"http:\/\/lesforestiersassocies.fr\/wp-content\/uploads\/2019\/01\/LFA-Logo.jpg\",\"width\":905,\"height\":314,\"caption\":\"Les Forestiers Associ\u00e9s\"},\"image\":{\"@id\":\"https:\/\/lesforestiersassocies.fr\/#\/schema\/logo\/image\/\"}}]}<\/script>\n<!-- \/ Yoast SEO plugin. -->","yoast_head_json":{"title":"Linitop Prim & Finish - Les Forestiers Associ\u00e9s","robots":{"index":"index","follow":"follow","max-snippet":"max-snippet:-1","max-image-preview":"max-image-preview:large","max-video-preview":"max-video-preview:-1"},"canonical":"https:\/\/lesforestiersassocies.fr\/index.php\/produit\/linitop-prim-finish\/","og_locale":"fr_FR","og_type":"article","og_title":"Linitop Prim & Finish - Les Forestiers Associ\u00e9s","og_description":"3 en 1 : sous-couche \/ glacis, finition, et teinte avant vernis - Aspect satin\u00e9-mat","og_url":"https:\/\/lesforestiersassocies.fr\/index.php\/produit\/linitop-prim-finish\/","og_site_name":"Les Forestiers Associ\u00e9s","article_modified_time":"2024-04-27T06:51:16+00:00","og_image":[{"width":200,"height":200,"url":"https:\/\/lesforestiersassocies.fr\/wp-content\/uploads\/2023\/12\/linitop-prim-fr.png","type":"image\/png"}],"twitter_card":"summary_large_image","twitter_misc":{"Dur\u00e9e de lecture estim\u00e9e":"1 minute"},"schema":{"@context":"https:\/\/schema.org","@graph":[{"@type":"WebPage","@id":"https:\/\/lesforestiersassocies.fr\/index.php\/produit\/linitop-prim-finish\/","url":"https:\/\/lesforestiersassocies.fr\/index.php\/produit\/linitop-prim-finish\/","name":"Linitop Prim & Finish - Les Forestiers Associ\u00e9s","isPartOf":{"@id":"https:\/\/lesforestiersassocies.fr\/#website"},"datePublished":"2023-12-11T14:17:40+00:00","dateModified":"2024-04-27T06:51:16+00:00","breadcrumb":{"@id":"https:\/\/lesforestiersassocies.fr\/index.php\/produit\/linitop-prim-finish\/#breadcrumb"},"inLanguage":"fr-FR","potentialAction":[{"@type":"ReadAction","target":["https:\/\/lesforestiersassocies.fr\/index.php\/produit\/linitop-prim-finish\/"]}]},{"@type":"BreadcrumbList","@id":"https:\/\/lesforestiersassocies.fr\/index.php\/produit\/linitop-prim-finish\/#breadcrumb","itemListElement":[{"@type":"ListItem","position":1,"name":"Accueil","item":"https:\/\/lesforestiersassocies.fr\/"},{"@type":"ListItem","position":2,"name":"Inventory","item":"https:\/\/lesforestiersassocies.fr\/index.php\/inventory\/"},{"@type":"ListItem","position":3,"name":"Linitop Prim &#038; Finish"}]},{"@type":"WebSite","@id":"https:\/\/lesforestiersassocies.fr\/#website","url":"https:\/\/lesforestiersassocies.fr\/","name":"Les Forestiers Associ\u00e9s","description":"Les Forestiers Associ\u00e9s","publisher":{"@id":"https:\/\/lesforestiersassocies.fr\/#organization"},"potentialAction":[{"@type":"SearchAction","target":{"@type":"EntryPoint","urlTemplate":"https:\/\/lesforestiersassocies.fr\/?s={search_term_string}"},"query-input":"required name=search_term_string"}],"inLanguage":"fr-FR"},{"@type":"Organization","@id":"https:\/\/lesforestiersassocies.fr\/#organization","name":"Les Forestiers Associ\u00e9s","url":"https:\/\/lesforestiersassocies.fr\/","logo":{"@type":"ImageObject","inLanguage":"fr-FR","@id":"https:\/\/lesforestiersassocies.fr\/#\/schema\/logo\/image\/","url":"http:\/\/lesforestiersassocies.fr\/wp-content\/uploads\/2019\/01\/LFA-Logo.jpg","contentUrl":"http:\/\/lesforestiersassocies.fr\/wp-content\/uploads\/2019\/01\/LFA-Logo.jpg","width":905,"height":314,"caption":"Les Forestiers Associ\u00e9s"},"image":{"@id":"https:\/\/lesforestiersassocies.fr\/#\/schema\/logo\/image\/"}}]}},"_links":{"self":[{"href":"https:\/\/lesforestiersassocies.fr\/index.php\/wp-json\/wp\/v2\/product\/10208"}],"collection":[{"href":"https:\/\/lesforestiersassocies.fr\/index.php\/wp-json\/wp\/v2\/product"}],"about":[{"href":"https:\/\/lesforestiersassocies.fr\/index.php\/wp-json\/wp\/v2\/types\/product"}],"wp:featuredmedia":[{"embeddable":true,"href":"https:\/\/lesforestiersassocies.fr\/index.php\/wp-json\/wp\/v2\/media\/10209"}],"wp:attachment":[{"href":"https:\/\/lesforestiersassocies.fr\/index.php\/wp-json\/wp\/v2\/media?parent=10208"}],"wp:term":[{"taxonomy":"product_cat","embeddable":true,"href":"https:\/\/lesforestiersassocies.fr\/index.php\/wp-json\/wp\/v2\/product_cat?post=10208"},{"taxonomy":"product_tag","embeddable":true,"href":"https:\/\/lesforestiersassocies.fr\/index.php\/wp-json\/wp\/v2\/product_tag?post=10208"}],"curies":[{"name":"wp","href":"https:\/\/api.w.org\/{rel}","templated":true}]}}