{"id":10456,"date":"2024-01-17T12:10:38","date_gmt":"2024-01-17T11:10:38","guid":{"rendered":"http:\/\/lesforestiersassocies.fr\/?post_type=product&#038;p=10456"},"modified":"2024-01-17T12:15:24","modified_gmt":"2024-01-17T11:15:24","slug":"profile-en-acier-magnelis","status":"publish","type":"product","link":"https:\/\/lesforestiersassocies.fr\/index.php\/produit\/profile-en-acier-magnelis\/","title":{"rendered":"Profil\u00e9 en acier Magnelis"},"content":{"rendered":"<p>Les profil\u00e9s C 41\/62\/3000 sont utilis\u00e9s en raison de leur simplicit\u00e9 d\u2019emploi et de leur assemblage par boulonnage qui \u00e9vite de les perforer. Ils conviennent parfaitement aux connecteurs et aux autres composants des solutions Weasyfix. La hauteur de 62mm apporte une rigidit\u00e9 particuli\u00e8rement adapt\u00e9e aux contraintes des vis de fondation. Ils sont compatibles avec les vis de fondation et les plots plastiques.<\/p>\n","protected":false},"excerpt":{"rendered":"<p>Prodil\u00e9 en Magn\u00e9lis servant \u00e0 la r\u00e9alisation des structures pour terrasses. Pr\u00e9 trou\u00e9s afin de permettre un montage par boulonnage, sans jamais percer les profil\u00e9s.<br \/>\nIls sont compatibles avec les vis de fondation et les plots plastiques.<\/p>\n","protected":false},"featured_media":10458,"template":"","meta":[],"product_cat":[68],"product_tag":[109],"acf":[],"yoast_head":"<!-- This site is optimized with the Yoast SEO plugin v21.9 - https:\/\/yoast.com\/wordpress\/plugins\/seo\/ -->\n<title>Profil\u00e9 en acier Magnelis - Les Forestiers Associ\u00e9s<\/title>\n<meta name=\"robots\" content=\"index, follow, max-snippet:-1, max-image-preview:large, max-video-preview:-1\" \/>\n<link rel=\"canonical\" href=\"https:\/\/lesforestiersassocies.fr\/index.php\/produit\/profile-en-acier-magnelis\/\" \/>\n<meta property=\"og:locale\" content=\"fr_FR\" \/>\n<meta property=\"og:type\" content=\"article\" \/>\n<meta property=\"og:title\" content=\"Profil\u00e9 en acier Magnelis - Les Forestiers Associ\u00e9s\" \/>\n<meta property=\"og:description\" content=\"Prodil\u00e9 en Magn\u00e9lis servant \u00e0 la r\u00e9alisation des structures pour terrasses. Pr\u00e9 trou\u00e9s afin de permettre un montage par boulonnage, sans jamais percer les profil\u00e9s. Ils sont compatibles avec les vis de fondation et les plots plastiques.\" \/>\n<meta property=\"og:url\" content=\"https:\/\/lesforestiersassocies.fr\/index.php\/produit\/profile-en-acier-magnelis\/\" \/>\n<meta property=\"og:site_name\" content=\"Les Forestiers Associ\u00e9s\" \/>\n<meta property=\"article:modified_time\" content=\"2024-01-17T11:15:24+00:00\" \/>\n<meta property=\"og:image\" content=\"https:\/\/lesforestiersassocies.fr\/wp-content\/uploads\/2024\/01\/E1-PROFIL-C-41-62-recadree-1365x1536-1.jpg\" \/>\n\t<meta property=\"og:image:width\" content=\"1365\" \/>\n\t<meta property=\"og:image:height\" content=\"1536\" \/>\n\t<meta property=\"og:image:type\" content=\"image\/jpeg\" \/>\n<meta name=\"twitter:card\" content=\"summary_large_image\" \/>\n<meta name=\"twitter:label1\" content=\"Dur\u00e9e de lecture estim\u00e9e\" \/>\n\t<meta name=\"twitter:data1\" content=\"1 minute\" \/>\n<script type=\"application\/ld+json\" class=\"yoast-schema-graph\">{\"@context\":\"https:\/\/schema.org\",\"@graph\":[{\"@type\":\"WebPage\",\"@id\":\"https:\/\/lesforestiersassocies.fr\/index.php\/produit\/profile-en-acier-magnelis\/\",\"url\":\"https:\/\/lesforestiersassocies.fr\/index.php\/produit\/profile-en-acier-magnelis\/\",\"name\":\"Profil\u00e9 en acier Magnelis - Les Forestiers Associ\u00e9s\",\"isPartOf\":{\"@id\":\"https:\/\/lesforestiersassocies.fr\/#website\"},\"datePublished\":\"2024-01-17T11:10:38+00:00\",\"dateModified\":\"2024-01-17T11:15:24+00:00\",\"breadcrumb\":{\"@id\":\"https:\/\/lesforestiersassocies.fr\/index.php\/produit\/profile-en-acier-magnelis\/#breadcrumb\"},\"inLanguage\":\"fr-FR\",\"potentialAction\":[{\"@type\":\"ReadAction\",\"target\":[\"https:\/\/lesforestiersassocies.fr\/index.php\/produit\/profile-en-acier-magnelis\/\"]}]},{\"@type\":\"BreadcrumbList\",\"@id\":\"https:\/\/lesforestiersassocies.fr\/index.php\/produit\/profile-en-acier-magnelis\/#breadcrumb\",\"itemListElement\":[{\"@type\":\"ListItem\",\"position\":1,\"name\":\"Accueil\",\"item\":\"https:\/\/lesforestiersassocies.fr\/\"},{\"@type\":\"ListItem\",\"position\":2,\"name\":\"Inventory\",\"item\":\"https:\/\/lesforestiersassocies.fr\/index.php\/inventory\/\"},{\"@type\":\"ListItem\",\"position\":3,\"name\":\"Profil\u00e9 en acier Magnelis\"}]},{\"@type\":\"WebSite\",\"@id\":\"https:\/\/lesforestiersassocies.fr\/#website\",\"url\":\"https:\/\/lesforestiersassocies.fr\/\",\"name\":\"Les Forestiers Associ\u00e9s\",\"description\":\"Les Forestiers Associ\u00e9s\",\"publisher\":{\"@id\":\"https:\/\/lesforestiersassocies.fr\/#organization\"},\"potentialAction\":[{\"@type\":\"SearchAction\",\"target\":{\"@type\":\"EntryPoint\",\"urlTemplate\":\"https:\/\/lesforestiersassocies.fr\/?s={search_term_string}\"},\"query-input\":\"required name=search_term_string\"}],\"inLanguage\":\"fr-FR\"},{\"@type\":\"Organization\",\"@id\":\"https:\/\/lesforestiersassocies.fr\/#organization\",\"name\":\"Les Forestiers Associ\u00e9s\",\"url\":\"https:\/\/lesforestiersassocies.fr\/\",\"logo\":{\"@type\":\"ImageObject\",\"inLanguage\":\"fr-FR\",\"@id\":\"https:\/\/lesforestiersassocies.fr\/#\/schema\/logo\/image\/\",\"url\":\"http:\/\/lesforestiersassocies.fr\/wp-content\/uploads\/2019\/01\/LFA-Logo.jpg\",\"contentUrl\":\"http:\/\/lesforestiersassocies.fr\/wp-content\/uploads\/2019\/01\/LFA-Logo.jpg\",\"width\":905,\"height\":314,\"caption\":\"Les Forestiers Associ\u00e9s\"},\"image\":{\"@id\":\"https:\/\/lesforestiersassocies.fr\/#\/schema\/logo\/image\/\"}}]}<\/script>\n<!-- \/ Yoast SEO plugin. -->","yoast_head_json":{"title":"Profil\u00e9 en acier Magnelis - Les Forestiers Associ\u00e9s","robots":{"index":"index","follow":"follow","max-snippet":"max-snippet:-1","max-image-preview":"max-image-preview:large","max-video-preview":"max-video-preview:-1"},"canonical":"https:\/\/lesforestiersassocies.fr\/index.php\/produit\/profile-en-acier-magnelis\/","og_locale":"fr_FR","og_type":"article","og_title":"Profil\u00e9 en acier Magnelis - Les Forestiers Associ\u00e9s","og_description":"Prodil\u00e9 en Magn\u00e9lis servant \u00e0 la r\u00e9alisation des structures pour terrasses. Pr\u00e9 trou\u00e9s afin de permettre un montage par boulonnage, sans jamais percer les profil\u00e9s. Ils sont compatibles avec les vis de fondation et les plots plastiques.","og_url":"https:\/\/lesforestiersassocies.fr\/index.php\/produit\/profile-en-acier-magnelis\/","og_site_name":"Les Forestiers Associ\u00e9s","article_modified_time":"2024-01-17T11:15:24+00:00","og_image":[{"width":1365,"height":1536,"url":"https:\/\/lesforestiersassocies.fr\/wp-content\/uploads\/2024\/01\/E1-PROFIL-C-41-62-recadree-1365x1536-1.jpg","type":"image\/jpeg"}],"twitter_card":"summary_large_image","twitter_misc":{"Dur\u00e9e de lecture estim\u00e9e":"1 minute"},"schema":{"@context":"https:\/\/schema.org","@graph":[{"@type":"WebPage","@id":"https:\/\/lesforestiersassocies.fr\/index.php\/produit\/profile-en-acier-magnelis\/","url":"https:\/\/lesforestiersassocies.fr\/index.php\/produit\/profile-en-acier-magnelis\/","name":"Profil\u00e9 en acier Magnelis - Les Forestiers Associ\u00e9s","isPartOf":{"@id":"https:\/\/lesforestiersassocies.fr\/#website"},"datePublished":"2024-01-17T11:10:38+00:00","dateModified":"2024-01-17T11:15:24+00:00","breadcrumb":{"@id":"https:\/\/lesforestiersassocies.fr\/index.php\/produit\/profile-en-acier-magnelis\/#breadcrumb"},"inLanguage":"fr-FR","potentialAction":[{"@type":"ReadAction","target":["https:\/\/lesforestiersassocies.fr\/index.php\/produit\/profile-en-acier-magnelis\/"]}]},{"@type":"BreadcrumbList","@id":"https:\/\/lesforestiersassocies.fr\/index.php\/produit\/profile-en-acier-magnelis\/#breadcrumb","itemListElement":[{"@type":"ListItem","position":1,"name":"Accueil","item":"https:\/\/lesforestiersassocies.fr\/"},{"@type":"ListItem","position":2,"name":"Inventory","item":"https:\/\/lesforestiersassocies.fr\/index.php\/inventory\/"},{"@type":"ListItem","position":3,"name":"Profil\u00e9 en acier Magnelis"}]},{"@type":"WebSite","@id":"https:\/\/lesforestiersassocies.fr\/#website","url":"https:\/\/lesforestiersassocies.fr\/","name":"Les Forestiers Associ\u00e9s","description":"Les Forestiers Associ\u00e9s","publisher":{"@id":"https:\/\/lesforestiersassocies.fr\/#organization"},"potentialAction":[{"@type":"SearchAction","target":{"@type":"EntryPoint","urlTemplate":"https:\/\/lesforestiersassocies.fr\/?s={search_term_string}"},"query-input":"required name=search_term_string"}],"inLanguage":"fr-FR"},{"@type":"Organization","@id":"https:\/\/lesforestiersassocies.fr\/#organization","name":"Les Forestiers Associ\u00e9s","url":"https:\/\/lesforestiersassocies.fr\/","logo":{"@type":"ImageObject","inLanguage":"fr-FR","@id":"https:\/\/lesforestiersassocies.fr\/#\/schema\/logo\/image\/","url":"http:\/\/lesforestiersassocies.fr\/wp-content\/uploads\/2019\/01\/LFA-Logo.jpg","contentUrl":"http:\/\/lesforestiersassocies.fr\/wp-content\/uploads\/2019\/01\/LFA-Logo.jpg","width":905,"height":314,"caption":"Les Forestiers Associ\u00e9s"},"image":{"@id":"https:\/\/lesforestiersassocies.fr\/#\/schema\/logo\/image\/"}}]}},"_links":{"self":[{"href":"https:\/\/lesforestiersassocies.fr\/index.php\/wp-json\/wp\/v2\/product\/10456"}],"collection":[{"href":"https:\/\/lesforestiersassocies.fr\/index.php\/wp-json\/wp\/v2\/product"}],"about":[{"href":"https:\/\/lesforestiersassocies.fr\/index.php\/wp-json\/wp\/v2\/types\/product"}],"wp:featuredmedia":[{"embeddable":true,"href":"https:\/\/lesforestiersassocies.fr\/index.php\/wp-json\/wp\/v2\/media\/10458"}],"wp:attachment":[{"href":"https:\/\/lesforestiersassocies.fr\/index.php\/wp-json\/wp\/v2\/media?parent=10456"}],"wp:term":[{"taxonomy":"product_cat","embeddable":true,"href":"https:\/\/lesforestiersassocies.fr\/index.php\/wp-json\/wp\/v2\/product_cat?post=10456"},{"taxonomy":"product_tag","embeddable":true,"href":"https:\/\/lesforestiersassocies.fr\/index.php\/wp-json\/wp\/v2\/product_tag?post=10456"}],"curies":[{"name":"wp","href":"https:\/\/api.w.org\/{rel}","templated":true}]}}