{"id":10511,"date":"2024-01-24T09:30:41","date_gmt":"2024-01-24T08:30:41","guid":{"rendered":"http:\/\/lesforestiersassocies.fr\/?post_type=product&#038;p=10511"},"modified":"2024-02-14T11:37:01","modified_gmt":"2024-02-14T10:37:01","slug":"vis-tete-conique-bichro-tx30","status":"publish","type":"product","link":"https:\/\/lesforestiersassocies.fr\/index.php\/produit\/vis-tete-conique-bichro-tx30\/","title":{"rendered":"Vis Galva \u00d86 x Long.60-80-100-120-140-160 mm"},"content":{"rendered":"<p>Paneltwistec t\u00eate conique, acier galvanis\u00e9 jaune<\/p>\n<div class=\"collapseLines description-long hide-class\">\n<div>\u00c9galement appropri\u00e9e pour le fixage d\u2019isolations de chevrons. \u00c9paisseur d\u2019isolant jusqu\u2019\u00e0 300 mm<\/div>\n<div><\/div>\n<div>Les vis \u00e0 bois Paneltwistec s\u2019utilisent en tant que moyens d\u2019assemblage pour les structures en bois porteuses entre composants en bois massif, en bois lamell\u00e9, en bois lamell\u00e9-crois\u00e9 et en bois de placage stratifi\u00e9, et d\u2019autres mat\u00e9riaux en bois similaires, des panneaux en bois ou raccords acier-bois. Les vis \u00e0 bois Paneltwistec doivent g\u00e9n\u00e9ralement \u00eatre mises en place sans per\u00e7age pr\u00e9alable. L\u2019exception est ici leur utilisation dans du bois de feuillu\/bois dur.<\/div>\n<div><\/div>\n<div>La rainure de raclage au niveau de la pointe de la vis permet \u00e0 la vis de \u00ab mordre \u00bb rapidement, m\u00eame, par exemple, dans des panneaux \u00e0 lamelles orient\u00e9es (OSB). Les nervures de fraisage, derri\u00e8re le filetage, d\u00e9gagent la tige, de mani\u00e8re \u00e0 ce que m\u00eame les vis longues soient faciles \u00e0 mettre en place. La g\u00e9om\u00e9trie particuli\u00e8re des vis r\u00e9duit l\u2019effet de fendage lors du vissage.<\/div>\n<div>Les vis \u00e0 bois Paneltwistec sont disponibles \u00e0 la fois avec t\u00eate frais\u00e9e et t\u00eate large, en acier au carbone rev\u00eatu et dans diff\u00e9rents aciers inoxydables.<\/div>\n<\/div>\n","protected":false},"excerpt":{"rendered":"<p>Paneltwistec Galva Jaune Torx TX30<\/p>\n","protected":false},"featured_media":10512,"template":"","meta":[],"product_cat":[65],"product_tag":[109],"acf":[],"yoast_head":"<!-- This site is optimized with the Yoast SEO plugin v21.9 - https:\/\/yoast.com\/wordpress\/plugins\/seo\/ -->\n<title>Vis Galva \u00d86 x Long.60-80-100-120-140-160 mm - Les Forestiers Associ\u00e9s<\/title>\n<meta name=\"robots\" content=\"index, follow, max-snippet:-1, max-image-preview:large, max-video-preview:-1\" \/>\n<link rel=\"canonical\" href=\"https:\/\/lesforestiersassocies.fr\/index.php\/produit\/vis-tete-conique-bichro-tx30\/\" \/>\n<meta property=\"og:locale\" content=\"fr_FR\" \/>\n<meta property=\"og:type\" content=\"article\" \/>\n<meta property=\"og:title\" content=\"Vis Galva \u00d86 x Long.60-80-100-120-140-160 mm - Les Forestiers Associ\u00e9s\" \/>\n<meta property=\"og:description\" content=\"Paneltwistec Galva Jaune Torx TX30\" \/>\n<meta property=\"og:url\" content=\"https:\/\/lesforestiersassocies.fr\/index.php\/produit\/vis-tete-conique-bichro-tx30\/\" \/>\n<meta property=\"og:site_name\" content=\"Les Forestiers Associ\u00e9s\" \/>\n<meta property=\"article:modified_time\" content=\"2024-02-14T10:37:01+00:00\" \/>\n<meta property=\"og:image\" content=\"https:\/\/lesforestiersassocies.fr\/wp-content\/uploads\/2024\/01\/6x60_6x160.jpg\" \/>\n\t<meta property=\"og:image:width\" content=\"1000\" \/>\n\t<meta property=\"og:image:height\" content=\"794\" \/>\n\t<meta property=\"og:image:type\" content=\"image\/jpeg\" \/>\n<meta name=\"twitter:card\" content=\"summary_large_image\" \/>\n<meta name=\"twitter:label1\" content=\"Dur\u00e9e de lecture estim\u00e9e\" \/>\n\t<meta name=\"twitter:data1\" content=\"2 minutes\" \/>\n<script type=\"application\/ld+json\" class=\"yoast-schema-graph\">{\"@context\":\"https:\/\/schema.org\",\"@graph\":[{\"@type\":\"WebPage\",\"@id\":\"https:\/\/lesforestiersassocies.fr\/index.php\/produit\/vis-tete-conique-bichro-tx30\/\",\"url\":\"https:\/\/lesforestiersassocies.fr\/index.php\/produit\/vis-tete-conique-bichro-tx30\/\",\"name\":\"Vis Galva \u00d86 x Long.60-80-100-120-140-160 mm - Les Forestiers Associ\u00e9s\",\"isPartOf\":{\"@id\":\"https:\/\/lesforestiersassocies.fr\/#website\"},\"datePublished\":\"2024-01-24T08:30:41+00:00\",\"dateModified\":\"2024-02-14T10:37:01+00:00\",\"breadcrumb\":{\"@id\":\"https:\/\/lesforestiersassocies.fr\/index.php\/produit\/vis-tete-conique-bichro-tx30\/#breadcrumb\"},\"inLanguage\":\"fr-FR\",\"potentialAction\":[{\"@type\":\"ReadAction\",\"target\":[\"https:\/\/lesforestiersassocies.fr\/index.php\/produit\/vis-tete-conique-bichro-tx30\/\"]}]},{\"@type\":\"BreadcrumbList\",\"@id\":\"https:\/\/lesforestiersassocies.fr\/index.php\/produit\/vis-tete-conique-bichro-tx30\/#breadcrumb\",\"itemListElement\":[{\"@type\":\"ListItem\",\"position\":1,\"name\":\"Accueil\",\"item\":\"https:\/\/lesforestiersassocies.fr\/\"},{\"@type\":\"ListItem\",\"position\":2,\"name\":\"Inventory\",\"item\":\"https:\/\/lesforestiersassocies.fr\/index.php\/inventory\/\"},{\"@type\":\"ListItem\",\"position\":3,\"name\":\"Vis Galva \u00d86 x Long.60-80-100-120-140-160 mm\"}]},{\"@type\":\"WebSite\",\"@id\":\"https:\/\/lesforestiersassocies.fr\/#website\",\"url\":\"https:\/\/lesforestiersassocies.fr\/\",\"name\":\"Les Forestiers Associ\u00e9s\",\"description\":\"Les Forestiers Associ\u00e9s\",\"publisher\":{\"@id\":\"https:\/\/lesforestiersassocies.fr\/#organization\"},\"potentialAction\":[{\"@type\":\"SearchAction\",\"target\":{\"@type\":\"EntryPoint\",\"urlTemplate\":\"https:\/\/lesforestiersassocies.fr\/?s={search_term_string}\"},\"query-input\":\"required name=search_term_string\"}],\"inLanguage\":\"fr-FR\"},{\"@type\":\"Organization\",\"@id\":\"https:\/\/lesforestiersassocies.fr\/#organization\",\"name\":\"Les Forestiers Associ\u00e9s\",\"url\":\"https:\/\/lesforestiersassocies.fr\/\",\"logo\":{\"@type\":\"ImageObject\",\"inLanguage\":\"fr-FR\",\"@id\":\"https:\/\/lesforestiersassocies.fr\/#\/schema\/logo\/image\/\",\"url\":\"http:\/\/lesforestiersassocies.fr\/wp-content\/uploads\/2019\/01\/LFA-Logo.jpg\",\"contentUrl\":\"http:\/\/lesforestiersassocies.fr\/wp-content\/uploads\/2019\/01\/LFA-Logo.jpg\",\"width\":905,\"height\":314,\"caption\":\"Les Forestiers Associ\u00e9s\"},\"image\":{\"@id\":\"https:\/\/lesforestiersassocies.fr\/#\/schema\/logo\/image\/\"}}]}<\/script>\n<!-- \/ Yoast SEO plugin. -->","yoast_head_json":{"title":"Vis Galva \u00d86 x Long.60-80-100-120-140-160 mm - Les Forestiers Associ\u00e9s","robots":{"index":"index","follow":"follow","max-snippet":"max-snippet:-1","max-image-preview":"max-image-preview:large","max-video-preview":"max-video-preview:-1"},"canonical":"https:\/\/lesforestiersassocies.fr\/index.php\/produit\/vis-tete-conique-bichro-tx30\/","og_locale":"fr_FR","og_type":"article","og_title":"Vis Galva \u00d86 x Long.60-80-100-120-140-160 mm - Les Forestiers Associ\u00e9s","og_description":"Paneltwistec Galva Jaune Torx TX30","og_url":"https:\/\/lesforestiersassocies.fr\/index.php\/produit\/vis-tete-conique-bichro-tx30\/","og_site_name":"Les Forestiers Associ\u00e9s","article_modified_time":"2024-02-14T10:37:01+00:00","og_image":[{"width":1000,"height":794,"url":"https:\/\/lesforestiersassocies.fr\/wp-content\/uploads\/2024\/01\/6x60_6x160.jpg","type":"image\/jpeg"}],"twitter_card":"summary_large_image","twitter_misc":{"Dur\u00e9e de lecture estim\u00e9e":"2 minutes"},"schema":{"@context":"https:\/\/schema.org","@graph":[{"@type":"WebPage","@id":"https:\/\/lesforestiersassocies.fr\/index.php\/produit\/vis-tete-conique-bichro-tx30\/","url":"https:\/\/lesforestiersassocies.fr\/index.php\/produit\/vis-tete-conique-bichro-tx30\/","name":"Vis Galva \u00d86 x Long.60-80-100-120-140-160 mm - Les Forestiers Associ\u00e9s","isPartOf":{"@id":"https:\/\/lesforestiersassocies.fr\/#website"},"datePublished":"2024-01-24T08:30:41+00:00","dateModified":"2024-02-14T10:37:01+00:00","breadcrumb":{"@id":"https:\/\/lesforestiersassocies.fr\/index.php\/produit\/vis-tete-conique-bichro-tx30\/#breadcrumb"},"inLanguage":"fr-FR","potentialAction":[{"@type":"ReadAction","target":["https:\/\/lesforestiersassocies.fr\/index.php\/produit\/vis-tete-conique-bichro-tx30\/"]}]},{"@type":"BreadcrumbList","@id":"https:\/\/lesforestiersassocies.fr\/index.php\/produit\/vis-tete-conique-bichro-tx30\/#breadcrumb","itemListElement":[{"@type":"ListItem","position":1,"name":"Accueil","item":"https:\/\/lesforestiersassocies.fr\/"},{"@type":"ListItem","position":2,"name":"Inventory","item":"https:\/\/lesforestiersassocies.fr\/index.php\/inventory\/"},{"@type":"ListItem","position":3,"name":"Vis Galva \u00d86 x Long.60-80-100-120-140-160 mm"}]},{"@type":"WebSite","@id":"https:\/\/lesforestiersassocies.fr\/#website","url":"https:\/\/lesforestiersassocies.fr\/","name":"Les Forestiers Associ\u00e9s","description":"Les Forestiers Associ\u00e9s","publisher":{"@id":"https:\/\/lesforestiersassocies.fr\/#organization"},"potentialAction":[{"@type":"SearchAction","target":{"@type":"EntryPoint","urlTemplate":"https:\/\/lesforestiersassocies.fr\/?s={search_term_string}"},"query-input":"required name=search_term_string"}],"inLanguage":"fr-FR"},{"@type":"Organization","@id":"https:\/\/lesforestiersassocies.fr\/#organization","name":"Les Forestiers Associ\u00e9s","url":"https:\/\/lesforestiersassocies.fr\/","logo":{"@type":"ImageObject","inLanguage":"fr-FR","@id":"https:\/\/lesforestiersassocies.fr\/#\/schema\/logo\/image\/","url":"http:\/\/lesforestiersassocies.fr\/wp-content\/uploads\/2019\/01\/LFA-Logo.jpg","contentUrl":"http:\/\/lesforestiersassocies.fr\/wp-content\/uploads\/2019\/01\/LFA-Logo.jpg","width":905,"height":314,"caption":"Les Forestiers Associ\u00e9s"},"image":{"@id":"https:\/\/lesforestiersassocies.fr\/#\/schema\/logo\/image\/"}}]}},"_links":{"self":[{"href":"https:\/\/lesforestiersassocies.fr\/index.php\/wp-json\/wp\/v2\/product\/10511"}],"collection":[{"href":"https:\/\/lesforestiersassocies.fr\/index.php\/wp-json\/wp\/v2\/product"}],"about":[{"href":"https:\/\/lesforestiersassocies.fr\/index.php\/wp-json\/wp\/v2\/types\/product"}],"wp:featuredmedia":[{"embeddable":true,"href":"https:\/\/lesforestiersassocies.fr\/index.php\/wp-json\/wp\/v2\/media\/10512"}],"wp:attachment":[{"href":"https:\/\/lesforestiersassocies.fr\/index.php\/wp-json\/wp\/v2\/media?parent=10511"}],"wp:term":[{"taxonomy":"product_cat","embeddable":true,"href":"https:\/\/lesforestiersassocies.fr\/index.php\/wp-json\/wp\/v2\/product_cat?post=10511"},{"taxonomy":"product_tag","embeddable":true,"href":"https:\/\/lesforestiersassocies.fr\/index.php\/wp-json\/wp\/v2\/product_tag?post=10511"}],"curies":[{"name":"wp","href":"https:\/\/api.w.org\/{rel}","templated":true}]}}