{"id":10519,"date":"2024-01-24T11:34:10","date_gmt":"2024-01-24T10:34:10","guid":{"rendered":"http:\/\/lesforestiersassocies.fr\/?post_type=product&#038;p=10519"},"modified":"2024-02-14T10:55:04","modified_gmt":"2024-02-14T09:55:04","slug":"vis-hobotec-3-2-x-50-mm","status":"publish","type":"product","link":"https:\/\/lesforestiersassocies.fr\/index.php\/produit\/vis-hobotec-3-2-x-50-mm\/","title":{"rendered":"Vis Galva \u00d83.2 x 50 mm"},"content":{"rendered":"<h1><span style=\"font-size: 16px;\">Acier durci pour l\u00b4emploi, galvanis\u00e9, \u00e0 rev\u00eatement particuli\u00e8rement lisse, impulsion TX<\/span><\/h1>\n<div class=\"collapseLines description-long hide-class\">Les vis Hobotec permettent une connexion simple, rapide et propre d\u2019assemblages bois-bois. Ces vis sont particuli\u00e8rement appropri\u00e9es lors d\u2019applications pr\u00e9sentant un risque \u00e9lev\u00e9 de d\u00e9chirure et de fission. Le filetage nouveau et la pointe de forage innovatrice permettent un positionnement correct ainsi que de hautes valeurs d\u2019\u00e9tirage.<br \/>\n<strong>Avantages:<\/strong><\/p>\n<ul>\n<li>un forage pr\u00e9alable n\u2019est pas n\u00e9cessaire<\/li>\n<li>aucune formation de d\u00e9chirure ou de fission dans les zones \u00e9troites en bordure<\/li>\n<li>aucun battement des vis gr\u00e2ce \u00e0 l\u2019impulsion TX<\/li>\n<\/ul>\n<p><strong>Particuli\u00e8rement appropri\u00e9es pour:<\/strong><br \/>\nApplications dans les secteurs construction de maquettes, construction d\u2019escaliers, construction de fa\u00e7ades pour charpentiers, menuisiers et couvreurs de toit.<\/p>\n<\/div>\n","protected":false},"excerpt":{"rendered":"<p>Hobotec T\u00eate ornementale, acier galvanis\u00e9 bleu Torx TX10<\/p>\n","protected":false},"featured_media":10520,"template":"","meta":[],"product_cat":[65],"product_tag":[109],"acf":[],"yoast_head":"<!-- This site is optimized with the Yoast SEO plugin v21.9 - https:\/\/yoast.com\/wordpress\/plugins\/seo\/ -->\n<title>Vis Galva \u00d83.2 x 50 mm - Les Forestiers Associ\u00e9s<\/title>\n<meta name=\"robots\" content=\"index, follow, max-snippet:-1, max-image-preview:large, max-video-preview:-1\" \/>\n<link rel=\"canonical\" href=\"https:\/\/lesforestiersassocies.fr\/index.php\/produit\/vis-hobotec-3-2-x-50-mm\/\" \/>\n<meta property=\"og:locale\" content=\"fr_FR\" \/>\n<meta property=\"og:type\" content=\"article\" \/>\n<meta property=\"og:title\" content=\"Vis Galva \u00d83.2 x 50 mm - Les Forestiers Associ\u00e9s\" \/>\n<meta property=\"og:description\" content=\"Hobotec T\u00eate ornementale, acier galvanis\u00e9 bleu Torx TX10\" \/>\n<meta property=\"og:url\" content=\"https:\/\/lesforestiersassocies.fr\/index.php\/produit\/vis-hobotec-3-2-x-50-mm\/\" \/>\n<meta property=\"og:site_name\" content=\"Les Forestiers Associ\u00e9s\" \/>\n<meta property=\"article:modified_time\" content=\"2024-02-14T09:55:04+00:00\" \/>\n<meta property=\"og:image\" content=\"https:\/\/lesforestiersassocies.fr\/wp-content\/uploads\/2024\/01\/3.5x50-hobotec.jpg\" \/>\n\t<meta property=\"og:image:width\" content=\"1000\" \/>\n\t<meta property=\"og:image:height\" content=\"794\" \/>\n\t<meta property=\"og:image:type\" content=\"image\/jpeg\" \/>\n<meta name=\"twitter:card\" content=\"summary_large_image\" \/>\n<meta name=\"twitter:label1\" content=\"Dur\u00e9e de lecture estim\u00e9e\" \/>\n\t<meta name=\"twitter:data1\" content=\"1 minute\" \/>\n<script type=\"application\/ld+json\" class=\"yoast-schema-graph\">{\"@context\":\"https:\/\/schema.org\",\"@graph\":[{\"@type\":\"WebPage\",\"@id\":\"https:\/\/lesforestiersassocies.fr\/index.php\/produit\/vis-hobotec-3-2-x-50-mm\/\",\"url\":\"https:\/\/lesforestiersassocies.fr\/index.php\/produit\/vis-hobotec-3-2-x-50-mm\/\",\"name\":\"Vis Galva \u00d83.2 x 50 mm - Les Forestiers Associ\u00e9s\",\"isPartOf\":{\"@id\":\"https:\/\/lesforestiersassocies.fr\/#website\"},\"datePublished\":\"2024-01-24T10:34:10+00:00\",\"dateModified\":\"2024-02-14T09:55:04+00:00\",\"breadcrumb\":{\"@id\":\"https:\/\/lesforestiersassocies.fr\/index.php\/produit\/vis-hobotec-3-2-x-50-mm\/#breadcrumb\"},\"inLanguage\":\"fr-FR\",\"potentialAction\":[{\"@type\":\"ReadAction\",\"target\":[\"https:\/\/lesforestiersassocies.fr\/index.php\/produit\/vis-hobotec-3-2-x-50-mm\/\"]}]},{\"@type\":\"BreadcrumbList\",\"@id\":\"https:\/\/lesforestiersassocies.fr\/index.php\/produit\/vis-hobotec-3-2-x-50-mm\/#breadcrumb\",\"itemListElement\":[{\"@type\":\"ListItem\",\"position\":1,\"name\":\"Accueil\",\"item\":\"https:\/\/lesforestiersassocies.fr\/\"},{\"@type\":\"ListItem\",\"position\":2,\"name\":\"Inventory\",\"item\":\"https:\/\/lesforestiersassocies.fr\/index.php\/inventory\/\"},{\"@type\":\"ListItem\",\"position\":3,\"name\":\"Vis Galva \u00d83.2 x 50 mm\"}]},{\"@type\":\"WebSite\",\"@id\":\"https:\/\/lesforestiersassocies.fr\/#website\",\"url\":\"https:\/\/lesforestiersassocies.fr\/\",\"name\":\"Les Forestiers Associ\u00e9s\",\"description\":\"Les Forestiers Associ\u00e9s\",\"publisher\":{\"@id\":\"https:\/\/lesforestiersassocies.fr\/#organization\"},\"potentialAction\":[{\"@type\":\"SearchAction\",\"target\":{\"@type\":\"EntryPoint\",\"urlTemplate\":\"https:\/\/lesforestiersassocies.fr\/?s={search_term_string}\"},\"query-input\":\"required name=search_term_string\"}],\"inLanguage\":\"fr-FR\"},{\"@type\":\"Organization\",\"@id\":\"https:\/\/lesforestiersassocies.fr\/#organization\",\"name\":\"Les Forestiers Associ\u00e9s\",\"url\":\"https:\/\/lesforestiersassocies.fr\/\",\"logo\":{\"@type\":\"ImageObject\",\"inLanguage\":\"fr-FR\",\"@id\":\"https:\/\/lesforestiersassocies.fr\/#\/schema\/logo\/image\/\",\"url\":\"http:\/\/lesforestiersassocies.fr\/wp-content\/uploads\/2019\/01\/LFA-Logo.jpg\",\"contentUrl\":\"http:\/\/lesforestiersassocies.fr\/wp-content\/uploads\/2019\/01\/LFA-Logo.jpg\",\"width\":905,\"height\":314,\"caption\":\"Les Forestiers Associ\u00e9s\"},\"image\":{\"@id\":\"https:\/\/lesforestiersassocies.fr\/#\/schema\/logo\/image\/\"}}]}<\/script>\n<!-- \/ Yoast SEO plugin. -->","yoast_head_json":{"title":"Vis Galva \u00d83.2 x 50 mm - Les Forestiers Associ\u00e9s","robots":{"index":"index","follow":"follow","max-snippet":"max-snippet:-1","max-image-preview":"max-image-preview:large","max-video-preview":"max-video-preview:-1"},"canonical":"https:\/\/lesforestiersassocies.fr\/index.php\/produit\/vis-hobotec-3-2-x-50-mm\/","og_locale":"fr_FR","og_type":"article","og_title":"Vis Galva \u00d83.2 x 50 mm - Les Forestiers Associ\u00e9s","og_description":"Hobotec T\u00eate ornementale, acier galvanis\u00e9 bleu Torx TX10","og_url":"https:\/\/lesforestiersassocies.fr\/index.php\/produit\/vis-hobotec-3-2-x-50-mm\/","og_site_name":"Les Forestiers Associ\u00e9s","article_modified_time":"2024-02-14T09:55:04+00:00","og_image":[{"width":1000,"height":794,"url":"https:\/\/lesforestiersassocies.fr\/wp-content\/uploads\/2024\/01\/3.5x50-hobotec.jpg","type":"image\/jpeg"}],"twitter_card":"summary_large_image","twitter_misc":{"Dur\u00e9e de lecture estim\u00e9e":"1 minute"},"schema":{"@context":"https:\/\/schema.org","@graph":[{"@type":"WebPage","@id":"https:\/\/lesforestiersassocies.fr\/index.php\/produit\/vis-hobotec-3-2-x-50-mm\/","url":"https:\/\/lesforestiersassocies.fr\/index.php\/produit\/vis-hobotec-3-2-x-50-mm\/","name":"Vis Galva \u00d83.2 x 50 mm - Les Forestiers Associ\u00e9s","isPartOf":{"@id":"https:\/\/lesforestiersassocies.fr\/#website"},"datePublished":"2024-01-24T10:34:10+00:00","dateModified":"2024-02-14T09:55:04+00:00","breadcrumb":{"@id":"https:\/\/lesforestiersassocies.fr\/index.php\/produit\/vis-hobotec-3-2-x-50-mm\/#breadcrumb"},"inLanguage":"fr-FR","potentialAction":[{"@type":"ReadAction","target":["https:\/\/lesforestiersassocies.fr\/index.php\/produit\/vis-hobotec-3-2-x-50-mm\/"]}]},{"@type":"BreadcrumbList","@id":"https:\/\/lesforestiersassocies.fr\/index.php\/produit\/vis-hobotec-3-2-x-50-mm\/#breadcrumb","itemListElement":[{"@type":"ListItem","position":1,"name":"Accueil","item":"https:\/\/lesforestiersassocies.fr\/"},{"@type":"ListItem","position":2,"name":"Inventory","item":"https:\/\/lesforestiersassocies.fr\/index.php\/inventory\/"},{"@type":"ListItem","position":3,"name":"Vis Galva \u00d83.2 x 50 mm"}]},{"@type":"WebSite","@id":"https:\/\/lesforestiersassocies.fr\/#website","url":"https:\/\/lesforestiersassocies.fr\/","name":"Les Forestiers Associ\u00e9s","description":"Les Forestiers Associ\u00e9s","publisher":{"@id":"https:\/\/lesforestiersassocies.fr\/#organization"},"potentialAction":[{"@type":"SearchAction","target":{"@type":"EntryPoint","urlTemplate":"https:\/\/lesforestiersassocies.fr\/?s={search_term_string}"},"query-input":"required name=search_term_string"}],"inLanguage":"fr-FR"},{"@type":"Organization","@id":"https:\/\/lesforestiersassocies.fr\/#organization","name":"Les Forestiers Associ\u00e9s","url":"https:\/\/lesforestiersassocies.fr\/","logo":{"@type":"ImageObject","inLanguage":"fr-FR","@id":"https:\/\/lesforestiersassocies.fr\/#\/schema\/logo\/image\/","url":"http:\/\/lesforestiersassocies.fr\/wp-content\/uploads\/2019\/01\/LFA-Logo.jpg","contentUrl":"http:\/\/lesforestiersassocies.fr\/wp-content\/uploads\/2019\/01\/LFA-Logo.jpg","width":905,"height":314,"caption":"Les Forestiers Associ\u00e9s"},"image":{"@id":"https:\/\/lesforestiersassocies.fr\/#\/schema\/logo\/image\/"}}]}},"_links":{"self":[{"href":"https:\/\/lesforestiersassocies.fr\/index.php\/wp-json\/wp\/v2\/product\/10519"}],"collection":[{"href":"https:\/\/lesforestiersassocies.fr\/index.php\/wp-json\/wp\/v2\/product"}],"about":[{"href":"https:\/\/lesforestiersassocies.fr\/index.php\/wp-json\/wp\/v2\/types\/product"}],"wp:featuredmedia":[{"embeddable":true,"href":"https:\/\/lesforestiersassocies.fr\/index.php\/wp-json\/wp\/v2\/media\/10520"}],"wp:attachment":[{"href":"https:\/\/lesforestiersassocies.fr\/index.php\/wp-json\/wp\/v2\/media?parent=10519"}],"wp:term":[{"taxonomy":"product_cat","embeddable":true,"href":"https:\/\/lesforestiersassocies.fr\/index.php\/wp-json\/wp\/v2\/product_cat?post=10519"},{"taxonomy":"product_tag","embeddable":true,"href":"https:\/\/lesforestiersassocies.fr\/index.php\/wp-json\/wp\/v2\/product_tag?post=10519"}],"curies":[{"name":"wp","href":"https:\/\/api.w.org\/{rel}","templated":true}]}}