{"id":10651,"date":"2024-02-16T10:54:05","date_gmt":"2024-02-16T09:54:05","guid":{"rendered":"http:\/\/lesforestiersassocies.fr\/?post_type=product&#038;p=10651"},"modified":"2024-06-07T11:21:13","modified_gmt":"2024-06-07T09:21:13","slug":"agrafeuse-top-20-22-avec-chargeur","status":"publish","type":"product","link":"https:\/\/lesforestiersassocies.fr\/index.php\/produit\/agrafeuse-top-20-22-avec-chargeur\/","title":{"rendered":"Agrafeuse 16 avec chargeur"},"content":{"rendered":"<p>Con\u00e7ue pour la pose de grillage torsad\u00e9 agricole en fil plus fin sur fils tendeurs, la pince \u00e0 grillage FP216 est la solution id\u00e9ale pour garantir des r\u00e9sultats fiables lors des projets de cl\u00f4tures agricoles, basse-cours, parcs \u00e0 mouton, etc&#8230;.<\/p>\n<p>S&rsquo;utilise avec des agrafes grillage Rapid VR16, diam\u00e8tre de fermeture de 2 \u00e0 8mm.<\/p>\n<p>Chargeur int\u00e9gr\u00e9 et grande capacit\u00e9, poign\u00e9e ergonomique souple antid\u00e9rapante avec fonction de verrouillage pour un rangement facile, indicateur de chargement, fonction coupe-fil (jusqu&rsquo;\u00e0 2mm de diam\u00e8tre).<\/p>\n<p><strong>Caract\u00e9ristiques<\/strong><\/p>\n<ul class=\"abc-productPage__features abc-list\">\n<li>Poign\u00e9e douce ergonomique<\/li>\n<li>Verrou de poign\u00e9e pour faciliter le rangement<\/li>\n<\/ul>\n","protected":false},"excerpt":{"rendered":"<div class=\"abc-table__label\">Agrafe VR16<\/div>\n","protected":false},"featured_media":9629,"template":"","meta":[],"product_cat":[114],"product_tag":[],"acf":[],"yoast_head":"<!-- This site is optimized with the Yoast SEO plugin v21.9 - https:\/\/yoast.com\/wordpress\/plugins\/seo\/ -->\n<title>Agrafeuse 16 avec chargeur - Les Forestiers Associ\u00e9s<\/title>\n<meta name=\"robots\" content=\"index, follow, max-snippet:-1, max-image-preview:large, max-video-preview:-1\" \/>\n<link rel=\"canonical\" href=\"https:\/\/lesforestiersassocies.fr\/index.php\/produit\/agrafeuse-top-20-22-avec-chargeur\/\" \/>\n<meta property=\"og:locale\" content=\"fr_FR\" \/>\n<meta property=\"og:type\" content=\"article\" \/>\n<meta property=\"og:title\" content=\"Agrafeuse 16 avec chargeur - Les Forestiers Associ\u00e9s\" \/>\n<meta property=\"og:description\" content=\"Agrafe VR16\" \/>\n<meta property=\"og:url\" content=\"https:\/\/lesforestiersassocies.fr\/index.php\/produit\/agrafeuse-top-20-22-avec-chargeur\/\" \/>\n<meta property=\"og:site_name\" content=\"Les Forestiers Associ\u00e9s\" \/>\n<meta property=\"article:modified_time\" content=\"2024-06-07T09:21:13+00:00\" \/>\n<meta property=\"og:image\" content=\"https:\/\/lesforestiersassocies.fr\/wp-content\/uploads\/2023\/03\/Agrafeuse-top20-22-avec-chargeur-.jpg\" \/>\n\t<meta property=\"og:image:width\" content=\"1416\" \/>\n\t<meta property=\"og:image:height\" content=\"1200\" \/>\n\t<meta property=\"og:image:type\" content=\"image\/jpeg\" \/>\n<meta name=\"twitter:card\" content=\"summary_large_image\" \/>\n<meta name=\"twitter:label1\" content=\"Dur\u00e9e de lecture estim\u00e9e\" \/>\n\t<meta name=\"twitter:data1\" content=\"1 minute\" \/>\n<script type=\"application\/ld+json\" class=\"yoast-schema-graph\">{\"@context\":\"https:\/\/schema.org\",\"@graph\":[{\"@type\":\"WebPage\",\"@id\":\"https:\/\/lesforestiersassocies.fr\/index.php\/produit\/agrafeuse-top-20-22-avec-chargeur\/\",\"url\":\"https:\/\/lesforestiersassocies.fr\/index.php\/produit\/agrafeuse-top-20-22-avec-chargeur\/\",\"name\":\"Agrafeuse 16 avec chargeur - Les Forestiers Associ\u00e9s\",\"isPartOf\":{\"@id\":\"https:\/\/lesforestiersassocies.fr\/#website\"},\"datePublished\":\"2024-02-16T09:54:05+00:00\",\"dateModified\":\"2024-06-07T09:21:13+00:00\",\"breadcrumb\":{\"@id\":\"https:\/\/lesforestiersassocies.fr\/index.php\/produit\/agrafeuse-top-20-22-avec-chargeur\/#breadcrumb\"},\"inLanguage\":\"fr-FR\",\"potentialAction\":[{\"@type\":\"ReadAction\",\"target\":[\"https:\/\/lesforestiersassocies.fr\/index.php\/produit\/agrafeuse-top-20-22-avec-chargeur\/\"]}]},{\"@type\":\"BreadcrumbList\",\"@id\":\"https:\/\/lesforestiersassocies.fr\/index.php\/produit\/agrafeuse-top-20-22-avec-chargeur\/#breadcrumb\",\"itemListElement\":[{\"@type\":\"ListItem\",\"position\":1,\"name\":\"Accueil\",\"item\":\"https:\/\/lesforestiersassocies.fr\/\"},{\"@type\":\"ListItem\",\"position\":2,\"name\":\"Inventory\",\"item\":\"https:\/\/lesforestiersassocies.fr\/index.php\/inventory\/\"},{\"@type\":\"ListItem\",\"position\":3,\"name\":\"Agrafeuse 16 avec chargeur\"}]},{\"@type\":\"WebSite\",\"@id\":\"https:\/\/lesforestiersassocies.fr\/#website\",\"url\":\"https:\/\/lesforestiersassocies.fr\/\",\"name\":\"Les Forestiers Associ\u00e9s\",\"description\":\"Les Forestiers Associ\u00e9s\",\"publisher\":{\"@id\":\"https:\/\/lesforestiersassocies.fr\/#organization\"},\"potentialAction\":[{\"@type\":\"SearchAction\",\"target\":{\"@type\":\"EntryPoint\",\"urlTemplate\":\"https:\/\/lesforestiersassocies.fr\/?s={search_term_string}\"},\"query-input\":\"required name=search_term_string\"}],\"inLanguage\":\"fr-FR\"},{\"@type\":\"Organization\",\"@id\":\"https:\/\/lesforestiersassocies.fr\/#organization\",\"name\":\"Les Forestiers Associ\u00e9s\",\"url\":\"https:\/\/lesforestiersassocies.fr\/\",\"logo\":{\"@type\":\"ImageObject\",\"inLanguage\":\"fr-FR\",\"@id\":\"https:\/\/lesforestiersassocies.fr\/#\/schema\/logo\/image\/\",\"url\":\"http:\/\/lesforestiersassocies.fr\/wp-content\/uploads\/2019\/01\/LFA-Logo.jpg\",\"contentUrl\":\"http:\/\/lesforestiersassocies.fr\/wp-content\/uploads\/2019\/01\/LFA-Logo.jpg\",\"width\":905,\"height\":314,\"caption\":\"Les Forestiers Associ\u00e9s\"},\"image\":{\"@id\":\"https:\/\/lesforestiersassocies.fr\/#\/schema\/logo\/image\/\"}}]}<\/script>\n<!-- \/ Yoast SEO plugin. -->","yoast_head_json":{"title":"Agrafeuse 16 avec chargeur - Les Forestiers Associ\u00e9s","robots":{"index":"index","follow":"follow","max-snippet":"max-snippet:-1","max-image-preview":"max-image-preview:large","max-video-preview":"max-video-preview:-1"},"canonical":"https:\/\/lesforestiersassocies.fr\/index.php\/produit\/agrafeuse-top-20-22-avec-chargeur\/","og_locale":"fr_FR","og_type":"article","og_title":"Agrafeuse 16 avec chargeur - Les Forestiers Associ\u00e9s","og_description":"Agrafe VR16","og_url":"https:\/\/lesforestiersassocies.fr\/index.php\/produit\/agrafeuse-top-20-22-avec-chargeur\/","og_site_name":"Les Forestiers Associ\u00e9s","article_modified_time":"2024-06-07T09:21:13+00:00","og_image":[{"width":1416,"height":1200,"url":"https:\/\/lesforestiersassocies.fr\/wp-content\/uploads\/2023\/03\/Agrafeuse-top20-22-avec-chargeur-.jpg","type":"image\/jpeg"}],"twitter_card":"summary_large_image","twitter_misc":{"Dur\u00e9e de lecture estim\u00e9e":"1 minute"},"schema":{"@context":"https:\/\/schema.org","@graph":[{"@type":"WebPage","@id":"https:\/\/lesforestiersassocies.fr\/index.php\/produit\/agrafeuse-top-20-22-avec-chargeur\/","url":"https:\/\/lesforestiersassocies.fr\/index.php\/produit\/agrafeuse-top-20-22-avec-chargeur\/","name":"Agrafeuse 16 avec chargeur - Les Forestiers Associ\u00e9s","isPartOf":{"@id":"https:\/\/lesforestiersassocies.fr\/#website"},"datePublished":"2024-02-16T09:54:05+00:00","dateModified":"2024-06-07T09:21:13+00:00","breadcrumb":{"@id":"https:\/\/lesforestiersassocies.fr\/index.php\/produit\/agrafeuse-top-20-22-avec-chargeur\/#breadcrumb"},"inLanguage":"fr-FR","potentialAction":[{"@type":"ReadAction","target":["https:\/\/lesforestiersassocies.fr\/index.php\/produit\/agrafeuse-top-20-22-avec-chargeur\/"]}]},{"@type":"BreadcrumbList","@id":"https:\/\/lesforestiersassocies.fr\/index.php\/produit\/agrafeuse-top-20-22-avec-chargeur\/#breadcrumb","itemListElement":[{"@type":"ListItem","position":1,"name":"Accueil","item":"https:\/\/lesforestiersassocies.fr\/"},{"@type":"ListItem","position":2,"name":"Inventory","item":"https:\/\/lesforestiersassocies.fr\/index.php\/inventory\/"},{"@type":"ListItem","position":3,"name":"Agrafeuse 16 avec chargeur"}]},{"@type":"WebSite","@id":"https:\/\/lesforestiersassocies.fr\/#website","url":"https:\/\/lesforestiersassocies.fr\/","name":"Les Forestiers Associ\u00e9s","description":"Les Forestiers Associ\u00e9s","publisher":{"@id":"https:\/\/lesforestiersassocies.fr\/#organization"},"potentialAction":[{"@type":"SearchAction","target":{"@type":"EntryPoint","urlTemplate":"https:\/\/lesforestiersassocies.fr\/?s={search_term_string}"},"query-input":"required name=search_term_string"}],"inLanguage":"fr-FR"},{"@type":"Organization","@id":"https:\/\/lesforestiersassocies.fr\/#organization","name":"Les Forestiers Associ\u00e9s","url":"https:\/\/lesforestiersassocies.fr\/","logo":{"@type":"ImageObject","inLanguage":"fr-FR","@id":"https:\/\/lesforestiersassocies.fr\/#\/schema\/logo\/image\/","url":"http:\/\/lesforestiersassocies.fr\/wp-content\/uploads\/2019\/01\/LFA-Logo.jpg","contentUrl":"http:\/\/lesforestiersassocies.fr\/wp-content\/uploads\/2019\/01\/LFA-Logo.jpg","width":905,"height":314,"caption":"Les Forestiers Associ\u00e9s"},"image":{"@id":"https:\/\/lesforestiersassocies.fr\/#\/schema\/logo\/image\/"}}]}},"_links":{"self":[{"href":"https:\/\/lesforestiersassocies.fr\/index.php\/wp-json\/wp\/v2\/product\/10651"}],"collection":[{"href":"https:\/\/lesforestiersassocies.fr\/index.php\/wp-json\/wp\/v2\/product"}],"about":[{"href":"https:\/\/lesforestiersassocies.fr\/index.php\/wp-json\/wp\/v2\/types\/product"}],"wp:featuredmedia":[{"embeddable":true,"href":"https:\/\/lesforestiersassocies.fr\/index.php\/wp-json\/wp\/v2\/media\/9629"}],"wp:attachment":[{"href":"https:\/\/lesforestiersassocies.fr\/index.php\/wp-json\/wp\/v2\/media?parent=10651"}],"wp:term":[{"taxonomy":"product_cat","embeddable":true,"href":"https:\/\/lesforestiersassocies.fr\/index.php\/wp-json\/wp\/v2\/product_cat?post=10651"},{"taxonomy":"product_tag","embeddable":true,"href":"https:\/\/lesforestiersassocies.fr\/index.php\/wp-json\/wp\/v2\/product_tag?post=10651"}],"curies":[{"name":"wp","href":"https:\/\/api.w.org\/{rel}","templated":true}]}}