{"id":10745,"date":"2024-02-23T16:01:31","date_gmt":"2024-02-23T15:01:31","guid":{"rendered":"https:\/\/lesforestiersassocies.fr\/?post_type=product&#038;p=10745"},"modified":"2024-02-23T16:02:46","modified_gmt":"2024-02-23T15:02:46","slug":"peinture-multi-supports-top-3-aerosol","status":"publish","type":"product","link":"https:\/\/lesforestiersassocies.fr\/index.php\/produit\/peinture-multi-supports-top-3-aerosol\/","title":{"rendered":"Peinture multi supports TOP 3+ A\u00e9rosol"},"content":{"rendered":"<p class=\"p1\">Existe en Brillant, Mat et Satin.<\/p>\n<p class=\"p1\">Microporeuse sur bois.<br \/>\nAntirouille sur fer.<br \/>\nAdapt\u00e9e \u00e0 de nombreux mat\u00e9riaux.<br \/>\nInt\u00e9rieur et ext\u00e9rieur.<br \/>\nTr\u00e8s r\u00e9sistante et polyvalente.<\/p>\n<p class=\"p1\"><strong>Propri\u00e9t\u00e9s :\u00a0<\/strong><\/p>\n<ul>\n<li>Peinture laqu\u00e9e satin\u00e9e, destin\u00e9e en int\u00e9rieur et ext\u00e9rieur \u00e0 la d\u00e9coration et \u00e0 la protection des bois, des m\u00e9taux et des divers mat\u00e9riaux.<\/li>\n<li>R\u00e9sultats garantis jusqu&rsquo;\u00e0 8 ans.<\/li>\n<\/ul>\n<p>BOIS :<\/p>\n<ul>\n<li>Volets, menuiseries, huisseries, mur, etc&#8230;<\/li>\n<li>La peinture est microporeuse et prot\u00e8ge de l&rsquo;humidit\u00e9.<\/li>\n<li>Elle s&rsquo;oppose sans cloquer au vieillissement et \u00e0 la d\u00e9gradation des bois neufs ou anciens.<\/li>\n<\/ul>\n<p>FERS :<\/p>\n<ul>\n<li>Portails, ferronneries, mobiliers ext\u00e9rieurs, objets d\u00e9coratifs<\/li>\n<li>Prot\u00e8ge de la rouille gr\u00e2ce \u00e0 ses composants antirouille.<\/li>\n<li>Peut s&rsquo;appliquer directement sur rouille l\u00e9g\u00e8re.<\/li>\n<\/ul>\n<p>MATERIAUX DIVERS :<\/p>\n<ul>\n<li>Brique, b\u00e9ton, ciment, parpaing etc&#8230;<\/li>\n<li>La peinture laisse les supports respirer et r\u00e9siste sans cloquer sur tous les mat\u00e9riaux pr\u00e9par\u00e9s.<\/li>\n<li>Tr\u00e8s r\u00e9sistant aux intemp\u00e9ries et de longue dur\u00e9e, cette peinture microporeuse laisse les mat\u00e9riaux respirer \u00e9vitant ainsi les cloquages.<\/li>\n<\/ul>\n","protected":false},"excerpt":{"rendered":"<p><strong>Bois &#8211; Fers &#8211; PVC<\/strong><\/p>\n","protected":false},"featured_media":10746,"template":"","meta":[],"product_cat":[63],"product_tag":[121],"acf":[],"yoast_head":"<!-- This site is optimized with the Yoast SEO plugin v21.9 - https:\/\/yoast.com\/wordpress\/plugins\/seo\/ -->\n<title>Peinture multi supports TOP 3+ A\u00e9rosol - Les Forestiers Associ\u00e9s<\/title>\n<meta name=\"robots\" content=\"index, follow, max-snippet:-1, max-image-preview:large, max-video-preview:-1\" \/>\n<link rel=\"canonical\" href=\"https:\/\/lesforestiersassocies.fr\/index.php\/produit\/peinture-multi-supports-top-3-aerosol\/\" \/>\n<meta property=\"og:locale\" content=\"fr_FR\" \/>\n<meta property=\"og:type\" content=\"article\" \/>\n<meta property=\"og:title\" content=\"Peinture multi supports TOP 3+ A\u00e9rosol - Les Forestiers Associ\u00e9s\" \/>\n<meta property=\"og:description\" content=\"Bois - Fers - PVC\" \/>\n<meta property=\"og:url\" content=\"https:\/\/lesforestiersassocies.fr\/index.php\/produit\/peinture-multi-supports-top-3-aerosol\/\" \/>\n<meta property=\"og:site_name\" content=\"Les Forestiers Associ\u00e9s\" \/>\n<meta property=\"article:modified_time\" content=\"2024-02-23T15:02:46+00:00\" \/>\n<meta property=\"og:image\" content=\"https:\/\/lesforestiersassocies.fr\/wp-content\/uploads\/2024\/02\/multi-support-aerosol.webp\" \/>\n\t<meta property=\"og:image:width\" content=\"523\" \/>\n\t<meta property=\"og:image:height\" content=\"650\" \/>\n\t<meta property=\"og:image:type\" content=\"image\/webp\" \/>\n<meta name=\"twitter:card\" content=\"summary_large_image\" \/>\n<meta name=\"twitter:label1\" content=\"Dur\u00e9e de lecture estim\u00e9e\" \/>\n\t<meta name=\"twitter:data1\" content=\"1 minute\" \/>\n<script type=\"application\/ld+json\" class=\"yoast-schema-graph\">{\"@context\":\"https:\/\/schema.org\",\"@graph\":[{\"@type\":\"WebPage\",\"@id\":\"https:\/\/lesforestiersassocies.fr\/index.php\/produit\/peinture-multi-supports-top-3-aerosol\/\",\"url\":\"https:\/\/lesforestiersassocies.fr\/index.php\/produit\/peinture-multi-supports-top-3-aerosol\/\",\"name\":\"Peinture multi supports TOP 3+ A\u00e9rosol - Les Forestiers Associ\u00e9s\",\"isPartOf\":{\"@id\":\"https:\/\/lesforestiersassocies.fr\/#website\"},\"datePublished\":\"2024-02-23T15:01:31+00:00\",\"dateModified\":\"2024-02-23T15:02:46+00:00\",\"breadcrumb\":{\"@id\":\"https:\/\/lesforestiersassocies.fr\/index.php\/produit\/peinture-multi-supports-top-3-aerosol\/#breadcrumb\"},\"inLanguage\":\"fr-FR\",\"potentialAction\":[{\"@type\":\"ReadAction\",\"target\":[\"https:\/\/lesforestiersassocies.fr\/index.php\/produit\/peinture-multi-supports-top-3-aerosol\/\"]}]},{\"@type\":\"BreadcrumbList\",\"@id\":\"https:\/\/lesforestiersassocies.fr\/index.php\/produit\/peinture-multi-supports-top-3-aerosol\/#breadcrumb\",\"itemListElement\":[{\"@type\":\"ListItem\",\"position\":1,\"name\":\"Accueil\",\"item\":\"https:\/\/lesforestiersassocies.fr\/\"},{\"@type\":\"ListItem\",\"position\":2,\"name\":\"Inventory\",\"item\":\"https:\/\/lesforestiersassocies.fr\/index.php\/inventory\/\"},{\"@type\":\"ListItem\",\"position\":3,\"name\":\"Peinture multi supports TOP 3+ A\u00e9rosol\"}]},{\"@type\":\"WebSite\",\"@id\":\"https:\/\/lesforestiersassocies.fr\/#website\",\"url\":\"https:\/\/lesforestiersassocies.fr\/\",\"name\":\"Les Forestiers Associ\u00e9s\",\"description\":\"Les Forestiers Associ\u00e9s\",\"publisher\":{\"@id\":\"https:\/\/lesforestiersassocies.fr\/#organization\"},\"potentialAction\":[{\"@type\":\"SearchAction\",\"target\":{\"@type\":\"EntryPoint\",\"urlTemplate\":\"https:\/\/lesforestiersassocies.fr\/?s={search_term_string}\"},\"query-input\":\"required name=search_term_string\"}],\"inLanguage\":\"fr-FR\"},{\"@type\":\"Organization\",\"@id\":\"https:\/\/lesforestiersassocies.fr\/#organization\",\"name\":\"Les Forestiers Associ\u00e9s\",\"url\":\"https:\/\/lesforestiersassocies.fr\/\",\"logo\":{\"@type\":\"ImageObject\",\"inLanguage\":\"fr-FR\",\"@id\":\"https:\/\/lesforestiersassocies.fr\/#\/schema\/logo\/image\/\",\"url\":\"http:\/\/lesforestiersassocies.fr\/wp-content\/uploads\/2019\/01\/LFA-Logo.jpg\",\"contentUrl\":\"http:\/\/lesforestiersassocies.fr\/wp-content\/uploads\/2019\/01\/LFA-Logo.jpg\",\"width\":905,\"height\":314,\"caption\":\"Les Forestiers Associ\u00e9s\"},\"image\":{\"@id\":\"https:\/\/lesforestiersassocies.fr\/#\/schema\/logo\/image\/\"}}]}<\/script>\n<!-- \/ Yoast SEO plugin. -->","yoast_head_json":{"title":"Peinture multi supports TOP 3+ A\u00e9rosol - Les Forestiers Associ\u00e9s","robots":{"index":"index","follow":"follow","max-snippet":"max-snippet:-1","max-image-preview":"max-image-preview:large","max-video-preview":"max-video-preview:-1"},"canonical":"https:\/\/lesforestiersassocies.fr\/index.php\/produit\/peinture-multi-supports-top-3-aerosol\/","og_locale":"fr_FR","og_type":"article","og_title":"Peinture multi supports TOP 3+ A\u00e9rosol - Les Forestiers Associ\u00e9s","og_description":"Bois - Fers - PVC","og_url":"https:\/\/lesforestiersassocies.fr\/index.php\/produit\/peinture-multi-supports-top-3-aerosol\/","og_site_name":"Les Forestiers Associ\u00e9s","article_modified_time":"2024-02-23T15:02:46+00:00","og_image":[{"width":523,"height":650,"url":"https:\/\/lesforestiersassocies.fr\/wp-content\/uploads\/2024\/02\/multi-support-aerosol.webp","type":"image\/webp"}],"twitter_card":"summary_large_image","twitter_misc":{"Dur\u00e9e de lecture estim\u00e9e":"1 minute"},"schema":{"@context":"https:\/\/schema.org","@graph":[{"@type":"WebPage","@id":"https:\/\/lesforestiersassocies.fr\/index.php\/produit\/peinture-multi-supports-top-3-aerosol\/","url":"https:\/\/lesforestiersassocies.fr\/index.php\/produit\/peinture-multi-supports-top-3-aerosol\/","name":"Peinture multi supports TOP 3+ A\u00e9rosol - Les Forestiers Associ\u00e9s","isPartOf":{"@id":"https:\/\/lesforestiersassocies.fr\/#website"},"datePublished":"2024-02-23T15:01:31+00:00","dateModified":"2024-02-23T15:02:46+00:00","breadcrumb":{"@id":"https:\/\/lesforestiersassocies.fr\/index.php\/produit\/peinture-multi-supports-top-3-aerosol\/#breadcrumb"},"inLanguage":"fr-FR","potentialAction":[{"@type":"ReadAction","target":["https:\/\/lesforestiersassocies.fr\/index.php\/produit\/peinture-multi-supports-top-3-aerosol\/"]}]},{"@type":"BreadcrumbList","@id":"https:\/\/lesforestiersassocies.fr\/index.php\/produit\/peinture-multi-supports-top-3-aerosol\/#breadcrumb","itemListElement":[{"@type":"ListItem","position":1,"name":"Accueil","item":"https:\/\/lesforestiersassocies.fr\/"},{"@type":"ListItem","position":2,"name":"Inventory","item":"https:\/\/lesforestiersassocies.fr\/index.php\/inventory\/"},{"@type":"ListItem","position":3,"name":"Peinture multi supports TOP 3+ A\u00e9rosol"}]},{"@type":"WebSite","@id":"https:\/\/lesforestiersassocies.fr\/#website","url":"https:\/\/lesforestiersassocies.fr\/","name":"Les Forestiers Associ\u00e9s","description":"Les Forestiers Associ\u00e9s","publisher":{"@id":"https:\/\/lesforestiersassocies.fr\/#organization"},"potentialAction":[{"@type":"SearchAction","target":{"@type":"EntryPoint","urlTemplate":"https:\/\/lesforestiersassocies.fr\/?s={search_term_string}"},"query-input":"required name=search_term_string"}],"inLanguage":"fr-FR"},{"@type":"Organization","@id":"https:\/\/lesforestiersassocies.fr\/#organization","name":"Les Forestiers Associ\u00e9s","url":"https:\/\/lesforestiersassocies.fr\/","logo":{"@type":"ImageObject","inLanguage":"fr-FR","@id":"https:\/\/lesforestiersassocies.fr\/#\/schema\/logo\/image\/","url":"http:\/\/lesforestiersassocies.fr\/wp-content\/uploads\/2019\/01\/LFA-Logo.jpg","contentUrl":"http:\/\/lesforestiersassocies.fr\/wp-content\/uploads\/2019\/01\/LFA-Logo.jpg","width":905,"height":314,"caption":"Les Forestiers Associ\u00e9s"},"image":{"@id":"https:\/\/lesforestiersassocies.fr\/#\/schema\/logo\/image\/"}}]}},"_links":{"self":[{"href":"https:\/\/lesforestiersassocies.fr\/index.php\/wp-json\/wp\/v2\/product\/10745"}],"collection":[{"href":"https:\/\/lesforestiersassocies.fr\/index.php\/wp-json\/wp\/v2\/product"}],"about":[{"href":"https:\/\/lesforestiersassocies.fr\/index.php\/wp-json\/wp\/v2\/types\/product"}],"wp:featuredmedia":[{"embeddable":true,"href":"https:\/\/lesforestiersassocies.fr\/index.php\/wp-json\/wp\/v2\/media\/10746"}],"wp:attachment":[{"href":"https:\/\/lesforestiersassocies.fr\/index.php\/wp-json\/wp\/v2\/media?parent=10745"}],"wp:term":[{"taxonomy":"product_cat","embeddable":true,"href":"https:\/\/lesforestiersassocies.fr\/index.php\/wp-json\/wp\/v2\/product_cat?post=10745"},{"taxonomy":"product_tag","embeddable":true,"href":"https:\/\/lesforestiersassocies.fr\/index.php\/wp-json\/wp\/v2\/product_tag?post=10745"}],"curies":[{"name":"wp","href":"https:\/\/api.w.org\/{rel}","templated":true}]}}