{"id":10926,"date":"2024-03-21T10:26:56","date_gmt":"2024-03-21T09:26:56","guid":{"rendered":"https:\/\/lesforestiersassocies.fr\/?post_type=product&#038;p=10926"},"modified":"2024-03-22T16:28:24","modified_gmt":"2024-03-22T15:28:24","slug":"sac-de-15-kg-pellet-asflam","status":"publish","type":"product","link":"https:\/\/lesforestiersassocies.fr\/index.php\/produit\/sac-de-15-kg-pellet-asflam\/","title":{"rendered":"Sac de 15 kg pellet ASFLAM"},"content":{"rendered":"<p><strong>Produit certifi\u00e9<\/strong> : Granul\u00e9s Biocombustibles<\/p>\n<p><strong>Num\u00e9ro d&rsquo;identification<\/strong> : F27210 &#8211; 009<\/p>\n<p><strong>Choix<\/strong> : Bois Qualit\u00e9 Haute Performance<\/p>\n<p><strong>Qualit\u00e9<\/strong> : PREMIUM Haute Performance<\/p>\n<p><strong>Usage<\/strong> : Po\u00eales et chaudi\u00e8res domestiques \u00e0 bois<\/p>\n<p><strong>Origine<\/strong> : Bois naturel 100 % R\u00e9sineux<\/p>\n<p><strong>Ecocertification<\/strong> : Issue de mati\u00e8re premi\u00e8re certifi\u00e9e conforme au d\u00e9veloppement durable. PEFC\/10-31-2120<\/p>\n<p><strong>Taux d&rsquo;humidit\u00e9 brut<\/strong> : &lt; 8 %<\/p>\n<p><strong>Durabilit\u00e9<\/strong> : Sup ou \u00e9gal \u00e0 97.5 %<\/p>\n<p><strong>Pourcentage de fines<\/strong> : Inf ou \u00e9gal \u00e0 1 %<\/p>\n<p><strong>Longueur (90 % en masse)<\/strong> : 10 \u00e0 30 mm<\/p>\n<p><strong>Diam\u00e8tre<\/strong> :\u00a0 6 +\/- 1 mm<\/p>\n<p><strong>Teneur en cendre sur sec<\/strong> : Inf ou \u00e9gal \u00e0 0.7 %<\/p>\n<p><strong>Additif naturel (amidon, m\u00e9lasse, huile v\u00e9g\u00e9tale sur sec)<\/strong> : N\u00e9ant &#8211; Aucun Additif<\/p>\n","protected":false},"excerpt":{"rendered":"<p>Produit certifi\u00e9 : Granul\u00e9s Biocombustibles Num\u00e9ro d&rsquo;identification : F27210 &#8211; [&hellip;]<\/p>\n","protected":false},"featured_media":10962,"template":"","meta":[],"product_cat":[67],"product_tag":[109],"acf":[],"yoast_head":"<!-- This site is optimized with the Yoast SEO plugin v21.9 - https:\/\/yoast.com\/wordpress\/plugins\/seo\/ -->\n<title>Sac de 15 kg pellet ASFLAM - Les Forestiers Associ\u00e9s<\/title>\n<meta name=\"robots\" content=\"index, follow, max-snippet:-1, max-image-preview:large, max-video-preview:-1\" \/>\n<link rel=\"canonical\" href=\"https:\/\/lesforestiersassocies.fr\/index.php\/produit\/sac-de-15-kg-pellet-asflam\/\" \/>\n<meta property=\"og:locale\" content=\"fr_FR\" \/>\n<meta property=\"og:type\" content=\"article\" \/>\n<meta property=\"og:title\" content=\"Sac de 15 kg pellet ASFLAM - Les Forestiers Associ\u00e9s\" \/>\n<meta property=\"og:description\" content=\"Produit certifi\u00e9 : Granul\u00e9s Biocombustibles Num\u00e9ro d&rsquo;identification : F27210 &#8211; [&hellip;]\" \/>\n<meta property=\"og:url\" content=\"https:\/\/lesforestiersassocies.fr\/index.php\/produit\/sac-de-15-kg-pellet-asflam\/\" \/>\n<meta property=\"og:site_name\" content=\"Les Forestiers Associ\u00e9s\" \/>\n<meta property=\"article:modified_time\" content=\"2024-03-22T15:28:24+00:00\" \/>\n<meta property=\"og:image\" content=\"https:\/\/lesforestiersassocies.fr\/wp-content\/uploads\/2024\/03\/IMG_0882-1.jpg\" \/>\n\t<meta property=\"og:image:width\" content=\"401\" \/>\n\t<meta property=\"og:image:height\" content=\"280\" \/>\n\t<meta property=\"og:image:type\" content=\"image\/jpeg\" \/>\n<meta name=\"twitter:card\" content=\"summary_large_image\" \/>\n<meta name=\"twitter:label1\" content=\"Dur\u00e9e de lecture estim\u00e9e\" \/>\n\t<meta name=\"twitter:data1\" content=\"1 minute\" \/>\n<script type=\"application\/ld+json\" class=\"yoast-schema-graph\">{\"@context\":\"https:\/\/schema.org\",\"@graph\":[{\"@type\":\"WebPage\",\"@id\":\"https:\/\/lesforestiersassocies.fr\/index.php\/produit\/sac-de-15-kg-pellet-asflam\/\",\"url\":\"https:\/\/lesforestiersassocies.fr\/index.php\/produit\/sac-de-15-kg-pellet-asflam\/\",\"name\":\"Sac de 15 kg pellet ASFLAM - Les Forestiers Associ\u00e9s\",\"isPartOf\":{\"@id\":\"https:\/\/lesforestiersassocies.fr\/#website\"},\"datePublished\":\"2024-03-21T09:26:56+00:00\",\"dateModified\":\"2024-03-22T15:28:24+00:00\",\"breadcrumb\":{\"@id\":\"https:\/\/lesforestiersassocies.fr\/index.php\/produit\/sac-de-15-kg-pellet-asflam\/#breadcrumb\"},\"inLanguage\":\"fr-FR\",\"potentialAction\":[{\"@type\":\"ReadAction\",\"target\":[\"https:\/\/lesforestiersassocies.fr\/index.php\/produit\/sac-de-15-kg-pellet-asflam\/\"]}]},{\"@type\":\"BreadcrumbList\",\"@id\":\"https:\/\/lesforestiersassocies.fr\/index.php\/produit\/sac-de-15-kg-pellet-asflam\/#breadcrumb\",\"itemListElement\":[{\"@type\":\"ListItem\",\"position\":1,\"name\":\"Accueil\",\"item\":\"https:\/\/lesforestiersassocies.fr\/\"},{\"@type\":\"ListItem\",\"position\":2,\"name\":\"Inventory\",\"item\":\"https:\/\/lesforestiersassocies.fr\/index.php\/inventory\/\"},{\"@type\":\"ListItem\",\"position\":3,\"name\":\"Sac de 15 kg pellet ASFLAM\"}]},{\"@type\":\"WebSite\",\"@id\":\"https:\/\/lesforestiersassocies.fr\/#website\",\"url\":\"https:\/\/lesforestiersassocies.fr\/\",\"name\":\"Les Forestiers Associ\u00e9s\",\"description\":\"Les Forestiers Associ\u00e9s\",\"publisher\":{\"@id\":\"https:\/\/lesforestiersassocies.fr\/#organization\"},\"potentialAction\":[{\"@type\":\"SearchAction\",\"target\":{\"@type\":\"EntryPoint\",\"urlTemplate\":\"https:\/\/lesforestiersassocies.fr\/?s={search_term_string}\"},\"query-input\":\"required name=search_term_string\"}],\"inLanguage\":\"fr-FR\"},{\"@type\":\"Organization\",\"@id\":\"https:\/\/lesforestiersassocies.fr\/#organization\",\"name\":\"Les Forestiers Associ\u00e9s\",\"url\":\"https:\/\/lesforestiersassocies.fr\/\",\"logo\":{\"@type\":\"ImageObject\",\"inLanguage\":\"fr-FR\",\"@id\":\"https:\/\/lesforestiersassocies.fr\/#\/schema\/logo\/image\/\",\"url\":\"http:\/\/lesforestiersassocies.fr\/wp-content\/uploads\/2019\/01\/LFA-Logo.jpg\",\"contentUrl\":\"http:\/\/lesforestiersassocies.fr\/wp-content\/uploads\/2019\/01\/LFA-Logo.jpg\",\"width\":905,\"height\":314,\"caption\":\"Les Forestiers Associ\u00e9s\"},\"image\":{\"@id\":\"https:\/\/lesforestiersassocies.fr\/#\/schema\/logo\/image\/\"}}]}<\/script>\n<!-- \/ Yoast SEO plugin. -->","yoast_head_json":{"title":"Sac de 15 kg pellet ASFLAM - Les Forestiers Associ\u00e9s","robots":{"index":"index","follow":"follow","max-snippet":"max-snippet:-1","max-image-preview":"max-image-preview:large","max-video-preview":"max-video-preview:-1"},"canonical":"https:\/\/lesforestiersassocies.fr\/index.php\/produit\/sac-de-15-kg-pellet-asflam\/","og_locale":"fr_FR","og_type":"article","og_title":"Sac de 15 kg pellet ASFLAM - Les Forestiers Associ\u00e9s","og_description":"Produit certifi\u00e9 : Granul\u00e9s Biocombustibles Num\u00e9ro d&rsquo;identification : F27210 &#8211; [&hellip;]","og_url":"https:\/\/lesforestiersassocies.fr\/index.php\/produit\/sac-de-15-kg-pellet-asflam\/","og_site_name":"Les Forestiers Associ\u00e9s","article_modified_time":"2024-03-22T15:28:24+00:00","og_image":[{"width":401,"height":280,"url":"https:\/\/lesforestiersassocies.fr\/wp-content\/uploads\/2024\/03\/IMG_0882-1.jpg","type":"image\/jpeg"}],"twitter_card":"summary_large_image","twitter_misc":{"Dur\u00e9e de lecture estim\u00e9e":"1 minute"},"schema":{"@context":"https:\/\/schema.org","@graph":[{"@type":"WebPage","@id":"https:\/\/lesforestiersassocies.fr\/index.php\/produit\/sac-de-15-kg-pellet-asflam\/","url":"https:\/\/lesforestiersassocies.fr\/index.php\/produit\/sac-de-15-kg-pellet-asflam\/","name":"Sac de 15 kg pellet ASFLAM - Les Forestiers Associ\u00e9s","isPartOf":{"@id":"https:\/\/lesforestiersassocies.fr\/#website"},"datePublished":"2024-03-21T09:26:56+00:00","dateModified":"2024-03-22T15:28:24+00:00","breadcrumb":{"@id":"https:\/\/lesforestiersassocies.fr\/index.php\/produit\/sac-de-15-kg-pellet-asflam\/#breadcrumb"},"inLanguage":"fr-FR","potentialAction":[{"@type":"ReadAction","target":["https:\/\/lesforestiersassocies.fr\/index.php\/produit\/sac-de-15-kg-pellet-asflam\/"]}]},{"@type":"BreadcrumbList","@id":"https:\/\/lesforestiersassocies.fr\/index.php\/produit\/sac-de-15-kg-pellet-asflam\/#breadcrumb","itemListElement":[{"@type":"ListItem","position":1,"name":"Accueil","item":"https:\/\/lesforestiersassocies.fr\/"},{"@type":"ListItem","position":2,"name":"Inventory","item":"https:\/\/lesforestiersassocies.fr\/index.php\/inventory\/"},{"@type":"ListItem","position":3,"name":"Sac de 15 kg pellet ASFLAM"}]},{"@type":"WebSite","@id":"https:\/\/lesforestiersassocies.fr\/#website","url":"https:\/\/lesforestiersassocies.fr\/","name":"Les Forestiers Associ\u00e9s","description":"Les Forestiers Associ\u00e9s","publisher":{"@id":"https:\/\/lesforestiersassocies.fr\/#organization"},"potentialAction":[{"@type":"SearchAction","target":{"@type":"EntryPoint","urlTemplate":"https:\/\/lesforestiersassocies.fr\/?s={search_term_string}"},"query-input":"required name=search_term_string"}],"inLanguage":"fr-FR"},{"@type":"Organization","@id":"https:\/\/lesforestiersassocies.fr\/#organization","name":"Les Forestiers Associ\u00e9s","url":"https:\/\/lesforestiersassocies.fr\/","logo":{"@type":"ImageObject","inLanguage":"fr-FR","@id":"https:\/\/lesforestiersassocies.fr\/#\/schema\/logo\/image\/","url":"http:\/\/lesforestiersassocies.fr\/wp-content\/uploads\/2019\/01\/LFA-Logo.jpg","contentUrl":"http:\/\/lesforestiersassocies.fr\/wp-content\/uploads\/2019\/01\/LFA-Logo.jpg","width":905,"height":314,"caption":"Les Forestiers Associ\u00e9s"},"image":{"@id":"https:\/\/lesforestiersassocies.fr\/#\/schema\/logo\/image\/"}}]}},"_links":{"self":[{"href":"https:\/\/lesforestiersassocies.fr\/index.php\/wp-json\/wp\/v2\/product\/10926"}],"collection":[{"href":"https:\/\/lesforestiersassocies.fr\/index.php\/wp-json\/wp\/v2\/product"}],"about":[{"href":"https:\/\/lesforestiersassocies.fr\/index.php\/wp-json\/wp\/v2\/types\/product"}],"wp:featuredmedia":[{"embeddable":true,"href":"https:\/\/lesforestiersassocies.fr\/index.php\/wp-json\/wp\/v2\/media\/10962"}],"wp:attachment":[{"href":"https:\/\/lesforestiersassocies.fr\/index.php\/wp-json\/wp\/v2\/media?parent=10926"}],"wp:term":[{"taxonomy":"product_cat","embeddable":true,"href":"https:\/\/lesforestiersassocies.fr\/index.php\/wp-json\/wp\/v2\/product_cat?post=10926"},{"taxonomy":"product_tag","embeddable":true,"href":"https:\/\/lesforestiersassocies.fr\/index.php\/wp-json\/wp\/v2\/product_tag?post=10926"}],"curies":[{"name":"wp","href":"https:\/\/api.w.org\/{rel}","templated":true}]}}