{"id":11145,"date":"2024-05-24T11:35:08","date_gmt":"2024-05-24T09:35:08","guid":{"rendered":"http:\/\/lesforestiersassocies.fr\/?post_type=product&#038;p=11145"},"modified":"2024-06-03T11:34:12","modified_gmt":"2024-06-03T09:34:12","slug":"vis-autoperceuses-o6-3-x-long-80-mm","status":"publish","type":"product","link":"https:\/\/lesforestiersassocies.fr\/index.php\/produit\/vis-autoperceuses-o6-3-x-long-80-mm\/","title":{"rendered":"Vis Autoper\u00e7euses \u00d86.3 x Long.80 mm"},"content":{"rendered":"<p>Ailettes pour percer le bois et \u00e9vacuer les copeaux. T\u00eate frais\u00e9e crant\u00e9e six lobes.<br \/>\nAcier rev\u00eatement Ruspert\u00ae : extr\u00eamem<span class=\"morecontent\">ent robuste et r\u00e9sistant \u00e0 la corrosion.<br \/>\nPas de corrosion par contact. Il absorbe la chaleur d\u00e9gag\u00e9e lors du vissage.<\/span><\/p>\n<p>Ces vis gr\u00e2ce \u00e0 leurs ailettes permettent de percer du bois.<br \/>\nLeur fonction est d&rsquo;assembler ou de fixer du bois sur un support m\u00e9tallique.<br \/>\nLa pointe N\u00b03 est destin\u00e9e \u00e0 percer des \u00e9paisseurs plus fines et le filetage de la vis (filetage t\u00f4le) est orient\u00e9e pour un support creux (tube).<br \/>\nLa pointe N\u00b05 est destin\u00e9e \u00e0 percer des \u00e9paisseurs plus importantes et le filetage de la vis (filetage m\u00e9trique) est orient\u00e9e pour tarauder un support plein (IPN)<br \/>\nLe traitement de surface \u201dRUPERT\u201d qui est appliqu\u00e9 sur l&rsquo;ensemble de la vis, permet de prot\u00e9ger contre la corrosion, la soudure et le foret de la vis.<br \/>\nLa tenue \u00e0 la corrosion de la vis est ainsi optimis\u00e9e pour atteindre environ 1000 heures au brouillard salin.<br \/>\n(L&rsquo;inox A2 a une tenue de 400 heures au brouillard salin pour information)<br \/>\nCes vis sont en empreinte 6 lobes pour une meilleure tenue au vissage et une plus grande pr\u00e9cision.<br \/>\nLa t\u00eate est crant\u00e9e ce qui permet dans les bois tendre de pouvoir frais\u00e9e.<br \/>\nIl est fortement conseill\u00e9 de faire des tests de per\u00e7age selon les bois utilis\u00e9s afin d&rsquo;adapter la vitesse de rotation de la perceuse et d&rsquo;optimiser le vissage.<\/p>\n","protected":false},"excerpt":{"rendered":"<p>Ailettes pour percer le bois et \u00e9vacuer les copeaux. T\u00eate [&hellip;]<\/p>\n","protected":false},"featured_media":11567,"template":"","meta":[],"product_cat":[65],"product_tag":[],"acf":[],"yoast_head":"<!-- This site is optimized with the Yoast SEO plugin v21.9 - https:\/\/yoast.com\/wordpress\/plugins\/seo\/ -->\n<title>Vis Autoper\u00e7euses \u00d86.3 x Long.80 mm - Les Forestiers Associ\u00e9s<\/title>\n<meta name=\"robots\" content=\"index, follow, max-snippet:-1, max-image-preview:large, max-video-preview:-1\" \/>\n<link rel=\"canonical\" href=\"https:\/\/lesforestiersassocies.fr\/index.php\/produit\/vis-autoperceuses-o6-3-x-long-80-mm\/\" \/>\n<meta property=\"og:locale\" content=\"fr_FR\" \/>\n<meta property=\"og:type\" content=\"article\" \/>\n<meta property=\"og:title\" content=\"Vis Autoper\u00e7euses \u00d86.3 x Long.80 mm - Les Forestiers Associ\u00e9s\" \/>\n<meta property=\"og:description\" content=\"Ailettes pour percer le bois et \u00e9vacuer les copeaux. T\u00eate [&hellip;]\" \/>\n<meta property=\"og:url\" content=\"https:\/\/lesforestiersassocies.fr\/index.php\/produit\/vis-autoperceuses-o6-3-x-long-80-mm\/\" \/>\n<meta property=\"og:site_name\" content=\"Les Forestiers Associ\u00e9s\" \/>\n<meta property=\"article:modified_time\" content=\"2024-06-03T09:34:12+00:00\" \/>\n<meta property=\"og:image\" content=\"https:\/\/lesforestiersassocies.fr\/wp-content\/uploads\/2024\/05\/vis-autoperceuse.jpg\" \/>\n\t<meta property=\"og:image:width\" content=\"533\" \/>\n\t<meta property=\"og:image:height\" content=\"410\" \/>\n\t<meta property=\"og:image:type\" content=\"image\/jpeg\" \/>\n<meta name=\"twitter:card\" content=\"summary_large_image\" \/>\n<meta name=\"twitter:label1\" content=\"Dur\u00e9e de lecture estim\u00e9e\" \/>\n\t<meta name=\"twitter:data1\" content=\"2 minutes\" \/>\n<script type=\"application\/ld+json\" class=\"yoast-schema-graph\">{\"@context\":\"https:\/\/schema.org\",\"@graph\":[{\"@type\":\"WebPage\",\"@id\":\"https:\/\/lesforestiersassocies.fr\/index.php\/produit\/vis-autoperceuses-o6-3-x-long-80-mm\/\",\"url\":\"https:\/\/lesforestiersassocies.fr\/index.php\/produit\/vis-autoperceuses-o6-3-x-long-80-mm\/\",\"name\":\"Vis Autoper\u00e7euses \u00d86.3 x Long.80 mm - Les Forestiers Associ\u00e9s\",\"isPartOf\":{\"@id\":\"https:\/\/lesforestiersassocies.fr\/#website\"},\"datePublished\":\"2024-05-24T09:35:08+00:00\",\"dateModified\":\"2024-06-03T09:34:12+00:00\",\"breadcrumb\":{\"@id\":\"https:\/\/lesforestiersassocies.fr\/index.php\/produit\/vis-autoperceuses-o6-3-x-long-80-mm\/#breadcrumb\"},\"inLanguage\":\"fr-FR\",\"potentialAction\":[{\"@type\":\"ReadAction\",\"target\":[\"https:\/\/lesforestiersassocies.fr\/index.php\/produit\/vis-autoperceuses-o6-3-x-long-80-mm\/\"]}]},{\"@type\":\"BreadcrumbList\",\"@id\":\"https:\/\/lesforestiersassocies.fr\/index.php\/produit\/vis-autoperceuses-o6-3-x-long-80-mm\/#breadcrumb\",\"itemListElement\":[{\"@type\":\"ListItem\",\"position\":1,\"name\":\"Accueil\",\"item\":\"https:\/\/lesforestiersassocies.fr\/\"},{\"@type\":\"ListItem\",\"position\":2,\"name\":\"Inventory\",\"item\":\"https:\/\/lesforestiersassocies.fr\/index.php\/inventory\/\"},{\"@type\":\"ListItem\",\"position\":3,\"name\":\"Vis Autoper\u00e7euses \u00d86.3 x Long.80 mm\"}]},{\"@type\":\"WebSite\",\"@id\":\"https:\/\/lesforestiersassocies.fr\/#website\",\"url\":\"https:\/\/lesforestiersassocies.fr\/\",\"name\":\"Les Forestiers Associ\u00e9s\",\"description\":\"Les Forestiers Associ\u00e9s\",\"publisher\":{\"@id\":\"https:\/\/lesforestiersassocies.fr\/#organization\"},\"potentialAction\":[{\"@type\":\"SearchAction\",\"target\":{\"@type\":\"EntryPoint\",\"urlTemplate\":\"https:\/\/lesforestiersassocies.fr\/?s={search_term_string}\"},\"query-input\":\"required name=search_term_string\"}],\"inLanguage\":\"fr-FR\"},{\"@type\":\"Organization\",\"@id\":\"https:\/\/lesforestiersassocies.fr\/#organization\",\"name\":\"Les Forestiers Associ\u00e9s\",\"url\":\"https:\/\/lesforestiersassocies.fr\/\",\"logo\":{\"@type\":\"ImageObject\",\"inLanguage\":\"fr-FR\",\"@id\":\"https:\/\/lesforestiersassocies.fr\/#\/schema\/logo\/image\/\",\"url\":\"http:\/\/lesforestiersassocies.fr\/wp-content\/uploads\/2019\/01\/LFA-Logo.jpg\",\"contentUrl\":\"http:\/\/lesforestiersassocies.fr\/wp-content\/uploads\/2019\/01\/LFA-Logo.jpg\",\"width\":905,\"height\":314,\"caption\":\"Les Forestiers Associ\u00e9s\"},\"image\":{\"@id\":\"https:\/\/lesforestiersassocies.fr\/#\/schema\/logo\/image\/\"}}]}<\/script>\n<!-- \/ Yoast SEO plugin. -->","yoast_head_json":{"title":"Vis Autoper\u00e7euses \u00d86.3 x Long.80 mm - Les Forestiers Associ\u00e9s","robots":{"index":"index","follow":"follow","max-snippet":"max-snippet:-1","max-image-preview":"max-image-preview:large","max-video-preview":"max-video-preview:-1"},"canonical":"https:\/\/lesforestiersassocies.fr\/index.php\/produit\/vis-autoperceuses-o6-3-x-long-80-mm\/","og_locale":"fr_FR","og_type":"article","og_title":"Vis Autoper\u00e7euses \u00d86.3 x Long.80 mm - Les Forestiers Associ\u00e9s","og_description":"Ailettes pour percer le bois et \u00e9vacuer les copeaux. T\u00eate [&hellip;]","og_url":"https:\/\/lesforestiersassocies.fr\/index.php\/produit\/vis-autoperceuses-o6-3-x-long-80-mm\/","og_site_name":"Les Forestiers Associ\u00e9s","article_modified_time":"2024-06-03T09:34:12+00:00","og_image":[{"width":533,"height":410,"url":"https:\/\/lesforestiersassocies.fr\/wp-content\/uploads\/2024\/05\/vis-autoperceuse.jpg","type":"image\/jpeg"}],"twitter_card":"summary_large_image","twitter_misc":{"Dur\u00e9e de lecture estim\u00e9e":"2 minutes"},"schema":{"@context":"https:\/\/schema.org","@graph":[{"@type":"WebPage","@id":"https:\/\/lesforestiersassocies.fr\/index.php\/produit\/vis-autoperceuses-o6-3-x-long-80-mm\/","url":"https:\/\/lesforestiersassocies.fr\/index.php\/produit\/vis-autoperceuses-o6-3-x-long-80-mm\/","name":"Vis Autoper\u00e7euses \u00d86.3 x Long.80 mm - Les Forestiers Associ\u00e9s","isPartOf":{"@id":"https:\/\/lesforestiersassocies.fr\/#website"},"datePublished":"2024-05-24T09:35:08+00:00","dateModified":"2024-06-03T09:34:12+00:00","breadcrumb":{"@id":"https:\/\/lesforestiersassocies.fr\/index.php\/produit\/vis-autoperceuses-o6-3-x-long-80-mm\/#breadcrumb"},"inLanguage":"fr-FR","potentialAction":[{"@type":"ReadAction","target":["https:\/\/lesforestiersassocies.fr\/index.php\/produit\/vis-autoperceuses-o6-3-x-long-80-mm\/"]}]},{"@type":"BreadcrumbList","@id":"https:\/\/lesforestiersassocies.fr\/index.php\/produit\/vis-autoperceuses-o6-3-x-long-80-mm\/#breadcrumb","itemListElement":[{"@type":"ListItem","position":1,"name":"Accueil","item":"https:\/\/lesforestiersassocies.fr\/"},{"@type":"ListItem","position":2,"name":"Inventory","item":"https:\/\/lesforestiersassocies.fr\/index.php\/inventory\/"},{"@type":"ListItem","position":3,"name":"Vis Autoper\u00e7euses \u00d86.3 x Long.80 mm"}]},{"@type":"WebSite","@id":"https:\/\/lesforestiersassocies.fr\/#website","url":"https:\/\/lesforestiersassocies.fr\/","name":"Les Forestiers Associ\u00e9s","description":"Les Forestiers Associ\u00e9s","publisher":{"@id":"https:\/\/lesforestiersassocies.fr\/#organization"},"potentialAction":[{"@type":"SearchAction","target":{"@type":"EntryPoint","urlTemplate":"https:\/\/lesforestiersassocies.fr\/?s={search_term_string}"},"query-input":"required name=search_term_string"}],"inLanguage":"fr-FR"},{"@type":"Organization","@id":"https:\/\/lesforestiersassocies.fr\/#organization","name":"Les Forestiers Associ\u00e9s","url":"https:\/\/lesforestiersassocies.fr\/","logo":{"@type":"ImageObject","inLanguage":"fr-FR","@id":"https:\/\/lesforestiersassocies.fr\/#\/schema\/logo\/image\/","url":"http:\/\/lesforestiersassocies.fr\/wp-content\/uploads\/2019\/01\/LFA-Logo.jpg","contentUrl":"http:\/\/lesforestiersassocies.fr\/wp-content\/uploads\/2019\/01\/LFA-Logo.jpg","width":905,"height":314,"caption":"Les Forestiers Associ\u00e9s"},"image":{"@id":"https:\/\/lesforestiersassocies.fr\/#\/schema\/logo\/image\/"}}]}},"_links":{"self":[{"href":"https:\/\/lesforestiersassocies.fr\/index.php\/wp-json\/wp\/v2\/product\/11145"}],"collection":[{"href":"https:\/\/lesforestiersassocies.fr\/index.php\/wp-json\/wp\/v2\/product"}],"about":[{"href":"https:\/\/lesforestiersassocies.fr\/index.php\/wp-json\/wp\/v2\/types\/product"}],"wp:featuredmedia":[{"embeddable":true,"href":"https:\/\/lesforestiersassocies.fr\/index.php\/wp-json\/wp\/v2\/media\/11567"}],"wp:attachment":[{"href":"https:\/\/lesforestiersassocies.fr\/index.php\/wp-json\/wp\/v2\/media?parent=11145"}],"wp:term":[{"taxonomy":"product_cat","embeddable":true,"href":"https:\/\/lesforestiersassocies.fr\/index.php\/wp-json\/wp\/v2\/product_cat?post=11145"},{"taxonomy":"product_tag","embeddable":true,"href":"https:\/\/lesforestiersassocies.fr\/index.php\/wp-json\/wp\/v2\/product_tag?post=11145"}],"curies":[{"name":"wp","href":"https:\/\/api.w.org\/{rel}","templated":true}]}}