{"id":11272,"date":"2024-05-27T10:57:18","date_gmt":"2024-05-27T08:57:18","guid":{"rendered":"http:\/\/lesforestiersassocies.fr\/?post_type=product&#038;p=11272"},"modified":"2024-05-31T14:41:12","modified_gmt":"2024-05-31T12:41:12","slug":"meche-a-bois-o12-x-long-460-mm","status":"publish","type":"product","link":"https:\/\/lesforestiersassocies.fr\/index.php\/produit\/meche-a-bois-o12-x-long-460-mm\/","title":{"rendered":"M\u00e8che \u00e0 bois \u00d812 x Long.460 mm"},"content":{"rendered":"<div class=\"column small-12 large-12 article_description_longue_2 article_accroche\"><span class=\"article_accroche_contenu\">En acier tremp\u00e9, avec une pointe \u00e0 vis, un couteau et un tra\u00e7oir.<\/span><\/div>\n<div class=\"column small-12 large-12 article_description_courte more\">M\u00e8che id\u00e9ale pour les charpentiers, elle permet le per\u00e7age de trous profonds dans les poutres et<br \/>\nles chevrons en bois ten<span class=\"morecontent\">dres ou durs. Le syst\u00e8me modulaire (empreinte) permet le montage de<br \/>\nfraisoirs \u00e0 fond plat (pour noyer les boulons et \u00e9crous) et d&rsquo;adapter une rallonge.<br \/>\nQueue hexagonale pour un meilleur maintien dans le mandrin.\u00a0\u00a0\u00a0<\/span><\/div>\n<div>Pour travaux intensifs sur bois tendres et durs.<\/div>\n<div><\/div>\n<div>Longueur : 460 mm<\/div>\n<div>Largueur : 390 mm<\/div>\n","protected":false},"excerpt":{"rendered":"<p>En acier tremp\u00e9, avec une pointe \u00e0 vis, un couteau [&hellip;]<\/p>\n","protected":false},"featured_media":11539,"template":"","meta":[],"product_cat":[64],"product_tag":[],"acf":[],"yoast_head":"<!-- This site is optimized with the Yoast SEO plugin v21.9 - https:\/\/yoast.com\/wordpress\/plugins\/seo\/ -->\n<title>M\u00e8che \u00e0 bois \u00d812 x Long.460 mm - Les Forestiers Associ\u00e9s<\/title>\n<meta name=\"robots\" content=\"index, follow, max-snippet:-1, max-image-preview:large, max-video-preview:-1\" \/>\n<link rel=\"canonical\" href=\"https:\/\/lesforestiersassocies.fr\/index.php\/produit\/meche-a-bois-o12-x-long-460-mm\/\" \/>\n<meta property=\"og:locale\" content=\"fr_FR\" \/>\n<meta property=\"og:type\" content=\"article\" \/>\n<meta property=\"og:title\" content=\"M\u00e8che \u00e0 bois \u00d812 x Long.460 mm - Les Forestiers Associ\u00e9s\" \/>\n<meta property=\"og:description\" content=\"En acier tremp\u00e9, avec une pointe \u00e0 vis, un couteau [&hellip;]\" \/>\n<meta property=\"og:url\" content=\"https:\/\/lesforestiersassocies.fr\/index.php\/produit\/meche-a-bois-o12-x-long-460-mm\/\" \/>\n<meta property=\"og:site_name\" content=\"Les Forestiers Associ\u00e9s\" \/>\n<meta property=\"article:modified_time\" content=\"2024-05-31T12:41:12+00:00\" \/>\n<meta property=\"og:image\" content=\"https:\/\/lesforestiersassocies.fr\/wp-content\/uploads\/2024\/05\/meche-a-bois-3.jpg\" \/>\n\t<meta property=\"og:image:width\" content=\"533\" \/>\n\t<meta property=\"og:image:height\" content=\"410\" \/>\n\t<meta property=\"og:image:type\" content=\"image\/jpeg\" \/>\n<meta name=\"twitter:card\" content=\"summary_large_image\" \/>\n<meta name=\"twitter:label1\" content=\"Dur\u00e9e de lecture estim\u00e9e\" \/>\n\t<meta name=\"twitter:data1\" content=\"1 minute\" \/>\n<script type=\"application\/ld+json\" class=\"yoast-schema-graph\">{\"@context\":\"https:\/\/schema.org\",\"@graph\":[{\"@type\":\"WebPage\",\"@id\":\"https:\/\/lesforestiersassocies.fr\/index.php\/produit\/meche-a-bois-o12-x-long-460-mm\/\",\"url\":\"https:\/\/lesforestiersassocies.fr\/index.php\/produit\/meche-a-bois-o12-x-long-460-mm\/\",\"name\":\"M\u00e8che \u00e0 bois \u00d812 x Long.460 mm - Les Forestiers Associ\u00e9s\",\"isPartOf\":{\"@id\":\"https:\/\/lesforestiersassocies.fr\/#website\"},\"datePublished\":\"2024-05-27T08:57:18+00:00\",\"dateModified\":\"2024-05-31T12:41:12+00:00\",\"breadcrumb\":{\"@id\":\"https:\/\/lesforestiersassocies.fr\/index.php\/produit\/meche-a-bois-o12-x-long-460-mm\/#breadcrumb\"},\"inLanguage\":\"fr-FR\",\"potentialAction\":[{\"@type\":\"ReadAction\",\"target\":[\"https:\/\/lesforestiersassocies.fr\/index.php\/produit\/meche-a-bois-o12-x-long-460-mm\/\"]}]},{\"@type\":\"BreadcrumbList\",\"@id\":\"https:\/\/lesforestiersassocies.fr\/index.php\/produit\/meche-a-bois-o12-x-long-460-mm\/#breadcrumb\",\"itemListElement\":[{\"@type\":\"ListItem\",\"position\":1,\"name\":\"Accueil\",\"item\":\"https:\/\/lesforestiersassocies.fr\/\"},{\"@type\":\"ListItem\",\"position\":2,\"name\":\"Inventory\",\"item\":\"https:\/\/lesforestiersassocies.fr\/index.php\/inventory\/\"},{\"@type\":\"ListItem\",\"position\":3,\"name\":\"M\u00e8che \u00e0 bois \u00d812 x Long.460 mm\"}]},{\"@type\":\"WebSite\",\"@id\":\"https:\/\/lesforestiersassocies.fr\/#website\",\"url\":\"https:\/\/lesforestiersassocies.fr\/\",\"name\":\"Les Forestiers Associ\u00e9s\",\"description\":\"Les Forestiers Associ\u00e9s\",\"publisher\":{\"@id\":\"https:\/\/lesforestiersassocies.fr\/#organization\"},\"potentialAction\":[{\"@type\":\"SearchAction\",\"target\":{\"@type\":\"EntryPoint\",\"urlTemplate\":\"https:\/\/lesforestiersassocies.fr\/?s={search_term_string}\"},\"query-input\":\"required name=search_term_string\"}],\"inLanguage\":\"fr-FR\"},{\"@type\":\"Organization\",\"@id\":\"https:\/\/lesforestiersassocies.fr\/#organization\",\"name\":\"Les Forestiers Associ\u00e9s\",\"url\":\"https:\/\/lesforestiersassocies.fr\/\",\"logo\":{\"@type\":\"ImageObject\",\"inLanguage\":\"fr-FR\",\"@id\":\"https:\/\/lesforestiersassocies.fr\/#\/schema\/logo\/image\/\",\"url\":\"http:\/\/lesforestiersassocies.fr\/wp-content\/uploads\/2019\/01\/LFA-Logo.jpg\",\"contentUrl\":\"http:\/\/lesforestiersassocies.fr\/wp-content\/uploads\/2019\/01\/LFA-Logo.jpg\",\"width\":905,\"height\":314,\"caption\":\"Les Forestiers Associ\u00e9s\"},\"image\":{\"@id\":\"https:\/\/lesforestiersassocies.fr\/#\/schema\/logo\/image\/\"}}]}<\/script>\n<!-- \/ Yoast SEO plugin. -->","yoast_head_json":{"title":"M\u00e8che \u00e0 bois \u00d812 x Long.460 mm - Les Forestiers Associ\u00e9s","robots":{"index":"index","follow":"follow","max-snippet":"max-snippet:-1","max-image-preview":"max-image-preview:large","max-video-preview":"max-video-preview:-1"},"canonical":"https:\/\/lesforestiersassocies.fr\/index.php\/produit\/meche-a-bois-o12-x-long-460-mm\/","og_locale":"fr_FR","og_type":"article","og_title":"M\u00e8che \u00e0 bois \u00d812 x Long.460 mm - Les Forestiers Associ\u00e9s","og_description":"En acier tremp\u00e9, avec une pointe \u00e0 vis, un couteau [&hellip;]","og_url":"https:\/\/lesforestiersassocies.fr\/index.php\/produit\/meche-a-bois-o12-x-long-460-mm\/","og_site_name":"Les Forestiers Associ\u00e9s","article_modified_time":"2024-05-31T12:41:12+00:00","og_image":[{"width":533,"height":410,"url":"https:\/\/lesforestiersassocies.fr\/wp-content\/uploads\/2024\/05\/meche-a-bois-3.jpg","type":"image\/jpeg"}],"twitter_card":"summary_large_image","twitter_misc":{"Dur\u00e9e de lecture estim\u00e9e":"1 minute"},"schema":{"@context":"https:\/\/schema.org","@graph":[{"@type":"WebPage","@id":"https:\/\/lesforestiersassocies.fr\/index.php\/produit\/meche-a-bois-o12-x-long-460-mm\/","url":"https:\/\/lesforestiersassocies.fr\/index.php\/produit\/meche-a-bois-o12-x-long-460-mm\/","name":"M\u00e8che \u00e0 bois \u00d812 x Long.460 mm - Les Forestiers Associ\u00e9s","isPartOf":{"@id":"https:\/\/lesforestiersassocies.fr\/#website"},"datePublished":"2024-05-27T08:57:18+00:00","dateModified":"2024-05-31T12:41:12+00:00","breadcrumb":{"@id":"https:\/\/lesforestiersassocies.fr\/index.php\/produit\/meche-a-bois-o12-x-long-460-mm\/#breadcrumb"},"inLanguage":"fr-FR","potentialAction":[{"@type":"ReadAction","target":["https:\/\/lesforestiersassocies.fr\/index.php\/produit\/meche-a-bois-o12-x-long-460-mm\/"]}]},{"@type":"BreadcrumbList","@id":"https:\/\/lesforestiersassocies.fr\/index.php\/produit\/meche-a-bois-o12-x-long-460-mm\/#breadcrumb","itemListElement":[{"@type":"ListItem","position":1,"name":"Accueil","item":"https:\/\/lesforestiersassocies.fr\/"},{"@type":"ListItem","position":2,"name":"Inventory","item":"https:\/\/lesforestiersassocies.fr\/index.php\/inventory\/"},{"@type":"ListItem","position":3,"name":"M\u00e8che \u00e0 bois \u00d812 x Long.460 mm"}]},{"@type":"WebSite","@id":"https:\/\/lesforestiersassocies.fr\/#website","url":"https:\/\/lesforestiersassocies.fr\/","name":"Les Forestiers Associ\u00e9s","description":"Les Forestiers Associ\u00e9s","publisher":{"@id":"https:\/\/lesforestiersassocies.fr\/#organization"},"potentialAction":[{"@type":"SearchAction","target":{"@type":"EntryPoint","urlTemplate":"https:\/\/lesforestiersassocies.fr\/?s={search_term_string}"},"query-input":"required name=search_term_string"}],"inLanguage":"fr-FR"},{"@type":"Organization","@id":"https:\/\/lesforestiersassocies.fr\/#organization","name":"Les Forestiers Associ\u00e9s","url":"https:\/\/lesforestiersassocies.fr\/","logo":{"@type":"ImageObject","inLanguage":"fr-FR","@id":"https:\/\/lesforestiersassocies.fr\/#\/schema\/logo\/image\/","url":"http:\/\/lesforestiersassocies.fr\/wp-content\/uploads\/2019\/01\/LFA-Logo.jpg","contentUrl":"http:\/\/lesforestiersassocies.fr\/wp-content\/uploads\/2019\/01\/LFA-Logo.jpg","width":905,"height":314,"caption":"Les Forestiers Associ\u00e9s"},"image":{"@id":"https:\/\/lesforestiersassocies.fr\/#\/schema\/logo\/image\/"}}]}},"_links":{"self":[{"href":"https:\/\/lesforestiersassocies.fr\/index.php\/wp-json\/wp\/v2\/product\/11272"}],"collection":[{"href":"https:\/\/lesforestiersassocies.fr\/index.php\/wp-json\/wp\/v2\/product"}],"about":[{"href":"https:\/\/lesforestiersassocies.fr\/index.php\/wp-json\/wp\/v2\/types\/product"}],"wp:featuredmedia":[{"embeddable":true,"href":"https:\/\/lesforestiersassocies.fr\/index.php\/wp-json\/wp\/v2\/media\/11539"}],"wp:attachment":[{"href":"https:\/\/lesforestiersassocies.fr\/index.php\/wp-json\/wp\/v2\/media?parent=11272"}],"wp:term":[{"taxonomy":"product_cat","embeddable":true,"href":"https:\/\/lesforestiersassocies.fr\/index.php\/wp-json\/wp\/v2\/product_cat?post=11272"},{"taxonomy":"product_tag","embeddable":true,"href":"https:\/\/lesforestiersassocies.fr\/index.php\/wp-json\/wp\/v2\/product_tag?post=11272"}],"curies":[{"name":"wp","href":"https:\/\/api.w.org\/{rel}","templated":true}]}}