{"id":11423,"date":"2024-05-28T14:07:31","date_gmt":"2024-05-28T12:07:31","guid":{"rendered":"http:\/\/lesforestiersassocies.fr\/?post_type=product&#038;p=11423"},"modified":"2024-06-03T16:48:21","modified_gmt":"2024-06-03T14:48:21","slug":"disque-a-poncer-o-150-mm-grain-240","status":"publish","type":"product","link":"https:\/\/lesforestiersassocies.fr\/index.php\/produit\/disque-a-poncer-o-150-mm-grain-240\/","title":{"rendered":"Disque \u00e0 poncer \u00d8 150 mm Grain 240"},"content":{"rendered":"<div class=\"column small-12 large-12 article_description_longue_2 article_accroche\"><span class=\"article_accroche_contenu\">Pon\u00e7age polyvalent sans poussi\u00e8re.<\/span><\/div>\n<div class=\"column small-12 large-12 article_description_courte more\">La structure en maillage permet un pon\u00e7age efficace, une aspiration performante et un non encrassement du disque. Une dur\u00e9e <span class=\"morecontent\">de vie bien sup\u00e9rieure. <\/span><\/div>\n<div class=\"column small-12 large-12 article_description_courte more\"><span class=\"morecontent\">Cette structure et ses milliers de trous permettent une aspiration ph\u00e9nom\u00e9nale de la poussi\u00e8re. La distance entre chaque trou est de 0,5 mm. <\/span><\/div>\n<div class=\"column small-12 large-12 article_description_courte more\"><span class=\"morecontent\">La conception intelligente de l\u2019Abranet apporte de nombreux avantages. <\/span><\/div>\n<div class=\"column small-12 large-12 article_description_courte more\"><span class=\"morecontent\">Gr\u00e2ce \u00e0 une \u00e9vacuation en continu des particules, le pon\u00e7age n\u2019\u00e9met pratiquement aucune poussi\u00e8re pour un r\u00e9sultat parfait.\u00a0\u00a0\u00a0<\/span><\/div>\n","protected":false},"excerpt":{"rendered":"<p>Pon\u00e7age polyvalent sans poussi\u00e8re. La structure en maillage permet un [&hellip;]<\/p>\n","protected":false},"featured_media":11597,"template":"","meta":[],"product_cat":[65],"product_tag":[],"acf":[],"yoast_head":"<!-- This site is optimized with the Yoast SEO plugin v21.9 - https:\/\/yoast.com\/wordpress\/plugins\/seo\/ -->\n<title>Disque \u00e0 poncer \u00d8 150 mm Grain 240 - Les Forestiers Associ\u00e9s<\/title>\n<meta name=\"robots\" content=\"index, follow, max-snippet:-1, max-image-preview:large, max-video-preview:-1\" \/>\n<link rel=\"canonical\" href=\"https:\/\/lesforestiersassocies.fr\/index.php\/produit\/disque-a-poncer-o-150-mm-grain-240\/\" \/>\n<meta property=\"og:locale\" content=\"fr_FR\" \/>\n<meta property=\"og:type\" content=\"article\" \/>\n<meta property=\"og:title\" content=\"Disque \u00e0 poncer \u00d8 150 mm Grain 240 - Les Forestiers Associ\u00e9s\" \/>\n<meta property=\"og:description\" content=\"Pon\u00e7age polyvalent sans poussi\u00e8re. La structure en maillage permet un [&hellip;]\" \/>\n<meta property=\"og:url\" content=\"https:\/\/lesforestiersassocies.fr\/index.php\/produit\/disque-a-poncer-o-150-mm-grain-240\/\" \/>\n<meta property=\"og:site_name\" content=\"Les Forestiers Associ\u00e9s\" \/>\n<meta property=\"article:modified_time\" content=\"2024-06-03T14:48:21+00:00\" \/>\n<meta property=\"og:image\" content=\"https:\/\/lesforestiersassocies.fr\/wp-content\/uploads\/2024\/05\/disque-a-poncer-.jpg\" \/>\n\t<meta property=\"og:image:width\" content=\"596\" \/>\n\t<meta property=\"og:image:height\" content=\"473\" \/>\n\t<meta property=\"og:image:type\" content=\"image\/jpeg\" \/>\n<meta name=\"twitter:card\" content=\"summary_large_image\" \/>\n<meta name=\"twitter:label1\" content=\"Dur\u00e9e de lecture estim\u00e9e\" \/>\n\t<meta name=\"twitter:data1\" content=\"1 minute\" \/>\n<script type=\"application\/ld+json\" class=\"yoast-schema-graph\">{\"@context\":\"https:\/\/schema.org\",\"@graph\":[{\"@type\":\"WebPage\",\"@id\":\"https:\/\/lesforestiersassocies.fr\/index.php\/produit\/disque-a-poncer-o-150-mm-grain-240\/\",\"url\":\"https:\/\/lesforestiersassocies.fr\/index.php\/produit\/disque-a-poncer-o-150-mm-grain-240\/\",\"name\":\"Disque \u00e0 poncer \u00d8 150 mm Grain 240 - Les Forestiers Associ\u00e9s\",\"isPartOf\":{\"@id\":\"https:\/\/lesforestiersassocies.fr\/#website\"},\"datePublished\":\"2024-05-28T12:07:31+00:00\",\"dateModified\":\"2024-06-03T14:48:21+00:00\",\"breadcrumb\":{\"@id\":\"https:\/\/lesforestiersassocies.fr\/index.php\/produit\/disque-a-poncer-o-150-mm-grain-240\/#breadcrumb\"},\"inLanguage\":\"fr-FR\",\"potentialAction\":[{\"@type\":\"ReadAction\",\"target\":[\"https:\/\/lesforestiersassocies.fr\/index.php\/produit\/disque-a-poncer-o-150-mm-grain-240\/\"]}]},{\"@type\":\"BreadcrumbList\",\"@id\":\"https:\/\/lesforestiersassocies.fr\/index.php\/produit\/disque-a-poncer-o-150-mm-grain-240\/#breadcrumb\",\"itemListElement\":[{\"@type\":\"ListItem\",\"position\":1,\"name\":\"Accueil\",\"item\":\"https:\/\/lesforestiersassocies.fr\/\"},{\"@type\":\"ListItem\",\"position\":2,\"name\":\"Inventory\",\"item\":\"https:\/\/lesforestiersassocies.fr\/index.php\/inventory\/\"},{\"@type\":\"ListItem\",\"position\":3,\"name\":\"Disque \u00e0 poncer \u00d8 150 mm Grain 240\"}]},{\"@type\":\"WebSite\",\"@id\":\"https:\/\/lesforestiersassocies.fr\/#website\",\"url\":\"https:\/\/lesforestiersassocies.fr\/\",\"name\":\"Les Forestiers Associ\u00e9s\",\"description\":\"Les Forestiers Associ\u00e9s\",\"publisher\":{\"@id\":\"https:\/\/lesforestiersassocies.fr\/#organization\"},\"potentialAction\":[{\"@type\":\"SearchAction\",\"target\":{\"@type\":\"EntryPoint\",\"urlTemplate\":\"https:\/\/lesforestiersassocies.fr\/?s={search_term_string}\"},\"query-input\":\"required name=search_term_string\"}],\"inLanguage\":\"fr-FR\"},{\"@type\":\"Organization\",\"@id\":\"https:\/\/lesforestiersassocies.fr\/#organization\",\"name\":\"Les Forestiers Associ\u00e9s\",\"url\":\"https:\/\/lesforestiersassocies.fr\/\",\"logo\":{\"@type\":\"ImageObject\",\"inLanguage\":\"fr-FR\",\"@id\":\"https:\/\/lesforestiersassocies.fr\/#\/schema\/logo\/image\/\",\"url\":\"http:\/\/lesforestiersassocies.fr\/wp-content\/uploads\/2019\/01\/LFA-Logo.jpg\",\"contentUrl\":\"http:\/\/lesforestiersassocies.fr\/wp-content\/uploads\/2019\/01\/LFA-Logo.jpg\",\"width\":905,\"height\":314,\"caption\":\"Les Forestiers Associ\u00e9s\"},\"image\":{\"@id\":\"https:\/\/lesforestiersassocies.fr\/#\/schema\/logo\/image\/\"}}]}<\/script>\n<!-- \/ Yoast SEO plugin. -->","yoast_head_json":{"title":"Disque \u00e0 poncer \u00d8 150 mm Grain 240 - Les Forestiers Associ\u00e9s","robots":{"index":"index","follow":"follow","max-snippet":"max-snippet:-1","max-image-preview":"max-image-preview:large","max-video-preview":"max-video-preview:-1"},"canonical":"https:\/\/lesforestiersassocies.fr\/index.php\/produit\/disque-a-poncer-o-150-mm-grain-240\/","og_locale":"fr_FR","og_type":"article","og_title":"Disque \u00e0 poncer \u00d8 150 mm Grain 240 - Les Forestiers Associ\u00e9s","og_description":"Pon\u00e7age polyvalent sans poussi\u00e8re. La structure en maillage permet un [&hellip;]","og_url":"https:\/\/lesforestiersassocies.fr\/index.php\/produit\/disque-a-poncer-o-150-mm-grain-240\/","og_site_name":"Les Forestiers Associ\u00e9s","article_modified_time":"2024-06-03T14:48:21+00:00","og_image":[{"width":596,"height":473,"url":"https:\/\/lesforestiersassocies.fr\/wp-content\/uploads\/2024\/05\/disque-a-poncer-.jpg","type":"image\/jpeg"}],"twitter_card":"summary_large_image","twitter_misc":{"Dur\u00e9e de lecture estim\u00e9e":"1 minute"},"schema":{"@context":"https:\/\/schema.org","@graph":[{"@type":"WebPage","@id":"https:\/\/lesforestiersassocies.fr\/index.php\/produit\/disque-a-poncer-o-150-mm-grain-240\/","url":"https:\/\/lesforestiersassocies.fr\/index.php\/produit\/disque-a-poncer-o-150-mm-grain-240\/","name":"Disque \u00e0 poncer \u00d8 150 mm Grain 240 - Les Forestiers Associ\u00e9s","isPartOf":{"@id":"https:\/\/lesforestiersassocies.fr\/#website"},"datePublished":"2024-05-28T12:07:31+00:00","dateModified":"2024-06-03T14:48:21+00:00","breadcrumb":{"@id":"https:\/\/lesforestiersassocies.fr\/index.php\/produit\/disque-a-poncer-o-150-mm-grain-240\/#breadcrumb"},"inLanguage":"fr-FR","potentialAction":[{"@type":"ReadAction","target":["https:\/\/lesforestiersassocies.fr\/index.php\/produit\/disque-a-poncer-o-150-mm-grain-240\/"]}]},{"@type":"BreadcrumbList","@id":"https:\/\/lesforestiersassocies.fr\/index.php\/produit\/disque-a-poncer-o-150-mm-grain-240\/#breadcrumb","itemListElement":[{"@type":"ListItem","position":1,"name":"Accueil","item":"https:\/\/lesforestiersassocies.fr\/"},{"@type":"ListItem","position":2,"name":"Inventory","item":"https:\/\/lesforestiersassocies.fr\/index.php\/inventory\/"},{"@type":"ListItem","position":3,"name":"Disque \u00e0 poncer \u00d8 150 mm Grain 240"}]},{"@type":"WebSite","@id":"https:\/\/lesforestiersassocies.fr\/#website","url":"https:\/\/lesforestiersassocies.fr\/","name":"Les Forestiers Associ\u00e9s","description":"Les Forestiers Associ\u00e9s","publisher":{"@id":"https:\/\/lesforestiersassocies.fr\/#organization"},"potentialAction":[{"@type":"SearchAction","target":{"@type":"EntryPoint","urlTemplate":"https:\/\/lesforestiersassocies.fr\/?s={search_term_string}"},"query-input":"required name=search_term_string"}],"inLanguage":"fr-FR"},{"@type":"Organization","@id":"https:\/\/lesforestiersassocies.fr\/#organization","name":"Les Forestiers Associ\u00e9s","url":"https:\/\/lesforestiersassocies.fr\/","logo":{"@type":"ImageObject","inLanguage":"fr-FR","@id":"https:\/\/lesforestiersassocies.fr\/#\/schema\/logo\/image\/","url":"http:\/\/lesforestiersassocies.fr\/wp-content\/uploads\/2019\/01\/LFA-Logo.jpg","contentUrl":"http:\/\/lesforestiersassocies.fr\/wp-content\/uploads\/2019\/01\/LFA-Logo.jpg","width":905,"height":314,"caption":"Les Forestiers Associ\u00e9s"},"image":{"@id":"https:\/\/lesforestiersassocies.fr\/#\/schema\/logo\/image\/"}}]}},"_links":{"self":[{"href":"https:\/\/lesforestiersassocies.fr\/index.php\/wp-json\/wp\/v2\/product\/11423"}],"collection":[{"href":"https:\/\/lesforestiersassocies.fr\/index.php\/wp-json\/wp\/v2\/product"}],"about":[{"href":"https:\/\/lesforestiersassocies.fr\/index.php\/wp-json\/wp\/v2\/types\/product"}],"wp:featuredmedia":[{"embeddable":true,"href":"https:\/\/lesforestiersassocies.fr\/index.php\/wp-json\/wp\/v2\/media\/11597"}],"wp:attachment":[{"href":"https:\/\/lesforestiersassocies.fr\/index.php\/wp-json\/wp\/v2\/media?parent=11423"}],"wp:term":[{"taxonomy":"product_cat","embeddable":true,"href":"https:\/\/lesforestiersassocies.fr\/index.php\/wp-json\/wp\/v2\/product_cat?post=11423"},{"taxonomy":"product_tag","embeddable":true,"href":"https:\/\/lesforestiersassocies.fr\/index.php\/wp-json\/wp\/v2\/product_tag?post=11423"}],"curies":[{"name":"wp","href":"https:\/\/api.w.org\/{rel}","templated":true}]}}