{"id":11476,"date":"2024-05-28T17:25:40","date_gmt":"2024-05-28T15:25:40","guid":{"rendered":"http:\/\/lesforestiersassocies.fr\/?post_type=product&#038;p=11476"},"modified":"2024-06-04T16:54:36","modified_gmt":"2024-06-04T14:54:36","slug":"tamis-dinjection-h-16-x-85-mm-en-plastique","status":"publish","type":"product","link":"https:\/\/lesforestiersassocies.fr\/index.php\/produit\/tamis-dinjection-h-16-x-85-mm-en-plastique\/","title":{"rendered":"Tamis d&rsquo;injection H 16 x 85 mm en plastique"},"content":{"rendered":"<div class=\"richtext-fi accordion-benefits-description-fi__text accordion-benefits-description-fi__text--no-spacings\">\n<div>\n<ul>\n<li>La structure grillag\u00e9e du tamis FIS H K est adapt\u00e9e aux r\u00e9sines FIS V, FIS HT II, FIS Green ou FIS Plus et assure une consommation \u00e9conomique de r\u00e9sine avec un verrouillage de forme optimal.<\/li>\n<li>Les ailettes de guidage centrent parfaitement l&rsquo;ancrage dans le tamis et permettent l&rsquo;utilisation de tiges filet\u00e9es de diff\u00e9rents diam\u00e8tres.<\/li>\n<li>Les barbillons maintiennent fermement le tamis dans le per\u00e7age, ce qui permet un montage au plafond sans probl\u00e8mes.<\/li>\n<li>La g\u00e9om\u00e9trie du tamis permet de traverser les couches non portantes pour un montage pratique et simple.<\/li>\n<\/ul>\n<\/div>\n<\/div>\n<div class=\"richtext-fi accordion-benefits-description-fi__text\">\n<div>Le tamis d&rsquo;injection plastique FIS H K est l&rsquo;\u00e9l\u00e9ment du syst\u00e8me pour l&rsquo;utilisation des r\u00e9sines fischer dans la ma\u00e7onnerie creuse. Le tamis est ins\u00e9r\u00e9 dans le forage et rempli de r\u00e9sine \u00e0 partir du fond. Lors de la pose de la tige filet\u00e9e ou de la douille taraud\u00e9e, la r\u00e9sine est comprim\u00e9e \u00e0 travers la structure grillag\u00e9e du tamis et cr\u00e9e un verrouillage de forme dans la brique creuse. La charge est ainsi transf\u00e9r\u00e9e dans le mat\u00e9riau de construction. Avec le tamis d&rsquo;injection, on peut \u00e9galement traverser les couches non portantes.<\/div>\n<\/div>\n","protected":false},"excerpt":{"rendered":"<p>La structure grillag\u00e9e du tamis FIS H K est adapt\u00e9e [&hellip;]<\/p>\n","protected":false},"featured_media":11639,"template":"","meta":[],"product_cat":[65],"product_tag":[],"acf":[],"yoast_head":"<!-- This site is optimized with the Yoast SEO plugin v21.9 - https:\/\/yoast.com\/wordpress\/plugins\/seo\/ -->\n<title>Tamis d&#039;injection H 16 x 85 mm en plastique - Les Forestiers Associ\u00e9s<\/title>\n<meta name=\"robots\" content=\"index, follow, max-snippet:-1, max-image-preview:large, max-video-preview:-1\" \/>\n<link rel=\"canonical\" href=\"https:\/\/lesforestiersassocies.fr\/index.php\/produit\/tamis-dinjection-h-16-x-85-mm-en-plastique\/\" \/>\n<meta property=\"og:locale\" content=\"fr_FR\" \/>\n<meta property=\"og:type\" content=\"article\" \/>\n<meta property=\"og:title\" content=\"Tamis d&#039;injection H 16 x 85 mm en plastique - Les Forestiers Associ\u00e9s\" \/>\n<meta property=\"og:description\" content=\"La structure grillag\u00e9e du tamis FIS H K est adapt\u00e9e [&hellip;]\" \/>\n<meta property=\"og:url\" content=\"https:\/\/lesforestiersassocies.fr\/index.php\/produit\/tamis-dinjection-h-16-x-85-mm-en-plastique\/\" \/>\n<meta property=\"og:site_name\" content=\"Les Forestiers Associ\u00e9s\" \/>\n<meta property=\"article:modified_time\" content=\"2024-06-04T14:54:36+00:00\" \/>\n<meta property=\"og:image\" content=\"https:\/\/lesforestiersassocies.fr\/wp-content\/uploads\/2024\/05\/Tamis-dinjection-.jpg\" \/>\n\t<meta property=\"og:image:width\" content=\"578\" \/>\n\t<meta property=\"og:image:height\" content=\"473\" \/>\n\t<meta property=\"og:image:type\" content=\"image\/jpeg\" \/>\n<meta name=\"twitter:card\" content=\"summary_large_image\" \/>\n<meta name=\"twitter:label1\" content=\"Dur\u00e9e de lecture estim\u00e9e\" \/>\n\t<meta name=\"twitter:data1\" content=\"2 minutes\" \/>\n<script type=\"application\/ld+json\" class=\"yoast-schema-graph\">{\"@context\":\"https:\/\/schema.org\",\"@graph\":[{\"@type\":\"WebPage\",\"@id\":\"https:\/\/lesforestiersassocies.fr\/index.php\/produit\/tamis-dinjection-h-16-x-85-mm-en-plastique\/\",\"url\":\"https:\/\/lesforestiersassocies.fr\/index.php\/produit\/tamis-dinjection-h-16-x-85-mm-en-plastique\/\",\"name\":\"Tamis d'injection H 16 x 85 mm en plastique - Les Forestiers Associ\u00e9s\",\"isPartOf\":{\"@id\":\"https:\/\/lesforestiersassocies.fr\/#website\"},\"datePublished\":\"2024-05-28T15:25:40+00:00\",\"dateModified\":\"2024-06-04T14:54:36+00:00\",\"breadcrumb\":{\"@id\":\"https:\/\/lesforestiersassocies.fr\/index.php\/produit\/tamis-dinjection-h-16-x-85-mm-en-plastique\/#breadcrumb\"},\"inLanguage\":\"fr-FR\",\"potentialAction\":[{\"@type\":\"ReadAction\",\"target\":[\"https:\/\/lesforestiersassocies.fr\/index.php\/produit\/tamis-dinjection-h-16-x-85-mm-en-plastique\/\"]}]},{\"@type\":\"BreadcrumbList\",\"@id\":\"https:\/\/lesforestiersassocies.fr\/index.php\/produit\/tamis-dinjection-h-16-x-85-mm-en-plastique\/#breadcrumb\",\"itemListElement\":[{\"@type\":\"ListItem\",\"position\":1,\"name\":\"Accueil\",\"item\":\"https:\/\/lesforestiersassocies.fr\/\"},{\"@type\":\"ListItem\",\"position\":2,\"name\":\"Inventory\",\"item\":\"https:\/\/lesforestiersassocies.fr\/index.php\/inventory\/\"},{\"@type\":\"ListItem\",\"position\":3,\"name\":\"Tamis d&rsquo;injection H 16 x 85 mm en plastique\"}]},{\"@type\":\"WebSite\",\"@id\":\"https:\/\/lesforestiersassocies.fr\/#website\",\"url\":\"https:\/\/lesforestiersassocies.fr\/\",\"name\":\"Les Forestiers Associ\u00e9s\",\"description\":\"Les Forestiers Associ\u00e9s\",\"publisher\":{\"@id\":\"https:\/\/lesforestiersassocies.fr\/#organization\"},\"potentialAction\":[{\"@type\":\"SearchAction\",\"target\":{\"@type\":\"EntryPoint\",\"urlTemplate\":\"https:\/\/lesforestiersassocies.fr\/?s={search_term_string}\"},\"query-input\":\"required name=search_term_string\"}],\"inLanguage\":\"fr-FR\"},{\"@type\":\"Organization\",\"@id\":\"https:\/\/lesforestiersassocies.fr\/#organization\",\"name\":\"Les Forestiers Associ\u00e9s\",\"url\":\"https:\/\/lesforestiersassocies.fr\/\",\"logo\":{\"@type\":\"ImageObject\",\"inLanguage\":\"fr-FR\",\"@id\":\"https:\/\/lesforestiersassocies.fr\/#\/schema\/logo\/image\/\",\"url\":\"http:\/\/lesforestiersassocies.fr\/wp-content\/uploads\/2019\/01\/LFA-Logo.jpg\",\"contentUrl\":\"http:\/\/lesforestiersassocies.fr\/wp-content\/uploads\/2019\/01\/LFA-Logo.jpg\",\"width\":905,\"height\":314,\"caption\":\"Les Forestiers Associ\u00e9s\"},\"image\":{\"@id\":\"https:\/\/lesforestiersassocies.fr\/#\/schema\/logo\/image\/\"}}]}<\/script>\n<!-- \/ Yoast SEO plugin. -->","yoast_head_json":{"title":"Tamis d'injection H 16 x 85 mm en plastique - Les Forestiers Associ\u00e9s","robots":{"index":"index","follow":"follow","max-snippet":"max-snippet:-1","max-image-preview":"max-image-preview:large","max-video-preview":"max-video-preview:-1"},"canonical":"https:\/\/lesforestiersassocies.fr\/index.php\/produit\/tamis-dinjection-h-16-x-85-mm-en-plastique\/","og_locale":"fr_FR","og_type":"article","og_title":"Tamis d'injection H 16 x 85 mm en plastique - Les Forestiers Associ\u00e9s","og_description":"La structure grillag\u00e9e du tamis FIS H K est adapt\u00e9e [&hellip;]","og_url":"https:\/\/lesforestiersassocies.fr\/index.php\/produit\/tamis-dinjection-h-16-x-85-mm-en-plastique\/","og_site_name":"Les Forestiers Associ\u00e9s","article_modified_time":"2024-06-04T14:54:36+00:00","og_image":[{"width":578,"height":473,"url":"https:\/\/lesforestiersassocies.fr\/wp-content\/uploads\/2024\/05\/Tamis-dinjection-.jpg","type":"image\/jpeg"}],"twitter_card":"summary_large_image","twitter_misc":{"Dur\u00e9e de lecture estim\u00e9e":"2 minutes"},"schema":{"@context":"https:\/\/schema.org","@graph":[{"@type":"WebPage","@id":"https:\/\/lesforestiersassocies.fr\/index.php\/produit\/tamis-dinjection-h-16-x-85-mm-en-plastique\/","url":"https:\/\/lesforestiersassocies.fr\/index.php\/produit\/tamis-dinjection-h-16-x-85-mm-en-plastique\/","name":"Tamis d'injection H 16 x 85 mm en plastique - Les Forestiers Associ\u00e9s","isPartOf":{"@id":"https:\/\/lesforestiersassocies.fr\/#website"},"datePublished":"2024-05-28T15:25:40+00:00","dateModified":"2024-06-04T14:54:36+00:00","breadcrumb":{"@id":"https:\/\/lesforestiersassocies.fr\/index.php\/produit\/tamis-dinjection-h-16-x-85-mm-en-plastique\/#breadcrumb"},"inLanguage":"fr-FR","potentialAction":[{"@type":"ReadAction","target":["https:\/\/lesforestiersassocies.fr\/index.php\/produit\/tamis-dinjection-h-16-x-85-mm-en-plastique\/"]}]},{"@type":"BreadcrumbList","@id":"https:\/\/lesforestiersassocies.fr\/index.php\/produit\/tamis-dinjection-h-16-x-85-mm-en-plastique\/#breadcrumb","itemListElement":[{"@type":"ListItem","position":1,"name":"Accueil","item":"https:\/\/lesforestiersassocies.fr\/"},{"@type":"ListItem","position":2,"name":"Inventory","item":"https:\/\/lesforestiersassocies.fr\/index.php\/inventory\/"},{"@type":"ListItem","position":3,"name":"Tamis d&rsquo;injection H 16 x 85 mm en plastique"}]},{"@type":"WebSite","@id":"https:\/\/lesforestiersassocies.fr\/#website","url":"https:\/\/lesforestiersassocies.fr\/","name":"Les Forestiers Associ\u00e9s","description":"Les Forestiers Associ\u00e9s","publisher":{"@id":"https:\/\/lesforestiersassocies.fr\/#organization"},"potentialAction":[{"@type":"SearchAction","target":{"@type":"EntryPoint","urlTemplate":"https:\/\/lesforestiersassocies.fr\/?s={search_term_string}"},"query-input":"required name=search_term_string"}],"inLanguage":"fr-FR"},{"@type":"Organization","@id":"https:\/\/lesforestiersassocies.fr\/#organization","name":"Les Forestiers Associ\u00e9s","url":"https:\/\/lesforestiersassocies.fr\/","logo":{"@type":"ImageObject","inLanguage":"fr-FR","@id":"https:\/\/lesforestiersassocies.fr\/#\/schema\/logo\/image\/","url":"http:\/\/lesforestiersassocies.fr\/wp-content\/uploads\/2019\/01\/LFA-Logo.jpg","contentUrl":"http:\/\/lesforestiersassocies.fr\/wp-content\/uploads\/2019\/01\/LFA-Logo.jpg","width":905,"height":314,"caption":"Les Forestiers Associ\u00e9s"},"image":{"@id":"https:\/\/lesforestiersassocies.fr\/#\/schema\/logo\/image\/"}}]}},"_links":{"self":[{"href":"https:\/\/lesforestiersassocies.fr\/index.php\/wp-json\/wp\/v2\/product\/11476"}],"collection":[{"href":"https:\/\/lesforestiersassocies.fr\/index.php\/wp-json\/wp\/v2\/product"}],"about":[{"href":"https:\/\/lesforestiersassocies.fr\/index.php\/wp-json\/wp\/v2\/types\/product"}],"wp:featuredmedia":[{"embeddable":true,"href":"https:\/\/lesforestiersassocies.fr\/index.php\/wp-json\/wp\/v2\/media\/11639"}],"wp:attachment":[{"href":"https:\/\/lesforestiersassocies.fr\/index.php\/wp-json\/wp\/v2\/media?parent=11476"}],"wp:term":[{"taxonomy":"product_cat","embeddable":true,"href":"https:\/\/lesforestiersassocies.fr\/index.php\/wp-json\/wp\/v2\/product_cat?post=11476"},{"taxonomy":"product_tag","embeddable":true,"href":"https:\/\/lesforestiersassocies.fr\/index.php\/wp-json\/wp\/v2\/product_tag?post=11476"}],"curies":[{"name":"wp","href":"https:\/\/api.w.org\/{rel}","templated":true}]}}