{"id":11605,"date":"2024-06-04T11:25:29","date_gmt":"2024-06-04T09:25:29","guid":{"rendered":"https:\/\/lesforestiersassocies.fr\/?post_type=product&#038;p=11605"},"modified":"2024-07-19T08:37:07","modified_gmt":"2024-07-19T06:37:07","slug":"grillage-noue-lourd-galvanise-h-124-cm-long-50-m","status":"publish","type":"product","link":"https:\/\/lesforestiersassocies.fr\/index.php\/produit\/grillage-noue-lourd-galvanise-h-124-cm-long-50-m\/","title":{"rendered":"Grillage Nou\u00e9 Lourd Galvanis\u00e9 H 124 cm Long.50 m"},"content":{"rendered":"<p>Maille avec n\u0153ud de charni\u00e8re, il se caract\u00e9rise par le fait d\u2019\u00eatre fait de\u00a0<strong>fil galvanis\u00e9 renforc\u00e9<\/strong>. Il est particuli\u00e8rement recommand\u00e9 pour la fermeture\u00a0<strong>des exploitations agricoles et d\u2019\u00e9levage<\/strong>, bien qu\u2019il soit \u00e9galement utilis\u00e9 dans les zones rurales ou foresti\u00e8res pour emp\u00eacher le passage de sangliers ou d\u2019autres esp\u00e8ces class\u00e9es comme envahissantes.<\/p>\n<p>En effet, sa g\u00e9om\u00e9trie progressive (mailles plus petites en bas, qui s\u2019agrandissent en haut) permet de ralentir le passage des petits animaux.<\/p>\n<p>Il existe \u00e9galement des filets de chasse nou\u00e9s, conformes au cahier des charges de certaines communaut\u00e9s autonomes, dont l\u2019un est destin\u00e9 \u00e0 enterrer les premiers fils et ainsi emp\u00eacher la circulation des animaux ayant tendance \u00e0 creuser.<\/p>\n<p>Selon les diam\u00e8tres des fils qui composent le\u00a0<span class=\"text-copyright\">HJ MRT<\/span>, il est d\u00e9fini comme suit : L\u00e9ger, Fort et Super Solide.<\/p>\n<p>Mailles progressives \u00d82.50 \u00e0 3.00 mm extr.<\/p>\n","protected":false},"excerpt":{"rendered":"<p>Maille avec n\u0153ud de charni\u00e8re, il se caract\u00e9rise par le [&hellip;]<\/p>\n","protected":false},"featured_media":11601,"template":"","meta":[],"product_cat":[114],"product_tag":[109],"acf":[],"yoast_head":"<!-- This site is optimized with the Yoast SEO plugin v21.9 - https:\/\/yoast.com\/wordpress\/plugins\/seo\/ -->\n<title>Grillage Nou\u00e9 Lourd Galvanis\u00e9 H 124 cm Long.50 m - Les Forestiers Associ\u00e9s<\/title>\n<meta name=\"robots\" content=\"index, follow, max-snippet:-1, max-image-preview:large, max-video-preview:-1\" \/>\n<link rel=\"canonical\" href=\"https:\/\/lesforestiersassocies.fr\/index.php\/produit\/grillage-noue-lourd-galvanise-h-124-cm-long-50-m\/\" \/>\n<meta property=\"og:locale\" content=\"fr_FR\" \/>\n<meta property=\"og:type\" content=\"article\" \/>\n<meta property=\"og:title\" content=\"Grillage Nou\u00e9 Lourd Galvanis\u00e9 H 124 cm Long.50 m - Les Forestiers Associ\u00e9s\" \/>\n<meta property=\"og:description\" content=\"Maille avec n\u0153ud de charni\u00e8re, il se caract\u00e9rise par le [&hellip;]\" \/>\n<meta property=\"og:url\" content=\"https:\/\/lesforestiersassocies.fr\/index.php\/produit\/grillage-noue-lourd-galvanise-h-124-cm-long-50-m\/\" \/>\n<meta property=\"og:site_name\" content=\"Les Forestiers Associ\u00e9s\" \/>\n<meta property=\"article:modified_time\" content=\"2024-07-19T06:37:07+00:00\" \/>\n<meta property=\"og:image\" content=\"https:\/\/lesforestiersassocies.fr\/wp-content\/uploads\/2024\/06\/grillage-hj.jpg\" \/>\n\t<meta property=\"og:image:width\" content=\"540\" \/>\n\t<meta property=\"og:image:height\" content=\"540\" \/>\n\t<meta property=\"og:image:type\" content=\"image\/jpeg\" \/>\n<meta name=\"twitter:card\" content=\"summary_large_image\" \/>\n<meta name=\"twitter:label1\" content=\"Dur\u00e9e de lecture estim\u00e9e\" \/>\n\t<meta name=\"twitter:data1\" content=\"1 minute\" \/>\n<script type=\"application\/ld+json\" class=\"yoast-schema-graph\">{\"@context\":\"https:\/\/schema.org\",\"@graph\":[{\"@type\":\"WebPage\",\"@id\":\"https:\/\/lesforestiersassocies.fr\/index.php\/produit\/grillage-noue-lourd-galvanise-h-124-cm-long-50-m\/\",\"url\":\"https:\/\/lesforestiersassocies.fr\/index.php\/produit\/grillage-noue-lourd-galvanise-h-124-cm-long-50-m\/\",\"name\":\"Grillage Nou\u00e9 Lourd Galvanis\u00e9 H 124 cm Long.50 m - Les Forestiers Associ\u00e9s\",\"isPartOf\":{\"@id\":\"https:\/\/lesforestiersassocies.fr\/#website\"},\"datePublished\":\"2024-06-04T09:25:29+00:00\",\"dateModified\":\"2024-07-19T06:37:07+00:00\",\"breadcrumb\":{\"@id\":\"https:\/\/lesforestiersassocies.fr\/index.php\/produit\/grillage-noue-lourd-galvanise-h-124-cm-long-50-m\/#breadcrumb\"},\"inLanguage\":\"fr-FR\",\"potentialAction\":[{\"@type\":\"ReadAction\",\"target\":[\"https:\/\/lesforestiersassocies.fr\/index.php\/produit\/grillage-noue-lourd-galvanise-h-124-cm-long-50-m\/\"]}]},{\"@type\":\"BreadcrumbList\",\"@id\":\"https:\/\/lesforestiersassocies.fr\/index.php\/produit\/grillage-noue-lourd-galvanise-h-124-cm-long-50-m\/#breadcrumb\",\"itemListElement\":[{\"@type\":\"ListItem\",\"position\":1,\"name\":\"Accueil\",\"item\":\"https:\/\/lesforestiersassocies.fr\/\"},{\"@type\":\"ListItem\",\"position\":2,\"name\":\"Inventory\",\"item\":\"https:\/\/lesforestiersassocies.fr\/index.php\/inventory\/\"},{\"@type\":\"ListItem\",\"position\":3,\"name\":\"Grillage Nou\u00e9 Lourd Galvanis\u00e9 H 124 cm Long.50 m\"}]},{\"@type\":\"WebSite\",\"@id\":\"https:\/\/lesforestiersassocies.fr\/#website\",\"url\":\"https:\/\/lesforestiersassocies.fr\/\",\"name\":\"Les Forestiers Associ\u00e9s\",\"description\":\"Les Forestiers Associ\u00e9s\",\"publisher\":{\"@id\":\"https:\/\/lesforestiersassocies.fr\/#organization\"},\"potentialAction\":[{\"@type\":\"SearchAction\",\"target\":{\"@type\":\"EntryPoint\",\"urlTemplate\":\"https:\/\/lesforestiersassocies.fr\/?s={search_term_string}\"},\"query-input\":\"required name=search_term_string\"}],\"inLanguage\":\"fr-FR\"},{\"@type\":\"Organization\",\"@id\":\"https:\/\/lesforestiersassocies.fr\/#organization\",\"name\":\"Les Forestiers Associ\u00e9s\",\"url\":\"https:\/\/lesforestiersassocies.fr\/\",\"logo\":{\"@type\":\"ImageObject\",\"inLanguage\":\"fr-FR\",\"@id\":\"https:\/\/lesforestiersassocies.fr\/#\/schema\/logo\/image\/\",\"url\":\"http:\/\/lesforestiersassocies.fr\/wp-content\/uploads\/2019\/01\/LFA-Logo.jpg\",\"contentUrl\":\"http:\/\/lesforestiersassocies.fr\/wp-content\/uploads\/2019\/01\/LFA-Logo.jpg\",\"width\":905,\"height\":314,\"caption\":\"Les Forestiers Associ\u00e9s\"},\"image\":{\"@id\":\"https:\/\/lesforestiersassocies.fr\/#\/schema\/logo\/image\/\"}}]}<\/script>\n<!-- \/ Yoast SEO plugin. -->","yoast_head_json":{"title":"Grillage Nou\u00e9 Lourd Galvanis\u00e9 H 124 cm Long.50 m - Les Forestiers Associ\u00e9s","robots":{"index":"index","follow":"follow","max-snippet":"max-snippet:-1","max-image-preview":"max-image-preview:large","max-video-preview":"max-video-preview:-1"},"canonical":"https:\/\/lesforestiersassocies.fr\/index.php\/produit\/grillage-noue-lourd-galvanise-h-124-cm-long-50-m\/","og_locale":"fr_FR","og_type":"article","og_title":"Grillage Nou\u00e9 Lourd Galvanis\u00e9 H 124 cm Long.50 m - Les Forestiers Associ\u00e9s","og_description":"Maille avec n\u0153ud de charni\u00e8re, il se caract\u00e9rise par le [&hellip;]","og_url":"https:\/\/lesforestiersassocies.fr\/index.php\/produit\/grillage-noue-lourd-galvanise-h-124-cm-long-50-m\/","og_site_name":"Les Forestiers Associ\u00e9s","article_modified_time":"2024-07-19T06:37:07+00:00","og_image":[{"width":540,"height":540,"url":"https:\/\/lesforestiersassocies.fr\/wp-content\/uploads\/2024\/06\/grillage-hj.jpg","type":"image\/jpeg"}],"twitter_card":"summary_large_image","twitter_misc":{"Dur\u00e9e de lecture estim\u00e9e":"1 minute"},"schema":{"@context":"https:\/\/schema.org","@graph":[{"@type":"WebPage","@id":"https:\/\/lesforestiersassocies.fr\/index.php\/produit\/grillage-noue-lourd-galvanise-h-124-cm-long-50-m\/","url":"https:\/\/lesforestiersassocies.fr\/index.php\/produit\/grillage-noue-lourd-galvanise-h-124-cm-long-50-m\/","name":"Grillage Nou\u00e9 Lourd Galvanis\u00e9 H 124 cm Long.50 m - Les Forestiers Associ\u00e9s","isPartOf":{"@id":"https:\/\/lesforestiersassocies.fr\/#website"},"datePublished":"2024-06-04T09:25:29+00:00","dateModified":"2024-07-19T06:37:07+00:00","breadcrumb":{"@id":"https:\/\/lesforestiersassocies.fr\/index.php\/produit\/grillage-noue-lourd-galvanise-h-124-cm-long-50-m\/#breadcrumb"},"inLanguage":"fr-FR","potentialAction":[{"@type":"ReadAction","target":["https:\/\/lesforestiersassocies.fr\/index.php\/produit\/grillage-noue-lourd-galvanise-h-124-cm-long-50-m\/"]}]},{"@type":"BreadcrumbList","@id":"https:\/\/lesforestiersassocies.fr\/index.php\/produit\/grillage-noue-lourd-galvanise-h-124-cm-long-50-m\/#breadcrumb","itemListElement":[{"@type":"ListItem","position":1,"name":"Accueil","item":"https:\/\/lesforestiersassocies.fr\/"},{"@type":"ListItem","position":2,"name":"Inventory","item":"https:\/\/lesforestiersassocies.fr\/index.php\/inventory\/"},{"@type":"ListItem","position":3,"name":"Grillage Nou\u00e9 Lourd Galvanis\u00e9 H 124 cm Long.50 m"}]},{"@type":"WebSite","@id":"https:\/\/lesforestiersassocies.fr\/#website","url":"https:\/\/lesforestiersassocies.fr\/","name":"Les Forestiers Associ\u00e9s","description":"Les Forestiers Associ\u00e9s","publisher":{"@id":"https:\/\/lesforestiersassocies.fr\/#organization"},"potentialAction":[{"@type":"SearchAction","target":{"@type":"EntryPoint","urlTemplate":"https:\/\/lesforestiersassocies.fr\/?s={search_term_string}"},"query-input":"required name=search_term_string"}],"inLanguage":"fr-FR"},{"@type":"Organization","@id":"https:\/\/lesforestiersassocies.fr\/#organization","name":"Les Forestiers Associ\u00e9s","url":"https:\/\/lesforestiersassocies.fr\/","logo":{"@type":"ImageObject","inLanguage":"fr-FR","@id":"https:\/\/lesforestiersassocies.fr\/#\/schema\/logo\/image\/","url":"http:\/\/lesforestiersassocies.fr\/wp-content\/uploads\/2019\/01\/LFA-Logo.jpg","contentUrl":"http:\/\/lesforestiersassocies.fr\/wp-content\/uploads\/2019\/01\/LFA-Logo.jpg","width":905,"height":314,"caption":"Les Forestiers Associ\u00e9s"},"image":{"@id":"https:\/\/lesforestiersassocies.fr\/#\/schema\/logo\/image\/"}}]}},"_links":{"self":[{"href":"https:\/\/lesforestiersassocies.fr\/index.php\/wp-json\/wp\/v2\/product\/11605"}],"collection":[{"href":"https:\/\/lesforestiersassocies.fr\/index.php\/wp-json\/wp\/v2\/product"}],"about":[{"href":"https:\/\/lesforestiersassocies.fr\/index.php\/wp-json\/wp\/v2\/types\/product"}],"wp:featuredmedia":[{"embeddable":true,"href":"https:\/\/lesforestiersassocies.fr\/index.php\/wp-json\/wp\/v2\/media\/11601"}],"wp:attachment":[{"href":"https:\/\/lesforestiersassocies.fr\/index.php\/wp-json\/wp\/v2\/media?parent=11605"}],"wp:term":[{"taxonomy":"product_cat","embeddable":true,"href":"https:\/\/lesforestiersassocies.fr\/index.php\/wp-json\/wp\/v2\/product_cat?post=11605"},{"taxonomy":"product_tag","embeddable":true,"href":"https:\/\/lesforestiersassocies.fr\/index.php\/wp-json\/wp\/v2\/product_tag?post=11605"}],"curies":[{"name":"wp","href":"https:\/\/api.w.org\/{rel}","templated":true}]}}