{"id":11609,"date":"2024-06-04T11:44:36","date_gmt":"2024-06-04T09:44:36","guid":{"rendered":"https:\/\/lesforestiersassocies.fr\/?post_type=product&#038;p=11609"},"modified":"2024-07-19T08:32:47","modified_gmt":"2024-07-19T06:32:47","slug":"grillage-maille-nouee-122-13-7-5-cm-long-50-m","status":"publish","type":"product","link":"https:\/\/lesforestiersassocies.fr\/index.php\/produit\/grillage-maille-nouee-122-13-7-5-cm-long-50-m\/","title":{"rendered":"Grillage Maille nou\u00e9e 122 \/ 13 \/ 7.5 cm Long.50 m"},"content":{"rendered":"<p>Il se caract\u00e9rise par son n\u0153ud forg\u00e9 antid\u00e9rapant, type X. Comme le FK MRT, ses fils horizontaux sont\u00a0<strong>tr\u00e8s r\u00e9sistants<\/strong>, ce qui le rend excellent pour contenir les impacts lourds d\u2019animaux. Le noyau du rouleau est sans fil, vous pouvez donc facilement placer le rouleau sur un arbre d\u2019une machine. Certaines des g\u00e9om\u00e9tries conviennent \u00e0 l\u2019enfouissement ou \u00e0 la flexion, am\u00e9liorant ainsi la protection contre\u00a0<strong>les animaux fouisseurs<\/strong>.<\/p>\n<p>C\u2019est un maillage avec une grande vari\u00e9t\u00e9 de g\u00e9om\u00e9tries qui est utilis\u00e9 chez les\u00a0<strong>moutons<\/strong>,\u00a0<strong>les ch\u00e8vres<\/strong>,\u00a0<strong>les porcs<\/strong>,\u00a0<strong>les vaches<\/strong>, etc. dans\u00a0<strong>les enclos pour chevaux<\/strong>, car il emp\u00eache d\u2019endommager la fourrure de ces animaux ; fermer\u00a0<strong>les terrains de chasse<\/strong>, emp\u00eachant les pr\u00e9dateurs d\u2019entrer sur le territoire ; ou pour\u00a0<strong>d\u00e9limiter des routes<\/strong>.<\/p>\n<p>Non progressif !<\/p>\n","protected":false},"excerpt":{"rendered":"<p>Il se caract\u00e9rise par son n\u0153ud forg\u00e9 antid\u00e9rapant, type X. [&hellip;]<\/p>\n","protected":false},"featured_media":11719,"template":"","meta":[],"product_cat":[114],"product_tag":[109],"acf":[],"yoast_head":"<!-- This site is optimized with the Yoast SEO plugin v21.9 - https:\/\/yoast.com\/wordpress\/plugins\/seo\/ -->\n<title>Grillage Maille nou\u00e9e 122 \/ 13 \/ 7.5 cm Long.50 m - Les Forestiers Associ\u00e9s<\/title>\n<meta name=\"robots\" content=\"index, follow, max-snippet:-1, max-image-preview:large, max-video-preview:-1\" \/>\n<link rel=\"canonical\" href=\"https:\/\/lesforestiersassocies.fr\/index.php\/produit\/grillage-maille-nouee-122-13-7-5-cm-long-50-m\/\" \/>\n<meta property=\"og:locale\" content=\"fr_FR\" \/>\n<meta property=\"og:type\" content=\"article\" \/>\n<meta property=\"og:title\" content=\"Grillage Maille nou\u00e9e 122 \/ 13 \/ 7.5 cm Long.50 m - Les Forestiers Associ\u00e9s\" \/>\n<meta property=\"og:description\" content=\"Il se caract\u00e9rise par son n\u0153ud forg\u00e9 antid\u00e9rapant, type X. [&hellip;]\" \/>\n<meta property=\"og:url\" content=\"https:\/\/lesforestiersassocies.fr\/index.php\/produit\/grillage-maille-nouee-122-13-7-5-cm-long-50-m\/\" \/>\n<meta property=\"og:site_name\" content=\"Les Forestiers Associ\u00e9s\" \/>\n<meta property=\"article:modified_time\" content=\"2024-07-19T06:32:47+00:00\" \/>\n<meta property=\"og:image\" content=\"https:\/\/lesforestiersassocies.fr\/wp-content\/uploads\/2024\/06\/grillage-XK-1.jpg\" \/>\n\t<meta property=\"og:image:width\" content=\"471\" \/>\n\t<meta property=\"og:image:height\" content=\"583\" \/>\n\t<meta property=\"og:image:type\" content=\"image\/jpeg\" \/>\n<meta name=\"twitter:card\" content=\"summary_large_image\" \/>\n<meta name=\"twitter:label1\" content=\"Dur\u00e9e de lecture estim\u00e9e\" \/>\n\t<meta name=\"twitter:data1\" content=\"1 minute\" \/>\n<script type=\"application\/ld+json\" class=\"yoast-schema-graph\">{\"@context\":\"https:\/\/schema.org\",\"@graph\":[{\"@type\":\"WebPage\",\"@id\":\"https:\/\/lesforestiersassocies.fr\/index.php\/produit\/grillage-maille-nouee-122-13-7-5-cm-long-50-m\/\",\"url\":\"https:\/\/lesforestiersassocies.fr\/index.php\/produit\/grillage-maille-nouee-122-13-7-5-cm-long-50-m\/\",\"name\":\"Grillage Maille nou\u00e9e 122 \/ 13 \/ 7.5 cm Long.50 m - Les Forestiers Associ\u00e9s\",\"isPartOf\":{\"@id\":\"https:\/\/lesforestiersassocies.fr\/#website\"},\"datePublished\":\"2024-06-04T09:44:36+00:00\",\"dateModified\":\"2024-07-19T06:32:47+00:00\",\"breadcrumb\":{\"@id\":\"https:\/\/lesforestiersassocies.fr\/index.php\/produit\/grillage-maille-nouee-122-13-7-5-cm-long-50-m\/#breadcrumb\"},\"inLanguage\":\"fr-FR\",\"potentialAction\":[{\"@type\":\"ReadAction\",\"target\":[\"https:\/\/lesforestiersassocies.fr\/index.php\/produit\/grillage-maille-nouee-122-13-7-5-cm-long-50-m\/\"]}]},{\"@type\":\"BreadcrumbList\",\"@id\":\"https:\/\/lesforestiersassocies.fr\/index.php\/produit\/grillage-maille-nouee-122-13-7-5-cm-long-50-m\/#breadcrumb\",\"itemListElement\":[{\"@type\":\"ListItem\",\"position\":1,\"name\":\"Accueil\",\"item\":\"https:\/\/lesforestiersassocies.fr\/\"},{\"@type\":\"ListItem\",\"position\":2,\"name\":\"Inventory\",\"item\":\"https:\/\/lesforestiersassocies.fr\/index.php\/inventory\/\"},{\"@type\":\"ListItem\",\"position\":3,\"name\":\"Grillage Maille nou\u00e9e 122 \/ 13 \/ 7.5 cm Long.50 m\"}]},{\"@type\":\"WebSite\",\"@id\":\"https:\/\/lesforestiersassocies.fr\/#website\",\"url\":\"https:\/\/lesforestiersassocies.fr\/\",\"name\":\"Les Forestiers Associ\u00e9s\",\"description\":\"Les Forestiers Associ\u00e9s\",\"publisher\":{\"@id\":\"https:\/\/lesforestiersassocies.fr\/#organization\"},\"potentialAction\":[{\"@type\":\"SearchAction\",\"target\":{\"@type\":\"EntryPoint\",\"urlTemplate\":\"https:\/\/lesforestiersassocies.fr\/?s={search_term_string}\"},\"query-input\":\"required name=search_term_string\"}],\"inLanguage\":\"fr-FR\"},{\"@type\":\"Organization\",\"@id\":\"https:\/\/lesforestiersassocies.fr\/#organization\",\"name\":\"Les Forestiers Associ\u00e9s\",\"url\":\"https:\/\/lesforestiersassocies.fr\/\",\"logo\":{\"@type\":\"ImageObject\",\"inLanguage\":\"fr-FR\",\"@id\":\"https:\/\/lesforestiersassocies.fr\/#\/schema\/logo\/image\/\",\"url\":\"http:\/\/lesforestiersassocies.fr\/wp-content\/uploads\/2019\/01\/LFA-Logo.jpg\",\"contentUrl\":\"http:\/\/lesforestiersassocies.fr\/wp-content\/uploads\/2019\/01\/LFA-Logo.jpg\",\"width\":905,\"height\":314,\"caption\":\"Les Forestiers Associ\u00e9s\"},\"image\":{\"@id\":\"https:\/\/lesforestiersassocies.fr\/#\/schema\/logo\/image\/\"}}]}<\/script>\n<!-- \/ Yoast SEO plugin. -->","yoast_head_json":{"title":"Grillage Maille nou\u00e9e 122 \/ 13 \/ 7.5 cm Long.50 m - Les Forestiers Associ\u00e9s","robots":{"index":"index","follow":"follow","max-snippet":"max-snippet:-1","max-image-preview":"max-image-preview:large","max-video-preview":"max-video-preview:-1"},"canonical":"https:\/\/lesforestiersassocies.fr\/index.php\/produit\/grillage-maille-nouee-122-13-7-5-cm-long-50-m\/","og_locale":"fr_FR","og_type":"article","og_title":"Grillage Maille nou\u00e9e 122 \/ 13 \/ 7.5 cm Long.50 m - Les Forestiers Associ\u00e9s","og_description":"Il se caract\u00e9rise par son n\u0153ud forg\u00e9 antid\u00e9rapant, type X. [&hellip;]","og_url":"https:\/\/lesforestiersassocies.fr\/index.php\/produit\/grillage-maille-nouee-122-13-7-5-cm-long-50-m\/","og_site_name":"Les Forestiers Associ\u00e9s","article_modified_time":"2024-07-19T06:32:47+00:00","og_image":[{"width":471,"height":583,"url":"https:\/\/lesforestiersassocies.fr\/wp-content\/uploads\/2024\/06\/grillage-XK-1.jpg","type":"image\/jpeg"}],"twitter_card":"summary_large_image","twitter_misc":{"Dur\u00e9e de lecture estim\u00e9e":"1 minute"},"schema":{"@context":"https:\/\/schema.org","@graph":[{"@type":"WebPage","@id":"https:\/\/lesforestiersassocies.fr\/index.php\/produit\/grillage-maille-nouee-122-13-7-5-cm-long-50-m\/","url":"https:\/\/lesforestiersassocies.fr\/index.php\/produit\/grillage-maille-nouee-122-13-7-5-cm-long-50-m\/","name":"Grillage Maille nou\u00e9e 122 \/ 13 \/ 7.5 cm Long.50 m - Les Forestiers Associ\u00e9s","isPartOf":{"@id":"https:\/\/lesforestiersassocies.fr\/#website"},"datePublished":"2024-06-04T09:44:36+00:00","dateModified":"2024-07-19T06:32:47+00:00","breadcrumb":{"@id":"https:\/\/lesforestiersassocies.fr\/index.php\/produit\/grillage-maille-nouee-122-13-7-5-cm-long-50-m\/#breadcrumb"},"inLanguage":"fr-FR","potentialAction":[{"@type":"ReadAction","target":["https:\/\/lesforestiersassocies.fr\/index.php\/produit\/grillage-maille-nouee-122-13-7-5-cm-long-50-m\/"]}]},{"@type":"BreadcrumbList","@id":"https:\/\/lesforestiersassocies.fr\/index.php\/produit\/grillage-maille-nouee-122-13-7-5-cm-long-50-m\/#breadcrumb","itemListElement":[{"@type":"ListItem","position":1,"name":"Accueil","item":"https:\/\/lesforestiersassocies.fr\/"},{"@type":"ListItem","position":2,"name":"Inventory","item":"https:\/\/lesforestiersassocies.fr\/index.php\/inventory\/"},{"@type":"ListItem","position":3,"name":"Grillage Maille nou\u00e9e 122 \/ 13 \/ 7.5 cm Long.50 m"}]},{"@type":"WebSite","@id":"https:\/\/lesforestiersassocies.fr\/#website","url":"https:\/\/lesforestiersassocies.fr\/","name":"Les Forestiers Associ\u00e9s","description":"Les Forestiers Associ\u00e9s","publisher":{"@id":"https:\/\/lesforestiersassocies.fr\/#organization"},"potentialAction":[{"@type":"SearchAction","target":{"@type":"EntryPoint","urlTemplate":"https:\/\/lesforestiersassocies.fr\/?s={search_term_string}"},"query-input":"required name=search_term_string"}],"inLanguage":"fr-FR"},{"@type":"Organization","@id":"https:\/\/lesforestiersassocies.fr\/#organization","name":"Les Forestiers Associ\u00e9s","url":"https:\/\/lesforestiersassocies.fr\/","logo":{"@type":"ImageObject","inLanguage":"fr-FR","@id":"https:\/\/lesforestiersassocies.fr\/#\/schema\/logo\/image\/","url":"http:\/\/lesforestiersassocies.fr\/wp-content\/uploads\/2019\/01\/LFA-Logo.jpg","contentUrl":"http:\/\/lesforestiersassocies.fr\/wp-content\/uploads\/2019\/01\/LFA-Logo.jpg","width":905,"height":314,"caption":"Les Forestiers Associ\u00e9s"},"image":{"@id":"https:\/\/lesforestiersassocies.fr\/#\/schema\/logo\/image\/"}}]}},"_links":{"self":[{"href":"https:\/\/lesforestiersassocies.fr\/index.php\/wp-json\/wp\/v2\/product\/11609"}],"collection":[{"href":"https:\/\/lesforestiersassocies.fr\/index.php\/wp-json\/wp\/v2\/product"}],"about":[{"href":"https:\/\/lesforestiersassocies.fr\/index.php\/wp-json\/wp\/v2\/types\/product"}],"wp:featuredmedia":[{"embeddable":true,"href":"https:\/\/lesforestiersassocies.fr\/index.php\/wp-json\/wp\/v2\/media\/11719"}],"wp:attachment":[{"href":"https:\/\/lesforestiersassocies.fr\/index.php\/wp-json\/wp\/v2\/media?parent=11609"}],"wp:term":[{"taxonomy":"product_cat","embeddable":true,"href":"https:\/\/lesforestiersassocies.fr\/index.php\/wp-json\/wp\/v2\/product_cat?post=11609"},{"taxonomy":"product_tag","embeddable":true,"href":"https:\/\/lesforestiersassocies.fr\/index.php\/wp-json\/wp\/v2\/product_tag?post=11609"}],"curies":[{"name":"wp","href":"https:\/\/api.w.org\/{rel}","templated":true}]}}