{"id":11622,"date":"2024-06-04T13:33:05","date_gmt":"2024-06-04T11:33:05","guid":{"rendered":"https:\/\/lesforestiersassocies.fr\/?post_type=product&#038;p=11622"},"modified":"2024-07-22T08:40:29","modified_gmt":"2024-07-22T06:40:29","slug":"grillage-soude-autoroute-galvanise-h-140-cm-long-50-m","status":"publish","type":"product","link":"https:\/\/lesforestiersassocies.fr\/index.php\/produit\/grillage-soude-autoroute-galvanise-h-140-cm-long-50-m\/","title":{"rendered":"Grillage Soud\u00e9 autoroute Galvanis\u00e9 H 140 cm Long.50 m"},"content":{"rendered":"<p>Il se caract\u00e9rise par l\u2019augmentation de l\u2019espacement entre les fils horizontaux \u00e0 mesure que vous augmentez la hauteur. Il est compos\u00e9 de fil de ZnAl, un alliage de Zinc (95%) + Aluminium (5%) exclusif au MRT, ce qui augmente consid\u00e9rablement la dur\u00e9e de vie du treillis par rapport \u00e0 un treillis en fil galvanis\u00e9 renforc\u00e9. Son utilisation la plus courante est de fermer de grandes \u00e9tendues, de cl\u00f4turer\u00a0<strong>les autoroutes<\/strong>, les\u00a0<strong>voies ferr\u00e9es<\/strong>\u00a0et\u00a0<strong>les zones foresti\u00e8res<\/strong>.<\/p>\n<p>Mailles progressives 5 x 10 cm \u00d8 fil 3.00 et 3.40 mm (lisi\u00e8re)<\/p>\n","protected":false},"excerpt":{"rendered":"<p>Il se caract\u00e9rise par l\u2019augmentation de l\u2019espacement entre les fils [&hellip;]<\/p>\n","protected":false},"featured_media":11623,"template":"","meta":[],"product_cat":[114],"product_tag":[109],"acf":[],"yoast_head":"<!-- This site is optimized with the Yoast SEO plugin v21.9 - https:\/\/yoast.com\/wordpress\/plugins\/seo\/ -->\n<title>Grillage Soud\u00e9 autoroute Galvanis\u00e9 H 140 cm Long.50 m - Les Forestiers Associ\u00e9s<\/title>\n<meta name=\"robots\" content=\"index, follow, max-snippet:-1, max-image-preview:large, max-video-preview:-1\" \/>\n<link rel=\"canonical\" href=\"https:\/\/lesforestiersassocies.fr\/index.php\/produit\/grillage-soude-autoroute-galvanise-h-140-cm-long-50-m\/\" \/>\n<meta property=\"og:locale\" content=\"fr_FR\" \/>\n<meta property=\"og:type\" content=\"article\" \/>\n<meta property=\"og:title\" content=\"Grillage Soud\u00e9 autoroute Galvanis\u00e9 H 140 cm Long.50 m - Les Forestiers Associ\u00e9s\" \/>\n<meta property=\"og:description\" content=\"Il se caract\u00e9rise par l\u2019augmentation de l\u2019espacement entre les fils [&hellip;]\" \/>\n<meta property=\"og:url\" content=\"https:\/\/lesforestiersassocies.fr\/index.php\/produit\/grillage-soude-autoroute-galvanise-h-140-cm-long-50-m\/\" \/>\n<meta property=\"og:site_name\" content=\"Les Forestiers Associ\u00e9s\" \/>\n<meta property=\"article:modified_time\" content=\"2024-07-22T06:40:29+00:00\" \/>\n<meta property=\"og:image\" content=\"https:\/\/lesforestiersassocies.fr\/wp-content\/uploads\/2024\/06\/grillage-autoroute.png\" \/>\n\t<meta property=\"og:image:width\" content=\"812\" \/>\n\t<meta property=\"og:image:height\" content=\"707\" \/>\n\t<meta property=\"og:image:type\" content=\"image\/png\" \/>\n<meta name=\"twitter:card\" content=\"summary_large_image\" \/>\n<meta name=\"twitter:label1\" content=\"Dur\u00e9e de lecture estim\u00e9e\" \/>\n\t<meta name=\"twitter:data1\" content=\"1 minute\" \/>\n<script type=\"application\/ld+json\" class=\"yoast-schema-graph\">{\"@context\":\"https:\/\/schema.org\",\"@graph\":[{\"@type\":\"WebPage\",\"@id\":\"https:\/\/lesforestiersassocies.fr\/index.php\/produit\/grillage-soude-autoroute-galvanise-h-140-cm-long-50-m\/\",\"url\":\"https:\/\/lesforestiersassocies.fr\/index.php\/produit\/grillage-soude-autoroute-galvanise-h-140-cm-long-50-m\/\",\"name\":\"Grillage Soud\u00e9 autoroute Galvanis\u00e9 H 140 cm Long.50 m - Les Forestiers Associ\u00e9s\",\"isPartOf\":{\"@id\":\"https:\/\/lesforestiersassocies.fr\/#website\"},\"datePublished\":\"2024-06-04T11:33:05+00:00\",\"dateModified\":\"2024-07-22T06:40:29+00:00\",\"breadcrumb\":{\"@id\":\"https:\/\/lesforestiersassocies.fr\/index.php\/produit\/grillage-soude-autoroute-galvanise-h-140-cm-long-50-m\/#breadcrumb\"},\"inLanguage\":\"fr-FR\",\"potentialAction\":[{\"@type\":\"ReadAction\",\"target\":[\"https:\/\/lesforestiersassocies.fr\/index.php\/produit\/grillage-soude-autoroute-galvanise-h-140-cm-long-50-m\/\"]}]},{\"@type\":\"BreadcrumbList\",\"@id\":\"https:\/\/lesforestiersassocies.fr\/index.php\/produit\/grillage-soude-autoroute-galvanise-h-140-cm-long-50-m\/#breadcrumb\",\"itemListElement\":[{\"@type\":\"ListItem\",\"position\":1,\"name\":\"Accueil\",\"item\":\"https:\/\/lesforestiersassocies.fr\/\"},{\"@type\":\"ListItem\",\"position\":2,\"name\":\"Inventory\",\"item\":\"https:\/\/lesforestiersassocies.fr\/index.php\/inventory\/\"},{\"@type\":\"ListItem\",\"position\":3,\"name\":\"Grillage Soud\u00e9 autoroute Galvanis\u00e9 H 140 cm Long.50 m\"}]},{\"@type\":\"WebSite\",\"@id\":\"https:\/\/lesforestiersassocies.fr\/#website\",\"url\":\"https:\/\/lesforestiersassocies.fr\/\",\"name\":\"Les Forestiers Associ\u00e9s\",\"description\":\"Les Forestiers Associ\u00e9s\",\"publisher\":{\"@id\":\"https:\/\/lesforestiersassocies.fr\/#organization\"},\"potentialAction\":[{\"@type\":\"SearchAction\",\"target\":{\"@type\":\"EntryPoint\",\"urlTemplate\":\"https:\/\/lesforestiersassocies.fr\/?s={search_term_string}\"},\"query-input\":\"required name=search_term_string\"}],\"inLanguage\":\"fr-FR\"},{\"@type\":\"Organization\",\"@id\":\"https:\/\/lesforestiersassocies.fr\/#organization\",\"name\":\"Les Forestiers Associ\u00e9s\",\"url\":\"https:\/\/lesforestiersassocies.fr\/\",\"logo\":{\"@type\":\"ImageObject\",\"inLanguage\":\"fr-FR\",\"@id\":\"https:\/\/lesforestiersassocies.fr\/#\/schema\/logo\/image\/\",\"url\":\"http:\/\/lesforestiersassocies.fr\/wp-content\/uploads\/2019\/01\/LFA-Logo.jpg\",\"contentUrl\":\"http:\/\/lesforestiersassocies.fr\/wp-content\/uploads\/2019\/01\/LFA-Logo.jpg\",\"width\":905,\"height\":314,\"caption\":\"Les Forestiers Associ\u00e9s\"},\"image\":{\"@id\":\"https:\/\/lesforestiersassocies.fr\/#\/schema\/logo\/image\/\"}}]}<\/script>\n<!-- \/ Yoast SEO plugin. -->","yoast_head_json":{"title":"Grillage Soud\u00e9 autoroute Galvanis\u00e9 H 140 cm Long.50 m - Les Forestiers Associ\u00e9s","robots":{"index":"index","follow":"follow","max-snippet":"max-snippet:-1","max-image-preview":"max-image-preview:large","max-video-preview":"max-video-preview:-1"},"canonical":"https:\/\/lesforestiersassocies.fr\/index.php\/produit\/grillage-soude-autoroute-galvanise-h-140-cm-long-50-m\/","og_locale":"fr_FR","og_type":"article","og_title":"Grillage Soud\u00e9 autoroute Galvanis\u00e9 H 140 cm Long.50 m - Les Forestiers Associ\u00e9s","og_description":"Il se caract\u00e9rise par l\u2019augmentation de l\u2019espacement entre les fils [&hellip;]","og_url":"https:\/\/lesforestiersassocies.fr\/index.php\/produit\/grillage-soude-autoroute-galvanise-h-140-cm-long-50-m\/","og_site_name":"Les Forestiers Associ\u00e9s","article_modified_time":"2024-07-22T06:40:29+00:00","og_image":[{"width":812,"height":707,"url":"https:\/\/lesforestiersassocies.fr\/wp-content\/uploads\/2024\/06\/grillage-autoroute.png","type":"image\/png"}],"twitter_card":"summary_large_image","twitter_misc":{"Dur\u00e9e de lecture estim\u00e9e":"1 minute"},"schema":{"@context":"https:\/\/schema.org","@graph":[{"@type":"WebPage","@id":"https:\/\/lesforestiersassocies.fr\/index.php\/produit\/grillage-soude-autoroute-galvanise-h-140-cm-long-50-m\/","url":"https:\/\/lesforestiersassocies.fr\/index.php\/produit\/grillage-soude-autoroute-galvanise-h-140-cm-long-50-m\/","name":"Grillage Soud\u00e9 autoroute Galvanis\u00e9 H 140 cm Long.50 m - Les Forestiers Associ\u00e9s","isPartOf":{"@id":"https:\/\/lesforestiersassocies.fr\/#website"},"datePublished":"2024-06-04T11:33:05+00:00","dateModified":"2024-07-22T06:40:29+00:00","breadcrumb":{"@id":"https:\/\/lesforestiersassocies.fr\/index.php\/produit\/grillage-soude-autoroute-galvanise-h-140-cm-long-50-m\/#breadcrumb"},"inLanguage":"fr-FR","potentialAction":[{"@type":"ReadAction","target":["https:\/\/lesforestiersassocies.fr\/index.php\/produit\/grillage-soude-autoroute-galvanise-h-140-cm-long-50-m\/"]}]},{"@type":"BreadcrumbList","@id":"https:\/\/lesforestiersassocies.fr\/index.php\/produit\/grillage-soude-autoroute-galvanise-h-140-cm-long-50-m\/#breadcrumb","itemListElement":[{"@type":"ListItem","position":1,"name":"Accueil","item":"https:\/\/lesforestiersassocies.fr\/"},{"@type":"ListItem","position":2,"name":"Inventory","item":"https:\/\/lesforestiersassocies.fr\/index.php\/inventory\/"},{"@type":"ListItem","position":3,"name":"Grillage Soud\u00e9 autoroute Galvanis\u00e9 H 140 cm Long.50 m"}]},{"@type":"WebSite","@id":"https:\/\/lesforestiersassocies.fr\/#website","url":"https:\/\/lesforestiersassocies.fr\/","name":"Les Forestiers Associ\u00e9s","description":"Les Forestiers Associ\u00e9s","publisher":{"@id":"https:\/\/lesforestiersassocies.fr\/#organization"},"potentialAction":[{"@type":"SearchAction","target":{"@type":"EntryPoint","urlTemplate":"https:\/\/lesforestiersassocies.fr\/?s={search_term_string}"},"query-input":"required name=search_term_string"}],"inLanguage":"fr-FR"},{"@type":"Organization","@id":"https:\/\/lesforestiersassocies.fr\/#organization","name":"Les Forestiers Associ\u00e9s","url":"https:\/\/lesforestiersassocies.fr\/","logo":{"@type":"ImageObject","inLanguage":"fr-FR","@id":"https:\/\/lesforestiersassocies.fr\/#\/schema\/logo\/image\/","url":"http:\/\/lesforestiersassocies.fr\/wp-content\/uploads\/2019\/01\/LFA-Logo.jpg","contentUrl":"http:\/\/lesforestiersassocies.fr\/wp-content\/uploads\/2019\/01\/LFA-Logo.jpg","width":905,"height":314,"caption":"Les Forestiers Associ\u00e9s"},"image":{"@id":"https:\/\/lesforestiersassocies.fr\/#\/schema\/logo\/image\/"}}]}},"_links":{"self":[{"href":"https:\/\/lesforestiersassocies.fr\/index.php\/wp-json\/wp\/v2\/product\/11622"}],"collection":[{"href":"https:\/\/lesforestiersassocies.fr\/index.php\/wp-json\/wp\/v2\/product"}],"about":[{"href":"https:\/\/lesforestiersassocies.fr\/index.php\/wp-json\/wp\/v2\/types\/product"}],"wp:featuredmedia":[{"embeddable":true,"href":"https:\/\/lesforestiersassocies.fr\/index.php\/wp-json\/wp\/v2\/media\/11623"}],"wp:attachment":[{"href":"https:\/\/lesforestiersassocies.fr\/index.php\/wp-json\/wp\/v2\/media?parent=11622"}],"wp:term":[{"taxonomy":"product_cat","embeddable":true,"href":"https:\/\/lesforestiersassocies.fr\/index.php\/wp-json\/wp\/v2\/product_cat?post=11622"},{"taxonomy":"product_tag","embeddable":true,"href":"https:\/\/lesforestiersassocies.fr\/index.php\/wp-json\/wp\/v2\/product_tag?post=11622"}],"curies":[{"name":"wp","href":"https:\/\/api.w.org\/{rel}","templated":true}]}}