{"id":11745,"date":"2024-06-10T10:50:58","date_gmt":"2024-06-10T08:50:58","guid":{"rendered":"http:\/\/lesforestiersassocies.fr\/?post_type=product&#038;p=11745"},"modified":"2024-07-15T14:53:55","modified_gmt":"2024-07-15T12:53:55","slug":"lambris-brosse-sapin-du-nord-12-x-135-x-2650-mm","status":"publish","type":"product","link":"https:\/\/lesforestiersassocies.fr\/index.php\/produit\/lambris-brosse-sapin-du-nord-12-x-135-x-2650-mm\/","title":{"rendered":"Lambris Bross\u00e9 Sapin du Nord 12 x 135 x 2650 mm"},"content":{"rendered":"<p>Vendu au M\u00b2<\/p>\n<p>Sapin du nord<\/p>\n<p>Des lambris au veinage apparent pour un effet structur\u00e9 tr\u00e8s d\u00e9co,\u00a0disponibles en Sapin du Nord .\u00a0Le brossage permet de dissocier la mati\u00e8re dure de la mati\u00e8re tendre et ainsi obtenir un \u00e9tat de surface au relief vein\u00e9, graphique, agr\u00e9able au toucher et qui \u201caccroche\u201d la lumi\u00e8re. Propos\u00e9s en aspect naturel, color\u00e9 ou lustr\u00e9, notre gamme de lambris bross\u00e9s permet de trouver une r\u00e9ponse pour tous les espaces de la maison.<\/p>\n<ul data-rte-list=\"default\">\n<li>Profils : El\u00e9gie droite<\/li>\n<li>Finition : teint\u00e9e<\/li>\n<li>Largeur : 135 mm<\/li>\n<li>Produits \u00e0 faible taux de COV<\/li>\n<li>Pose verticale ou horizontale<\/li>\n<li>Fixation par pointes, agrafes ou clips<\/li>\n<li>Rainures et languettes sur les 4 c\u00f4t\u00e9s<\/li>\n<\/ul>\n","protected":false},"excerpt":{"rendered":"<p>(SUR COMMANDE !)<\/p>\n","protected":false},"featured_media":11748,"template":"","meta":[],"product_cat":[66],"product_tag":[],"acf":[],"yoast_head":"<!-- This site is optimized with the Yoast SEO plugin v21.9 - https:\/\/yoast.com\/wordpress\/plugins\/seo\/ -->\n<title>Lambris Bross\u00e9 Sapin du Nord 12 x 135 x 2650 mm - Les Forestiers Associ\u00e9s<\/title>\n<meta name=\"robots\" content=\"index, follow, max-snippet:-1, max-image-preview:large, max-video-preview:-1\" \/>\n<link rel=\"canonical\" href=\"https:\/\/lesforestiersassocies.fr\/index.php\/produit\/lambris-brosse-sapin-du-nord-12-x-135-x-2650-mm\/\" \/>\n<meta property=\"og:locale\" content=\"fr_FR\" \/>\n<meta property=\"og:type\" content=\"article\" \/>\n<meta property=\"og:title\" content=\"Lambris Bross\u00e9 Sapin du Nord 12 x 135 x 2650 mm - Les Forestiers Associ\u00e9s\" \/>\n<meta property=\"og:description\" content=\"(SUR COMMANDE !)\" \/>\n<meta property=\"og:url\" content=\"https:\/\/lesforestiersassocies.fr\/index.php\/produit\/lambris-brosse-sapin-du-nord-12-x-135-x-2650-mm\/\" \/>\n<meta property=\"og:site_name\" content=\"Les Forestiers Associ\u00e9s\" \/>\n<meta property=\"article:modified_time\" content=\"2024-07-15T12:53:55+00:00\" \/>\n<meta property=\"og:image\" content=\"https:\/\/lesforestiersassocies.fr\/wp-content\/uploads\/2024\/06\/Lambrisbrosse-1.jpg\" \/>\n\t<meta property=\"og:image:width\" content=\"967\" \/>\n\t<meta property=\"og:image:height\" content=\"682\" \/>\n\t<meta property=\"og:image:type\" content=\"image\/jpeg\" \/>\n<meta name=\"twitter:card\" content=\"summary_large_image\" \/>\n<meta name=\"twitter:label1\" content=\"Dur\u00e9e de lecture estim\u00e9e\" \/>\n\t<meta name=\"twitter:data1\" content=\"1 minute\" \/>\n<script type=\"application\/ld+json\" class=\"yoast-schema-graph\">{\"@context\":\"https:\/\/schema.org\",\"@graph\":[{\"@type\":\"WebPage\",\"@id\":\"https:\/\/lesforestiersassocies.fr\/index.php\/produit\/lambris-brosse-sapin-du-nord-12-x-135-x-2650-mm\/\",\"url\":\"https:\/\/lesforestiersassocies.fr\/index.php\/produit\/lambris-brosse-sapin-du-nord-12-x-135-x-2650-mm\/\",\"name\":\"Lambris Bross\u00e9 Sapin du Nord 12 x 135 x 2650 mm - Les Forestiers Associ\u00e9s\",\"isPartOf\":{\"@id\":\"https:\/\/lesforestiersassocies.fr\/#website\"},\"datePublished\":\"2024-06-10T08:50:58+00:00\",\"dateModified\":\"2024-07-15T12:53:55+00:00\",\"breadcrumb\":{\"@id\":\"https:\/\/lesforestiersassocies.fr\/index.php\/produit\/lambris-brosse-sapin-du-nord-12-x-135-x-2650-mm\/#breadcrumb\"},\"inLanguage\":\"fr-FR\",\"potentialAction\":[{\"@type\":\"ReadAction\",\"target\":[\"https:\/\/lesforestiersassocies.fr\/index.php\/produit\/lambris-brosse-sapin-du-nord-12-x-135-x-2650-mm\/\"]}]},{\"@type\":\"BreadcrumbList\",\"@id\":\"https:\/\/lesforestiersassocies.fr\/index.php\/produit\/lambris-brosse-sapin-du-nord-12-x-135-x-2650-mm\/#breadcrumb\",\"itemListElement\":[{\"@type\":\"ListItem\",\"position\":1,\"name\":\"Accueil\",\"item\":\"https:\/\/lesforestiersassocies.fr\/\"},{\"@type\":\"ListItem\",\"position\":2,\"name\":\"Inventory\",\"item\":\"https:\/\/lesforestiersassocies.fr\/index.php\/inventory\/\"},{\"@type\":\"ListItem\",\"position\":3,\"name\":\"Lambris Bross\u00e9 Sapin du Nord 12 x 135 x 2650 mm\"}]},{\"@type\":\"WebSite\",\"@id\":\"https:\/\/lesforestiersassocies.fr\/#website\",\"url\":\"https:\/\/lesforestiersassocies.fr\/\",\"name\":\"Les Forestiers Associ\u00e9s\",\"description\":\"Les Forestiers Associ\u00e9s\",\"publisher\":{\"@id\":\"https:\/\/lesforestiersassocies.fr\/#organization\"},\"potentialAction\":[{\"@type\":\"SearchAction\",\"target\":{\"@type\":\"EntryPoint\",\"urlTemplate\":\"https:\/\/lesforestiersassocies.fr\/?s={search_term_string}\"},\"query-input\":\"required name=search_term_string\"}],\"inLanguage\":\"fr-FR\"},{\"@type\":\"Organization\",\"@id\":\"https:\/\/lesforestiersassocies.fr\/#organization\",\"name\":\"Les Forestiers Associ\u00e9s\",\"url\":\"https:\/\/lesforestiersassocies.fr\/\",\"logo\":{\"@type\":\"ImageObject\",\"inLanguage\":\"fr-FR\",\"@id\":\"https:\/\/lesforestiersassocies.fr\/#\/schema\/logo\/image\/\",\"url\":\"http:\/\/lesforestiersassocies.fr\/wp-content\/uploads\/2019\/01\/LFA-Logo.jpg\",\"contentUrl\":\"http:\/\/lesforestiersassocies.fr\/wp-content\/uploads\/2019\/01\/LFA-Logo.jpg\",\"width\":905,\"height\":314,\"caption\":\"Les Forestiers Associ\u00e9s\"},\"image\":{\"@id\":\"https:\/\/lesforestiersassocies.fr\/#\/schema\/logo\/image\/\"}}]}<\/script>\n<!-- \/ Yoast SEO plugin. -->","yoast_head_json":{"title":"Lambris Bross\u00e9 Sapin du Nord 12 x 135 x 2650 mm - Les Forestiers Associ\u00e9s","robots":{"index":"index","follow":"follow","max-snippet":"max-snippet:-1","max-image-preview":"max-image-preview:large","max-video-preview":"max-video-preview:-1"},"canonical":"https:\/\/lesforestiersassocies.fr\/index.php\/produit\/lambris-brosse-sapin-du-nord-12-x-135-x-2650-mm\/","og_locale":"fr_FR","og_type":"article","og_title":"Lambris Bross\u00e9 Sapin du Nord 12 x 135 x 2650 mm - Les Forestiers Associ\u00e9s","og_description":"(SUR COMMANDE !)","og_url":"https:\/\/lesforestiersassocies.fr\/index.php\/produit\/lambris-brosse-sapin-du-nord-12-x-135-x-2650-mm\/","og_site_name":"Les Forestiers Associ\u00e9s","article_modified_time":"2024-07-15T12:53:55+00:00","og_image":[{"width":967,"height":682,"url":"https:\/\/lesforestiersassocies.fr\/wp-content\/uploads\/2024\/06\/Lambrisbrosse-1.jpg","type":"image\/jpeg"}],"twitter_card":"summary_large_image","twitter_misc":{"Dur\u00e9e de lecture estim\u00e9e":"1 minute"},"schema":{"@context":"https:\/\/schema.org","@graph":[{"@type":"WebPage","@id":"https:\/\/lesforestiersassocies.fr\/index.php\/produit\/lambris-brosse-sapin-du-nord-12-x-135-x-2650-mm\/","url":"https:\/\/lesforestiersassocies.fr\/index.php\/produit\/lambris-brosse-sapin-du-nord-12-x-135-x-2650-mm\/","name":"Lambris Bross\u00e9 Sapin du Nord 12 x 135 x 2650 mm - Les Forestiers Associ\u00e9s","isPartOf":{"@id":"https:\/\/lesforestiersassocies.fr\/#website"},"datePublished":"2024-06-10T08:50:58+00:00","dateModified":"2024-07-15T12:53:55+00:00","breadcrumb":{"@id":"https:\/\/lesforestiersassocies.fr\/index.php\/produit\/lambris-brosse-sapin-du-nord-12-x-135-x-2650-mm\/#breadcrumb"},"inLanguage":"fr-FR","potentialAction":[{"@type":"ReadAction","target":["https:\/\/lesforestiersassocies.fr\/index.php\/produit\/lambris-brosse-sapin-du-nord-12-x-135-x-2650-mm\/"]}]},{"@type":"BreadcrumbList","@id":"https:\/\/lesforestiersassocies.fr\/index.php\/produit\/lambris-brosse-sapin-du-nord-12-x-135-x-2650-mm\/#breadcrumb","itemListElement":[{"@type":"ListItem","position":1,"name":"Accueil","item":"https:\/\/lesforestiersassocies.fr\/"},{"@type":"ListItem","position":2,"name":"Inventory","item":"https:\/\/lesforestiersassocies.fr\/index.php\/inventory\/"},{"@type":"ListItem","position":3,"name":"Lambris Bross\u00e9 Sapin du Nord 12 x 135 x 2650 mm"}]},{"@type":"WebSite","@id":"https:\/\/lesforestiersassocies.fr\/#website","url":"https:\/\/lesforestiersassocies.fr\/","name":"Les Forestiers Associ\u00e9s","description":"Les Forestiers Associ\u00e9s","publisher":{"@id":"https:\/\/lesforestiersassocies.fr\/#organization"},"potentialAction":[{"@type":"SearchAction","target":{"@type":"EntryPoint","urlTemplate":"https:\/\/lesforestiersassocies.fr\/?s={search_term_string}"},"query-input":"required name=search_term_string"}],"inLanguage":"fr-FR"},{"@type":"Organization","@id":"https:\/\/lesforestiersassocies.fr\/#organization","name":"Les Forestiers Associ\u00e9s","url":"https:\/\/lesforestiersassocies.fr\/","logo":{"@type":"ImageObject","inLanguage":"fr-FR","@id":"https:\/\/lesforestiersassocies.fr\/#\/schema\/logo\/image\/","url":"http:\/\/lesforestiersassocies.fr\/wp-content\/uploads\/2019\/01\/LFA-Logo.jpg","contentUrl":"http:\/\/lesforestiersassocies.fr\/wp-content\/uploads\/2019\/01\/LFA-Logo.jpg","width":905,"height":314,"caption":"Les Forestiers Associ\u00e9s"},"image":{"@id":"https:\/\/lesforestiersassocies.fr\/#\/schema\/logo\/image\/"}}]}},"_links":{"self":[{"href":"https:\/\/lesforestiersassocies.fr\/index.php\/wp-json\/wp\/v2\/product\/11745"}],"collection":[{"href":"https:\/\/lesforestiersassocies.fr\/index.php\/wp-json\/wp\/v2\/product"}],"about":[{"href":"https:\/\/lesforestiersassocies.fr\/index.php\/wp-json\/wp\/v2\/types\/product"}],"wp:featuredmedia":[{"embeddable":true,"href":"https:\/\/lesforestiersassocies.fr\/index.php\/wp-json\/wp\/v2\/media\/11748"}],"wp:attachment":[{"href":"https:\/\/lesforestiersassocies.fr\/index.php\/wp-json\/wp\/v2\/media?parent=11745"}],"wp:term":[{"taxonomy":"product_cat","embeddable":true,"href":"https:\/\/lesforestiersassocies.fr\/index.php\/wp-json\/wp\/v2\/product_cat?post=11745"},{"taxonomy":"product_tag","embeddable":true,"href":"https:\/\/lesforestiersassocies.fr\/index.php\/wp-json\/wp\/v2\/product_tag?post=11745"}],"curies":[{"name":"wp","href":"https:\/\/api.w.org\/{rel}","templated":true}]}}