{"id":11828,"date":"2024-07-05T08:07:32","date_gmt":"2024-07-05T06:07:32","guid":{"rendered":"https:\/\/lesforestiersassocies.fr\/?post_type=product&#038;p=11828"},"modified":"2024-07-05T08:09:44","modified_gmt":"2024-07-05T06:09:44","slug":"perceuse-visseuse-compacte-xr-18v-5ah-li-ion-brushless","status":"publish","type":"product","link":"https:\/\/lesforestiersassocies.fr\/index.php\/produit\/perceuse-visseuse-compacte-xr-18v-5ah-li-ion-brushless\/","title":{"rendered":"Perceuse Visseuse compacte XR 18V 5Ah Li-Ion Brushless"},"content":{"rendered":"<ul class=\"feature-ul\">\n<li class=\"feature-list-li\">Mandrin m\u00e9tal autoserrant 13 mm : mandrin robuste. L\u2019utilisateur n\u2019a pas besoin d\u2019accessoires suppl\u00e9mentaires<\/li>\n<li class=\"feature-list-li\">G\u00e2chette \u00e0 Vitesse variable : Permet le contr\u00f4le de la vitesse. Moins de risque de serrage excessif<\/li>\n<li class=\"feature-list-li\">LED pivotante : meilleure visibilit\u00e9 dans les espaces sombres et confin\u00e9s<\/li>\n<li class=\"additional-feature-list-li\">15 R\u00e9glages de contr\u00f4le de couple : R\u00e9glage pr\u00e9cis de la force de serrage. L\u2019utilisateur peut adapter l\u2019outil aux performances souhait\u00e9es et \u00e0 la finition requise. R\u00e9sultats pour une finition plus pr\u00e9cise<\/li>\n<li class=\"additional-feature-list-li\">Moteur brushless : plus de puissance, d\u2019efficacit\u00e9 et de durabilit\u00e9<\/li>\n<li class=\"additional-feature-list-li\">Poign\u00e9e ergonomique : plus confortable permettant une dur\u00e9e d\u2019utilisation plus longue<\/li>\n<li class=\"additional-feature-list-li\">Le clip ceinture en acier et le porte embouts magn\u00e9tique garantissent des solutions de stockage solides<\/li>\n<\/ul>\n<h2 class=\"coh-heading title coh-style-h1---default\">Inclus<\/h2>\n<ul class=\"coh-list-container coh-unordered-list\">\n<li class=\"coh-list-item\">(2) Batteries XR 18V 5 Ah Li-ion DCB184<\/li>\n<li class=\"coh-list-item\">(1) Coffret TSTAK<\/li>\n<li class=\"coh-list-item\">(1) Chargeur<\/li>\n<\/ul>\n<p>&nbsp;<\/p>\n<p><strong>Garantie 1 an, extension de garantie \u00e0 3 ans apr\u00e8s enregistrement*<\/strong><\/p>\n<div class=\"pdp-warranties-desc\">\n<p><strong>*\u00c9tendez gratuitement \u00e0 3 ans la garantie de vos outils apr\u00e8s enregistrement dans votre espace MyDEWALT (garantie l\u00e9gale de 1 ou 2 ans selon que vous soyez un professionnel ou un particulier).<\/strong><\/p>\n<\/div>\n","protected":false},"excerpt":{"rendered":"<p>Mandrin m\u00e9tal autoserrant 13 mm : mandrin robuste. L\u2019utilisateur n\u2019a [&hellip;]<\/p>\n","protected":false},"featured_media":11948,"template":"","meta":[],"product_cat":[131],"product_tag":[],"acf":[],"yoast_head":"<!-- This site is optimized with the Yoast SEO plugin v21.9 - https:\/\/yoast.com\/wordpress\/plugins\/seo\/ -->\n<title>Perceuse Visseuse compacte XR 18V 5Ah Li-Ion Brushless - Les Forestiers Associ\u00e9s<\/title>\n<meta name=\"robots\" content=\"index, follow, max-snippet:-1, max-image-preview:large, max-video-preview:-1\" \/>\n<link rel=\"canonical\" href=\"https:\/\/lesforestiersassocies.fr\/index.php\/produit\/perceuse-visseuse-compacte-xr-18v-5ah-li-ion-brushless\/\" \/>\n<meta property=\"og:locale\" content=\"fr_FR\" \/>\n<meta property=\"og:type\" content=\"article\" \/>\n<meta property=\"og:title\" content=\"Perceuse Visseuse compacte XR 18V 5Ah Li-Ion Brushless - Les Forestiers Associ\u00e9s\" \/>\n<meta property=\"og:description\" content=\"Mandrin m\u00e9tal autoserrant 13 mm : mandrin robuste. L\u2019utilisateur n\u2019a [&hellip;]\" \/>\n<meta property=\"og:url\" content=\"https:\/\/lesforestiersassocies.fr\/index.php\/produit\/perceuse-visseuse-compacte-xr-18v-5ah-li-ion-brushless\/\" \/>\n<meta property=\"og:site_name\" content=\"Les Forestiers Associ\u00e9s\" \/>\n<meta property=\"article:modified_time\" content=\"2024-07-05T06:09:44+00:00\" \/>\n<meta property=\"og:image\" content=\"https:\/\/lesforestiersassocies.fr\/wp-content\/uploads\/2024\/07\/perceuse-visseuse-compacte.jpg\" \/>\n\t<meta property=\"og:image:width\" content=\"813\" \/>\n\t<meta property=\"og:image:height\" content=\"557\" \/>\n\t<meta property=\"og:image:type\" content=\"image\/jpeg\" \/>\n<meta name=\"twitter:card\" content=\"summary_large_image\" \/>\n<meta name=\"twitter:label1\" content=\"Dur\u00e9e de lecture estim\u00e9e\" \/>\n\t<meta name=\"twitter:data1\" content=\"2 minutes\" \/>\n<script type=\"application\/ld+json\" class=\"yoast-schema-graph\">{\"@context\":\"https:\/\/schema.org\",\"@graph\":[{\"@type\":\"WebPage\",\"@id\":\"https:\/\/lesforestiersassocies.fr\/index.php\/produit\/perceuse-visseuse-compacte-xr-18v-5ah-li-ion-brushless\/\",\"url\":\"https:\/\/lesforestiersassocies.fr\/index.php\/produit\/perceuse-visseuse-compacte-xr-18v-5ah-li-ion-brushless\/\",\"name\":\"Perceuse Visseuse compacte XR 18V 5Ah Li-Ion Brushless - Les Forestiers Associ\u00e9s\",\"isPartOf\":{\"@id\":\"https:\/\/lesforestiersassocies.fr\/#website\"},\"datePublished\":\"2024-07-05T06:07:32+00:00\",\"dateModified\":\"2024-07-05T06:09:44+00:00\",\"breadcrumb\":{\"@id\":\"https:\/\/lesforestiersassocies.fr\/index.php\/produit\/perceuse-visseuse-compacte-xr-18v-5ah-li-ion-brushless\/#breadcrumb\"},\"inLanguage\":\"fr-FR\",\"potentialAction\":[{\"@type\":\"ReadAction\",\"target\":[\"https:\/\/lesforestiersassocies.fr\/index.php\/produit\/perceuse-visseuse-compacte-xr-18v-5ah-li-ion-brushless\/\"]}]},{\"@type\":\"BreadcrumbList\",\"@id\":\"https:\/\/lesforestiersassocies.fr\/index.php\/produit\/perceuse-visseuse-compacte-xr-18v-5ah-li-ion-brushless\/#breadcrumb\",\"itemListElement\":[{\"@type\":\"ListItem\",\"position\":1,\"name\":\"Accueil\",\"item\":\"https:\/\/lesforestiersassocies.fr\/\"},{\"@type\":\"ListItem\",\"position\":2,\"name\":\"Inventory\",\"item\":\"https:\/\/lesforestiersassocies.fr\/index.php\/inventory\/\"},{\"@type\":\"ListItem\",\"position\":3,\"name\":\"Perceuse Visseuse compacte XR 18V 5Ah Li-Ion Brushless\"}]},{\"@type\":\"WebSite\",\"@id\":\"https:\/\/lesforestiersassocies.fr\/#website\",\"url\":\"https:\/\/lesforestiersassocies.fr\/\",\"name\":\"Les Forestiers Associ\u00e9s\",\"description\":\"Les Forestiers Associ\u00e9s\",\"publisher\":{\"@id\":\"https:\/\/lesforestiersassocies.fr\/#organization\"},\"potentialAction\":[{\"@type\":\"SearchAction\",\"target\":{\"@type\":\"EntryPoint\",\"urlTemplate\":\"https:\/\/lesforestiersassocies.fr\/?s={search_term_string}\"},\"query-input\":\"required name=search_term_string\"}],\"inLanguage\":\"fr-FR\"},{\"@type\":\"Organization\",\"@id\":\"https:\/\/lesforestiersassocies.fr\/#organization\",\"name\":\"Les Forestiers Associ\u00e9s\",\"url\":\"https:\/\/lesforestiersassocies.fr\/\",\"logo\":{\"@type\":\"ImageObject\",\"inLanguage\":\"fr-FR\",\"@id\":\"https:\/\/lesforestiersassocies.fr\/#\/schema\/logo\/image\/\",\"url\":\"http:\/\/lesforestiersassocies.fr\/wp-content\/uploads\/2019\/01\/LFA-Logo.jpg\",\"contentUrl\":\"http:\/\/lesforestiersassocies.fr\/wp-content\/uploads\/2019\/01\/LFA-Logo.jpg\",\"width\":905,\"height\":314,\"caption\":\"Les Forestiers Associ\u00e9s\"},\"image\":{\"@id\":\"https:\/\/lesforestiersassocies.fr\/#\/schema\/logo\/image\/\"}}]}<\/script>\n<!-- \/ Yoast SEO plugin. -->","yoast_head_json":{"title":"Perceuse Visseuse compacte XR 18V 5Ah Li-Ion Brushless - Les Forestiers Associ\u00e9s","robots":{"index":"index","follow":"follow","max-snippet":"max-snippet:-1","max-image-preview":"max-image-preview:large","max-video-preview":"max-video-preview:-1"},"canonical":"https:\/\/lesforestiersassocies.fr\/index.php\/produit\/perceuse-visseuse-compacte-xr-18v-5ah-li-ion-brushless\/","og_locale":"fr_FR","og_type":"article","og_title":"Perceuse Visseuse compacte XR 18V 5Ah Li-Ion Brushless - Les Forestiers Associ\u00e9s","og_description":"Mandrin m\u00e9tal autoserrant 13 mm : mandrin robuste. L\u2019utilisateur n\u2019a [&hellip;]","og_url":"https:\/\/lesforestiersassocies.fr\/index.php\/produit\/perceuse-visseuse-compacte-xr-18v-5ah-li-ion-brushless\/","og_site_name":"Les Forestiers Associ\u00e9s","article_modified_time":"2024-07-05T06:09:44+00:00","og_image":[{"width":813,"height":557,"url":"https:\/\/lesforestiersassocies.fr\/wp-content\/uploads\/2024\/07\/perceuse-visseuse-compacte.jpg","type":"image\/jpeg"}],"twitter_card":"summary_large_image","twitter_misc":{"Dur\u00e9e de lecture estim\u00e9e":"2 minutes"},"schema":{"@context":"https:\/\/schema.org","@graph":[{"@type":"WebPage","@id":"https:\/\/lesforestiersassocies.fr\/index.php\/produit\/perceuse-visseuse-compacte-xr-18v-5ah-li-ion-brushless\/","url":"https:\/\/lesforestiersassocies.fr\/index.php\/produit\/perceuse-visseuse-compacte-xr-18v-5ah-li-ion-brushless\/","name":"Perceuse Visseuse compacte XR 18V 5Ah Li-Ion Brushless - Les Forestiers Associ\u00e9s","isPartOf":{"@id":"https:\/\/lesforestiersassocies.fr\/#website"},"datePublished":"2024-07-05T06:07:32+00:00","dateModified":"2024-07-05T06:09:44+00:00","breadcrumb":{"@id":"https:\/\/lesforestiersassocies.fr\/index.php\/produit\/perceuse-visseuse-compacte-xr-18v-5ah-li-ion-brushless\/#breadcrumb"},"inLanguage":"fr-FR","potentialAction":[{"@type":"ReadAction","target":["https:\/\/lesforestiersassocies.fr\/index.php\/produit\/perceuse-visseuse-compacte-xr-18v-5ah-li-ion-brushless\/"]}]},{"@type":"BreadcrumbList","@id":"https:\/\/lesforestiersassocies.fr\/index.php\/produit\/perceuse-visseuse-compacte-xr-18v-5ah-li-ion-brushless\/#breadcrumb","itemListElement":[{"@type":"ListItem","position":1,"name":"Accueil","item":"https:\/\/lesforestiersassocies.fr\/"},{"@type":"ListItem","position":2,"name":"Inventory","item":"https:\/\/lesforestiersassocies.fr\/index.php\/inventory\/"},{"@type":"ListItem","position":3,"name":"Perceuse Visseuse compacte XR 18V 5Ah Li-Ion Brushless"}]},{"@type":"WebSite","@id":"https:\/\/lesforestiersassocies.fr\/#website","url":"https:\/\/lesforestiersassocies.fr\/","name":"Les Forestiers Associ\u00e9s","description":"Les Forestiers Associ\u00e9s","publisher":{"@id":"https:\/\/lesforestiersassocies.fr\/#organization"},"potentialAction":[{"@type":"SearchAction","target":{"@type":"EntryPoint","urlTemplate":"https:\/\/lesforestiersassocies.fr\/?s={search_term_string}"},"query-input":"required name=search_term_string"}],"inLanguage":"fr-FR"},{"@type":"Organization","@id":"https:\/\/lesforestiersassocies.fr\/#organization","name":"Les Forestiers Associ\u00e9s","url":"https:\/\/lesforestiersassocies.fr\/","logo":{"@type":"ImageObject","inLanguage":"fr-FR","@id":"https:\/\/lesforestiersassocies.fr\/#\/schema\/logo\/image\/","url":"http:\/\/lesforestiersassocies.fr\/wp-content\/uploads\/2019\/01\/LFA-Logo.jpg","contentUrl":"http:\/\/lesforestiersassocies.fr\/wp-content\/uploads\/2019\/01\/LFA-Logo.jpg","width":905,"height":314,"caption":"Les Forestiers Associ\u00e9s"},"image":{"@id":"https:\/\/lesforestiersassocies.fr\/#\/schema\/logo\/image\/"}}]}},"_links":{"self":[{"href":"https:\/\/lesforestiersassocies.fr\/index.php\/wp-json\/wp\/v2\/product\/11828"}],"collection":[{"href":"https:\/\/lesforestiersassocies.fr\/index.php\/wp-json\/wp\/v2\/product"}],"about":[{"href":"https:\/\/lesforestiersassocies.fr\/index.php\/wp-json\/wp\/v2\/types\/product"}],"wp:featuredmedia":[{"embeddable":true,"href":"https:\/\/lesforestiersassocies.fr\/index.php\/wp-json\/wp\/v2\/media\/11948"}],"wp:attachment":[{"href":"https:\/\/lesforestiersassocies.fr\/index.php\/wp-json\/wp\/v2\/media?parent=11828"}],"wp:term":[{"taxonomy":"product_cat","embeddable":true,"href":"https:\/\/lesforestiersassocies.fr\/index.php\/wp-json\/wp\/v2\/product_cat?post=11828"},{"taxonomy":"product_tag","embeddable":true,"href":"https:\/\/lesforestiersassocies.fr\/index.php\/wp-json\/wp\/v2\/product_tag?post=11828"}],"curies":[{"name":"wp","href":"https:\/\/api.w.org\/{rel}","templated":true}]}}