{"id":11867,"date":"2024-07-05T08:12:14","date_gmt":"2024-07-05T06:12:14","guid":{"rendered":"http:\/\/lesforestiersassocies.fr\/?post_type=product&#038;p=11867"},"modified":"2024-07-05T08:12:14","modified_gmt":"2024-07-05T06:12:14","slug":"visseuse-a-chocs-ultra-compacte-xr-18v-1-7ah-li-ion-brushless","status":"publish","type":"product","link":"https:\/\/lesforestiersassocies.fr\/index.php\/produit\/visseuse-a-chocs-ultra-compacte-xr-18v-1-7ah-li-ion-brushless\/","title":{"rendered":"Visseuse \u00e0 chocs ultra compacte XR 18V 1.7Ah Li-Ion Brushless"},"content":{"rendered":"<ul class=\"feature-ul\">\n<li class=\"feature-list-li\">\u00c9clairage de la zone de travail : anneau 3 LED autour de l\u2019embout<\/li>\n<li class=\"feature-list-li\">Contr\u00f4le complet de la vitesse : g\u00e2chette \u00e0 vitesse variable et 3 modes de s\u00e9lection<\/li>\n<li class=\"feature-list-li\">Moteur brushless : plus de puissance, d\u2019efficacit\u00e9 et de durabilit\u00e9<\/li>\n<\/ul>\n<p>Notre visseuse \u00e0 chocs XR 18V la plus petite et la plus puissante vous offre plus de confort et une meilleure vitesse d&rsquo;application. la DCF850 d\u00e9livre 205 Nm dans un bo\u00eetier compact de 100 mm, parfait pour une large gamme d&rsquo;applications dans les environnements de la construction, de l&rsquo;industrie et de l&rsquo;automobile. Les autres caract\u00e9ristiques comprennent un interrupteur \u00e0 3 modes pour un contr\u00f4le am\u00e9lior\u00e9, y compris le mode Pr\u00e9cision qui emp\u00eache le mat\u00e9riau et l&rsquo;attache d&rsquo;\u00eatre endommag\u00e9s lors de petits travaux et un anneau lumineux \u00e0 LED pour offrir la meilleure visibilit\u00e9 dans les environnements les plus difficiles.<\/p>\n<ul class=\"additional-feature-ul\">\n<li class=\"additional-feature-list-li\">Acc\u00e8s aux zones confin\u00e9es : ultra compacte (t\u00eate + corps) et l\u00e9g\u00e8re<\/li>\n<li class=\"additional-feature-list-li\">Confort et contr\u00f4le utilisateur : conception ergonomique de la poign\u00e9e, grip confortable permettant une dur\u00e9e d\u2019utilisation plus longue, clip ceinture<\/li>\n<li class=\"additional-feature-list-li\">Performance : couple de serrage pouvant atteindre 205 Nm<\/li>\n<\/ul>\n<p>&nbsp;<\/p>\n<h2 class=\"coh-heading title coh-style-h1---default\">Inclus<\/h2>\n<ul class=\"coh-list-container coh-unordered-list\">\n<li class=\"coh-list-item\">(2) Batteries POWERSTACK 1.7 Ah Li-ion DCBP034-XJ<\/li>\n<li class=\"coh-list-item\">(1) Chargeur<\/li>\n<li class=\"coh-list-item\">(1) Coffret TSTAK<\/li>\n<\/ul>\n<p>&nbsp;<\/p>\n<p><strong>Garantie 1 an, extension de garantie \u00e0 3 ans apr\u00e8s enregistrement*<\/strong><\/p>\n<div class=\"pdp-warranties-desc\">\n<p><strong>*\u00c9tendez gratuitement \u00e0 3 ans la garantie de vos outils apr\u00e8s enregistrement dans votre espace MyDEWALT (garantie l\u00e9gale de 1 ou 2 ans selon que vous soyez un professionnel ou un particulier).<\/strong><\/p>\n<\/div>\n","protected":false},"excerpt":{"rendered":"<p>\u00c9clairage de la zone de travail : anneau 3 LED [&hellip;]<\/p>\n","protected":false},"featured_media":11868,"template":"","meta":[],"product_cat":[131],"product_tag":[],"acf":[],"yoast_head":"<!-- This site is optimized with the Yoast SEO plugin v21.9 - https:\/\/yoast.com\/wordpress\/plugins\/seo\/ -->\n<title>Visseuse \u00e0 chocs ultra compacte XR 18V 1.7Ah Li-Ion Brushless - Les Forestiers Associ\u00e9s<\/title>\n<meta name=\"robots\" content=\"index, follow, max-snippet:-1, max-image-preview:large, max-video-preview:-1\" \/>\n<link rel=\"canonical\" href=\"https:\/\/lesforestiersassocies.fr\/index.php\/produit\/visseuse-a-chocs-ultra-compacte-xr-18v-1-7ah-li-ion-brushless\/\" \/>\n<meta property=\"og:locale\" content=\"fr_FR\" \/>\n<meta property=\"og:type\" content=\"article\" \/>\n<meta property=\"og:title\" content=\"Visseuse \u00e0 chocs ultra compacte XR 18V 1.7Ah Li-Ion Brushless - Les Forestiers Associ\u00e9s\" \/>\n<meta property=\"og:description\" content=\"\u00c9clairage de la zone de travail : anneau 3 LED [&hellip;]\" \/>\n<meta property=\"og:url\" content=\"https:\/\/lesforestiersassocies.fr\/index.php\/produit\/visseuse-a-chocs-ultra-compacte-xr-18v-1-7ah-li-ion-brushless\/\" \/>\n<meta property=\"og:site_name\" content=\"Les Forestiers Associ\u00e9s\" \/>\n<meta property=\"og:image\" content=\"https:\/\/lesforestiersassocies.fr\/wp-content\/uploads\/2024\/06\/DCF850E2T-QW.jpg\" \/>\n\t<meta property=\"og:image:width\" content=\"827\" \/>\n\t<meta property=\"og:image:height\" content=\"527\" \/>\n\t<meta property=\"og:image:type\" content=\"image\/jpeg\" \/>\n<meta name=\"twitter:card\" content=\"summary_large_image\" \/>\n<meta name=\"twitter:label1\" content=\"Dur\u00e9e de lecture estim\u00e9e\" \/>\n\t<meta name=\"twitter:data1\" content=\"2 minutes\" \/>\n<script type=\"application\/ld+json\" class=\"yoast-schema-graph\">{\"@context\":\"https:\/\/schema.org\",\"@graph\":[{\"@type\":\"WebPage\",\"@id\":\"https:\/\/lesforestiersassocies.fr\/index.php\/produit\/visseuse-a-chocs-ultra-compacte-xr-18v-1-7ah-li-ion-brushless\/\",\"url\":\"https:\/\/lesforestiersassocies.fr\/index.php\/produit\/visseuse-a-chocs-ultra-compacte-xr-18v-1-7ah-li-ion-brushless\/\",\"name\":\"Visseuse \u00e0 chocs ultra compacte XR 18V 1.7Ah Li-Ion Brushless - Les Forestiers Associ\u00e9s\",\"isPartOf\":{\"@id\":\"https:\/\/lesforestiersassocies.fr\/#website\"},\"datePublished\":\"2024-07-05T06:12:14+00:00\",\"dateModified\":\"2024-07-05T06:12:14+00:00\",\"breadcrumb\":{\"@id\":\"https:\/\/lesforestiersassocies.fr\/index.php\/produit\/visseuse-a-chocs-ultra-compacte-xr-18v-1-7ah-li-ion-brushless\/#breadcrumb\"},\"inLanguage\":\"fr-FR\",\"potentialAction\":[{\"@type\":\"ReadAction\",\"target\":[\"https:\/\/lesforestiersassocies.fr\/index.php\/produit\/visseuse-a-chocs-ultra-compacte-xr-18v-1-7ah-li-ion-brushless\/\"]}]},{\"@type\":\"BreadcrumbList\",\"@id\":\"https:\/\/lesforestiersassocies.fr\/index.php\/produit\/visseuse-a-chocs-ultra-compacte-xr-18v-1-7ah-li-ion-brushless\/#breadcrumb\",\"itemListElement\":[{\"@type\":\"ListItem\",\"position\":1,\"name\":\"Accueil\",\"item\":\"https:\/\/lesforestiersassocies.fr\/\"},{\"@type\":\"ListItem\",\"position\":2,\"name\":\"Inventory\",\"item\":\"https:\/\/lesforestiersassocies.fr\/index.php\/inventory\/\"},{\"@type\":\"ListItem\",\"position\":3,\"name\":\"Visseuse \u00e0 chocs ultra compacte XR 18V 1.7Ah Li-Ion Brushless\"}]},{\"@type\":\"WebSite\",\"@id\":\"https:\/\/lesforestiersassocies.fr\/#website\",\"url\":\"https:\/\/lesforestiersassocies.fr\/\",\"name\":\"Les Forestiers Associ\u00e9s\",\"description\":\"Les Forestiers Associ\u00e9s\",\"publisher\":{\"@id\":\"https:\/\/lesforestiersassocies.fr\/#organization\"},\"potentialAction\":[{\"@type\":\"SearchAction\",\"target\":{\"@type\":\"EntryPoint\",\"urlTemplate\":\"https:\/\/lesforestiersassocies.fr\/?s={search_term_string}\"},\"query-input\":\"required name=search_term_string\"}],\"inLanguage\":\"fr-FR\"},{\"@type\":\"Organization\",\"@id\":\"https:\/\/lesforestiersassocies.fr\/#organization\",\"name\":\"Les Forestiers Associ\u00e9s\",\"url\":\"https:\/\/lesforestiersassocies.fr\/\",\"logo\":{\"@type\":\"ImageObject\",\"inLanguage\":\"fr-FR\",\"@id\":\"https:\/\/lesforestiersassocies.fr\/#\/schema\/logo\/image\/\",\"url\":\"http:\/\/lesforestiersassocies.fr\/wp-content\/uploads\/2019\/01\/LFA-Logo.jpg\",\"contentUrl\":\"http:\/\/lesforestiersassocies.fr\/wp-content\/uploads\/2019\/01\/LFA-Logo.jpg\",\"width\":905,\"height\":314,\"caption\":\"Les Forestiers Associ\u00e9s\"},\"image\":{\"@id\":\"https:\/\/lesforestiersassocies.fr\/#\/schema\/logo\/image\/\"}}]}<\/script>\n<!-- \/ Yoast SEO plugin. -->","yoast_head_json":{"title":"Visseuse \u00e0 chocs ultra compacte XR 18V 1.7Ah Li-Ion Brushless - Les Forestiers Associ\u00e9s","robots":{"index":"index","follow":"follow","max-snippet":"max-snippet:-1","max-image-preview":"max-image-preview:large","max-video-preview":"max-video-preview:-1"},"canonical":"https:\/\/lesforestiersassocies.fr\/index.php\/produit\/visseuse-a-chocs-ultra-compacte-xr-18v-1-7ah-li-ion-brushless\/","og_locale":"fr_FR","og_type":"article","og_title":"Visseuse \u00e0 chocs ultra compacte XR 18V 1.7Ah Li-Ion Brushless - Les Forestiers Associ\u00e9s","og_description":"\u00c9clairage de la zone de travail : anneau 3 LED [&hellip;]","og_url":"https:\/\/lesforestiersassocies.fr\/index.php\/produit\/visseuse-a-chocs-ultra-compacte-xr-18v-1-7ah-li-ion-brushless\/","og_site_name":"Les Forestiers Associ\u00e9s","og_image":[{"width":827,"height":527,"url":"https:\/\/lesforestiersassocies.fr\/wp-content\/uploads\/2024\/06\/DCF850E2T-QW.jpg","type":"image\/jpeg"}],"twitter_card":"summary_large_image","twitter_misc":{"Dur\u00e9e de lecture estim\u00e9e":"2 minutes"},"schema":{"@context":"https:\/\/schema.org","@graph":[{"@type":"WebPage","@id":"https:\/\/lesforestiersassocies.fr\/index.php\/produit\/visseuse-a-chocs-ultra-compacte-xr-18v-1-7ah-li-ion-brushless\/","url":"https:\/\/lesforestiersassocies.fr\/index.php\/produit\/visseuse-a-chocs-ultra-compacte-xr-18v-1-7ah-li-ion-brushless\/","name":"Visseuse \u00e0 chocs ultra compacte XR 18V 1.7Ah Li-Ion Brushless - Les Forestiers Associ\u00e9s","isPartOf":{"@id":"https:\/\/lesforestiersassocies.fr\/#website"},"datePublished":"2024-07-05T06:12:14+00:00","dateModified":"2024-07-05T06:12:14+00:00","breadcrumb":{"@id":"https:\/\/lesforestiersassocies.fr\/index.php\/produit\/visseuse-a-chocs-ultra-compacte-xr-18v-1-7ah-li-ion-brushless\/#breadcrumb"},"inLanguage":"fr-FR","potentialAction":[{"@type":"ReadAction","target":["https:\/\/lesforestiersassocies.fr\/index.php\/produit\/visseuse-a-chocs-ultra-compacte-xr-18v-1-7ah-li-ion-brushless\/"]}]},{"@type":"BreadcrumbList","@id":"https:\/\/lesforestiersassocies.fr\/index.php\/produit\/visseuse-a-chocs-ultra-compacte-xr-18v-1-7ah-li-ion-brushless\/#breadcrumb","itemListElement":[{"@type":"ListItem","position":1,"name":"Accueil","item":"https:\/\/lesforestiersassocies.fr\/"},{"@type":"ListItem","position":2,"name":"Inventory","item":"https:\/\/lesforestiersassocies.fr\/index.php\/inventory\/"},{"@type":"ListItem","position":3,"name":"Visseuse \u00e0 chocs ultra compacte XR 18V 1.7Ah Li-Ion Brushless"}]},{"@type":"WebSite","@id":"https:\/\/lesforestiersassocies.fr\/#website","url":"https:\/\/lesforestiersassocies.fr\/","name":"Les Forestiers Associ\u00e9s","description":"Les Forestiers Associ\u00e9s","publisher":{"@id":"https:\/\/lesforestiersassocies.fr\/#organization"},"potentialAction":[{"@type":"SearchAction","target":{"@type":"EntryPoint","urlTemplate":"https:\/\/lesforestiersassocies.fr\/?s={search_term_string}"},"query-input":"required name=search_term_string"}],"inLanguage":"fr-FR"},{"@type":"Organization","@id":"https:\/\/lesforestiersassocies.fr\/#organization","name":"Les Forestiers Associ\u00e9s","url":"https:\/\/lesforestiersassocies.fr\/","logo":{"@type":"ImageObject","inLanguage":"fr-FR","@id":"https:\/\/lesforestiersassocies.fr\/#\/schema\/logo\/image\/","url":"http:\/\/lesforestiersassocies.fr\/wp-content\/uploads\/2019\/01\/LFA-Logo.jpg","contentUrl":"http:\/\/lesforestiersassocies.fr\/wp-content\/uploads\/2019\/01\/LFA-Logo.jpg","width":905,"height":314,"caption":"Les Forestiers Associ\u00e9s"},"image":{"@id":"https:\/\/lesforestiersassocies.fr\/#\/schema\/logo\/image\/"}}]}},"_links":{"self":[{"href":"https:\/\/lesforestiersassocies.fr\/index.php\/wp-json\/wp\/v2\/product\/11867"}],"collection":[{"href":"https:\/\/lesforestiersassocies.fr\/index.php\/wp-json\/wp\/v2\/product"}],"about":[{"href":"https:\/\/lesforestiersassocies.fr\/index.php\/wp-json\/wp\/v2\/types\/product"}],"wp:featuredmedia":[{"embeddable":true,"href":"https:\/\/lesforestiersassocies.fr\/index.php\/wp-json\/wp\/v2\/media\/11868"}],"wp:attachment":[{"href":"https:\/\/lesforestiersassocies.fr\/index.php\/wp-json\/wp\/v2\/media?parent=11867"}],"wp:term":[{"taxonomy":"product_cat","embeddable":true,"href":"https:\/\/lesforestiersassocies.fr\/index.php\/wp-json\/wp\/v2\/product_cat?post=11867"},{"taxonomy":"product_tag","embeddable":true,"href":"https:\/\/lesforestiersassocies.fr\/index.php\/wp-json\/wp\/v2\/product_tag?post=11867"}],"curies":[{"name":"wp","href":"https:\/\/api.w.org\/{rel}","templated":true}]}}