{"id":11869,"date":"2024-07-05T08:15:25","date_gmt":"2024-07-05T06:15:25","guid":{"rendered":"http:\/\/lesforestiersassocies.fr\/?post_type=product&#038;p=11869"},"modified":"2024-07-05T08:15:26","modified_gmt":"2024-07-05T06:15:26","slug":"boulonneuse-a-chocs-compacte-1-2-xr-18v-5ah-li-ion-brushless","status":"publish","type":"product","link":"https:\/\/lesforestiersassocies.fr\/index.php\/produit\/boulonneuse-a-chocs-compacte-1-2-xr-18v-5ah-li-ion-brushless\/","title":{"rendered":"Boulonneuse \u00e0 chocs compacte 1\/2&Prime; XR 18V 5Ah Li-Ion Brushless"},"content":{"rendered":"<ul class=\"feature-ul\">\n<li class=\"feature-list-li\">Performance : couple de desserrage pouvant atteindre 1152 Nm garantissant le retrait des boulons les plus serr\u00e9s<\/li>\n<li class=\"feature-list-li\">G\u00e2chette \u00e0 vitesse variable : risque de serrage excessif r\u00e9duit<\/li>\n<li class=\"feature-list-li\">Moteur brushless : plus de puissance, d\u2019efficacit\u00e9 et de durabilit\u00e9<\/li>\n<\/ul>\n<p>La boulonneuse \u00e0 chocs DCF892 XR 18V a \u00e9t\u00e9 con\u00e7ue pour g\u00e9rer facilement divers applications de fixation. Obtenez jusqu&rsquo;\u00e0 813 Nm de couple de serrage et 1152 Nm de couple de desserrage maximal dans un corps de 175 mm de long. Choisissez entre 4 modes pour vous permettre d&rsquo;obtenir des performances fiables de haut niveau et une grande polyvalence dans les applications. Les zones de travail sombres ne posent aucun probl\u00e8me avec cette boulonneuse, qui est livr\u00e9e avec un \u00e9clairage LED pour une visibilit\u00e9 am\u00e9lior\u00e9e dans les espaces faiblement \u00e9clair\u00e9s.<\/p>\n<ul class=\"additional-feature-ul\">\n<li class=\"additional-feature-list-li\">\u00c9clairage de la zone de travail : LED blanche brillante avec fonction de retard pour une visibilit\u00e9 et une fonctionnalit\u00e9 am\u00e9lior\u00e9es<\/li>\n<li class=\"additional-feature-list-li\">Fonction de s\u00e9lection tactile 4 modes dont mode pr\u00e9cision<\/li>\n<li class=\"additional-feature-list-li\">Acc\u00e8s aux espaces restreints et aux boulons les plus difficiles d\u2019acc\u00e8s : compacte et l\u00e9g\u00e8re<\/li>\n<\/ul>\n<p>&nbsp;<\/p>\n<h2 class=\"coh-heading title coh-style-h1---default\">Inclus<\/h2>\n<ul class=\"coh-list-container coh-unordered-list\">\n<li class=\"coh-list-item\">(2) Batteries XR 18V 5AH Li-ion<\/li>\n<li class=\"coh-list-item\">(1) Chargeur multi-voltage<\/li>\n<li class=\"coh-list-item\">(1) Coffret TSTAK<\/li>\n<\/ul>\n<p>&nbsp;<\/p>\n<p><strong>Garantie 1 an, extension de garantie \u00e0 3 ans apr\u00e8s enregistrement*<\/strong><\/p>\n<div class=\"pdp-warranties-desc\">\n<p><strong>*\u00c9tendez gratuitement \u00e0 3 ans la garantie de vos outils apr\u00e8s enregistrement dans votre espace MyDEWALT (garantie l\u00e9gale de 1 ou 2 ans selon que vous soyez un professionnel ou un particulier).<\/strong><\/p>\n<\/div>\n","protected":false},"excerpt":{"rendered":"<p>Performance : couple de desserrage pouvant atteindre 1152 Nm garantissant [&hellip;]<\/p>\n","protected":false},"featured_media":11949,"template":"","meta":[],"product_cat":[131],"product_tag":[],"acf":[],"yoast_head":"<!-- This site is optimized with the Yoast SEO plugin v21.9 - https:\/\/yoast.com\/wordpress\/plugins\/seo\/ -->\n<title>Boulonneuse \u00e0 chocs compacte 1\/2&quot; XR 18V 5Ah Li-Ion Brushless - Les Forestiers Associ\u00e9s<\/title>\n<meta name=\"robots\" content=\"index, follow, max-snippet:-1, max-image-preview:large, max-video-preview:-1\" \/>\n<link rel=\"canonical\" href=\"https:\/\/lesforestiersassocies.fr\/index.php\/produit\/boulonneuse-a-chocs-compacte-1-2-xr-18v-5ah-li-ion-brushless\/\" \/>\n<meta property=\"og:locale\" content=\"fr_FR\" \/>\n<meta property=\"og:type\" content=\"article\" \/>\n<meta property=\"og:title\" content=\"Boulonneuse \u00e0 chocs compacte 1\/2&quot; XR 18V 5Ah Li-Ion Brushless - Les Forestiers Associ\u00e9s\" \/>\n<meta property=\"og:description\" content=\"Performance : couple de desserrage pouvant atteindre 1152 Nm garantissant [&hellip;]\" \/>\n<meta property=\"og:url\" content=\"https:\/\/lesforestiersassocies.fr\/index.php\/produit\/boulonneuse-a-chocs-compacte-1-2-xr-18v-5ah-li-ion-brushless\/\" \/>\n<meta property=\"og:site_name\" content=\"Les Forestiers Associ\u00e9s\" \/>\n<meta property=\"article:modified_time\" content=\"2024-07-05T06:15:26+00:00\" \/>\n<meta property=\"og:image\" content=\"https:\/\/lesforestiersassocies.fr\/wp-content\/uploads\/2024\/06\/DCF892P2T-QW-2.jpg\" \/>\n\t<meta property=\"og:image:width\" content=\"813\" \/>\n\t<meta property=\"og:image:height\" content=\"557\" \/>\n\t<meta property=\"og:image:type\" content=\"image\/jpeg\" \/>\n<meta name=\"twitter:card\" content=\"summary_large_image\" \/>\n<meta name=\"twitter:label1\" content=\"Dur\u00e9e de lecture estim\u00e9e\" \/>\n\t<meta name=\"twitter:data1\" content=\"2 minutes\" \/>\n<script type=\"application\/ld+json\" class=\"yoast-schema-graph\">{\"@context\":\"https:\/\/schema.org\",\"@graph\":[{\"@type\":\"WebPage\",\"@id\":\"https:\/\/lesforestiersassocies.fr\/index.php\/produit\/boulonneuse-a-chocs-compacte-1-2-xr-18v-5ah-li-ion-brushless\/\",\"url\":\"https:\/\/lesforestiersassocies.fr\/index.php\/produit\/boulonneuse-a-chocs-compacte-1-2-xr-18v-5ah-li-ion-brushless\/\",\"name\":\"Boulonneuse \u00e0 chocs compacte 1\/2\\\" XR 18V 5Ah Li-Ion Brushless - Les Forestiers Associ\u00e9s\",\"isPartOf\":{\"@id\":\"https:\/\/lesforestiersassocies.fr\/#website\"},\"datePublished\":\"2024-07-05T06:15:25+00:00\",\"dateModified\":\"2024-07-05T06:15:26+00:00\",\"breadcrumb\":{\"@id\":\"https:\/\/lesforestiersassocies.fr\/index.php\/produit\/boulonneuse-a-chocs-compacte-1-2-xr-18v-5ah-li-ion-brushless\/#breadcrumb\"},\"inLanguage\":\"fr-FR\",\"potentialAction\":[{\"@type\":\"ReadAction\",\"target\":[\"https:\/\/lesforestiersassocies.fr\/index.php\/produit\/boulonneuse-a-chocs-compacte-1-2-xr-18v-5ah-li-ion-brushless\/\"]}]},{\"@type\":\"BreadcrumbList\",\"@id\":\"https:\/\/lesforestiersassocies.fr\/index.php\/produit\/boulonneuse-a-chocs-compacte-1-2-xr-18v-5ah-li-ion-brushless\/#breadcrumb\",\"itemListElement\":[{\"@type\":\"ListItem\",\"position\":1,\"name\":\"Accueil\",\"item\":\"https:\/\/lesforestiersassocies.fr\/\"},{\"@type\":\"ListItem\",\"position\":2,\"name\":\"Inventory\",\"item\":\"https:\/\/lesforestiersassocies.fr\/index.php\/inventory\/\"},{\"@type\":\"ListItem\",\"position\":3,\"name\":\"Boulonneuse \u00e0 chocs compacte 1\/2&Prime; XR 18V 5Ah Li-Ion Brushless\"}]},{\"@type\":\"WebSite\",\"@id\":\"https:\/\/lesforestiersassocies.fr\/#website\",\"url\":\"https:\/\/lesforestiersassocies.fr\/\",\"name\":\"Les Forestiers Associ\u00e9s\",\"description\":\"Les Forestiers Associ\u00e9s\",\"publisher\":{\"@id\":\"https:\/\/lesforestiersassocies.fr\/#organization\"},\"potentialAction\":[{\"@type\":\"SearchAction\",\"target\":{\"@type\":\"EntryPoint\",\"urlTemplate\":\"https:\/\/lesforestiersassocies.fr\/?s={search_term_string}\"},\"query-input\":\"required name=search_term_string\"}],\"inLanguage\":\"fr-FR\"},{\"@type\":\"Organization\",\"@id\":\"https:\/\/lesforestiersassocies.fr\/#organization\",\"name\":\"Les Forestiers Associ\u00e9s\",\"url\":\"https:\/\/lesforestiersassocies.fr\/\",\"logo\":{\"@type\":\"ImageObject\",\"inLanguage\":\"fr-FR\",\"@id\":\"https:\/\/lesforestiersassocies.fr\/#\/schema\/logo\/image\/\",\"url\":\"http:\/\/lesforestiersassocies.fr\/wp-content\/uploads\/2019\/01\/LFA-Logo.jpg\",\"contentUrl\":\"http:\/\/lesforestiersassocies.fr\/wp-content\/uploads\/2019\/01\/LFA-Logo.jpg\",\"width\":905,\"height\":314,\"caption\":\"Les Forestiers Associ\u00e9s\"},\"image\":{\"@id\":\"https:\/\/lesforestiersassocies.fr\/#\/schema\/logo\/image\/\"}}]}<\/script>\n<!-- \/ Yoast SEO plugin. -->","yoast_head_json":{"title":"Boulonneuse \u00e0 chocs compacte 1\/2\" XR 18V 5Ah Li-Ion Brushless - Les Forestiers Associ\u00e9s","robots":{"index":"index","follow":"follow","max-snippet":"max-snippet:-1","max-image-preview":"max-image-preview:large","max-video-preview":"max-video-preview:-1"},"canonical":"https:\/\/lesforestiersassocies.fr\/index.php\/produit\/boulonneuse-a-chocs-compacte-1-2-xr-18v-5ah-li-ion-brushless\/","og_locale":"fr_FR","og_type":"article","og_title":"Boulonneuse \u00e0 chocs compacte 1\/2\" XR 18V 5Ah Li-Ion Brushless - Les Forestiers Associ\u00e9s","og_description":"Performance : couple de desserrage pouvant atteindre 1152 Nm garantissant [&hellip;]","og_url":"https:\/\/lesforestiersassocies.fr\/index.php\/produit\/boulonneuse-a-chocs-compacte-1-2-xr-18v-5ah-li-ion-brushless\/","og_site_name":"Les Forestiers Associ\u00e9s","article_modified_time":"2024-07-05T06:15:26+00:00","og_image":[{"width":813,"height":557,"url":"https:\/\/lesforestiersassocies.fr\/wp-content\/uploads\/2024\/06\/DCF892P2T-QW-2.jpg","type":"image\/jpeg"}],"twitter_card":"summary_large_image","twitter_misc":{"Dur\u00e9e de lecture estim\u00e9e":"2 minutes"},"schema":{"@context":"https:\/\/schema.org","@graph":[{"@type":"WebPage","@id":"https:\/\/lesforestiersassocies.fr\/index.php\/produit\/boulonneuse-a-chocs-compacte-1-2-xr-18v-5ah-li-ion-brushless\/","url":"https:\/\/lesforestiersassocies.fr\/index.php\/produit\/boulonneuse-a-chocs-compacte-1-2-xr-18v-5ah-li-ion-brushless\/","name":"Boulonneuse \u00e0 chocs compacte 1\/2\" XR 18V 5Ah Li-Ion Brushless - Les Forestiers Associ\u00e9s","isPartOf":{"@id":"https:\/\/lesforestiersassocies.fr\/#website"},"datePublished":"2024-07-05T06:15:25+00:00","dateModified":"2024-07-05T06:15:26+00:00","breadcrumb":{"@id":"https:\/\/lesforestiersassocies.fr\/index.php\/produit\/boulonneuse-a-chocs-compacte-1-2-xr-18v-5ah-li-ion-brushless\/#breadcrumb"},"inLanguage":"fr-FR","potentialAction":[{"@type":"ReadAction","target":["https:\/\/lesforestiersassocies.fr\/index.php\/produit\/boulonneuse-a-chocs-compacte-1-2-xr-18v-5ah-li-ion-brushless\/"]}]},{"@type":"BreadcrumbList","@id":"https:\/\/lesforestiersassocies.fr\/index.php\/produit\/boulonneuse-a-chocs-compacte-1-2-xr-18v-5ah-li-ion-brushless\/#breadcrumb","itemListElement":[{"@type":"ListItem","position":1,"name":"Accueil","item":"https:\/\/lesforestiersassocies.fr\/"},{"@type":"ListItem","position":2,"name":"Inventory","item":"https:\/\/lesforestiersassocies.fr\/index.php\/inventory\/"},{"@type":"ListItem","position":3,"name":"Boulonneuse \u00e0 chocs compacte 1\/2&Prime; XR 18V 5Ah Li-Ion Brushless"}]},{"@type":"WebSite","@id":"https:\/\/lesforestiersassocies.fr\/#website","url":"https:\/\/lesforestiersassocies.fr\/","name":"Les Forestiers Associ\u00e9s","description":"Les Forestiers Associ\u00e9s","publisher":{"@id":"https:\/\/lesforestiersassocies.fr\/#organization"},"potentialAction":[{"@type":"SearchAction","target":{"@type":"EntryPoint","urlTemplate":"https:\/\/lesforestiersassocies.fr\/?s={search_term_string}"},"query-input":"required name=search_term_string"}],"inLanguage":"fr-FR"},{"@type":"Organization","@id":"https:\/\/lesforestiersassocies.fr\/#organization","name":"Les Forestiers Associ\u00e9s","url":"https:\/\/lesforestiersassocies.fr\/","logo":{"@type":"ImageObject","inLanguage":"fr-FR","@id":"https:\/\/lesforestiersassocies.fr\/#\/schema\/logo\/image\/","url":"http:\/\/lesforestiersassocies.fr\/wp-content\/uploads\/2019\/01\/LFA-Logo.jpg","contentUrl":"http:\/\/lesforestiersassocies.fr\/wp-content\/uploads\/2019\/01\/LFA-Logo.jpg","width":905,"height":314,"caption":"Les Forestiers Associ\u00e9s"},"image":{"@id":"https:\/\/lesforestiersassocies.fr\/#\/schema\/logo\/image\/"}}]}},"_links":{"self":[{"href":"https:\/\/lesforestiersassocies.fr\/index.php\/wp-json\/wp\/v2\/product\/11869"}],"collection":[{"href":"https:\/\/lesforestiersassocies.fr\/index.php\/wp-json\/wp\/v2\/product"}],"about":[{"href":"https:\/\/lesforestiersassocies.fr\/index.php\/wp-json\/wp\/v2\/types\/product"}],"wp:featuredmedia":[{"embeddable":true,"href":"https:\/\/lesforestiersassocies.fr\/index.php\/wp-json\/wp\/v2\/media\/11949"}],"wp:attachment":[{"href":"https:\/\/lesforestiersassocies.fr\/index.php\/wp-json\/wp\/v2\/media?parent=11869"}],"wp:term":[{"taxonomy":"product_cat","embeddable":true,"href":"https:\/\/lesforestiersassocies.fr\/index.php\/wp-json\/wp\/v2\/product_cat?post=11869"},{"taxonomy":"product_tag","embeddable":true,"href":"https:\/\/lesforestiersassocies.fr\/index.php\/wp-json\/wp\/v2\/product_tag?post=11869"}],"curies":[{"name":"wp","href":"https:\/\/api.w.org\/{rel}","templated":true}]}}