{"id":11872,"date":"2024-07-05T08:18:53","date_gmt":"2024-07-05T06:18:53","guid":{"rendered":"http:\/\/lesforestiersassocies.fr\/?post_type=product&#038;p=11872"},"modified":"2024-07-05T08:18:53","modified_gmt":"2024-07-05T06:18:53","slug":"perforateur-sds-plus-xr-18v-5ah-li-ion-brushless-2j","status":"publish","type":"product","link":"https:\/\/lesforestiersassocies.fr\/index.php\/produit\/perforateur-sds-plus-xr-18v-5ah-li-ion-brushless-2j\/","title":{"rendered":"Perforateur SDS-plus XR 18V 5Ah Li-Ion brushless 2J"},"content":{"rendered":"<ul class=\"feature-ul\">\n<li class=\"feature-list-li\">Compact et l\u00e9ger, ce perforateur est id\u00e9al pour les applications de chevillage.<\/li>\n<li class=\"feature-list-li\">Id\u00e9al pour le per\u00e7age de trous de 6 \u00e0 14 mm de diam\u00e8tre dans le b\u00e9ton, la brique ou divers mat\u00e9riaux de construction.<\/li>\n<li class=\"feature-list-li\">LED am\u00e9liorant la visibilit\u00e9 lors du per\u00e7age<\/li>\n<\/ul>\n<ul class=\"additional-feature-ul\">\n<li class=\"additional-feature-list-li\">Perform &amp; Protect : Niveau de vibration le plus bas de la cat\u00e9gorie 6,6 m\/s\u00b2Plus de confort pour l&rsquo;utilisateur<\/li>\n<li class=\"additional-feature-list-li\">Percez plus de 90 trous (10 mm \u00d8 x 80 mm) avec une batterie charg\u00e9e<\/li>\n<li class=\"additional-feature-list-li\">Embrayage \u00e9lectronique pour un couple soutenu et plus de durabilit\u00e9<\/li>\n<li class=\"additional-feature-list-li\">Stop de rotation pour les travaux de burinage l\u00e9gers, d\u00e9molition de carrelage par ex.<\/li>\n<li class=\"additional-feature-list-li\">Moteur brushless &#8211; Moins de frictions, donc 50% de chaleur en moins, plus de durabilit\u00e9 et d&rsquo;autonomie<\/li>\n<\/ul>\n<p>&nbsp;<\/p>\n<h2 class=\"coh-heading title coh-style-h1---default\">Inclus<\/h2>\n<ul class=\"coh-list-container coh-unordered-list\">\n<li class=\"coh-list-item\">(1) Poign\u00e9e lat\u00e9rale multi-positions<\/li>\n<li class=\"coh-list-item\">(2) Batteries 18V 5 Ah Li-ion<\/li>\n<li class=\"coh-list-item\">(1) Crochet ceinture<\/li>\n<li class=\"coh-list-item\">(1) Chargeur multi-voltage<\/li>\n<li class=\"coh-list-item\">(1) Coffret<\/li>\n<\/ul>\n<p>&nbsp;<\/p>\n<p><strong>Garantie 1 an, extension de garantie \u00e0 3 ans apr\u00e8s enregistrement*<\/strong><\/p>\n<div class=\"pdp-warranties-desc\">\n<p><strong>*\u00c9tendez gratuitement \u00e0 3 ans la garantie de vos outils apr\u00e8s enregistrement dans votre espace MyDEWALT (garantie l\u00e9gale de 1 ou 2 ans selon que vous soyez un professionnel ou un particulier).<\/strong><\/p>\n<\/div>\n","protected":false},"excerpt":{"rendered":"<p>Compact et l\u00e9ger, ce perforateur est id\u00e9al pour les applications [&hellip;]<\/p>\n","protected":false},"featured_media":11950,"template":"","meta":[],"product_cat":[131],"product_tag":[],"acf":[],"yoast_head":"<!-- This site is optimized with the Yoast SEO plugin v21.9 - https:\/\/yoast.com\/wordpress\/plugins\/seo\/ -->\n<title>Perforateur SDS-plus XR 18V 5Ah Li-Ion brushless 2J - Les Forestiers Associ\u00e9s<\/title>\n<meta name=\"robots\" content=\"index, follow, max-snippet:-1, max-image-preview:large, max-video-preview:-1\" \/>\n<link rel=\"canonical\" href=\"https:\/\/lesforestiersassocies.fr\/index.php\/produit\/perforateur-sds-plus-xr-18v-5ah-li-ion-brushless-2j\/\" \/>\n<meta property=\"og:locale\" content=\"fr_FR\" \/>\n<meta property=\"og:type\" content=\"article\" \/>\n<meta property=\"og:title\" content=\"Perforateur SDS-plus XR 18V 5Ah Li-Ion brushless 2J - Les Forestiers Associ\u00e9s\" \/>\n<meta property=\"og:description\" content=\"Compact et l\u00e9ger, ce perforateur est id\u00e9al pour les applications [&hellip;]\" \/>\n<meta property=\"og:url\" content=\"https:\/\/lesforestiersassocies.fr\/index.php\/produit\/perforateur-sds-plus-xr-18v-5ah-li-ion-brushless-2j\/\" \/>\n<meta property=\"og:site_name\" content=\"Les Forestiers Associ\u00e9s\" \/>\n<meta property=\"og:image\" content=\"https:\/\/lesforestiersassocies.fr\/wp-content\/uploads\/2024\/06\/DCH273P2T-QW-1.jpg\" \/>\n\t<meta property=\"og:image:width\" content=\"1030\" \/>\n\t<meta property=\"og:image:height\" content=\"794\" \/>\n\t<meta property=\"og:image:type\" content=\"image\/jpeg\" \/>\n<meta name=\"twitter:card\" content=\"summary_large_image\" \/>\n<meta name=\"twitter:label1\" content=\"Dur\u00e9e de lecture estim\u00e9e\" \/>\n\t<meta name=\"twitter:data1\" content=\"2 minutes\" \/>\n<script type=\"application\/ld+json\" class=\"yoast-schema-graph\">{\"@context\":\"https:\/\/schema.org\",\"@graph\":[{\"@type\":\"WebPage\",\"@id\":\"https:\/\/lesforestiersassocies.fr\/index.php\/produit\/perforateur-sds-plus-xr-18v-5ah-li-ion-brushless-2j\/\",\"url\":\"https:\/\/lesforestiersassocies.fr\/index.php\/produit\/perforateur-sds-plus-xr-18v-5ah-li-ion-brushless-2j\/\",\"name\":\"Perforateur SDS-plus XR 18V 5Ah Li-Ion brushless 2J - Les Forestiers Associ\u00e9s\",\"isPartOf\":{\"@id\":\"https:\/\/lesforestiersassocies.fr\/#website\"},\"datePublished\":\"2024-07-05T06:18:53+00:00\",\"dateModified\":\"2024-07-05T06:18:53+00:00\",\"breadcrumb\":{\"@id\":\"https:\/\/lesforestiersassocies.fr\/index.php\/produit\/perforateur-sds-plus-xr-18v-5ah-li-ion-brushless-2j\/#breadcrumb\"},\"inLanguage\":\"fr-FR\",\"potentialAction\":[{\"@type\":\"ReadAction\",\"target\":[\"https:\/\/lesforestiersassocies.fr\/index.php\/produit\/perforateur-sds-plus-xr-18v-5ah-li-ion-brushless-2j\/\"]}]},{\"@type\":\"BreadcrumbList\",\"@id\":\"https:\/\/lesforestiersassocies.fr\/index.php\/produit\/perforateur-sds-plus-xr-18v-5ah-li-ion-brushless-2j\/#breadcrumb\",\"itemListElement\":[{\"@type\":\"ListItem\",\"position\":1,\"name\":\"Accueil\",\"item\":\"https:\/\/lesforestiersassocies.fr\/\"},{\"@type\":\"ListItem\",\"position\":2,\"name\":\"Inventory\",\"item\":\"https:\/\/lesforestiersassocies.fr\/index.php\/inventory\/\"},{\"@type\":\"ListItem\",\"position\":3,\"name\":\"Perforateur SDS-plus XR 18V 5Ah Li-Ion brushless 2J\"}]},{\"@type\":\"WebSite\",\"@id\":\"https:\/\/lesforestiersassocies.fr\/#website\",\"url\":\"https:\/\/lesforestiersassocies.fr\/\",\"name\":\"Les Forestiers Associ\u00e9s\",\"description\":\"Les Forestiers Associ\u00e9s\",\"publisher\":{\"@id\":\"https:\/\/lesforestiersassocies.fr\/#organization\"},\"potentialAction\":[{\"@type\":\"SearchAction\",\"target\":{\"@type\":\"EntryPoint\",\"urlTemplate\":\"https:\/\/lesforestiersassocies.fr\/?s={search_term_string}\"},\"query-input\":\"required name=search_term_string\"}],\"inLanguage\":\"fr-FR\"},{\"@type\":\"Organization\",\"@id\":\"https:\/\/lesforestiersassocies.fr\/#organization\",\"name\":\"Les Forestiers Associ\u00e9s\",\"url\":\"https:\/\/lesforestiersassocies.fr\/\",\"logo\":{\"@type\":\"ImageObject\",\"inLanguage\":\"fr-FR\",\"@id\":\"https:\/\/lesforestiersassocies.fr\/#\/schema\/logo\/image\/\",\"url\":\"http:\/\/lesforestiersassocies.fr\/wp-content\/uploads\/2019\/01\/LFA-Logo.jpg\",\"contentUrl\":\"http:\/\/lesforestiersassocies.fr\/wp-content\/uploads\/2019\/01\/LFA-Logo.jpg\",\"width\":905,\"height\":314,\"caption\":\"Les Forestiers Associ\u00e9s\"},\"image\":{\"@id\":\"https:\/\/lesforestiersassocies.fr\/#\/schema\/logo\/image\/\"}}]}<\/script>\n<!-- \/ Yoast SEO plugin. -->","yoast_head_json":{"title":"Perforateur SDS-plus XR 18V 5Ah Li-Ion brushless 2J - Les Forestiers Associ\u00e9s","robots":{"index":"index","follow":"follow","max-snippet":"max-snippet:-1","max-image-preview":"max-image-preview:large","max-video-preview":"max-video-preview:-1"},"canonical":"https:\/\/lesforestiersassocies.fr\/index.php\/produit\/perforateur-sds-plus-xr-18v-5ah-li-ion-brushless-2j\/","og_locale":"fr_FR","og_type":"article","og_title":"Perforateur SDS-plus XR 18V 5Ah Li-Ion brushless 2J - Les Forestiers Associ\u00e9s","og_description":"Compact et l\u00e9ger, ce perforateur est id\u00e9al pour les applications [&hellip;]","og_url":"https:\/\/lesforestiersassocies.fr\/index.php\/produit\/perforateur-sds-plus-xr-18v-5ah-li-ion-brushless-2j\/","og_site_name":"Les Forestiers Associ\u00e9s","og_image":[{"width":1030,"height":794,"url":"https:\/\/lesforestiersassocies.fr\/wp-content\/uploads\/2024\/06\/DCH273P2T-QW-1.jpg","type":"image\/jpeg"}],"twitter_card":"summary_large_image","twitter_misc":{"Dur\u00e9e de lecture estim\u00e9e":"2 minutes"},"schema":{"@context":"https:\/\/schema.org","@graph":[{"@type":"WebPage","@id":"https:\/\/lesforestiersassocies.fr\/index.php\/produit\/perforateur-sds-plus-xr-18v-5ah-li-ion-brushless-2j\/","url":"https:\/\/lesforestiersassocies.fr\/index.php\/produit\/perforateur-sds-plus-xr-18v-5ah-li-ion-brushless-2j\/","name":"Perforateur SDS-plus XR 18V 5Ah Li-Ion brushless 2J - Les Forestiers Associ\u00e9s","isPartOf":{"@id":"https:\/\/lesforestiersassocies.fr\/#website"},"datePublished":"2024-07-05T06:18:53+00:00","dateModified":"2024-07-05T06:18:53+00:00","breadcrumb":{"@id":"https:\/\/lesforestiersassocies.fr\/index.php\/produit\/perforateur-sds-plus-xr-18v-5ah-li-ion-brushless-2j\/#breadcrumb"},"inLanguage":"fr-FR","potentialAction":[{"@type":"ReadAction","target":["https:\/\/lesforestiersassocies.fr\/index.php\/produit\/perforateur-sds-plus-xr-18v-5ah-li-ion-brushless-2j\/"]}]},{"@type":"BreadcrumbList","@id":"https:\/\/lesforestiersassocies.fr\/index.php\/produit\/perforateur-sds-plus-xr-18v-5ah-li-ion-brushless-2j\/#breadcrumb","itemListElement":[{"@type":"ListItem","position":1,"name":"Accueil","item":"https:\/\/lesforestiersassocies.fr\/"},{"@type":"ListItem","position":2,"name":"Inventory","item":"https:\/\/lesforestiersassocies.fr\/index.php\/inventory\/"},{"@type":"ListItem","position":3,"name":"Perforateur SDS-plus XR 18V 5Ah Li-Ion brushless 2J"}]},{"@type":"WebSite","@id":"https:\/\/lesforestiersassocies.fr\/#website","url":"https:\/\/lesforestiersassocies.fr\/","name":"Les Forestiers Associ\u00e9s","description":"Les Forestiers Associ\u00e9s","publisher":{"@id":"https:\/\/lesforestiersassocies.fr\/#organization"},"potentialAction":[{"@type":"SearchAction","target":{"@type":"EntryPoint","urlTemplate":"https:\/\/lesforestiersassocies.fr\/?s={search_term_string}"},"query-input":"required name=search_term_string"}],"inLanguage":"fr-FR"},{"@type":"Organization","@id":"https:\/\/lesforestiersassocies.fr\/#organization","name":"Les Forestiers Associ\u00e9s","url":"https:\/\/lesforestiersassocies.fr\/","logo":{"@type":"ImageObject","inLanguage":"fr-FR","@id":"https:\/\/lesforestiersassocies.fr\/#\/schema\/logo\/image\/","url":"http:\/\/lesforestiersassocies.fr\/wp-content\/uploads\/2019\/01\/LFA-Logo.jpg","contentUrl":"http:\/\/lesforestiersassocies.fr\/wp-content\/uploads\/2019\/01\/LFA-Logo.jpg","width":905,"height":314,"caption":"Les Forestiers Associ\u00e9s"},"image":{"@id":"https:\/\/lesforestiersassocies.fr\/#\/schema\/logo\/image\/"}}]}},"_links":{"self":[{"href":"https:\/\/lesforestiersassocies.fr\/index.php\/wp-json\/wp\/v2\/product\/11872"}],"collection":[{"href":"https:\/\/lesforestiersassocies.fr\/index.php\/wp-json\/wp\/v2\/product"}],"about":[{"href":"https:\/\/lesforestiersassocies.fr\/index.php\/wp-json\/wp\/v2\/types\/product"}],"wp:featuredmedia":[{"embeddable":true,"href":"https:\/\/lesforestiersassocies.fr\/index.php\/wp-json\/wp\/v2\/media\/11950"}],"wp:attachment":[{"href":"https:\/\/lesforestiersassocies.fr\/index.php\/wp-json\/wp\/v2\/media?parent=11872"}],"wp:term":[{"taxonomy":"product_cat","embeddable":true,"href":"https:\/\/lesforestiersassocies.fr\/index.php\/wp-json\/wp\/v2\/product_cat?post=11872"},{"taxonomy":"product_tag","embeddable":true,"href":"https:\/\/lesforestiersassocies.fr\/index.php\/wp-json\/wp\/v2\/product_tag?post=11872"}],"curies":[{"name":"wp","href":"https:\/\/api.w.org\/{rel}","templated":true}]}}