{"id":11880,"date":"2024-07-05T08:27:35","date_gmt":"2024-07-05T06:27:35","guid":{"rendered":"http:\/\/lesforestiersassocies.fr\/?post_type=product&#038;p=11880"},"modified":"2024-07-05T08:27:35","modified_gmt":"2024-07-05T06:27:35","slug":"rabot-750w-16500-trs-min","status":"publish","type":"product","link":"https:\/\/lesforestiersassocies.fr\/index.php\/produit\/rabot-750w-16500-trs-min\/","title":{"rendered":"Rabot &#8211; 750W &#8211; 16500 trs\/min,"},"content":{"rendered":"<ul class=\"feature-ul\">\n<li class=\"feature-list-li\">Performance : moteur puissant, tambour de large diam\u00e8tre pour une finition de qualit\u00e9.<\/li>\n<li class=\"feature-list-li\">Durabilit\u00e9 : fers r\u00e9versibles en TCT, semelle tr\u00e8s r\u00e9sistante en fonte d\u2019aluminium, position repos fers lev\u00e9s, commutateur en alliage m\u00e9tallique.<\/li>\n<li class=\"feature-list-li\">Confort d\u2019utilisation : \u00e9jection de la poussi\u00e8re ajustable \u00e0 droite ou \u00e0 gauche.<\/li>\n<\/ul>\n<p>Le rabot FME630K-QS de STANLEY FATMAX est l&rsquo;outil id\u00e9al pour travailler le bois avec pr\u00e9cision et facilit\u00e9. Avec une puissance de 750W et une vitesse de 16500 tr\/min, ce rabot est con\u00e7u pour des travaux de rabotage rapides et efficaces. Sa largeur de rabotage de 82mm et sa profondeur de coupe allant jusqu&rsquo;\u00e0 2mm vous permettent d&rsquo;obtenir une finition de qualit\u00e9. Le rabot FME630K-QS est \u00e9quip\u00e9 de fers r\u00e9versibles en TCT pour une durabilit\u00e9 accrue et une performance de qualit\u00e9. Sa semelle en fonte d&rsquo;aluminium assure une grande r\u00e9sistance et une stabilit\u00e9 parfaite pour des r\u00e9sultats pr\u00e9cis. La profondeur de feuillure de 12mm vous permet de r\u00e9aliser des travaux plus avanc\u00e9s. La fonctionnalit\u00e9 de l&rsquo;\u00e9jection des poussi\u00e8res ajustable \u00e0 droite ou \u00e0 gauche vous permet de travailler dans un environnement propre et sain. De plus, l&rsquo;outil est livr\u00e9 avec une mallette de transport, un guide parall\u00e8le, 2 fers aux carbures r\u00e9versibles et 1 adaptateur d&rsquo;aspirateur pour une utilisation encore plus efficace. Il est \u00e9galement con\u00e7u pour offrir un grand confort d&rsquo;utilisation gr\u00e2ce \u00e0 sa position repos fers lev\u00e9s et son commutateur en alliage m\u00e9tallique. Avec sa grande performance, sa durabilit\u00e9 et son confort d&rsquo;utilisation, ce rabot est un choix id\u00e9al pour tous les travaux de rabotage. Le rabot FME630K-QS de STANLEY FATMAX est un outil de qualit\u00e9 sup\u00e9rieure pour travailler le bois avec pr\u00e9cision et facilit\u00e9. Avec sa grande puissance, sa vitesse \u00e9lev\u00e9e, ses fers r\u00e9versibles en TCT et son \u00e9jection des poussi\u00e8res ajustable, il vous assure un travail de qualit\u00e9 dans un environnement propre et sain. Sa grande durabilit\u00e9 et son confort d&rsquo;utilisation en font un choix id\u00e9al pour tous les travaux de rabotage.<\/p>\n<ul class=\"coh-list-container coh-unordered-list\">\n<li class=\"coh-list-item\">Travaux de mise \u00e0 niveau de pi\u00e8ces, charpentes&#8230;<\/li>\n<li class=\"coh-list-item\">Rabotage de porte<\/li>\n<\/ul>\n<h2 class=\"coh-heading title coh-style-h1---default\">Inclus<\/h2>\n<ul class=\"coh-list-container coh-unordered-list\">\n<li class=\"coh-list-item\">(1) Coffret<\/li>\n<li class=\"coh-list-item\">(1) Adaptateur pour l&rsquo;aspiration<\/li>\n<li class=\"coh-list-item\">(1) Sac \u00e0 poussi\u00e8res<\/li>\n<li class=\"coh-list-item\">(2) 2 x lames r\u00e9versibles TCT<\/li>\n<li class=\"coh-list-item\">(1) Guide parall\u00e8le<\/li>\n<\/ul>\n<p><strong>Garantie limit\u00e9e de 1 an, garantie limit\u00e9e de 3 ans \u00e0 l&rsquo;enregistrement<\/strong><\/p>\n<div class=\"pdp-warranties-desc\">\n<p><strong>Nous sommes convaincus de la qualit\u00e9 de nos produits et nous r\u00e9parerons, sans frais, tout d\u00e9faut d\u00fb \u00e0 un vice de mat\u00e9riau ou de fabrication dans le cadre de la garantie sp\u00e9cifi\u00e9e.<\/strong><\/p>\n<\/div>\n","protected":false},"excerpt":{"rendered":"<p>Performance : moteur puissant, tambour de large diam\u00e8tre pour une [&hellip;]<\/p>\n","protected":false},"featured_media":11881,"template":"","meta":[],"product_cat":[131],"product_tag":[],"acf":[],"yoast_head":"<!-- This site is optimized with the Yoast SEO plugin v21.9 - https:\/\/yoast.com\/wordpress\/plugins\/seo\/ -->\n<title>Rabot - 750W - 16500 trs\/min, - Les Forestiers Associ\u00e9s<\/title>\n<meta name=\"robots\" content=\"index, follow, max-snippet:-1, max-image-preview:large, max-video-preview:-1\" \/>\n<link rel=\"canonical\" href=\"https:\/\/lesforestiersassocies.fr\/index.php\/produit\/rabot-750w-16500-trs-min\/\" \/>\n<meta property=\"og:locale\" content=\"fr_FR\" \/>\n<meta property=\"og:type\" content=\"article\" \/>\n<meta property=\"og:title\" content=\"Rabot - 750W - 16500 trs\/min, - Les Forestiers Associ\u00e9s\" \/>\n<meta property=\"og:description\" content=\"Performance : moteur puissant, tambour de large diam\u00e8tre pour une [&hellip;]\" \/>\n<meta property=\"og:url\" content=\"https:\/\/lesforestiersassocies.fr\/index.php\/produit\/rabot-750w-16500-trs-min\/\" \/>\n<meta property=\"og:site_name\" content=\"Les Forestiers Associ\u00e9s\" \/>\n<meta property=\"og:image\" content=\"https:\/\/lesforestiersassocies.fr\/wp-content\/uploads\/2024\/06\/FME630K-QS.jpg\" \/>\n\t<meta property=\"og:image:width\" content=\"823\" \/>\n\t<meta property=\"og:image:height\" content=\"762\" \/>\n\t<meta property=\"og:image:type\" content=\"image\/jpeg\" \/>\n<meta name=\"twitter:card\" content=\"summary_large_image\" \/>\n<meta name=\"twitter:label1\" content=\"Dur\u00e9e de lecture estim\u00e9e\" \/>\n\t<meta name=\"twitter:data1\" content=\"3 minutes\" \/>\n<script type=\"application\/ld+json\" class=\"yoast-schema-graph\">{\"@context\":\"https:\/\/schema.org\",\"@graph\":[{\"@type\":\"WebPage\",\"@id\":\"https:\/\/lesforestiersassocies.fr\/index.php\/produit\/rabot-750w-16500-trs-min\/\",\"url\":\"https:\/\/lesforestiersassocies.fr\/index.php\/produit\/rabot-750w-16500-trs-min\/\",\"name\":\"Rabot - 750W - 16500 trs\/min, - Les Forestiers Associ\u00e9s\",\"isPartOf\":{\"@id\":\"https:\/\/lesforestiersassocies.fr\/#website\"},\"datePublished\":\"2024-07-05T06:27:35+00:00\",\"dateModified\":\"2024-07-05T06:27:35+00:00\",\"breadcrumb\":{\"@id\":\"https:\/\/lesforestiersassocies.fr\/index.php\/produit\/rabot-750w-16500-trs-min\/#breadcrumb\"},\"inLanguage\":\"fr-FR\",\"potentialAction\":[{\"@type\":\"ReadAction\",\"target\":[\"https:\/\/lesforestiersassocies.fr\/index.php\/produit\/rabot-750w-16500-trs-min\/\"]}]},{\"@type\":\"BreadcrumbList\",\"@id\":\"https:\/\/lesforestiersassocies.fr\/index.php\/produit\/rabot-750w-16500-trs-min\/#breadcrumb\",\"itemListElement\":[{\"@type\":\"ListItem\",\"position\":1,\"name\":\"Accueil\",\"item\":\"https:\/\/lesforestiersassocies.fr\/\"},{\"@type\":\"ListItem\",\"position\":2,\"name\":\"Inventory\",\"item\":\"https:\/\/lesforestiersassocies.fr\/index.php\/inventory\/\"},{\"@type\":\"ListItem\",\"position\":3,\"name\":\"Rabot &#8211; 750W &#8211; 16500 trs\/min,\"}]},{\"@type\":\"WebSite\",\"@id\":\"https:\/\/lesforestiersassocies.fr\/#website\",\"url\":\"https:\/\/lesforestiersassocies.fr\/\",\"name\":\"Les Forestiers Associ\u00e9s\",\"description\":\"Les Forestiers Associ\u00e9s\",\"publisher\":{\"@id\":\"https:\/\/lesforestiersassocies.fr\/#organization\"},\"potentialAction\":[{\"@type\":\"SearchAction\",\"target\":{\"@type\":\"EntryPoint\",\"urlTemplate\":\"https:\/\/lesforestiersassocies.fr\/?s={search_term_string}\"},\"query-input\":\"required name=search_term_string\"}],\"inLanguage\":\"fr-FR\"},{\"@type\":\"Organization\",\"@id\":\"https:\/\/lesforestiersassocies.fr\/#organization\",\"name\":\"Les Forestiers Associ\u00e9s\",\"url\":\"https:\/\/lesforestiersassocies.fr\/\",\"logo\":{\"@type\":\"ImageObject\",\"inLanguage\":\"fr-FR\",\"@id\":\"https:\/\/lesforestiersassocies.fr\/#\/schema\/logo\/image\/\",\"url\":\"http:\/\/lesforestiersassocies.fr\/wp-content\/uploads\/2019\/01\/LFA-Logo.jpg\",\"contentUrl\":\"http:\/\/lesforestiersassocies.fr\/wp-content\/uploads\/2019\/01\/LFA-Logo.jpg\",\"width\":905,\"height\":314,\"caption\":\"Les Forestiers Associ\u00e9s\"},\"image\":{\"@id\":\"https:\/\/lesforestiersassocies.fr\/#\/schema\/logo\/image\/\"}}]}<\/script>\n<!-- \/ Yoast SEO plugin. -->","yoast_head_json":{"title":"Rabot - 750W - 16500 trs\/min, - Les Forestiers Associ\u00e9s","robots":{"index":"index","follow":"follow","max-snippet":"max-snippet:-1","max-image-preview":"max-image-preview:large","max-video-preview":"max-video-preview:-1"},"canonical":"https:\/\/lesforestiersassocies.fr\/index.php\/produit\/rabot-750w-16500-trs-min\/","og_locale":"fr_FR","og_type":"article","og_title":"Rabot - 750W - 16500 trs\/min, - Les Forestiers Associ\u00e9s","og_description":"Performance : moteur puissant, tambour de large diam\u00e8tre pour une [&hellip;]","og_url":"https:\/\/lesforestiersassocies.fr\/index.php\/produit\/rabot-750w-16500-trs-min\/","og_site_name":"Les Forestiers Associ\u00e9s","og_image":[{"width":823,"height":762,"url":"https:\/\/lesforestiersassocies.fr\/wp-content\/uploads\/2024\/06\/FME630K-QS.jpg","type":"image\/jpeg"}],"twitter_card":"summary_large_image","twitter_misc":{"Dur\u00e9e de lecture estim\u00e9e":"3 minutes"},"schema":{"@context":"https:\/\/schema.org","@graph":[{"@type":"WebPage","@id":"https:\/\/lesforestiersassocies.fr\/index.php\/produit\/rabot-750w-16500-trs-min\/","url":"https:\/\/lesforestiersassocies.fr\/index.php\/produit\/rabot-750w-16500-trs-min\/","name":"Rabot - 750W - 16500 trs\/min, - Les Forestiers Associ\u00e9s","isPartOf":{"@id":"https:\/\/lesforestiersassocies.fr\/#website"},"datePublished":"2024-07-05T06:27:35+00:00","dateModified":"2024-07-05T06:27:35+00:00","breadcrumb":{"@id":"https:\/\/lesforestiersassocies.fr\/index.php\/produit\/rabot-750w-16500-trs-min\/#breadcrumb"},"inLanguage":"fr-FR","potentialAction":[{"@type":"ReadAction","target":["https:\/\/lesforestiersassocies.fr\/index.php\/produit\/rabot-750w-16500-trs-min\/"]}]},{"@type":"BreadcrumbList","@id":"https:\/\/lesforestiersassocies.fr\/index.php\/produit\/rabot-750w-16500-trs-min\/#breadcrumb","itemListElement":[{"@type":"ListItem","position":1,"name":"Accueil","item":"https:\/\/lesforestiersassocies.fr\/"},{"@type":"ListItem","position":2,"name":"Inventory","item":"https:\/\/lesforestiersassocies.fr\/index.php\/inventory\/"},{"@type":"ListItem","position":3,"name":"Rabot &#8211; 750W &#8211; 16500 trs\/min,"}]},{"@type":"WebSite","@id":"https:\/\/lesforestiersassocies.fr\/#website","url":"https:\/\/lesforestiersassocies.fr\/","name":"Les Forestiers Associ\u00e9s","description":"Les Forestiers Associ\u00e9s","publisher":{"@id":"https:\/\/lesforestiersassocies.fr\/#organization"},"potentialAction":[{"@type":"SearchAction","target":{"@type":"EntryPoint","urlTemplate":"https:\/\/lesforestiersassocies.fr\/?s={search_term_string}"},"query-input":"required name=search_term_string"}],"inLanguage":"fr-FR"},{"@type":"Organization","@id":"https:\/\/lesforestiersassocies.fr\/#organization","name":"Les Forestiers Associ\u00e9s","url":"https:\/\/lesforestiersassocies.fr\/","logo":{"@type":"ImageObject","inLanguage":"fr-FR","@id":"https:\/\/lesforestiersassocies.fr\/#\/schema\/logo\/image\/","url":"http:\/\/lesforestiersassocies.fr\/wp-content\/uploads\/2019\/01\/LFA-Logo.jpg","contentUrl":"http:\/\/lesforestiersassocies.fr\/wp-content\/uploads\/2019\/01\/LFA-Logo.jpg","width":905,"height":314,"caption":"Les Forestiers Associ\u00e9s"},"image":{"@id":"https:\/\/lesforestiersassocies.fr\/#\/schema\/logo\/image\/"}}]}},"_links":{"self":[{"href":"https:\/\/lesforestiersassocies.fr\/index.php\/wp-json\/wp\/v2\/product\/11880"}],"collection":[{"href":"https:\/\/lesforestiersassocies.fr\/index.php\/wp-json\/wp\/v2\/product"}],"about":[{"href":"https:\/\/lesforestiersassocies.fr\/index.php\/wp-json\/wp\/v2\/types\/product"}],"wp:featuredmedia":[{"embeddable":true,"href":"https:\/\/lesforestiersassocies.fr\/index.php\/wp-json\/wp\/v2\/media\/11881"}],"wp:attachment":[{"href":"https:\/\/lesforestiersassocies.fr\/index.php\/wp-json\/wp\/v2\/media?parent=11880"}],"wp:term":[{"taxonomy":"product_cat","embeddable":true,"href":"https:\/\/lesforestiersassocies.fr\/index.php\/wp-json\/wp\/v2\/product_cat?post=11880"},{"taxonomy":"product_tag","embeddable":true,"href":"https:\/\/lesforestiersassocies.fr\/index.php\/wp-json\/wp\/v2\/product_tag?post=11880"}],"curies":[{"name":"wp","href":"https:\/\/api.w.org\/{rel}","templated":true}]}}