{"id":11882,"date":"2024-07-05T08:28:29","date_gmt":"2024-07-05T06:28:29","guid":{"rendered":"http:\/\/lesforestiersassocies.fr\/?post_type=product&#038;p=11882"},"modified":"2024-07-05T08:28:30","modified_gmt":"2024-07-05T06:28:30","slug":"v20-scie-circulaire-190mm-brushless-lithium-18v-2-batteries-4ah","status":"publish","type":"product","link":"https:\/\/lesforestiersassocies.fr\/index.php\/produit\/v20-scie-circulaire-190mm-brushless-lithium-18v-2-batteries-4ah\/","title":{"rendered":"V20 Scie Circulaire 190mm Brushless &#8211; Lithium 18V &#8211; 2 Batteries 4AH"},"content":{"rendered":"<p>V20 SCIE CIRCULAIRE 190 MM BRUSHLESS LITHIUM 18V &#8211; 2 BATTERIES 4 AHSTANLEY\u00ae FATMAX\u00ae<\/p>\n<p>&nbsp;<\/p>\n<table class=\"reference_entity_table\" style=\"height: 174px;\" width=\"407\" data-striping=\"1\">\n<tbody>\n<tr>\n<td>\n<div>Voltage de la batterie<\/div>\n<\/td>\n<td>\n<div>20 V<\/div>\n<\/td>\n<\/tr>\n<tr>\n<td>\n<div>Profondeur max. de coupe\/sciage<\/div>\n<\/td>\n<td>\n<div>65 mm<\/div>\n<\/td>\n<\/tr>\n<tr>\n<td>\n<div>Capacit\u00e9 de la batterie [Imp\u00e9rial]<\/div>\n<\/td>\n<td>\n<div>4 Ah<\/div>\n<\/td>\n<\/tr>\n<tr>\n<td>\n<div>Vitesse \u00e0 vide (tr\/mn)<\/div>\n<\/td>\n<td>\n<div>5,000<\/div>\n<\/td>\n<\/tr>\n<tr>\n<td>\n<div>Poids net<\/div>\n<\/td>\n<td>\n<div>4 Kg<\/div>\n<\/td>\n<\/tr>\n<tr>\n<td>\n<div>Diam\u00e8tre de lame<\/div>\n<\/td>\n<td>\n<div>190 mm<\/div>\n<\/td>\n<\/tr>\n<\/tbody>\n<\/table>\n<p>&nbsp;<\/p>\n<p><strong>Garantie limit\u00e9e de 1 an, garantie limit\u00e9e de 3 ans \u00e0 l&rsquo;enregistrement<\/strong><\/p>\n<div class=\"pdp-warranties-desc\">\n<p><strong>Nous sommes convaincus de la qualit\u00e9 de nos produits et nous r\u00e9parerons, sans frais, tout d\u00e9faut d\u00fb \u00e0 un vice de mat\u00e9riau ou de fabrication dans le cadre de la garantie sp\u00e9cifi\u00e9e.<\/strong><\/p>\n<\/div>\n","protected":false},"excerpt":{"rendered":"<p>V20 SCIE CIRCULAIRE 190 MM BRUSHLESS LITHIUM 18V &#8211; 2 [&hellip;]<\/p>\n","protected":false},"featured_media":11883,"template":"","meta":[],"product_cat":[131],"product_tag":[],"acf":[],"yoast_head":"<!-- This site is optimized with the Yoast SEO plugin v21.9 - https:\/\/yoast.com\/wordpress\/plugins\/seo\/ -->\n<title>V20 Scie Circulaire 190mm Brushless - Lithium 18V - 2 Batteries 4AH - Les Forestiers Associ\u00e9s<\/title>\n<meta name=\"robots\" content=\"index, follow, max-snippet:-1, max-image-preview:large, max-video-preview:-1\" \/>\n<link rel=\"canonical\" href=\"https:\/\/lesforestiersassocies.fr\/index.php\/produit\/v20-scie-circulaire-190mm-brushless-lithium-18v-2-batteries-4ah\/\" \/>\n<meta property=\"og:locale\" content=\"fr_FR\" \/>\n<meta property=\"og:type\" content=\"article\" \/>\n<meta property=\"og:title\" content=\"V20 Scie Circulaire 190mm Brushless - Lithium 18V - 2 Batteries 4AH - Les Forestiers Associ\u00e9s\" \/>\n<meta property=\"og:description\" content=\"V20 SCIE CIRCULAIRE 190 MM BRUSHLESS LITHIUM 18V &#8211; 2 [&hellip;]\" \/>\n<meta property=\"og:url\" content=\"https:\/\/lesforestiersassocies.fr\/index.php\/produit\/v20-scie-circulaire-190mm-brushless-lithium-18v-2-batteries-4ah\/\" \/>\n<meta property=\"og:site_name\" content=\"Les Forestiers Associ\u00e9s\" \/>\n<meta property=\"article:modified_time\" content=\"2024-07-05T06:28:30+00:00\" \/>\n<meta property=\"og:image\" content=\"https:\/\/lesforestiersassocies.fr\/wp-content\/uploads\/2024\/06\/SFMCS550M2K-QW.jpg\" \/>\n\t<meta property=\"og:image:width\" content=\"826\" \/>\n\t<meta property=\"og:image:height\" content=\"705\" \/>\n\t<meta property=\"og:image:type\" content=\"image\/jpeg\" \/>\n<meta name=\"twitter:card\" content=\"summary_large_image\" \/>\n<meta name=\"twitter:label1\" content=\"Dur\u00e9e de lecture estim\u00e9e\" \/>\n\t<meta name=\"twitter:data1\" content=\"1 minute\" \/>\n<script type=\"application\/ld+json\" class=\"yoast-schema-graph\">{\"@context\":\"https:\/\/schema.org\",\"@graph\":[{\"@type\":\"WebPage\",\"@id\":\"https:\/\/lesforestiersassocies.fr\/index.php\/produit\/v20-scie-circulaire-190mm-brushless-lithium-18v-2-batteries-4ah\/\",\"url\":\"https:\/\/lesforestiersassocies.fr\/index.php\/produit\/v20-scie-circulaire-190mm-brushless-lithium-18v-2-batteries-4ah\/\",\"name\":\"V20 Scie Circulaire 190mm Brushless - Lithium 18V - 2 Batteries 4AH - Les Forestiers Associ\u00e9s\",\"isPartOf\":{\"@id\":\"https:\/\/lesforestiersassocies.fr\/#website\"},\"datePublished\":\"2024-07-05T06:28:29+00:00\",\"dateModified\":\"2024-07-05T06:28:30+00:00\",\"breadcrumb\":{\"@id\":\"https:\/\/lesforestiersassocies.fr\/index.php\/produit\/v20-scie-circulaire-190mm-brushless-lithium-18v-2-batteries-4ah\/#breadcrumb\"},\"inLanguage\":\"fr-FR\",\"potentialAction\":[{\"@type\":\"ReadAction\",\"target\":[\"https:\/\/lesforestiersassocies.fr\/index.php\/produit\/v20-scie-circulaire-190mm-brushless-lithium-18v-2-batteries-4ah\/\"]}]},{\"@type\":\"BreadcrumbList\",\"@id\":\"https:\/\/lesforestiersassocies.fr\/index.php\/produit\/v20-scie-circulaire-190mm-brushless-lithium-18v-2-batteries-4ah\/#breadcrumb\",\"itemListElement\":[{\"@type\":\"ListItem\",\"position\":1,\"name\":\"Accueil\",\"item\":\"https:\/\/lesforestiersassocies.fr\/\"},{\"@type\":\"ListItem\",\"position\":2,\"name\":\"Inventory\",\"item\":\"https:\/\/lesforestiersassocies.fr\/index.php\/inventory\/\"},{\"@type\":\"ListItem\",\"position\":3,\"name\":\"V20 Scie Circulaire 190mm Brushless &#8211; Lithium 18V &#8211; 2 Batteries 4AH\"}]},{\"@type\":\"WebSite\",\"@id\":\"https:\/\/lesforestiersassocies.fr\/#website\",\"url\":\"https:\/\/lesforestiersassocies.fr\/\",\"name\":\"Les Forestiers Associ\u00e9s\",\"description\":\"Les Forestiers Associ\u00e9s\",\"publisher\":{\"@id\":\"https:\/\/lesforestiersassocies.fr\/#organization\"},\"potentialAction\":[{\"@type\":\"SearchAction\",\"target\":{\"@type\":\"EntryPoint\",\"urlTemplate\":\"https:\/\/lesforestiersassocies.fr\/?s={search_term_string}\"},\"query-input\":\"required name=search_term_string\"}],\"inLanguage\":\"fr-FR\"},{\"@type\":\"Organization\",\"@id\":\"https:\/\/lesforestiersassocies.fr\/#organization\",\"name\":\"Les Forestiers Associ\u00e9s\",\"url\":\"https:\/\/lesforestiersassocies.fr\/\",\"logo\":{\"@type\":\"ImageObject\",\"inLanguage\":\"fr-FR\",\"@id\":\"https:\/\/lesforestiersassocies.fr\/#\/schema\/logo\/image\/\",\"url\":\"http:\/\/lesforestiersassocies.fr\/wp-content\/uploads\/2019\/01\/LFA-Logo.jpg\",\"contentUrl\":\"http:\/\/lesforestiersassocies.fr\/wp-content\/uploads\/2019\/01\/LFA-Logo.jpg\",\"width\":905,\"height\":314,\"caption\":\"Les Forestiers Associ\u00e9s\"},\"image\":{\"@id\":\"https:\/\/lesforestiersassocies.fr\/#\/schema\/logo\/image\/\"}}]}<\/script>\n<!-- \/ Yoast SEO plugin. -->","yoast_head_json":{"title":"V20 Scie Circulaire 190mm Brushless - Lithium 18V - 2 Batteries 4AH - Les Forestiers Associ\u00e9s","robots":{"index":"index","follow":"follow","max-snippet":"max-snippet:-1","max-image-preview":"max-image-preview:large","max-video-preview":"max-video-preview:-1"},"canonical":"https:\/\/lesforestiersassocies.fr\/index.php\/produit\/v20-scie-circulaire-190mm-brushless-lithium-18v-2-batteries-4ah\/","og_locale":"fr_FR","og_type":"article","og_title":"V20 Scie Circulaire 190mm Brushless - Lithium 18V - 2 Batteries 4AH - Les Forestiers Associ\u00e9s","og_description":"V20 SCIE CIRCULAIRE 190 MM BRUSHLESS LITHIUM 18V &#8211; 2 [&hellip;]","og_url":"https:\/\/lesforestiersassocies.fr\/index.php\/produit\/v20-scie-circulaire-190mm-brushless-lithium-18v-2-batteries-4ah\/","og_site_name":"Les Forestiers Associ\u00e9s","article_modified_time":"2024-07-05T06:28:30+00:00","og_image":[{"width":826,"height":705,"url":"https:\/\/lesforestiersassocies.fr\/wp-content\/uploads\/2024\/06\/SFMCS550M2K-QW.jpg","type":"image\/jpeg"}],"twitter_card":"summary_large_image","twitter_misc":{"Dur\u00e9e de lecture estim\u00e9e":"1 minute"},"schema":{"@context":"https:\/\/schema.org","@graph":[{"@type":"WebPage","@id":"https:\/\/lesforestiersassocies.fr\/index.php\/produit\/v20-scie-circulaire-190mm-brushless-lithium-18v-2-batteries-4ah\/","url":"https:\/\/lesforestiersassocies.fr\/index.php\/produit\/v20-scie-circulaire-190mm-brushless-lithium-18v-2-batteries-4ah\/","name":"V20 Scie Circulaire 190mm Brushless - Lithium 18V - 2 Batteries 4AH - Les Forestiers Associ\u00e9s","isPartOf":{"@id":"https:\/\/lesforestiersassocies.fr\/#website"},"datePublished":"2024-07-05T06:28:29+00:00","dateModified":"2024-07-05T06:28:30+00:00","breadcrumb":{"@id":"https:\/\/lesforestiersassocies.fr\/index.php\/produit\/v20-scie-circulaire-190mm-brushless-lithium-18v-2-batteries-4ah\/#breadcrumb"},"inLanguage":"fr-FR","potentialAction":[{"@type":"ReadAction","target":["https:\/\/lesforestiersassocies.fr\/index.php\/produit\/v20-scie-circulaire-190mm-brushless-lithium-18v-2-batteries-4ah\/"]}]},{"@type":"BreadcrumbList","@id":"https:\/\/lesforestiersassocies.fr\/index.php\/produit\/v20-scie-circulaire-190mm-brushless-lithium-18v-2-batteries-4ah\/#breadcrumb","itemListElement":[{"@type":"ListItem","position":1,"name":"Accueil","item":"https:\/\/lesforestiersassocies.fr\/"},{"@type":"ListItem","position":2,"name":"Inventory","item":"https:\/\/lesforestiersassocies.fr\/index.php\/inventory\/"},{"@type":"ListItem","position":3,"name":"V20 Scie Circulaire 190mm Brushless &#8211; Lithium 18V &#8211; 2 Batteries 4AH"}]},{"@type":"WebSite","@id":"https:\/\/lesforestiersassocies.fr\/#website","url":"https:\/\/lesforestiersassocies.fr\/","name":"Les Forestiers Associ\u00e9s","description":"Les Forestiers Associ\u00e9s","publisher":{"@id":"https:\/\/lesforestiersassocies.fr\/#organization"},"potentialAction":[{"@type":"SearchAction","target":{"@type":"EntryPoint","urlTemplate":"https:\/\/lesforestiersassocies.fr\/?s={search_term_string}"},"query-input":"required name=search_term_string"}],"inLanguage":"fr-FR"},{"@type":"Organization","@id":"https:\/\/lesforestiersassocies.fr\/#organization","name":"Les Forestiers Associ\u00e9s","url":"https:\/\/lesforestiersassocies.fr\/","logo":{"@type":"ImageObject","inLanguage":"fr-FR","@id":"https:\/\/lesforestiersassocies.fr\/#\/schema\/logo\/image\/","url":"http:\/\/lesforestiersassocies.fr\/wp-content\/uploads\/2019\/01\/LFA-Logo.jpg","contentUrl":"http:\/\/lesforestiersassocies.fr\/wp-content\/uploads\/2019\/01\/LFA-Logo.jpg","width":905,"height":314,"caption":"Les Forestiers Associ\u00e9s"},"image":{"@id":"https:\/\/lesforestiersassocies.fr\/#\/schema\/logo\/image\/"}}]}},"_links":{"self":[{"href":"https:\/\/lesforestiersassocies.fr\/index.php\/wp-json\/wp\/v2\/product\/11882"}],"collection":[{"href":"https:\/\/lesforestiersassocies.fr\/index.php\/wp-json\/wp\/v2\/product"}],"about":[{"href":"https:\/\/lesforestiersassocies.fr\/index.php\/wp-json\/wp\/v2\/types\/product"}],"wp:featuredmedia":[{"embeddable":true,"href":"https:\/\/lesforestiersassocies.fr\/index.php\/wp-json\/wp\/v2\/media\/11883"}],"wp:attachment":[{"href":"https:\/\/lesforestiersassocies.fr\/index.php\/wp-json\/wp\/v2\/media?parent=11882"}],"wp:term":[{"taxonomy":"product_cat","embeddable":true,"href":"https:\/\/lesforestiersassocies.fr\/index.php\/wp-json\/wp\/v2\/product_cat?post=11882"},{"taxonomy":"product_tag","embeddable":true,"href":"https:\/\/lesforestiersassocies.fr\/index.php\/wp-json\/wp\/v2\/product_tag?post=11882"}],"curies":[{"name":"wp","href":"https:\/\/api.w.org\/{rel}","templated":true}]}}