{"id":11884,"date":"2024-07-05T08:29:41","date_gmt":"2024-07-05T06:29:41","guid":{"rendered":"http:\/\/lesforestiersassocies.fr\/?post_type=product&#038;p=11884"},"modified":"2024-07-05T08:29:41","modified_gmt":"2024-07-05T06:29:41","slug":"scie-sauteuse-18v-0-2500-trs-min-fonction-soufflerie-gamme-v20","status":"publish","type":"product","link":"https:\/\/lesforestiersassocies.fr\/index.php\/produit\/scie-sauteuse-18v-0-2500-trs-min-fonction-soufflerie-gamme-v20\/","title":{"rendered":"Scie sauteuse &#8211; 18V &#8211; 0-2500 trs\/min, Fonction soufflerie &#8211; Gamme V20"},"content":{"rendered":"<ul class=\"feature-ul\">\n<li class=\"feature-list-li\">Performance : rendement \u00e9lev\u00e9 du moteur, autonomie sup\u00e9rieure pour r\u00e9aliser plus d\u2019applications, une grande vitesse d\u2019ex\u00e9cution pour coupes nettes, 3 niveaux de pendularit\u00e9, coupes biaises.<\/li>\n<li class=\"feature-list-li\">Confort d\u2019utilisation : l\u2019ergonomie est \u00e9tudi\u00e9e pour les utilisations prolong\u00e9es et r\u00e9guli\u00e8res, l\u2019\u00e9quilibre et le poids sont au c\u0153ur de la conception de cette machine qui b\u00e9n\u00e9ficie d\u2019un rev\u00eatement caoutchouc.<\/li>\n<li class=\"feature-list-li\">Durabilit\u00e9 : con\u00e7ue pour r\u00e9sister aux conditions difficiles d\u2019un chantier, coque renforc\u00e9e \u00e0 la fibre de verre.<\/li>\n<\/ul>\n<p>PLATEFORME SANS FIL 18V STANLEY\u00ae FATMAX\u00ae V20 : Une batterie pour tous vos outils de bricolage et d\u2019entretien des espaces ext\u00e9rieurs. La scie sauteuse SFMCS600M2K-QW de la gamme V20 de STANLEY FATMAX est un outil de sciage sans fil, aliment\u00e9 par une batterie lithium-ion 18V, qui offre une grande polyvalence pour tous vos travaux de sciage. Cette scie sauteuse est dot\u00e9e d&rsquo;un moteur puissant \u00e0 haut rendement qui permet une grande vitesse d&rsquo;ex\u00e9cution pour des coupes nettes et pr\u00e9cises. Avec une vitesse de 0-2500 trs\/min et une course de 19 mm, cette scie sauteuse offre une capacit\u00e9 de coupe de 55 mm pour le bois, 8 mm pour le m\u00e9tal et 20 mm pour l&rsquo;aluminium. Elle dispose d&rsquo;un mouvement pendulaire \u00e0 3 positions et d&rsquo;un angle de coupe r\u00e9glable de 0 \u00e0 45\u00b0 pour des coupes biaises pr\u00e9cises. La semelle est ajustable \u00e0 45\u00b0 pour des coupes nettes droites ou biais\u00e9es, et la fonction soufflerie int\u00e9gr\u00e9e permet de d\u00e9gager le trait de coupe pour une meilleure visibilit\u00e9. Cette scie sauteuse est livr\u00e9e avec une lame et est \u00e9quip\u00e9e d&rsquo;une coque renforc\u00e9e en fibre de verre pour r\u00e9sister aux conditions difficiles d&rsquo;un chantier. En r\u00e9sum\u00e9, la scie sauteuse SFMCS600M2K-QW de la gamme V20 de STANLEY FATMAX est un outil de sciage sans fil performant, polyvalent et facile \u00e0 utiliser pour les bricoleurs amateurs et les professionnels. Avec sa grande vitesse d&rsquo;ex\u00e9cution, ses coupes biaises pr\u00e9cises et sa fonction soufflerie int\u00e9gr\u00e9e, cette scie sauteuse offre une grande productivit\u00e9 et une pr\u00e9cision accrue. Elle est livr\u00e9e avec 1 lame, 2 batteries V20 4Ah, 1 chargeur 2A, en mallette de transport.<\/p>\n<ul class=\"coh-list-container coh-unordered-list\">\n<li class=\"coh-list-item\">Coupe de plan de travail, mat\u00e9riaux en composite&#8230;<\/li>\n<li class=\"coh-list-item\">Pr\u00e9paration de feuilles m\u00e9talliques<\/li>\n<li class=\"coh-list-item\">Coupe de profils en bois tendres et durs<\/li>\n<\/ul>\n<h2 class=\"coh-heading title coh-style-h1---default\">Inclus<\/h2>\n<ul class=\"coh-list-container coh-unordered-list\">\n<li class=\"coh-list-item\">(1) Coffret<\/li>\n<li class=\"coh-list-item\">(2) Batteries Li-Ion 2,0 Ah<\/li>\n<li class=\"coh-list-item\">(1) Chargeur 2 A<\/li>\n<li class=\"coh-list-item\">(1) Scie sauteuse V20 18V STANLEY\u00ae FATMAX\u00ae<\/li>\n<\/ul>\n<p><strong>Garantie limit\u00e9e de 1 an, garantie limit\u00e9e de 3 ans \u00e0 l&rsquo;enregistrement<\/strong><\/p>\n<div class=\"pdp-warranties-desc\">\n<p><strong>Nous sommes convaincus de la qualit\u00e9 de nos produits et nous r\u00e9parerons, sans frais, tout d\u00e9faut d\u00fb \u00e0 un vice de mat\u00e9riau ou de fabrication dans le cadre de la garantie sp\u00e9cifi\u00e9e.<\/strong><\/p>\n<\/div>\n","protected":false},"excerpt":{"rendered":"<p>Performance : rendement \u00e9lev\u00e9 du moteur, autonomie sup\u00e9rieure pour r\u00e9aliser [&hellip;]<\/p>\n","protected":false},"featured_media":11885,"template":"","meta":[],"product_cat":[131],"product_tag":[],"acf":[],"yoast_head":"<!-- This site is optimized with the Yoast SEO plugin v21.9 - https:\/\/yoast.com\/wordpress\/plugins\/seo\/ -->\n<title>Scie sauteuse - 18V - 0-2500 trs\/min, Fonction soufflerie - Gamme V20 - Les Forestiers Associ\u00e9s<\/title>\n<meta name=\"robots\" content=\"index, follow, max-snippet:-1, max-image-preview:large, max-video-preview:-1\" \/>\n<link rel=\"canonical\" href=\"https:\/\/lesforestiersassocies.fr\/index.php\/produit\/scie-sauteuse-18v-0-2500-trs-min-fonction-soufflerie-gamme-v20\/\" \/>\n<meta property=\"og:locale\" content=\"fr_FR\" \/>\n<meta property=\"og:type\" content=\"article\" \/>\n<meta property=\"og:title\" content=\"Scie sauteuse - 18V - 0-2500 trs\/min, Fonction soufflerie - Gamme V20 - Les Forestiers Associ\u00e9s\" \/>\n<meta property=\"og:description\" content=\"Performance : rendement \u00e9lev\u00e9 du moteur, autonomie sup\u00e9rieure pour r\u00e9aliser [&hellip;]\" \/>\n<meta property=\"og:url\" content=\"https:\/\/lesforestiersassocies.fr\/index.php\/produit\/scie-sauteuse-18v-0-2500-trs-min-fonction-soufflerie-gamme-v20\/\" \/>\n<meta property=\"og:site_name\" content=\"Les Forestiers Associ\u00e9s\" \/>\n<meta property=\"og:image\" content=\"https:\/\/lesforestiersassocies.fr\/wp-content\/uploads\/2024\/06\/SFMCS600M2K-QW.jpg\" \/>\n\t<meta property=\"og:image:width\" content=\"820\" \/>\n\t<meta property=\"og:image:height\" content=\"777\" \/>\n\t<meta property=\"og:image:type\" content=\"image\/jpeg\" \/>\n<meta name=\"twitter:card\" content=\"summary_large_image\" \/>\n<meta name=\"twitter:label1\" content=\"Dur\u00e9e de lecture estim\u00e9e\" \/>\n\t<meta name=\"twitter:data1\" content=\"3 minutes\" \/>\n<script type=\"application\/ld+json\" class=\"yoast-schema-graph\">{\"@context\":\"https:\/\/schema.org\",\"@graph\":[{\"@type\":\"WebPage\",\"@id\":\"https:\/\/lesforestiersassocies.fr\/index.php\/produit\/scie-sauteuse-18v-0-2500-trs-min-fonction-soufflerie-gamme-v20\/\",\"url\":\"https:\/\/lesforestiersassocies.fr\/index.php\/produit\/scie-sauteuse-18v-0-2500-trs-min-fonction-soufflerie-gamme-v20\/\",\"name\":\"Scie sauteuse - 18V - 0-2500 trs\/min, Fonction soufflerie - Gamme V20 - Les Forestiers Associ\u00e9s\",\"isPartOf\":{\"@id\":\"https:\/\/lesforestiersassocies.fr\/#website\"},\"datePublished\":\"2024-07-05T06:29:41+00:00\",\"dateModified\":\"2024-07-05T06:29:41+00:00\",\"breadcrumb\":{\"@id\":\"https:\/\/lesforestiersassocies.fr\/index.php\/produit\/scie-sauteuse-18v-0-2500-trs-min-fonction-soufflerie-gamme-v20\/#breadcrumb\"},\"inLanguage\":\"fr-FR\",\"potentialAction\":[{\"@type\":\"ReadAction\",\"target\":[\"https:\/\/lesforestiersassocies.fr\/index.php\/produit\/scie-sauteuse-18v-0-2500-trs-min-fonction-soufflerie-gamme-v20\/\"]}]},{\"@type\":\"BreadcrumbList\",\"@id\":\"https:\/\/lesforestiersassocies.fr\/index.php\/produit\/scie-sauteuse-18v-0-2500-trs-min-fonction-soufflerie-gamme-v20\/#breadcrumb\",\"itemListElement\":[{\"@type\":\"ListItem\",\"position\":1,\"name\":\"Accueil\",\"item\":\"https:\/\/lesforestiersassocies.fr\/\"},{\"@type\":\"ListItem\",\"position\":2,\"name\":\"Inventory\",\"item\":\"https:\/\/lesforestiersassocies.fr\/index.php\/inventory\/\"},{\"@type\":\"ListItem\",\"position\":3,\"name\":\"Scie sauteuse &#8211; 18V &#8211; 0-2500 trs\/min, Fonction soufflerie &#8211; Gamme V20\"}]},{\"@type\":\"WebSite\",\"@id\":\"https:\/\/lesforestiersassocies.fr\/#website\",\"url\":\"https:\/\/lesforestiersassocies.fr\/\",\"name\":\"Les Forestiers Associ\u00e9s\",\"description\":\"Les Forestiers Associ\u00e9s\",\"publisher\":{\"@id\":\"https:\/\/lesforestiersassocies.fr\/#organization\"},\"potentialAction\":[{\"@type\":\"SearchAction\",\"target\":{\"@type\":\"EntryPoint\",\"urlTemplate\":\"https:\/\/lesforestiersassocies.fr\/?s={search_term_string}\"},\"query-input\":\"required name=search_term_string\"}],\"inLanguage\":\"fr-FR\"},{\"@type\":\"Organization\",\"@id\":\"https:\/\/lesforestiersassocies.fr\/#organization\",\"name\":\"Les Forestiers Associ\u00e9s\",\"url\":\"https:\/\/lesforestiersassocies.fr\/\",\"logo\":{\"@type\":\"ImageObject\",\"inLanguage\":\"fr-FR\",\"@id\":\"https:\/\/lesforestiersassocies.fr\/#\/schema\/logo\/image\/\",\"url\":\"http:\/\/lesforestiersassocies.fr\/wp-content\/uploads\/2019\/01\/LFA-Logo.jpg\",\"contentUrl\":\"http:\/\/lesforestiersassocies.fr\/wp-content\/uploads\/2019\/01\/LFA-Logo.jpg\",\"width\":905,\"height\":314,\"caption\":\"Les Forestiers Associ\u00e9s\"},\"image\":{\"@id\":\"https:\/\/lesforestiersassocies.fr\/#\/schema\/logo\/image\/\"}}]}<\/script>\n<!-- \/ Yoast SEO plugin. -->","yoast_head_json":{"title":"Scie sauteuse - 18V - 0-2500 trs\/min, Fonction soufflerie - Gamme V20 - Les Forestiers Associ\u00e9s","robots":{"index":"index","follow":"follow","max-snippet":"max-snippet:-1","max-image-preview":"max-image-preview:large","max-video-preview":"max-video-preview:-1"},"canonical":"https:\/\/lesforestiersassocies.fr\/index.php\/produit\/scie-sauteuse-18v-0-2500-trs-min-fonction-soufflerie-gamme-v20\/","og_locale":"fr_FR","og_type":"article","og_title":"Scie sauteuse - 18V - 0-2500 trs\/min, Fonction soufflerie - Gamme V20 - Les Forestiers Associ\u00e9s","og_description":"Performance : rendement \u00e9lev\u00e9 du moteur, autonomie sup\u00e9rieure pour r\u00e9aliser [&hellip;]","og_url":"https:\/\/lesforestiersassocies.fr\/index.php\/produit\/scie-sauteuse-18v-0-2500-trs-min-fonction-soufflerie-gamme-v20\/","og_site_name":"Les Forestiers Associ\u00e9s","og_image":[{"width":820,"height":777,"url":"https:\/\/lesforestiersassocies.fr\/wp-content\/uploads\/2024\/06\/SFMCS600M2K-QW.jpg","type":"image\/jpeg"}],"twitter_card":"summary_large_image","twitter_misc":{"Dur\u00e9e de lecture estim\u00e9e":"3 minutes"},"schema":{"@context":"https:\/\/schema.org","@graph":[{"@type":"WebPage","@id":"https:\/\/lesforestiersassocies.fr\/index.php\/produit\/scie-sauteuse-18v-0-2500-trs-min-fonction-soufflerie-gamme-v20\/","url":"https:\/\/lesforestiersassocies.fr\/index.php\/produit\/scie-sauteuse-18v-0-2500-trs-min-fonction-soufflerie-gamme-v20\/","name":"Scie sauteuse - 18V - 0-2500 trs\/min, Fonction soufflerie - Gamme V20 - Les Forestiers Associ\u00e9s","isPartOf":{"@id":"https:\/\/lesforestiersassocies.fr\/#website"},"datePublished":"2024-07-05T06:29:41+00:00","dateModified":"2024-07-05T06:29:41+00:00","breadcrumb":{"@id":"https:\/\/lesforestiersassocies.fr\/index.php\/produit\/scie-sauteuse-18v-0-2500-trs-min-fonction-soufflerie-gamme-v20\/#breadcrumb"},"inLanguage":"fr-FR","potentialAction":[{"@type":"ReadAction","target":["https:\/\/lesforestiersassocies.fr\/index.php\/produit\/scie-sauteuse-18v-0-2500-trs-min-fonction-soufflerie-gamme-v20\/"]}]},{"@type":"BreadcrumbList","@id":"https:\/\/lesforestiersassocies.fr\/index.php\/produit\/scie-sauteuse-18v-0-2500-trs-min-fonction-soufflerie-gamme-v20\/#breadcrumb","itemListElement":[{"@type":"ListItem","position":1,"name":"Accueil","item":"https:\/\/lesforestiersassocies.fr\/"},{"@type":"ListItem","position":2,"name":"Inventory","item":"https:\/\/lesforestiersassocies.fr\/index.php\/inventory\/"},{"@type":"ListItem","position":3,"name":"Scie sauteuse &#8211; 18V &#8211; 0-2500 trs\/min, Fonction soufflerie &#8211; Gamme V20"}]},{"@type":"WebSite","@id":"https:\/\/lesforestiersassocies.fr\/#website","url":"https:\/\/lesforestiersassocies.fr\/","name":"Les Forestiers Associ\u00e9s","description":"Les Forestiers Associ\u00e9s","publisher":{"@id":"https:\/\/lesforestiersassocies.fr\/#organization"},"potentialAction":[{"@type":"SearchAction","target":{"@type":"EntryPoint","urlTemplate":"https:\/\/lesforestiersassocies.fr\/?s={search_term_string}"},"query-input":"required name=search_term_string"}],"inLanguage":"fr-FR"},{"@type":"Organization","@id":"https:\/\/lesforestiersassocies.fr\/#organization","name":"Les Forestiers Associ\u00e9s","url":"https:\/\/lesforestiersassocies.fr\/","logo":{"@type":"ImageObject","inLanguage":"fr-FR","@id":"https:\/\/lesforestiersassocies.fr\/#\/schema\/logo\/image\/","url":"http:\/\/lesforestiersassocies.fr\/wp-content\/uploads\/2019\/01\/LFA-Logo.jpg","contentUrl":"http:\/\/lesforestiersassocies.fr\/wp-content\/uploads\/2019\/01\/LFA-Logo.jpg","width":905,"height":314,"caption":"Les Forestiers Associ\u00e9s"},"image":{"@id":"https:\/\/lesforestiersassocies.fr\/#\/schema\/logo\/image\/"}}]}},"_links":{"self":[{"href":"https:\/\/lesforestiersassocies.fr\/index.php\/wp-json\/wp\/v2\/product\/11884"}],"collection":[{"href":"https:\/\/lesforestiersassocies.fr\/index.php\/wp-json\/wp\/v2\/product"}],"about":[{"href":"https:\/\/lesforestiersassocies.fr\/index.php\/wp-json\/wp\/v2\/types\/product"}],"wp:featuredmedia":[{"embeddable":true,"href":"https:\/\/lesforestiersassocies.fr\/index.php\/wp-json\/wp\/v2\/media\/11885"}],"wp:attachment":[{"href":"https:\/\/lesforestiersassocies.fr\/index.php\/wp-json\/wp\/v2\/media?parent=11884"}],"wp:term":[{"taxonomy":"product_cat","embeddable":true,"href":"https:\/\/lesforestiersassocies.fr\/index.php\/wp-json\/wp\/v2\/product_cat?post=11884"},{"taxonomy":"product_tag","embeddable":true,"href":"https:\/\/lesforestiersassocies.fr\/index.php\/wp-json\/wp\/v2\/product_tag?post=11884"}],"curies":[{"name":"wp","href":"https:\/\/api.w.org\/{rel}","templated":true}]}}