{"id":11890,"date":"2024-07-05T09:32:52","date_gmt":"2024-07-05T07:32:52","guid":{"rendered":"http:\/\/lesforestiersassocies.fr\/?post_type=product&#038;p=11890"},"modified":"2024-07-08T17:29:19","modified_gmt":"2024-07-08T15:29:19","slug":"steicotherm-dry-120-x-1350-x-600-mm","status":"publish","type":"product","link":"https:\/\/lesforestiersassocies.fr\/index.php\/produit\/steicotherm-dry-120-x-1350-x-600-mm\/","title":{"rendered":"STEICOtherm dry"},"content":{"rendered":"<p>ISOLATION RIGIDE<\/p>\n<p>Panneau isolant en fibre de bois aux multiples applications<\/p>\n<ul>\n<li>Disponible avec rainures et languettes, feuillures ou chants droits<\/li>\n<li>Fabriqu\u00e9 en processus sec<\/li>\n<li>Panneau isolant particuli\u00e8rement l\u00e9ger et r\u00e9sistant<\/li>\n<li>Les isolants STEICO assurent un climat int\u00e9rieur optimal en toute saison<\/li>\n<li>Tr\u00e8s ouvert \u00e0 la diffusion de vapeur d&rsquo;eau<\/li>\n<li>Participe \u00e0 la r\u00e9gulation hygrothermique de l&rsquo;habitat<\/li>\n<\/ul>\n<p><strong>FORMATS :<\/strong><\/p>\n<table style=\"height: 1303px;\" width=\"841\">\n<tbody>\n<tr>\n<td width=\"75\">\u00c9paisseur [mm]<\/td>\n<td width=\"78\">Longueur [mm]<\/td>\n<td width=\"67\">Largeur [mm]<\/td>\n<td width=\"110\">Profil<\/td>\n<td width=\"94\">Quantit\u00e9\/pal. [pcs]<\/td>\n<td width=\"91\">Surface\/pal. brute [m<sup>2<\/sup>]<\/td>\n<td width=\"80\"><\/td>\n<\/tr>\n<tr>\n<td width=\"75\">40<\/td>\n<td width=\"78\">1350<\/td>\n<td width=\"67\">600<\/td>\n<td width=\"110\">chants droits<\/td>\n<td width=\"94\">56<\/td>\n<td width=\"91\">45,36<\/td>\n<td width=\"80\"><\/td>\n<\/tr>\n<tr>\n<td width=\"75\">60<\/td>\n<td width=\"78\">1350<\/td>\n<td width=\"67\">600<\/td>\n<td width=\"110\">chants droits<\/td>\n<td width=\"94\">38<\/td>\n<td width=\"91\">30,78<\/td>\n<td><\/td>\n<\/tr>\n<tr>\n<td width=\"75\">80<\/td>\n<td width=\"78\">1350<\/td>\n<td width=\"67\">600<\/td>\n<td width=\"110\">chants droits<\/td>\n<td width=\"94\">28<\/td>\n<td width=\"91\">22,68<\/td>\n<td><\/td>\n<\/tr>\n<tr>\n<td width=\"75\">100<\/td>\n<td width=\"78\">1350<\/td>\n<td width=\"67\">600<\/td>\n<td width=\"110\">chants droits<\/td>\n<td width=\"94\">22<\/td>\n<td width=\"91\">17,82<\/td>\n<td><\/td>\n<\/tr>\n<tr>\n<td width=\"75\">120<\/td>\n<td width=\"78\">1350<\/td>\n<td width=\"67\">600<\/td>\n<td width=\"110\">chants droits<\/td>\n<td width=\"94\">18<\/td>\n<td width=\"91\">14,58<\/td>\n<td><\/td>\n<\/tr>\n<tr>\n<td width=\"75\">140<\/td>\n<td width=\"78\">1350<\/td>\n<td width=\"67\">600<\/td>\n<td width=\"110\">chants droits<\/td>\n<td width=\"94\">16<\/td>\n<td width=\"91\">12,96<\/td>\n<td><\/td>\n<\/tr>\n<tr>\n<td width=\"75\">160<\/td>\n<td width=\"78\">1350<\/td>\n<td width=\"67\">600<\/td>\n<td width=\"110\">chants droits<\/td>\n<td width=\"94\">14<\/td>\n<td width=\"91\">11,34<\/td>\n<td><\/td>\n<\/tr>\n<tr>\n<td width=\"75\">180<\/td>\n<td width=\"78\">1350<\/td>\n<td width=\"67\">600<\/td>\n<td width=\"110\">chants droits<\/td>\n<td width=\"94\">12<\/td>\n<td width=\"91\">9,72<\/td>\n<td><\/td>\n<\/tr>\n<tr>\n<td width=\"75\">200<\/td>\n<td width=\"78\">1350<\/td>\n<td width=\"67\">600<\/td>\n<td width=\"110\">chants droits<\/td>\n<td width=\"94\">12<\/td>\n<td width=\"91\">9,72<\/td>\n<td><\/td>\n<\/tr>\n<tr>\n<td width=\"75\">220<\/td>\n<td width=\"78\">1350<\/td>\n<td width=\"67\">600<\/td>\n<td width=\"110\">chants droits<\/td>\n<td width=\"94\">10<\/td>\n<td width=\"91\">8,1<\/td>\n<td><\/td>\n<\/tr>\n<tr>\n<td width=\"75\">240<\/td>\n<td width=\"78\">1350<\/td>\n<td width=\"67\">600<\/td>\n<td width=\"110\">chants droits<\/td>\n<td width=\"94\">10<\/td>\n<td width=\"91\">8,1<\/td>\n<td><\/td>\n<\/tr>\n<tr>\n<td width=\"75\">260<\/td>\n<td width=\"78\">1350<\/td>\n<td width=\"67\">600<\/td>\n<td width=\"110\">chants droits<\/td>\n<td width=\"94\">8<\/td>\n<td width=\"91\">6,48<\/td>\n<td><\/td>\n<\/tr>\n<tr>\n<td width=\"75\">280<\/td>\n<td width=\"78\">1350<\/td>\n<td width=\"67\">600<\/td>\n<td width=\"110\">chants droits<\/td>\n<td width=\"94\">8<\/td>\n<td width=\"91\">6,48<\/td>\n<td><\/td>\n<\/tr>\n<tr>\n<td width=\"75\">300<\/td>\n<td width=\"78\">1350<\/td>\n<td width=\"67\">600<\/td>\n<td width=\"110\">chants droits<\/td>\n<td width=\"94\">8<\/td>\n<td width=\"91\">6,48<\/td>\n<td><\/td>\n<\/tr>\n<tr>\n<td width=\"75\">140<\/td>\n<td width=\"78\">1350<\/td>\n<td width=\"67\">600<\/td>\n<td width=\"110\">Feuillures<\/td>\n<td width=\"94\">16<\/td>\n<td width=\"91\">12,96<\/td>\n<td width=\"80\">12,496<\/td>\n<\/tr>\n<tr>\n<td width=\"75\">160<\/td>\n<td width=\"78\">1350<\/td>\n<td width=\"67\">600<\/td>\n<td width=\"110\">Feuillures<\/td>\n<td width=\"94\">14<\/td>\n<td width=\"91\">11,34<\/td>\n<td width=\"80\">10,934<\/td>\n<\/tr>\n<tr>\n<td width=\"75\">180<\/td>\n<td width=\"78\">1350<\/td>\n<td width=\"67\">600<\/td>\n<td width=\"110\">Feuillures<\/td>\n<td width=\"94\">12<\/td>\n<td width=\"91\">9,72<\/td>\n<td width=\"80\">9,372<\/td>\n<\/tr>\n<tr>\n<td width=\"75\">200<\/td>\n<td width=\"78\">1350<\/td>\n<td width=\"67\">600<\/td>\n<td width=\"110\">Feuillures<\/td>\n<td width=\"94\">12<\/td>\n<td width=\"91\">9,72<\/td>\n<td width=\"80\">9,372<\/td>\n<\/tr>\n<tr>\n<td width=\"75\">220<\/td>\n<td width=\"78\">1350<\/td>\n<td width=\"67\">600<\/td>\n<td width=\"110\">Feuillures<\/td>\n<td width=\"94\">10<\/td>\n<td width=\"91\">8,1<\/td>\n<td width=\"80\">7,81<\/td>\n<\/tr>\n<tr>\n<td width=\"75\">240<\/td>\n<td width=\"78\">1350<\/td>\n<td width=\"67\">600<\/td>\n<td width=\"110\">Feuillures<\/td>\n<td width=\"94\">10<\/td>\n<td width=\"91\">8,1<\/td>\n<td width=\"80\">7,81<\/td>\n<\/tr>\n<tr>\n<td width=\"75\">60<\/td>\n<td width=\"78\">1880<\/td>\n<td width=\"67\">600<\/td>\n<td width=\"110\">R+L<\/td>\n<td width=\"94\">38<\/td>\n<td width=\"91\">42,864<\/td>\n<td width=\"80\">40,532<\/td>\n<\/tr>\n<tr>\n<td width=\"75\">80<\/td>\n<td width=\"78\">1880<\/td>\n<td width=\"67\">600<\/td>\n<td width=\"110\">R+L<\/td>\n<td width=\"94\">28<\/td>\n<td width=\"91\">31,584<\/td>\n<td width=\"80\">29,866<\/td>\n<\/tr>\n<tr>\n<td width=\"75\">100<\/td>\n<td width=\"78\">1880<\/td>\n<td width=\"67\">600<\/td>\n<td width=\"110\">R+L<\/td>\n<td width=\"94\">22<\/td>\n<td width=\"91\">24,816<\/td>\n<td width=\"80\">23,466<\/td>\n<\/tr>\n<tr>\n<td width=\"75\">120<\/td>\n<td width=\"78\">1880<\/td>\n<td width=\"67\">600<\/td>\n<td width=\"110\">R+L<\/td>\n<td width=\"94\">18<\/td>\n<td width=\"91\">20,304<\/td>\n<td width=\"80\">19,199<\/td>\n<\/tr>\n<tr>\n<td width=\"75\">140<\/td>\n<td width=\"78\">1880<\/td>\n<td width=\"67\">600<\/td>\n<td width=\"110\">R+L<\/td>\n<td width=\"94\">16<\/td>\n<td width=\"91\">18,048<\/td>\n<td width=\"80\">17,066<\/td>\n<\/tr>\n<tr>\n<td width=\"75\">160<\/td>\n<td width=\"78\">1880<\/td>\n<td width=\"67\">600<\/td>\n<td width=\"110\">R+L<\/td>\n<td width=\"94\">14<\/td>\n<td width=\"91\">15,792<\/td>\n<td width=\"80\">14,933<\/td>\n<\/tr>\n<tr>\n<td width=\"75\">180<\/td>\n<td width=\"78\">1880<\/td>\n<td width=\"67\">600<\/td>\n<td width=\"110\">R+L<\/td>\n<td width=\"94\">12<\/td>\n<td width=\"91\">13,536<\/td>\n<td width=\"80\">12,8<\/td>\n<\/tr>\n<tr>\n<td width=\"75\">200<\/td>\n<td width=\"78\">1880<\/td>\n<td width=\"67\">600<\/td>\n<td width=\"110\">R+L<\/td>\n<td width=\"94\">12<\/td>\n<td width=\"91\">13,536<\/td>\n<td width=\"80\">12,8<\/td>\n<\/tr>\n<tr>\n<td width=\"75\">220<\/td>\n<td width=\"78\">1880<\/td>\n<td width=\"67\">600<\/td>\n<td width=\"110\">R+L<\/td>\n<td width=\"94\">10<\/td>\n<td width=\"91\">11,28<\/td>\n<td width=\"80\">10,666<\/td>\n<\/tr>\n<tr>\n<td width=\"75\">240<\/td>\n<td width=\"78\">1880<\/td>\n<td width=\"67\">600<\/td>\n<td width=\"110\">R+L<\/td>\n<td width=\"94\">10<\/td>\n<td width=\"91\">11,28<\/td>\n<td width=\"80\">10,666<\/td>\n<\/tr>\n<\/tbody>\n<\/table>\n","protected":false},"excerpt":{"rendered":"<p>ISOLATION RIGIDE Panneau isolant en fibre de bois aux multiples [&hellip;]<\/p>\n","protected":false},"featured_media":11957,"template":"","meta":[],"product_cat":[132],"product_tag":[121],"acf":[],"yoast_head":"<!-- This site is optimized with the Yoast SEO plugin v21.9 - https:\/\/yoast.com\/wordpress\/plugins\/seo\/ -->\n<title>STEICOtherm dry - Les Forestiers Associ\u00e9s<\/title>\n<meta name=\"robots\" content=\"index, follow, max-snippet:-1, max-image-preview:large, max-video-preview:-1\" \/>\n<link rel=\"canonical\" href=\"https:\/\/lesforestiersassocies.fr\/index.php\/produit\/steicotherm-dry-120-x-1350-x-600-mm\/\" \/>\n<meta property=\"og:locale\" content=\"fr_FR\" \/>\n<meta property=\"og:type\" content=\"article\" \/>\n<meta property=\"og:title\" content=\"STEICOtherm dry - Les Forestiers Associ\u00e9s\" \/>\n<meta property=\"og:description\" content=\"ISOLATION RIGIDE Panneau isolant en fibre de bois aux multiples [&hellip;]\" \/>\n<meta property=\"og:url\" content=\"https:\/\/lesforestiersassocies.fr\/index.php\/produit\/steicotherm-dry-120-x-1350-x-600-mm\/\" \/>\n<meta property=\"og:site_name\" content=\"Les Forestiers Associ\u00e9s\" \/>\n<meta property=\"article:modified_time\" content=\"2024-07-08T15:29:19+00:00\" \/>\n<meta property=\"og:image\" content=\"https:\/\/lesforestiersassocies.fr\/wp-content\/uploads\/2024\/07\/steico-therm-dry.jpg\" \/>\n\t<meta property=\"og:image:width\" content=\"505\" \/>\n\t<meta property=\"og:image:height\" content=\"393\" \/>\n\t<meta property=\"og:image:type\" content=\"image\/jpeg\" \/>\n<meta name=\"twitter:card\" content=\"summary_large_image\" \/>\n<meta name=\"twitter:label1\" content=\"Dur\u00e9e de lecture estim\u00e9e\" \/>\n\t<meta name=\"twitter:data1\" content=\"2 minutes\" \/>\n<script type=\"application\/ld+json\" class=\"yoast-schema-graph\">{\"@context\":\"https:\/\/schema.org\",\"@graph\":[{\"@type\":\"WebPage\",\"@id\":\"https:\/\/lesforestiersassocies.fr\/index.php\/produit\/steicotherm-dry-120-x-1350-x-600-mm\/\",\"url\":\"https:\/\/lesforestiersassocies.fr\/index.php\/produit\/steicotherm-dry-120-x-1350-x-600-mm\/\",\"name\":\"STEICOtherm dry - Les Forestiers Associ\u00e9s\",\"isPartOf\":{\"@id\":\"https:\/\/lesforestiersassocies.fr\/#website\"},\"datePublished\":\"2024-07-05T07:32:52+00:00\",\"dateModified\":\"2024-07-08T15:29:19+00:00\",\"breadcrumb\":{\"@id\":\"https:\/\/lesforestiersassocies.fr\/index.php\/produit\/steicotherm-dry-120-x-1350-x-600-mm\/#breadcrumb\"},\"inLanguage\":\"fr-FR\",\"potentialAction\":[{\"@type\":\"ReadAction\",\"target\":[\"https:\/\/lesforestiersassocies.fr\/index.php\/produit\/steicotherm-dry-120-x-1350-x-600-mm\/\"]}]},{\"@type\":\"BreadcrumbList\",\"@id\":\"https:\/\/lesforestiersassocies.fr\/index.php\/produit\/steicotherm-dry-120-x-1350-x-600-mm\/#breadcrumb\",\"itemListElement\":[{\"@type\":\"ListItem\",\"position\":1,\"name\":\"Accueil\",\"item\":\"https:\/\/lesforestiersassocies.fr\/\"},{\"@type\":\"ListItem\",\"position\":2,\"name\":\"Inventory\",\"item\":\"https:\/\/lesforestiersassocies.fr\/index.php\/inventory\/\"},{\"@type\":\"ListItem\",\"position\":3,\"name\":\"STEICOtherm dry\"}]},{\"@type\":\"WebSite\",\"@id\":\"https:\/\/lesforestiersassocies.fr\/#website\",\"url\":\"https:\/\/lesforestiersassocies.fr\/\",\"name\":\"Les Forestiers Associ\u00e9s\",\"description\":\"Les Forestiers Associ\u00e9s\",\"publisher\":{\"@id\":\"https:\/\/lesforestiersassocies.fr\/#organization\"},\"potentialAction\":[{\"@type\":\"SearchAction\",\"target\":{\"@type\":\"EntryPoint\",\"urlTemplate\":\"https:\/\/lesforestiersassocies.fr\/?s={search_term_string}\"},\"query-input\":\"required name=search_term_string\"}],\"inLanguage\":\"fr-FR\"},{\"@type\":\"Organization\",\"@id\":\"https:\/\/lesforestiersassocies.fr\/#organization\",\"name\":\"Les Forestiers Associ\u00e9s\",\"url\":\"https:\/\/lesforestiersassocies.fr\/\",\"logo\":{\"@type\":\"ImageObject\",\"inLanguage\":\"fr-FR\",\"@id\":\"https:\/\/lesforestiersassocies.fr\/#\/schema\/logo\/image\/\",\"url\":\"http:\/\/lesforestiersassocies.fr\/wp-content\/uploads\/2019\/01\/LFA-Logo.jpg\",\"contentUrl\":\"http:\/\/lesforestiersassocies.fr\/wp-content\/uploads\/2019\/01\/LFA-Logo.jpg\",\"width\":905,\"height\":314,\"caption\":\"Les Forestiers Associ\u00e9s\"},\"image\":{\"@id\":\"https:\/\/lesforestiersassocies.fr\/#\/schema\/logo\/image\/\"}}]}<\/script>\n<!-- \/ Yoast SEO plugin. -->","yoast_head_json":{"title":"STEICOtherm dry - Les Forestiers Associ\u00e9s","robots":{"index":"index","follow":"follow","max-snippet":"max-snippet:-1","max-image-preview":"max-image-preview:large","max-video-preview":"max-video-preview:-1"},"canonical":"https:\/\/lesforestiersassocies.fr\/index.php\/produit\/steicotherm-dry-120-x-1350-x-600-mm\/","og_locale":"fr_FR","og_type":"article","og_title":"STEICOtherm dry - Les Forestiers Associ\u00e9s","og_description":"ISOLATION RIGIDE Panneau isolant en fibre de bois aux multiples [&hellip;]","og_url":"https:\/\/lesforestiersassocies.fr\/index.php\/produit\/steicotherm-dry-120-x-1350-x-600-mm\/","og_site_name":"Les Forestiers Associ\u00e9s","article_modified_time":"2024-07-08T15:29:19+00:00","og_image":[{"width":505,"height":393,"url":"https:\/\/lesforestiersassocies.fr\/wp-content\/uploads\/2024\/07\/steico-therm-dry.jpg","type":"image\/jpeg"}],"twitter_card":"summary_large_image","twitter_misc":{"Dur\u00e9e de lecture estim\u00e9e":"2 minutes"},"schema":{"@context":"https:\/\/schema.org","@graph":[{"@type":"WebPage","@id":"https:\/\/lesforestiersassocies.fr\/index.php\/produit\/steicotherm-dry-120-x-1350-x-600-mm\/","url":"https:\/\/lesforestiersassocies.fr\/index.php\/produit\/steicotherm-dry-120-x-1350-x-600-mm\/","name":"STEICOtherm dry - Les Forestiers Associ\u00e9s","isPartOf":{"@id":"https:\/\/lesforestiersassocies.fr\/#website"},"datePublished":"2024-07-05T07:32:52+00:00","dateModified":"2024-07-08T15:29:19+00:00","breadcrumb":{"@id":"https:\/\/lesforestiersassocies.fr\/index.php\/produit\/steicotherm-dry-120-x-1350-x-600-mm\/#breadcrumb"},"inLanguage":"fr-FR","potentialAction":[{"@type":"ReadAction","target":["https:\/\/lesforestiersassocies.fr\/index.php\/produit\/steicotherm-dry-120-x-1350-x-600-mm\/"]}]},{"@type":"BreadcrumbList","@id":"https:\/\/lesforestiersassocies.fr\/index.php\/produit\/steicotherm-dry-120-x-1350-x-600-mm\/#breadcrumb","itemListElement":[{"@type":"ListItem","position":1,"name":"Accueil","item":"https:\/\/lesforestiersassocies.fr\/"},{"@type":"ListItem","position":2,"name":"Inventory","item":"https:\/\/lesforestiersassocies.fr\/index.php\/inventory\/"},{"@type":"ListItem","position":3,"name":"STEICOtherm dry"}]},{"@type":"WebSite","@id":"https:\/\/lesforestiersassocies.fr\/#website","url":"https:\/\/lesforestiersassocies.fr\/","name":"Les Forestiers Associ\u00e9s","description":"Les Forestiers Associ\u00e9s","publisher":{"@id":"https:\/\/lesforestiersassocies.fr\/#organization"},"potentialAction":[{"@type":"SearchAction","target":{"@type":"EntryPoint","urlTemplate":"https:\/\/lesforestiersassocies.fr\/?s={search_term_string}"},"query-input":"required name=search_term_string"}],"inLanguage":"fr-FR"},{"@type":"Organization","@id":"https:\/\/lesforestiersassocies.fr\/#organization","name":"Les Forestiers Associ\u00e9s","url":"https:\/\/lesforestiersassocies.fr\/","logo":{"@type":"ImageObject","inLanguage":"fr-FR","@id":"https:\/\/lesforestiersassocies.fr\/#\/schema\/logo\/image\/","url":"http:\/\/lesforestiersassocies.fr\/wp-content\/uploads\/2019\/01\/LFA-Logo.jpg","contentUrl":"http:\/\/lesforestiersassocies.fr\/wp-content\/uploads\/2019\/01\/LFA-Logo.jpg","width":905,"height":314,"caption":"Les Forestiers Associ\u00e9s"},"image":{"@id":"https:\/\/lesforestiersassocies.fr\/#\/schema\/logo\/image\/"}}]}},"_links":{"self":[{"href":"https:\/\/lesforestiersassocies.fr\/index.php\/wp-json\/wp\/v2\/product\/11890"}],"collection":[{"href":"https:\/\/lesforestiersassocies.fr\/index.php\/wp-json\/wp\/v2\/product"}],"about":[{"href":"https:\/\/lesforestiersassocies.fr\/index.php\/wp-json\/wp\/v2\/types\/product"}],"wp:featuredmedia":[{"embeddable":true,"href":"https:\/\/lesforestiersassocies.fr\/index.php\/wp-json\/wp\/v2\/media\/11957"}],"wp:attachment":[{"href":"https:\/\/lesforestiersassocies.fr\/index.php\/wp-json\/wp\/v2\/media?parent=11890"}],"wp:term":[{"taxonomy":"product_cat","embeddable":true,"href":"https:\/\/lesforestiersassocies.fr\/index.php\/wp-json\/wp\/v2\/product_cat?post=11890"},{"taxonomy":"product_tag","embeddable":true,"href":"https:\/\/lesforestiersassocies.fr\/index.php\/wp-json\/wp\/v2\/product_tag?post=11890"}],"curies":[{"name":"wp","href":"https:\/\/api.w.org\/{rel}","templated":true}]}}