{"id":11899,"date":"2024-07-05T09:20:14","date_gmt":"2024-07-05T07:20:14","guid":{"rendered":"https:\/\/lesforestiersassocies.fr\/?post_type=product&#038;p=11899"},"modified":"2024-07-12T15:29:55","modified_gmt":"2024-07-12T13:29:55","slug":"pro-clima-intello-plus","status":"publish","type":"product","link":"https:\/\/lesforestiersassocies.fr\/index.php\/produit\/pro-clima-intello-plus\/","title":{"rendered":"PRO CLIMA Intello Plus"},"content":{"rendered":"<div>\n<p>Frein-vapeur haute performance Hydrosafe\u00ae avec armature pour tous les isolants fibreux<\/p>\n<\/div>\n<div>\n<div>\n<p>Avantages<\/p>\n<ul>\n<li>Protection maximale contre les d\u00e9g\u00e2ts au b\u00e2timent et les moisissures gr\u00e2ce \u00e0 un facteur d\u2019hygrovariabilit\u00e9 sup\u00e9rieur \u00e0 100<\/li>\n<li>Est compatible avec tous les isolants fibreux (\u00e9galement isolants insuffl\u00e9s)<\/li>\n<li>Pour des parois p\u00e9rennes : forte r\u00e9sistance au vieillissement et durabilit\u00e9 \u00e0 long terme prouv\u00e9es et certifi\u00e9es par des organismes ind\u00e9pendants (ETA-18\/1146)<\/li>\n<li>Chantiers hivernaux s\u00fbrs gr\u00e2ce \u00e0 la fonction Hydrosafe\u00ae<\/li>\n<li>Facile \u00e0 travailler : stabilit\u00e9 dimensionnelle, pas de fentes ni de propagation de d\u00e9chirures<\/li>\n<li>Excellents r\u00e9sultats lors du test de nocivit\u00e9, contr\u00f4le r\u00e9alis\u00e9 selon ISO 16000<\/li>\n<\/ul>\n<p>Domaine d&rsquo;utilisation<\/p>\n<p>\u00c0 utiliser pour les parois ouvertes \u00e0 la diffusion comme les toitures, les murs, les plafonds et planchers, mais \u00e9galement apr\u00e8s mod\u00e9lisation pour les parois ferm\u00e9es comme les toitures \u00e0 faible pente et\/ou v\u00e9g\u00e9talis\u00e9es.<\/p>\n<\/div>\n<\/div>\n","protected":false},"excerpt":{"rendered":"<p>\u00c9tanch\u00e9it\u00e9 int\u00e9rieur<\/p>\n","protected":false},"featured_media":11955,"template":"","meta":[],"product_cat":[132],"product_tag":[134],"acf":[],"yoast_head":"<!-- This site is optimized with the Yoast SEO plugin v21.9 - https:\/\/yoast.com\/wordpress\/plugins\/seo\/ -->\n<title>PRO CLIMA Intello Plus - Les Forestiers Associ\u00e9s<\/title>\n<meta name=\"robots\" content=\"index, follow, max-snippet:-1, max-image-preview:large, max-video-preview:-1\" \/>\n<link rel=\"canonical\" href=\"https:\/\/lesforestiersassocies.fr\/index.php\/produit\/pro-clima-intello-plus\/\" \/>\n<meta property=\"og:locale\" content=\"fr_FR\" \/>\n<meta property=\"og:type\" content=\"article\" \/>\n<meta property=\"og:title\" content=\"PRO CLIMA Intello Plus - Les Forestiers Associ\u00e9s\" \/>\n<meta property=\"og:description\" content=\"\u00c9tanch\u00e9it\u00e9 int\u00e9rieur\" \/>\n<meta property=\"og:url\" content=\"https:\/\/lesforestiersassocies.fr\/index.php\/produit\/pro-clima-intello-plus\/\" \/>\n<meta property=\"og:site_name\" content=\"Les Forestiers Associ\u00e9s\" \/>\n<meta property=\"article:modified_time\" content=\"2024-07-12T13:29:55+00:00\" \/>\n<meta property=\"og:image\" content=\"https:\/\/lesforestiersassocies.fr\/wp-content\/uploads\/2024\/07\/intello-plus-2.jpg\" \/>\n\t<meta property=\"og:image:width\" content=\"505\" \/>\n\t<meta property=\"og:image:height\" content=\"393\" \/>\n\t<meta property=\"og:image:type\" content=\"image\/jpeg\" \/>\n<meta name=\"twitter:card\" content=\"summary_large_image\" \/>\n<meta name=\"twitter:label1\" content=\"Dur\u00e9e de lecture estim\u00e9e\" \/>\n\t<meta name=\"twitter:data1\" content=\"1 minute\" \/>\n<script type=\"application\/ld+json\" class=\"yoast-schema-graph\">{\"@context\":\"https:\/\/schema.org\",\"@graph\":[{\"@type\":\"WebPage\",\"@id\":\"https:\/\/lesforestiersassocies.fr\/index.php\/produit\/pro-clima-intello-plus\/\",\"url\":\"https:\/\/lesforestiersassocies.fr\/index.php\/produit\/pro-clima-intello-plus\/\",\"name\":\"PRO CLIMA Intello Plus - Les Forestiers Associ\u00e9s\",\"isPartOf\":{\"@id\":\"https:\/\/lesforestiersassocies.fr\/#website\"},\"datePublished\":\"2024-07-05T07:20:14+00:00\",\"dateModified\":\"2024-07-12T13:29:55+00:00\",\"breadcrumb\":{\"@id\":\"https:\/\/lesforestiersassocies.fr\/index.php\/produit\/pro-clima-intello-plus\/#breadcrumb\"},\"inLanguage\":\"fr-FR\",\"potentialAction\":[{\"@type\":\"ReadAction\",\"target\":[\"https:\/\/lesforestiersassocies.fr\/index.php\/produit\/pro-clima-intello-plus\/\"]}]},{\"@type\":\"BreadcrumbList\",\"@id\":\"https:\/\/lesforestiersassocies.fr\/index.php\/produit\/pro-clima-intello-plus\/#breadcrumb\",\"itemListElement\":[{\"@type\":\"ListItem\",\"position\":1,\"name\":\"Accueil\",\"item\":\"https:\/\/lesforestiersassocies.fr\/\"},{\"@type\":\"ListItem\",\"position\":2,\"name\":\"Inventory\",\"item\":\"https:\/\/lesforestiersassocies.fr\/index.php\/inventory\/\"},{\"@type\":\"ListItem\",\"position\":3,\"name\":\"PRO CLIMA Intello Plus\"}]},{\"@type\":\"WebSite\",\"@id\":\"https:\/\/lesforestiersassocies.fr\/#website\",\"url\":\"https:\/\/lesforestiersassocies.fr\/\",\"name\":\"Les Forestiers Associ\u00e9s\",\"description\":\"Les Forestiers Associ\u00e9s\",\"publisher\":{\"@id\":\"https:\/\/lesforestiersassocies.fr\/#organization\"},\"potentialAction\":[{\"@type\":\"SearchAction\",\"target\":{\"@type\":\"EntryPoint\",\"urlTemplate\":\"https:\/\/lesforestiersassocies.fr\/?s={search_term_string}\"},\"query-input\":\"required name=search_term_string\"}],\"inLanguage\":\"fr-FR\"},{\"@type\":\"Organization\",\"@id\":\"https:\/\/lesforestiersassocies.fr\/#organization\",\"name\":\"Les Forestiers Associ\u00e9s\",\"url\":\"https:\/\/lesforestiersassocies.fr\/\",\"logo\":{\"@type\":\"ImageObject\",\"inLanguage\":\"fr-FR\",\"@id\":\"https:\/\/lesforestiersassocies.fr\/#\/schema\/logo\/image\/\",\"url\":\"http:\/\/lesforestiersassocies.fr\/wp-content\/uploads\/2019\/01\/LFA-Logo.jpg\",\"contentUrl\":\"http:\/\/lesforestiersassocies.fr\/wp-content\/uploads\/2019\/01\/LFA-Logo.jpg\",\"width\":905,\"height\":314,\"caption\":\"Les Forestiers Associ\u00e9s\"},\"image\":{\"@id\":\"https:\/\/lesforestiersassocies.fr\/#\/schema\/logo\/image\/\"}}]}<\/script>\n<!-- \/ Yoast SEO plugin. -->","yoast_head_json":{"title":"PRO CLIMA Intello Plus - Les Forestiers Associ\u00e9s","robots":{"index":"index","follow":"follow","max-snippet":"max-snippet:-1","max-image-preview":"max-image-preview:large","max-video-preview":"max-video-preview:-1"},"canonical":"https:\/\/lesforestiersassocies.fr\/index.php\/produit\/pro-clima-intello-plus\/","og_locale":"fr_FR","og_type":"article","og_title":"PRO CLIMA Intello Plus - Les Forestiers Associ\u00e9s","og_description":"\u00c9tanch\u00e9it\u00e9 int\u00e9rieur","og_url":"https:\/\/lesforestiersassocies.fr\/index.php\/produit\/pro-clima-intello-plus\/","og_site_name":"Les Forestiers Associ\u00e9s","article_modified_time":"2024-07-12T13:29:55+00:00","og_image":[{"width":505,"height":393,"url":"https:\/\/lesforestiersassocies.fr\/wp-content\/uploads\/2024\/07\/intello-plus-2.jpg","type":"image\/jpeg"}],"twitter_card":"summary_large_image","twitter_misc":{"Dur\u00e9e de lecture estim\u00e9e":"1 minute"},"schema":{"@context":"https:\/\/schema.org","@graph":[{"@type":"WebPage","@id":"https:\/\/lesforestiersassocies.fr\/index.php\/produit\/pro-clima-intello-plus\/","url":"https:\/\/lesforestiersassocies.fr\/index.php\/produit\/pro-clima-intello-plus\/","name":"PRO CLIMA Intello Plus - Les Forestiers Associ\u00e9s","isPartOf":{"@id":"https:\/\/lesforestiersassocies.fr\/#website"},"datePublished":"2024-07-05T07:20:14+00:00","dateModified":"2024-07-12T13:29:55+00:00","breadcrumb":{"@id":"https:\/\/lesforestiersassocies.fr\/index.php\/produit\/pro-clima-intello-plus\/#breadcrumb"},"inLanguage":"fr-FR","potentialAction":[{"@type":"ReadAction","target":["https:\/\/lesforestiersassocies.fr\/index.php\/produit\/pro-clima-intello-plus\/"]}]},{"@type":"BreadcrumbList","@id":"https:\/\/lesforestiersassocies.fr\/index.php\/produit\/pro-clima-intello-plus\/#breadcrumb","itemListElement":[{"@type":"ListItem","position":1,"name":"Accueil","item":"https:\/\/lesforestiersassocies.fr\/"},{"@type":"ListItem","position":2,"name":"Inventory","item":"https:\/\/lesforestiersassocies.fr\/index.php\/inventory\/"},{"@type":"ListItem","position":3,"name":"PRO CLIMA Intello Plus"}]},{"@type":"WebSite","@id":"https:\/\/lesforestiersassocies.fr\/#website","url":"https:\/\/lesforestiersassocies.fr\/","name":"Les Forestiers Associ\u00e9s","description":"Les Forestiers Associ\u00e9s","publisher":{"@id":"https:\/\/lesforestiersassocies.fr\/#organization"},"potentialAction":[{"@type":"SearchAction","target":{"@type":"EntryPoint","urlTemplate":"https:\/\/lesforestiersassocies.fr\/?s={search_term_string}"},"query-input":"required name=search_term_string"}],"inLanguage":"fr-FR"},{"@type":"Organization","@id":"https:\/\/lesforestiersassocies.fr\/#organization","name":"Les Forestiers Associ\u00e9s","url":"https:\/\/lesforestiersassocies.fr\/","logo":{"@type":"ImageObject","inLanguage":"fr-FR","@id":"https:\/\/lesforestiersassocies.fr\/#\/schema\/logo\/image\/","url":"http:\/\/lesforestiersassocies.fr\/wp-content\/uploads\/2019\/01\/LFA-Logo.jpg","contentUrl":"http:\/\/lesforestiersassocies.fr\/wp-content\/uploads\/2019\/01\/LFA-Logo.jpg","width":905,"height":314,"caption":"Les Forestiers Associ\u00e9s"},"image":{"@id":"https:\/\/lesforestiersassocies.fr\/#\/schema\/logo\/image\/"}}]}},"_links":{"self":[{"href":"https:\/\/lesforestiersassocies.fr\/index.php\/wp-json\/wp\/v2\/product\/11899"}],"collection":[{"href":"https:\/\/lesforestiersassocies.fr\/index.php\/wp-json\/wp\/v2\/product"}],"about":[{"href":"https:\/\/lesforestiersassocies.fr\/index.php\/wp-json\/wp\/v2\/types\/product"}],"wp:featuredmedia":[{"embeddable":true,"href":"https:\/\/lesforestiersassocies.fr\/index.php\/wp-json\/wp\/v2\/media\/11955"}],"wp:attachment":[{"href":"https:\/\/lesforestiersassocies.fr\/index.php\/wp-json\/wp\/v2\/media?parent=11899"}],"wp:term":[{"taxonomy":"product_cat","embeddable":true,"href":"https:\/\/lesforestiersassocies.fr\/index.php\/wp-json\/wp\/v2\/product_cat?post=11899"},{"taxonomy":"product_tag","embeddable":true,"href":"https:\/\/lesforestiersassocies.fr\/index.php\/wp-json\/wp\/v2\/product_tag?post=11899"}],"curies":[{"name":"wp","href":"https:\/\/api.w.org\/{rel}","templated":true}]}}