{"id":11904,"date":"2024-07-04T08:27:32","date_gmt":"2024-07-04T06:27:32","guid":{"rendered":"https:\/\/lesforestiersassocies.fr\/?post_type=product&#038;p=11904"},"modified":"2024-07-12T15:21:39","modified_gmt":"2024-07-12T13:21:39","slug":"pro-clima-intello-x","status":"publish","type":"product","link":"https:\/\/lesforestiersassocies.fr\/index.php\/produit\/pro-clima-intello-x\/","title":{"rendered":"PRO CLIMA Intello X"},"content":{"rendered":"<div>\n<p>Frein-vapeur haute performance et Hydrosafe\u00ae<\/p>\n<\/div>\n<div>\n<div>\n<p>Avantages<\/p>\n<ul>\n<li>Protection optimale contre les d\u00e9g\u00e2ts au b\u00e2timent et les moisissures, gr\u00e2ce \u00e0 sa r\u00e9sistance \u00e0 la diffusion hygrovariable<\/li>\n<li>Polyvalent\u00a0: utilisable pour l\u2019isolation entre structure bois (chevrons \/ montant d&rsquo;ossature) et par l\u2019ext\u00e9rieur et pour les r\u00e9novations par l\u2019ext\u00e9rieur entre deux couches d\u2019isolation<\/li>\n<li>Prot\u00e8ge l\u2019ouvrage contre les intemp\u00e9ries durant la phase des travaux, \u00e0 partir d\u2019une pente de 10\u00b0<\/li>\n<li>Chantier s\u00fbr en hiver gr\u00e2ce \u00e0 la fonction Hydrosafe\u00ae<\/li>\n<li>Excellents r\u00e9sultats lors du test de nocivit\u00e9, contr\u00f4le r\u00e9alis\u00e9 selon ISO 16000<\/li>\n<\/ul>\n<p>Domaine d&rsquo;utilisation<\/p>\n<p>Utilisation c\u00f4t\u00e9 int\u00e9rieur des isolations de rampants en combinaison avec des mat\u00e9riaux isolants semi-rigides et de panneaux fibreux. Utilisable \u00e9galement d\u00e9roul\u00e9 sur volige sous l&rsquo;isolation par l\u2019ext\u00e9rieur avec tous les mat\u00e9riaux isolants fibreux &#8211; y compris ceux \u00e0 insuffler.<\/p>\n<p>La membrane peut \u00eatre expos\u00e9e en permanence \u00e0 une lumi\u00e8re UV diffuse, par exemple en l\u2019absence de parement int\u00e9rieur.<\/p>\n<p>Lors d\u2019une r\u00e9novation par l\u2019ext\u00e9rieur entre deux couches d\u2019isolation, notre service technique s\u2019occupera volontiers de d\u00e9terminer les rapports d\u2019\u00e9paisseur d\u2019isolants possibles pour vous.<\/p>\n<p>La membrane peut \u00eatre utilis\u00e9e dans les parois ouvertes \u00e0 la diffusion mais \u00e9galement ferm\u00e9es, apr\u00e8s mod\u00e9lisation, comme par exemple les toitures plates, les toitures v\u00e9g\u00e9talis\u00e9es.<\/p>\n<\/div>\n<\/div>\n","protected":false},"excerpt":{"rendered":"<p>\u00c9tanch\u00e9it\u00e9 int\u00e9rieur<\/p>\n","protected":false},"featured_media":11954,"template":"","meta":[],"product_cat":[132],"product_tag":[122],"acf":[],"yoast_head":"<!-- This site is optimized with the Yoast SEO plugin v21.9 - https:\/\/yoast.com\/wordpress\/plugins\/seo\/ -->\n<title>PRO CLIMA Intello X - Les Forestiers Associ\u00e9s<\/title>\n<meta name=\"robots\" content=\"index, follow, max-snippet:-1, max-image-preview:large, max-video-preview:-1\" \/>\n<link rel=\"canonical\" href=\"https:\/\/lesforestiersassocies.fr\/index.php\/produit\/pro-clima-intello-x\/\" \/>\n<meta property=\"og:locale\" content=\"fr_FR\" \/>\n<meta property=\"og:type\" content=\"article\" \/>\n<meta property=\"og:title\" content=\"PRO CLIMA Intello X - Les Forestiers Associ\u00e9s\" \/>\n<meta property=\"og:description\" content=\"\u00c9tanch\u00e9it\u00e9 int\u00e9rieur\" \/>\n<meta property=\"og:url\" content=\"https:\/\/lesforestiersassocies.fr\/index.php\/produit\/pro-clima-intello-x\/\" \/>\n<meta property=\"og:site_name\" content=\"Les Forestiers Associ\u00e9s\" \/>\n<meta property=\"article:modified_time\" content=\"2024-07-12T13:21:39+00:00\" \/>\n<meta property=\"og:image\" content=\"https:\/\/lesforestiersassocies.fr\/wp-content\/uploads\/2024\/07\/intello-x-1.jpg\" \/>\n\t<meta property=\"og:image:width\" content=\"505\" \/>\n\t<meta property=\"og:image:height\" content=\"393\" \/>\n\t<meta property=\"og:image:type\" content=\"image\/jpeg\" \/>\n<meta name=\"twitter:card\" content=\"summary_large_image\" \/>\n<meta name=\"twitter:label1\" content=\"Dur\u00e9e de lecture estim\u00e9e\" \/>\n\t<meta name=\"twitter:data1\" content=\"2 minutes\" \/>\n<script type=\"application\/ld+json\" class=\"yoast-schema-graph\">{\"@context\":\"https:\/\/schema.org\",\"@graph\":[{\"@type\":\"WebPage\",\"@id\":\"https:\/\/lesforestiersassocies.fr\/index.php\/produit\/pro-clima-intello-x\/\",\"url\":\"https:\/\/lesforestiersassocies.fr\/index.php\/produit\/pro-clima-intello-x\/\",\"name\":\"PRO CLIMA Intello X - Les Forestiers Associ\u00e9s\",\"isPartOf\":{\"@id\":\"https:\/\/lesforestiersassocies.fr\/#website\"},\"datePublished\":\"2024-07-04T06:27:32+00:00\",\"dateModified\":\"2024-07-12T13:21:39+00:00\",\"breadcrumb\":{\"@id\":\"https:\/\/lesforestiersassocies.fr\/index.php\/produit\/pro-clima-intello-x\/#breadcrumb\"},\"inLanguage\":\"fr-FR\",\"potentialAction\":[{\"@type\":\"ReadAction\",\"target\":[\"https:\/\/lesforestiersassocies.fr\/index.php\/produit\/pro-clima-intello-x\/\"]}]},{\"@type\":\"BreadcrumbList\",\"@id\":\"https:\/\/lesforestiersassocies.fr\/index.php\/produit\/pro-clima-intello-x\/#breadcrumb\",\"itemListElement\":[{\"@type\":\"ListItem\",\"position\":1,\"name\":\"Accueil\",\"item\":\"https:\/\/lesforestiersassocies.fr\/\"},{\"@type\":\"ListItem\",\"position\":2,\"name\":\"Inventory\",\"item\":\"https:\/\/lesforestiersassocies.fr\/index.php\/inventory\/\"},{\"@type\":\"ListItem\",\"position\":3,\"name\":\"PRO CLIMA Intello X\"}]},{\"@type\":\"WebSite\",\"@id\":\"https:\/\/lesforestiersassocies.fr\/#website\",\"url\":\"https:\/\/lesforestiersassocies.fr\/\",\"name\":\"Les Forestiers Associ\u00e9s\",\"description\":\"Les Forestiers Associ\u00e9s\",\"publisher\":{\"@id\":\"https:\/\/lesforestiersassocies.fr\/#organization\"},\"potentialAction\":[{\"@type\":\"SearchAction\",\"target\":{\"@type\":\"EntryPoint\",\"urlTemplate\":\"https:\/\/lesforestiersassocies.fr\/?s={search_term_string}\"},\"query-input\":\"required name=search_term_string\"}],\"inLanguage\":\"fr-FR\"},{\"@type\":\"Organization\",\"@id\":\"https:\/\/lesforestiersassocies.fr\/#organization\",\"name\":\"Les Forestiers Associ\u00e9s\",\"url\":\"https:\/\/lesforestiersassocies.fr\/\",\"logo\":{\"@type\":\"ImageObject\",\"inLanguage\":\"fr-FR\",\"@id\":\"https:\/\/lesforestiersassocies.fr\/#\/schema\/logo\/image\/\",\"url\":\"http:\/\/lesforestiersassocies.fr\/wp-content\/uploads\/2019\/01\/LFA-Logo.jpg\",\"contentUrl\":\"http:\/\/lesforestiersassocies.fr\/wp-content\/uploads\/2019\/01\/LFA-Logo.jpg\",\"width\":905,\"height\":314,\"caption\":\"Les Forestiers Associ\u00e9s\"},\"image\":{\"@id\":\"https:\/\/lesforestiersassocies.fr\/#\/schema\/logo\/image\/\"}}]}<\/script>\n<!-- \/ Yoast SEO plugin. -->","yoast_head_json":{"title":"PRO CLIMA Intello X - Les Forestiers Associ\u00e9s","robots":{"index":"index","follow":"follow","max-snippet":"max-snippet:-1","max-image-preview":"max-image-preview:large","max-video-preview":"max-video-preview:-1"},"canonical":"https:\/\/lesforestiersassocies.fr\/index.php\/produit\/pro-clima-intello-x\/","og_locale":"fr_FR","og_type":"article","og_title":"PRO CLIMA Intello X - Les Forestiers Associ\u00e9s","og_description":"\u00c9tanch\u00e9it\u00e9 int\u00e9rieur","og_url":"https:\/\/lesforestiersassocies.fr\/index.php\/produit\/pro-clima-intello-x\/","og_site_name":"Les Forestiers Associ\u00e9s","article_modified_time":"2024-07-12T13:21:39+00:00","og_image":[{"width":505,"height":393,"url":"https:\/\/lesforestiersassocies.fr\/wp-content\/uploads\/2024\/07\/intello-x-1.jpg","type":"image\/jpeg"}],"twitter_card":"summary_large_image","twitter_misc":{"Dur\u00e9e de lecture estim\u00e9e":"2 minutes"},"schema":{"@context":"https:\/\/schema.org","@graph":[{"@type":"WebPage","@id":"https:\/\/lesforestiersassocies.fr\/index.php\/produit\/pro-clima-intello-x\/","url":"https:\/\/lesforestiersassocies.fr\/index.php\/produit\/pro-clima-intello-x\/","name":"PRO CLIMA Intello X - Les Forestiers Associ\u00e9s","isPartOf":{"@id":"https:\/\/lesforestiersassocies.fr\/#website"},"datePublished":"2024-07-04T06:27:32+00:00","dateModified":"2024-07-12T13:21:39+00:00","breadcrumb":{"@id":"https:\/\/lesforestiersassocies.fr\/index.php\/produit\/pro-clima-intello-x\/#breadcrumb"},"inLanguage":"fr-FR","potentialAction":[{"@type":"ReadAction","target":["https:\/\/lesforestiersassocies.fr\/index.php\/produit\/pro-clima-intello-x\/"]}]},{"@type":"BreadcrumbList","@id":"https:\/\/lesforestiersassocies.fr\/index.php\/produit\/pro-clima-intello-x\/#breadcrumb","itemListElement":[{"@type":"ListItem","position":1,"name":"Accueil","item":"https:\/\/lesforestiersassocies.fr\/"},{"@type":"ListItem","position":2,"name":"Inventory","item":"https:\/\/lesforestiersassocies.fr\/index.php\/inventory\/"},{"@type":"ListItem","position":3,"name":"PRO CLIMA Intello X"}]},{"@type":"WebSite","@id":"https:\/\/lesforestiersassocies.fr\/#website","url":"https:\/\/lesforestiersassocies.fr\/","name":"Les Forestiers Associ\u00e9s","description":"Les Forestiers Associ\u00e9s","publisher":{"@id":"https:\/\/lesforestiersassocies.fr\/#organization"},"potentialAction":[{"@type":"SearchAction","target":{"@type":"EntryPoint","urlTemplate":"https:\/\/lesforestiersassocies.fr\/?s={search_term_string}"},"query-input":"required name=search_term_string"}],"inLanguage":"fr-FR"},{"@type":"Organization","@id":"https:\/\/lesforestiersassocies.fr\/#organization","name":"Les Forestiers Associ\u00e9s","url":"https:\/\/lesforestiersassocies.fr\/","logo":{"@type":"ImageObject","inLanguage":"fr-FR","@id":"https:\/\/lesforestiersassocies.fr\/#\/schema\/logo\/image\/","url":"http:\/\/lesforestiersassocies.fr\/wp-content\/uploads\/2019\/01\/LFA-Logo.jpg","contentUrl":"http:\/\/lesforestiersassocies.fr\/wp-content\/uploads\/2019\/01\/LFA-Logo.jpg","width":905,"height":314,"caption":"Les Forestiers Associ\u00e9s"},"image":{"@id":"https:\/\/lesforestiersassocies.fr\/#\/schema\/logo\/image\/"}}]}},"_links":{"self":[{"href":"https:\/\/lesforestiersassocies.fr\/index.php\/wp-json\/wp\/v2\/product\/11904"}],"collection":[{"href":"https:\/\/lesforestiersassocies.fr\/index.php\/wp-json\/wp\/v2\/product"}],"about":[{"href":"https:\/\/lesforestiersassocies.fr\/index.php\/wp-json\/wp\/v2\/types\/product"}],"wp:featuredmedia":[{"embeddable":true,"href":"https:\/\/lesforestiersassocies.fr\/index.php\/wp-json\/wp\/v2\/media\/11954"}],"wp:attachment":[{"href":"https:\/\/lesforestiersassocies.fr\/index.php\/wp-json\/wp\/v2\/media?parent=11904"}],"wp:term":[{"taxonomy":"product_cat","embeddable":true,"href":"https:\/\/lesforestiersassocies.fr\/index.php\/wp-json\/wp\/v2\/product_cat?post=11904"},{"taxonomy":"product_tag","embeddable":true,"href":"https:\/\/lesforestiersassocies.fr\/index.php\/wp-json\/wp\/v2\/product_tag?post=11904"}],"curies":[{"name":"wp","href":"https:\/\/api.w.org\/{rel}","templated":true}]}}