{"id":11913,"date":"2024-07-04T08:53:24","date_gmt":"2024-07-04T06:53:24","guid":{"rendered":"https:\/\/lesforestiersassocies.fr\/?post_type=product&#038;p=11913"},"modified":"2024-07-12T15:20:01","modified_gmt":"2024-07-12T13:20:01","slug":"pro-clima-solitex-mento-3000","status":"publish","type":"product","link":"https:\/\/lesforestiersassocies.fr\/index.php\/produit\/pro-clima-solitex-mento-3000\/","title":{"rendered":"PRO CLIMA Solitex Mento 3000"},"content":{"rendered":"<div>\n<p>Ecran de sous-toiture de grammage moyen<\/p>\n<\/div>\n<div>\n<div>\n<p>Avantages<\/p>\n<ul>\n<li>Planning de chantier flexible gr\u00e2ce \u00e0 une exposition aux intemp\u00e9ries pendant 4 mois<\/li>\n<li>Permet la r\u00e9alisation de parois s\u00fbres\u00a0: \u00e0 la fois haute perm\u00e9abilit\u00e9 \u00e0 la vapeur et \u00e9tanch\u00e9it\u00e9 maximale \u00e0 la pluie battante et \u00e0 la gr\u00eale<\/li>\n<li>Parois s\u00e8ches : le film fonctionnel non poreux TEEE \u00e9vacue activement l\u2019humidit\u00e9 vers l\u2019ext\u00e9rieur<\/li>\n<li>R\u00e9sistance au vieillissement et thermostabilit\u00e9 maximales, gr\u00e2ce au film TEEE<\/li>\n<li>S\u00fbr pendant la phase de chantier\u00a0: convient comme couverture provisoire<\/li>\n<\/ul>\n<p>Domaine d&rsquo;utilisation<\/p>\n<p>\u00c0 utiliser comme \u00e9cran de sous-toiture perm\u00e9able \u00e0 la vapeur ; \u00e0 d\u00e9rouler sur support solide (voliges, panneaux de sous-toiture en MDF ou en fibres de bois) ou sur les chevrons et leur isolant (en rouleaux et panneaux).<\/p>\n<\/div>\n<\/div>\n","protected":false},"excerpt":{"rendered":"<p>\u00c9tanch\u00e9it\u00e9 ext\u00e9rieur<\/p>\n","protected":false},"featured_media":11956,"template":"","meta":[],"product_cat":[132],"product_tag":[122],"acf":[],"yoast_head":"<!-- This site is optimized with the Yoast SEO plugin v21.9 - https:\/\/yoast.com\/wordpress\/plugins\/seo\/ -->\n<title>PRO CLIMA Solitex Mento 3000 - Les Forestiers Associ\u00e9s<\/title>\n<meta name=\"robots\" content=\"index, follow, max-snippet:-1, max-image-preview:large, max-video-preview:-1\" \/>\n<link rel=\"canonical\" href=\"https:\/\/lesforestiersassocies.fr\/index.php\/produit\/pro-clima-solitex-mento-3000\/\" \/>\n<meta property=\"og:locale\" content=\"fr_FR\" \/>\n<meta property=\"og:type\" content=\"article\" \/>\n<meta property=\"og:title\" content=\"PRO CLIMA Solitex Mento 3000 - Les Forestiers Associ\u00e9s\" \/>\n<meta property=\"og:description\" content=\"\u00c9tanch\u00e9it\u00e9 ext\u00e9rieur\" \/>\n<meta property=\"og:url\" content=\"https:\/\/lesforestiersassocies.fr\/index.php\/produit\/pro-clima-solitex-mento-3000\/\" \/>\n<meta property=\"og:site_name\" content=\"Les Forestiers Associ\u00e9s\" \/>\n<meta property=\"article:modified_time\" content=\"2024-07-12T13:20:01+00:00\" \/>\n<meta property=\"og:image\" content=\"https:\/\/lesforestiersassocies.fr\/wp-content\/uploads\/2024\/07\/solitex-mento.jpg\" \/>\n\t<meta property=\"og:image:width\" content=\"505\" \/>\n\t<meta property=\"og:image:height\" content=\"393\" \/>\n\t<meta property=\"og:image:type\" content=\"image\/jpeg\" \/>\n<meta name=\"twitter:card\" content=\"summary_large_image\" \/>\n<meta name=\"twitter:label1\" content=\"Dur\u00e9e de lecture estim\u00e9e\" \/>\n\t<meta name=\"twitter:data1\" content=\"1 minute\" \/>\n<script type=\"application\/ld+json\" class=\"yoast-schema-graph\">{\"@context\":\"https:\/\/schema.org\",\"@graph\":[{\"@type\":\"WebPage\",\"@id\":\"https:\/\/lesforestiersassocies.fr\/index.php\/produit\/pro-clima-solitex-mento-3000\/\",\"url\":\"https:\/\/lesforestiersassocies.fr\/index.php\/produit\/pro-clima-solitex-mento-3000\/\",\"name\":\"PRO CLIMA Solitex Mento 3000 - Les Forestiers Associ\u00e9s\",\"isPartOf\":{\"@id\":\"https:\/\/lesforestiersassocies.fr\/#website\"},\"datePublished\":\"2024-07-04T06:53:24+00:00\",\"dateModified\":\"2024-07-12T13:20:01+00:00\",\"breadcrumb\":{\"@id\":\"https:\/\/lesforestiersassocies.fr\/index.php\/produit\/pro-clima-solitex-mento-3000\/#breadcrumb\"},\"inLanguage\":\"fr-FR\",\"potentialAction\":[{\"@type\":\"ReadAction\",\"target\":[\"https:\/\/lesforestiersassocies.fr\/index.php\/produit\/pro-clima-solitex-mento-3000\/\"]}]},{\"@type\":\"BreadcrumbList\",\"@id\":\"https:\/\/lesforestiersassocies.fr\/index.php\/produit\/pro-clima-solitex-mento-3000\/#breadcrumb\",\"itemListElement\":[{\"@type\":\"ListItem\",\"position\":1,\"name\":\"Accueil\",\"item\":\"https:\/\/lesforestiersassocies.fr\/\"},{\"@type\":\"ListItem\",\"position\":2,\"name\":\"Inventory\",\"item\":\"https:\/\/lesforestiersassocies.fr\/index.php\/inventory\/\"},{\"@type\":\"ListItem\",\"position\":3,\"name\":\"PRO CLIMA Solitex Mento 3000\"}]},{\"@type\":\"WebSite\",\"@id\":\"https:\/\/lesforestiersassocies.fr\/#website\",\"url\":\"https:\/\/lesforestiersassocies.fr\/\",\"name\":\"Les Forestiers Associ\u00e9s\",\"description\":\"Les Forestiers Associ\u00e9s\",\"publisher\":{\"@id\":\"https:\/\/lesforestiersassocies.fr\/#organization\"},\"potentialAction\":[{\"@type\":\"SearchAction\",\"target\":{\"@type\":\"EntryPoint\",\"urlTemplate\":\"https:\/\/lesforestiersassocies.fr\/?s={search_term_string}\"},\"query-input\":\"required name=search_term_string\"}],\"inLanguage\":\"fr-FR\"},{\"@type\":\"Organization\",\"@id\":\"https:\/\/lesforestiersassocies.fr\/#organization\",\"name\":\"Les Forestiers Associ\u00e9s\",\"url\":\"https:\/\/lesforestiersassocies.fr\/\",\"logo\":{\"@type\":\"ImageObject\",\"inLanguage\":\"fr-FR\",\"@id\":\"https:\/\/lesforestiersassocies.fr\/#\/schema\/logo\/image\/\",\"url\":\"http:\/\/lesforestiersassocies.fr\/wp-content\/uploads\/2019\/01\/LFA-Logo.jpg\",\"contentUrl\":\"http:\/\/lesforestiersassocies.fr\/wp-content\/uploads\/2019\/01\/LFA-Logo.jpg\",\"width\":905,\"height\":314,\"caption\":\"Les Forestiers Associ\u00e9s\"},\"image\":{\"@id\":\"https:\/\/lesforestiersassocies.fr\/#\/schema\/logo\/image\/\"}}]}<\/script>\n<!-- \/ Yoast SEO plugin. -->","yoast_head_json":{"title":"PRO CLIMA Solitex Mento 3000 - Les Forestiers Associ\u00e9s","robots":{"index":"index","follow":"follow","max-snippet":"max-snippet:-1","max-image-preview":"max-image-preview:large","max-video-preview":"max-video-preview:-1"},"canonical":"https:\/\/lesforestiersassocies.fr\/index.php\/produit\/pro-clima-solitex-mento-3000\/","og_locale":"fr_FR","og_type":"article","og_title":"PRO CLIMA Solitex Mento 3000 - Les Forestiers Associ\u00e9s","og_description":"\u00c9tanch\u00e9it\u00e9 ext\u00e9rieur","og_url":"https:\/\/lesforestiersassocies.fr\/index.php\/produit\/pro-clima-solitex-mento-3000\/","og_site_name":"Les Forestiers Associ\u00e9s","article_modified_time":"2024-07-12T13:20:01+00:00","og_image":[{"width":505,"height":393,"url":"https:\/\/lesforestiersassocies.fr\/wp-content\/uploads\/2024\/07\/solitex-mento.jpg","type":"image\/jpeg"}],"twitter_card":"summary_large_image","twitter_misc":{"Dur\u00e9e de lecture estim\u00e9e":"1 minute"},"schema":{"@context":"https:\/\/schema.org","@graph":[{"@type":"WebPage","@id":"https:\/\/lesforestiersassocies.fr\/index.php\/produit\/pro-clima-solitex-mento-3000\/","url":"https:\/\/lesforestiersassocies.fr\/index.php\/produit\/pro-clima-solitex-mento-3000\/","name":"PRO CLIMA Solitex Mento 3000 - Les Forestiers Associ\u00e9s","isPartOf":{"@id":"https:\/\/lesforestiersassocies.fr\/#website"},"datePublished":"2024-07-04T06:53:24+00:00","dateModified":"2024-07-12T13:20:01+00:00","breadcrumb":{"@id":"https:\/\/lesforestiersassocies.fr\/index.php\/produit\/pro-clima-solitex-mento-3000\/#breadcrumb"},"inLanguage":"fr-FR","potentialAction":[{"@type":"ReadAction","target":["https:\/\/lesforestiersassocies.fr\/index.php\/produit\/pro-clima-solitex-mento-3000\/"]}]},{"@type":"BreadcrumbList","@id":"https:\/\/lesforestiersassocies.fr\/index.php\/produit\/pro-clima-solitex-mento-3000\/#breadcrumb","itemListElement":[{"@type":"ListItem","position":1,"name":"Accueil","item":"https:\/\/lesforestiersassocies.fr\/"},{"@type":"ListItem","position":2,"name":"Inventory","item":"https:\/\/lesforestiersassocies.fr\/index.php\/inventory\/"},{"@type":"ListItem","position":3,"name":"PRO CLIMA Solitex Mento 3000"}]},{"@type":"WebSite","@id":"https:\/\/lesforestiersassocies.fr\/#website","url":"https:\/\/lesforestiersassocies.fr\/","name":"Les Forestiers Associ\u00e9s","description":"Les Forestiers Associ\u00e9s","publisher":{"@id":"https:\/\/lesforestiersassocies.fr\/#organization"},"potentialAction":[{"@type":"SearchAction","target":{"@type":"EntryPoint","urlTemplate":"https:\/\/lesforestiersassocies.fr\/?s={search_term_string}"},"query-input":"required name=search_term_string"}],"inLanguage":"fr-FR"},{"@type":"Organization","@id":"https:\/\/lesforestiersassocies.fr\/#organization","name":"Les Forestiers Associ\u00e9s","url":"https:\/\/lesforestiersassocies.fr\/","logo":{"@type":"ImageObject","inLanguage":"fr-FR","@id":"https:\/\/lesforestiersassocies.fr\/#\/schema\/logo\/image\/","url":"http:\/\/lesforestiersassocies.fr\/wp-content\/uploads\/2019\/01\/LFA-Logo.jpg","contentUrl":"http:\/\/lesforestiersassocies.fr\/wp-content\/uploads\/2019\/01\/LFA-Logo.jpg","width":905,"height":314,"caption":"Les Forestiers Associ\u00e9s"},"image":{"@id":"https:\/\/lesforestiersassocies.fr\/#\/schema\/logo\/image\/"}}]}},"_links":{"self":[{"href":"https:\/\/lesforestiersassocies.fr\/index.php\/wp-json\/wp\/v2\/product\/11913"}],"collection":[{"href":"https:\/\/lesforestiersassocies.fr\/index.php\/wp-json\/wp\/v2\/product"}],"about":[{"href":"https:\/\/lesforestiersassocies.fr\/index.php\/wp-json\/wp\/v2\/types\/product"}],"wp:featuredmedia":[{"embeddable":true,"href":"https:\/\/lesforestiersassocies.fr\/index.php\/wp-json\/wp\/v2\/media\/11956"}],"wp:attachment":[{"href":"https:\/\/lesforestiersassocies.fr\/index.php\/wp-json\/wp\/v2\/media?parent=11913"}],"wp:term":[{"taxonomy":"product_cat","embeddable":true,"href":"https:\/\/lesforestiersassocies.fr\/index.php\/wp-json\/wp\/v2\/product_cat?post=11913"},{"taxonomy":"product_tag","embeddable":true,"href":"https:\/\/lesforestiersassocies.fr\/index.php\/wp-json\/wp\/v2\/product_tag?post=11913"}],"curies":[{"name":"wp","href":"https:\/\/api.w.org\/{rel}","templated":true}]}}