{"id":11926,"date":"2024-07-04T09:22:52","date_gmt":"2024-07-04T07:22:52","guid":{"rendered":"https:\/\/lesforestiersassocies.fr\/?post_type=product&#038;p=11926"},"modified":"2024-07-12T15:17:48","modified_gmt":"2024-07-12T13:17:48","slug":"pro-clima-tescon-vana","status":"publish","type":"product","link":"https:\/\/lesforestiersassocies.fr\/index.php\/produit\/pro-clima-tescon-vana\/","title":{"rendered":"PRO CLIMA Tescon Vana"},"content":{"rendered":"<p>Ruban adh\u00e9sif tout usage pour l\u2019int\u00e9rieur et l\u2019ext\u00e9rieur<\/p>\n<div>\n<div>\n<p>Avantages<\/p>\n<ul>\n<li>Colle de fa\u00e7on s\u00fbre &#8211; m\u00eame avec de l\u2019humidit\u00e9 : colle SOLID r\u00e9sistante \u00e0 l\u2019eau<\/li>\n<li>Particuli\u00e8rement durable : adh\u00e9rence de 100 ans test\u00e9e et valid\u00e9e de fa\u00e7on ind\u00e9pendante<\/li>\n<li>Poursuite flexible des travaux : peut \u00eatre expos\u00e9 aux intemp\u00e9ries pendant 6 mois<\/li>\n<li>Poursuite rapide des travaux : le non-tiss\u00e9 peut \u00eatre recouvert d\u2019enduit<\/li>\n<li>Facile \u00e0 travailler : support en non-tiss\u00e9 souple, peut \u00eatre d\u00e9chir\u00e9 \u00e0 la main<\/li>\n<li>Respect des r\u00e9glementations : collages \u00e9tanches \u00e0 l\u2019air selon la RE 2020<\/li>\n<li>Excellents r\u00e9sultats lors du test de nocivit\u00e9, contr\u00f4le r\u00e9alis\u00e9 selon ISO 16000<\/li>\n<\/ul>\n<p>Domaine d&rsquo;utilisation Int\u00e9rieur : collage \u00e9tanche \u00e0 l\u2019air de frein-vapeurs et membranes d\u2019\u00e9tanch\u00e9it\u00e9 \u00e0 l\u2019air ainsi que de panneaux d\u00e9riv\u00e9s du bois \u00e9tanches \u00e0 l\u2019air en neuf et r\u00e9novation (toiture et mur). Ext\u00e9rieur : r\u00e9alisation de l&rsquo;\u00e9tanch\u00e9it\u00e9 au vent et \u00e0 la pluie d&rsquo;\u00e9crans de sous-toiture et de fa\u00e7ade (par exemple pro clima SOLITEX) ainsi que de panneaux de sous-toiture. Collage \u00e9tanche \u00e0 l&rsquo;air de membranes frein-vapeur de r\u00e9novation ainsi que de membranes d&rsquo;\u00e9tanch\u00e9it\u00e9 \u00e0 l&rsquo;air. Collages \u00e9tanches au vent de panneaux de sous-toiture en mat\u00e9riau d\u00e9riv\u00e9s du bois. Pour tous les collages, \u00e0 l\u2019int\u00e9rieur et \u00e0 l\u2019ext\u00e9rieur, de membranes et \u00e9crans et panneaux \u00e9tanches entre eux et pour les raccords aux \u00e9l\u00e9ments de construction adjacents, non min\u00e9raux et lisses (passages de conduits, fen\u00eatres de toit en pente).<\/p>\n<\/div>\n<\/div>\n","protected":false},"excerpt":{"rendered":"<p>Ruban adh\u00e9sif<\/p>\n","protected":false},"featured_media":11927,"template":"","meta":[],"product_cat":[132],"product_tag":[124],"acf":[],"yoast_head":"<!-- This site is optimized with the Yoast SEO plugin v21.9 - https:\/\/yoast.com\/wordpress\/plugins\/seo\/ -->\n<title>PRO CLIMA Tescon Vana - Les Forestiers Associ\u00e9s<\/title>\n<meta name=\"robots\" content=\"index, follow, max-snippet:-1, max-image-preview:large, max-video-preview:-1\" \/>\n<link rel=\"canonical\" href=\"https:\/\/lesforestiersassocies.fr\/index.php\/produit\/pro-clima-tescon-vana\/\" \/>\n<meta property=\"og:locale\" content=\"fr_FR\" \/>\n<meta property=\"og:type\" content=\"article\" \/>\n<meta property=\"og:title\" content=\"PRO CLIMA Tescon Vana - Les Forestiers Associ\u00e9s\" \/>\n<meta property=\"og:description\" content=\"Ruban adh\u00e9sif\" \/>\n<meta property=\"og:url\" content=\"https:\/\/lesforestiersassocies.fr\/index.php\/produit\/pro-clima-tescon-vana\/\" \/>\n<meta property=\"og:site_name\" content=\"Les Forestiers Associ\u00e9s\" \/>\n<meta property=\"article:modified_time\" content=\"2024-07-12T13:17:48+00:00\" \/>\n<meta property=\"og:image\" content=\"https:\/\/lesforestiersassocies.fr\/wp-content\/uploads\/2024\/07\/tescon-vana.jpg\" \/>\n\t<meta property=\"og:image:width\" content=\"555\" \/>\n\t<meta property=\"og:image:height\" content=\"555\" \/>\n\t<meta property=\"og:image:type\" content=\"image\/jpeg\" \/>\n<meta name=\"twitter:card\" content=\"summary_large_image\" \/>\n<meta name=\"twitter:label1\" content=\"Dur\u00e9e de lecture estim\u00e9e\" \/>\n\t<meta name=\"twitter:data1\" content=\"2 minutes\" \/>\n<script type=\"application\/ld+json\" class=\"yoast-schema-graph\">{\"@context\":\"https:\/\/schema.org\",\"@graph\":[{\"@type\":\"WebPage\",\"@id\":\"https:\/\/lesforestiersassocies.fr\/index.php\/produit\/pro-clima-tescon-vana\/\",\"url\":\"https:\/\/lesforestiersassocies.fr\/index.php\/produit\/pro-clima-tescon-vana\/\",\"name\":\"PRO CLIMA Tescon Vana - Les Forestiers Associ\u00e9s\",\"isPartOf\":{\"@id\":\"https:\/\/lesforestiersassocies.fr\/#website\"},\"datePublished\":\"2024-07-04T07:22:52+00:00\",\"dateModified\":\"2024-07-12T13:17:48+00:00\",\"breadcrumb\":{\"@id\":\"https:\/\/lesforestiersassocies.fr\/index.php\/produit\/pro-clima-tescon-vana\/#breadcrumb\"},\"inLanguage\":\"fr-FR\",\"potentialAction\":[{\"@type\":\"ReadAction\",\"target\":[\"https:\/\/lesforestiersassocies.fr\/index.php\/produit\/pro-clima-tescon-vana\/\"]}]},{\"@type\":\"BreadcrumbList\",\"@id\":\"https:\/\/lesforestiersassocies.fr\/index.php\/produit\/pro-clima-tescon-vana\/#breadcrumb\",\"itemListElement\":[{\"@type\":\"ListItem\",\"position\":1,\"name\":\"Accueil\",\"item\":\"https:\/\/lesforestiersassocies.fr\/\"},{\"@type\":\"ListItem\",\"position\":2,\"name\":\"Inventory\",\"item\":\"https:\/\/lesforestiersassocies.fr\/index.php\/inventory\/\"},{\"@type\":\"ListItem\",\"position\":3,\"name\":\"PRO CLIMA Tescon Vana\"}]},{\"@type\":\"WebSite\",\"@id\":\"https:\/\/lesforestiersassocies.fr\/#website\",\"url\":\"https:\/\/lesforestiersassocies.fr\/\",\"name\":\"Les Forestiers Associ\u00e9s\",\"description\":\"Les Forestiers Associ\u00e9s\",\"publisher\":{\"@id\":\"https:\/\/lesforestiersassocies.fr\/#organization\"},\"potentialAction\":[{\"@type\":\"SearchAction\",\"target\":{\"@type\":\"EntryPoint\",\"urlTemplate\":\"https:\/\/lesforestiersassocies.fr\/?s={search_term_string}\"},\"query-input\":\"required name=search_term_string\"}],\"inLanguage\":\"fr-FR\"},{\"@type\":\"Organization\",\"@id\":\"https:\/\/lesforestiersassocies.fr\/#organization\",\"name\":\"Les Forestiers Associ\u00e9s\",\"url\":\"https:\/\/lesforestiersassocies.fr\/\",\"logo\":{\"@type\":\"ImageObject\",\"inLanguage\":\"fr-FR\",\"@id\":\"https:\/\/lesforestiersassocies.fr\/#\/schema\/logo\/image\/\",\"url\":\"http:\/\/lesforestiersassocies.fr\/wp-content\/uploads\/2019\/01\/LFA-Logo.jpg\",\"contentUrl\":\"http:\/\/lesforestiersassocies.fr\/wp-content\/uploads\/2019\/01\/LFA-Logo.jpg\",\"width\":905,\"height\":314,\"caption\":\"Les Forestiers Associ\u00e9s\"},\"image\":{\"@id\":\"https:\/\/lesforestiersassocies.fr\/#\/schema\/logo\/image\/\"}}]}<\/script>\n<!-- \/ Yoast SEO plugin. -->","yoast_head_json":{"title":"PRO CLIMA Tescon Vana - Les Forestiers Associ\u00e9s","robots":{"index":"index","follow":"follow","max-snippet":"max-snippet:-1","max-image-preview":"max-image-preview:large","max-video-preview":"max-video-preview:-1"},"canonical":"https:\/\/lesforestiersassocies.fr\/index.php\/produit\/pro-clima-tescon-vana\/","og_locale":"fr_FR","og_type":"article","og_title":"PRO CLIMA Tescon Vana - Les Forestiers Associ\u00e9s","og_description":"Ruban adh\u00e9sif","og_url":"https:\/\/lesforestiersassocies.fr\/index.php\/produit\/pro-clima-tescon-vana\/","og_site_name":"Les Forestiers Associ\u00e9s","article_modified_time":"2024-07-12T13:17:48+00:00","og_image":[{"width":555,"height":555,"url":"https:\/\/lesforestiersassocies.fr\/wp-content\/uploads\/2024\/07\/tescon-vana.jpg","type":"image\/jpeg"}],"twitter_card":"summary_large_image","twitter_misc":{"Dur\u00e9e de lecture estim\u00e9e":"2 minutes"},"schema":{"@context":"https:\/\/schema.org","@graph":[{"@type":"WebPage","@id":"https:\/\/lesforestiersassocies.fr\/index.php\/produit\/pro-clima-tescon-vana\/","url":"https:\/\/lesforestiersassocies.fr\/index.php\/produit\/pro-clima-tescon-vana\/","name":"PRO CLIMA Tescon Vana - Les Forestiers Associ\u00e9s","isPartOf":{"@id":"https:\/\/lesforestiersassocies.fr\/#website"},"datePublished":"2024-07-04T07:22:52+00:00","dateModified":"2024-07-12T13:17:48+00:00","breadcrumb":{"@id":"https:\/\/lesforestiersassocies.fr\/index.php\/produit\/pro-clima-tescon-vana\/#breadcrumb"},"inLanguage":"fr-FR","potentialAction":[{"@type":"ReadAction","target":["https:\/\/lesforestiersassocies.fr\/index.php\/produit\/pro-clima-tescon-vana\/"]}]},{"@type":"BreadcrumbList","@id":"https:\/\/lesforestiersassocies.fr\/index.php\/produit\/pro-clima-tescon-vana\/#breadcrumb","itemListElement":[{"@type":"ListItem","position":1,"name":"Accueil","item":"https:\/\/lesforestiersassocies.fr\/"},{"@type":"ListItem","position":2,"name":"Inventory","item":"https:\/\/lesforestiersassocies.fr\/index.php\/inventory\/"},{"@type":"ListItem","position":3,"name":"PRO CLIMA Tescon Vana"}]},{"@type":"WebSite","@id":"https:\/\/lesforestiersassocies.fr\/#website","url":"https:\/\/lesforestiersassocies.fr\/","name":"Les Forestiers Associ\u00e9s","description":"Les Forestiers Associ\u00e9s","publisher":{"@id":"https:\/\/lesforestiersassocies.fr\/#organization"},"potentialAction":[{"@type":"SearchAction","target":{"@type":"EntryPoint","urlTemplate":"https:\/\/lesforestiersassocies.fr\/?s={search_term_string}"},"query-input":"required name=search_term_string"}],"inLanguage":"fr-FR"},{"@type":"Organization","@id":"https:\/\/lesforestiersassocies.fr\/#organization","name":"Les Forestiers Associ\u00e9s","url":"https:\/\/lesforestiersassocies.fr\/","logo":{"@type":"ImageObject","inLanguage":"fr-FR","@id":"https:\/\/lesforestiersassocies.fr\/#\/schema\/logo\/image\/","url":"http:\/\/lesforestiersassocies.fr\/wp-content\/uploads\/2019\/01\/LFA-Logo.jpg","contentUrl":"http:\/\/lesforestiersassocies.fr\/wp-content\/uploads\/2019\/01\/LFA-Logo.jpg","width":905,"height":314,"caption":"Les Forestiers Associ\u00e9s"},"image":{"@id":"https:\/\/lesforestiersassocies.fr\/#\/schema\/logo\/image\/"}}]}},"_links":{"self":[{"href":"https:\/\/lesforestiersassocies.fr\/index.php\/wp-json\/wp\/v2\/product\/11926"}],"collection":[{"href":"https:\/\/lesforestiersassocies.fr\/index.php\/wp-json\/wp\/v2\/product"}],"about":[{"href":"https:\/\/lesforestiersassocies.fr\/index.php\/wp-json\/wp\/v2\/types\/product"}],"wp:featuredmedia":[{"embeddable":true,"href":"https:\/\/lesforestiersassocies.fr\/index.php\/wp-json\/wp\/v2\/media\/11927"}],"wp:attachment":[{"href":"https:\/\/lesforestiersassocies.fr\/index.php\/wp-json\/wp\/v2\/media?parent=11926"}],"wp:term":[{"taxonomy":"product_cat","embeddable":true,"href":"https:\/\/lesforestiersassocies.fr\/index.php\/wp-json\/wp\/v2\/product_cat?post=11926"},{"taxonomy":"product_tag","embeddable":true,"href":"https:\/\/lesforestiersassocies.fr\/index.php\/wp-json\/wp\/v2\/product_tag?post=11926"}],"curies":[{"name":"wp","href":"https:\/\/api.w.org\/{rel}","templated":true}]}}