{"id":11940,"date":"2024-07-04T11:15:05","date_gmt":"2024-07-04T09:15:05","guid":{"rendered":"https:\/\/lesforestiersassocies.fr\/?post_type=product&#038;p=11940"},"modified":"2024-07-08T17:54:33","modified_gmt":"2024-07-08T15:54:33","slug":"steicoflex-f-036","status":"publish","type":"product","link":"https:\/\/lesforestiersassocies.fr\/index.php\/produit\/steicoflex-f-036\/","title":{"rendered":"STEICOflex F 036"},"content":{"rendered":"<p>Laine isolante semi-rigide<\/p>\n<p>Isolant compressible et flexible \u00e0 base de fibre de bois<\/p>\n<ul>\n<li>R\u00e9sistance \u00e9lev\u00e9e gr\u00e2ce \u00e0 la structure optimis\u00e9 des fibres<\/li>\n<li>S&rsquo;adapte facilement aux formes des contours, facilit\u00e9 de mise en oeuvre<\/li>\n<li>N&rsquo;irrite pas la peau<\/li>\n<li>Excellente protection contre la chaleur<\/li>\n<li>Tr\u00e8s ouvert \u00e0 la diffusion de vapeur d&rsquo;eau &#8211; prot\u00e8ge la construction<\/li>\n<li>Procure un climat d&rsquo;habitation sain<\/li>\n<li>Recyclable, \u00e9cologique, respecte environnement<\/li>\n<\/ul>\n<p>FORMATS :<\/p>\n<table style=\"height: 1366px;\" width=\"774\">\n<tbody>\n<tr>\n<td width=\"113\">\u00c9paisseur [mm]<\/td>\n<td width=\"117\">Longueur [mm]<\/td>\n<td width=\"100\">Largeur [mm]<\/td>\n<td width=\"133\">Profil<\/td>\n<td width=\"183\">Quantit\u00e9\/pal. [pcs]<\/td>\n<td width=\"127\">Surface\/pal. brute [m<sup>2<\/sup>]<\/td>\n<\/tr>\n<tr>\n<td width=\"113\">40<\/td>\n<td width=\"117\">1220<\/td>\n<td width=\"100\">365<\/td>\n<td width=\"133\">chants droits<\/td>\n<td width=\"183\">18 paq. de 10 pcs<\/td>\n<td width=\"127\">80,154<\/td>\n<\/tr>\n<tr>\n<td width=\"113\">40<\/td>\n<td width=\"117\">1220<\/td>\n<td width=\"100\">365<\/td>\n<td width=\"133\">chants droits<\/td>\n<td width=\"183\">18 paq. de 10 pcs<\/td>\n<td width=\"127\">7,02<\/td>\n<\/tr>\n<tr>\n<td width=\"113\">40<\/td>\n<td width=\"117\">1220<\/td>\n<td width=\"100\">575<\/td>\n<td width=\"133\">chants droits<\/td>\n<td width=\"183\">12 paq. de 10 pcs<\/td>\n<td width=\"127\">84,18<\/td>\n<\/tr>\n<tr>\n<td width=\"113\">40<\/td>\n<td width=\"117\">1220<\/td>\n<td width=\"100\">600<\/td>\n<td width=\"133\">chants droits<\/td>\n<td width=\"183\">12 paq. de 10 pcs<\/td>\n<td width=\"127\">87,84<\/td>\n<\/tr>\n<tr>\n<td width=\"113\">50<\/td>\n<td width=\"117\">1220<\/td>\n<td width=\"100\">575<\/td>\n<td width=\"133\">chants droits<\/td>\n<td width=\"183\">10 paq. de 9 pcs<\/td>\n<td width=\"127\">63,14<\/td>\n<\/tr>\n<tr>\n<td width=\"113\">50<\/td>\n<td width=\"117\">1220<\/td>\n<td width=\"100\">600<\/td>\n<td width=\"133\">chants droits<\/td>\n<td width=\"183\">10 paq. de 9 pcs<\/td>\n<td width=\"127\">65,88<\/td>\n<\/tr>\n<tr>\n<td width=\"113\">60<\/td>\n<td width=\"117\">1220<\/td>\n<td width=\"100\">365<\/td>\n<td width=\"133\">chants droits<\/td>\n<td width=\"183\">15 paq. de 8 pcs<\/td>\n<td width=\"127\">53,436<\/td>\n<\/tr>\n<tr>\n<td width=\"113\">60<\/td>\n<td width=\"117\">1220<\/td>\n<td width=\"100\">365<\/td>\n<td width=\"133\">chants droits<\/td>\n<td width=\"183\">15 paq. de 8 pcs<\/td>\n<td width=\"127\">5,61<\/td>\n<\/tr>\n<tr>\n<td width=\"113\">60<\/td>\n<td width=\"117\">1220<\/td>\n<td width=\"100\">575<\/td>\n<td width=\"133\">chants droits<\/td>\n<td width=\"183\">10 paq. de 8 pcs<\/td>\n<td width=\"127\">56,12<\/td>\n<\/tr>\n<tr>\n<td width=\"113\">60<\/td>\n<td width=\"117\">1220<\/td>\n<td width=\"100\">600<\/td>\n<td width=\"133\">chants droits<\/td>\n<td width=\"183\">10 paq. de 8 pcs<\/td>\n<td width=\"127\">58,56<\/td>\n<\/tr>\n<tr>\n<td width=\"113\">80<\/td>\n<td width=\"117\">1220<\/td>\n<td width=\"100\">365<\/td>\n<td width=\"133\">chants droits<\/td>\n<td width=\"183\">15 paq. de 6 pcs<\/td>\n<td width=\"127\">40,077<\/td>\n<\/tr>\n<tr>\n<td width=\"113\">80<\/td>\n<td width=\"117\">1220<\/td>\n<td width=\"100\">365<\/td>\n<td width=\"133\">chants droits<\/td>\n<td width=\"183\">15 paq. de 6 pcs<\/td>\n<td width=\"127\">4,21<\/td>\n<\/tr>\n<tr>\n<td width=\"113\">80<\/td>\n<td width=\"117\">1220<\/td>\n<td width=\"100\">575<\/td>\n<td width=\"133\">chants droits<\/td>\n<td width=\"183\">10 paq. de 6 pcs<\/td>\n<td width=\"127\">42,09<\/td>\n<\/tr>\n<tr>\n<td width=\"113\">80<\/td>\n<td width=\"117\">1220<\/td>\n<td width=\"100\">600<\/td>\n<td width=\"133\">chants droits<\/td>\n<td width=\"183\">10 paq. de 6 pcs<\/td>\n<td width=\"127\">43,92<\/td>\n<\/tr>\n<tr>\n<td width=\"113\">100<\/td>\n<td width=\"117\">1220<\/td>\n<td width=\"100\">365<\/td>\n<td width=\"133\">chants droits<\/td>\n<td width=\"183\">18 paq. de 4 pcs<\/td>\n<td width=\"127\">32,062<\/td>\n<\/tr>\n<tr>\n<td width=\"113\">100<\/td>\n<td width=\"117\">1220<\/td>\n<td width=\"100\">365<\/td>\n<td width=\"133\">chants droits<\/td>\n<td width=\"183\">18 paq. de 4 pcs<\/td>\n<td width=\"127\">2,81<\/td>\n<\/tr>\n<tr>\n<td width=\"113\">100<\/td>\n<td width=\"117\">1220<\/td>\n<td width=\"100\">575<\/td>\n<td width=\"133\">chants droits<\/td>\n<td width=\"183\">12 paq. de 4 pcs<\/td>\n<td width=\"127\">33,67<\/td>\n<\/tr>\n<tr>\n<td width=\"113\">100<\/td>\n<td width=\"117\">1220<\/td>\n<td width=\"100\">600<\/td>\n<td width=\"133\">chants droits<\/td>\n<td width=\"183\">12 paq. de 4 pcs<\/td>\n<td width=\"127\">35,14<\/td>\n<\/tr>\n<tr>\n<td width=\"113\">120<\/td>\n<td width=\"117\">1220<\/td>\n<td width=\"100\">365<\/td>\n<td width=\"133\">chants droits<\/td>\n<td width=\"183\">5 paq. de 4 pcs<\/td>\n<td width=\"127\">26,718<\/td>\n<\/tr>\n<tr>\n<td width=\"113\">120<\/td>\n<td width=\"117\">1220<\/td>\n<td width=\"100\">365<\/td>\n<td width=\"133\">chants droits<\/td>\n<td width=\"183\">5 paq. de 4 pcs<\/td>\n<td width=\"127\">2,81<\/td>\n<\/tr>\n<tr>\n<td width=\"113\">120<\/td>\n<td width=\"117\">1220<\/td>\n<td width=\"100\">575<\/td>\n<td width=\"133\">chants droits<\/td>\n<td width=\"183\">10 paq. de 4 pcs<\/td>\n<td width=\"127\">28,06<\/td>\n<\/tr>\n<tr>\n<td width=\"113\">120<\/td>\n<td width=\"117\">1220<\/td>\n<td width=\"100\">600<\/td>\n<td width=\"133\">chants droits<\/td>\n<td width=\"183\">10 paq. de 4 pcs<\/td>\n<td width=\"127\">29,28<\/td>\n<\/tr>\n<tr>\n<td width=\"113\">140<\/td>\n<td width=\"117\">1220<\/td>\n<td width=\"100\">365<\/td>\n<td width=\"133\">chants droits<\/td>\n<td width=\"183\">12 paq. de 4 pcs<\/td>\n<td width=\"127\">21,375<\/td>\n<\/tr>\n<tr>\n<td width=\"113\">140<\/td>\n<td width=\"117\">1220<\/td>\n<td width=\"100\">365<\/td>\n<td width=\"133\">chants droits<\/td>\n<td width=\"183\">12 paq. de 4 pcs<\/td>\n<td width=\"127\">2,81<\/td>\n<\/tr>\n<tr>\n<td width=\"113\">140<\/td>\n<td width=\"117\">1220<\/td>\n<td width=\"100\">365<\/td>\n<td width=\"133\">chants droits<\/td>\n<td width=\"183\">12 paq. de 4 pcs<\/td>\n<td width=\"127\">20,039<\/td>\n<\/tr>\n<tr>\n<td width=\"113\">140<\/td>\n<td width=\"117\">1220<\/td>\n<td width=\"100\">365<\/td>\n<td width=\"133\">chants droits<\/td>\n<td width=\"183\">12 paq. de 4 pcs<\/td>\n<td width=\"127\">2,81<\/td>\n<\/tr>\n<tr>\n<td width=\"113\">140<\/td>\n<td width=\"117\">1220<\/td>\n<td width=\"100\">575<\/td>\n<td width=\"133\">chants droits<\/td>\n<td width=\"183\">8 paq. de 4 pcs<\/td>\n<td width=\"127\">22,45<\/td>\n<\/tr>\n<tr>\n<td width=\"113\">140<\/td>\n<td width=\"117\">1220<\/td>\n<td width=\"100\">600<\/td>\n<td width=\"133\">chants droits<\/td>\n<td width=\"183\">8 paq. de 4 pcs<\/td>\n<td width=\"127\">23,42<\/td>\n<\/tr>\n<tr>\n<td width=\"113\">145<\/td>\n<td width=\"117\">1220<\/td>\n<td width=\"100\">575<\/td>\n<td width=\"133\">chants droits<\/td>\n<td width=\"183\">8 paq. de 4 pcs<\/td>\n<td width=\"127\">22,45<\/td>\n<\/tr>\n<tr>\n<td width=\"113\">145<\/td>\n<td width=\"117\">1220<\/td>\n<td width=\"100\">600<\/td>\n<td width=\"133\">chants droits<\/td>\n<td width=\"183\">10 paq. de 3 pcs<\/td>\n<td width=\"127\">21,96<\/td>\n<\/tr>\n<tr>\n<td width=\"113\">160<\/td>\n<td width=\"117\">1220<\/td>\n<td width=\"100\">565<\/td>\n<td width=\"133\">chants droits<\/td>\n<td width=\"183\">10 paq. de 3 pcs<\/td>\n<td width=\"127\">20,679<\/td>\n<\/tr>\n<tr>\n<td width=\"113\">160<\/td>\n<td width=\"117\">1220<\/td>\n<td width=\"100\">565<\/td>\n<td width=\"133\">chants droits<\/td>\n<td width=\"183\">10 paq. de 3 pcs<\/td>\n<td width=\"127\">2,1<\/td>\n<\/tr>\n<tr>\n<td width=\"113\">160<\/td>\n<td width=\"117\">1220<\/td>\n<td width=\"100\">600<\/td>\n<td width=\"133\">chants droits<\/td>\n<td width=\"183\">10 paq. de 3 pcs<\/td>\n<td width=\"127\">21,96<\/td>\n<\/tr>\n<tr>\n<td width=\"113\">180<\/td>\n<td width=\"117\">1220<\/td>\n<td width=\"100\">565<\/td>\n<td width=\"133\">chants droits<\/td>\n<td width=\"183\">8 paq. de 3 pcs<\/td>\n<td width=\"127\">16,543<\/td>\n<\/tr>\n<tr>\n<td width=\"113\">200<\/td>\n<td width=\"117\">1220<\/td>\n<td width=\"100\">565<\/td>\n<td width=\"133\">chants droits<\/td>\n<td width=\"183\">12 paq. de 2 pcs<\/td>\n<td width=\"127\">16,543<\/td>\n<\/tr>\n<tr>\n<td width=\"113\">200<\/td>\n<td width=\"117\">1220<\/td>\n<td width=\"100\">565<\/td>\n<td width=\"133\">chants droits<\/td>\n<td width=\"183\">12 paq. de 2 pcs<\/td>\n<td width=\"127\">1,4<\/td>\n<\/tr>\n<tr>\n<td width=\"113\">200<\/td>\n<td width=\"117\">1220<\/td>\n<td width=\"100\">600<\/td>\n<td width=\"133\">chants droits<\/td>\n<td width=\"183\">10 paq. de 2 pcs<\/td>\n<td width=\"127\">14,64<\/td>\n<\/tr>\n<tr>\n<td width=\"113\">220<\/td>\n<td width=\"117\">1220<\/td>\n<td width=\"100\">565<\/td>\n<td width=\"133\">chants droits<\/td>\n<td width=\"183\">10 paq. de 2 pcs<\/td>\n<td width=\"127\">13,786<\/td>\n<\/tr>\n<tr>\n<td width=\"113\">220<\/td>\n<td width=\"117\">1220<\/td>\n<td width=\"100\">565<\/td>\n<td width=\"133\">chants droits<\/td>\n<td width=\"183\">10 paq. de 2 pcs<\/td>\n<td width=\"127\">1,4<\/td>\n<\/tr>\n<tr>\n<td width=\"113\">220<\/td>\n<td width=\"117\">1220<\/td>\n<td width=\"100\">600<\/td>\n<td width=\"133\">chants droits<\/td>\n<td width=\"183\">10 paq. de 2 pcs<\/td>\n<td width=\"127\">14,64<\/td>\n<\/tr>\n<tr>\n<td width=\"113\">240<\/td>\n<td width=\"117\">1220<\/td>\n<td width=\"100\">565<\/td>\n<td width=\"133\">chants droits<\/td>\n<td width=\"183\">10 paq. de 2 pcs<\/td>\n<td width=\"127\">13,786<\/td>\n<\/tr>\n<tr>\n<td width=\"113\">240<\/td>\n<td width=\"117\">1220<\/td>\n<td width=\"100\">565<\/td>\n<td width=\"133\">chants droits<\/td>\n<td width=\"183\">10 paq. de 2 pcs<\/td>\n<td width=\"127\">1,4<\/td>\n<\/tr>\n<tr>\n<td width=\"113\">240<\/td>\n<td width=\"117\">1220<\/td>\n<td width=\"100\">600<\/td>\n<td width=\"133\">chants droits<\/td>\n<td width=\"183\">10 paq. de 2 pcs<\/td>\n<td width=\"127\">14,64<\/td>\n<\/tr>\n<\/tbody>\n<\/table>\n","protected":false},"excerpt":{"rendered":"<p>Laine isolante semi-rigide Isolant compressible et flexible \u00e0 base de [&hellip;]<\/p>\n","protected":false},"featured_media":11960,"template":"","meta":[],"product_cat":[132],"product_tag":[121],"acf":[],"yoast_head":"<!-- This site is optimized with the Yoast SEO plugin v21.9 - https:\/\/yoast.com\/wordpress\/plugins\/seo\/ -->\n<title>STEICOflex F 036 - Les Forestiers Associ\u00e9s<\/title>\n<meta name=\"robots\" content=\"index, follow, max-snippet:-1, max-image-preview:large, max-video-preview:-1\" \/>\n<link rel=\"canonical\" href=\"https:\/\/lesforestiersassocies.fr\/index.php\/produit\/steicoflex-f-036\/\" \/>\n<meta property=\"og:locale\" content=\"fr_FR\" \/>\n<meta property=\"og:type\" content=\"article\" \/>\n<meta property=\"og:title\" content=\"STEICOflex F 036 - Les Forestiers Associ\u00e9s\" \/>\n<meta property=\"og:description\" content=\"Laine isolante semi-rigide Isolant compressible et flexible \u00e0 base de [&hellip;]\" \/>\n<meta property=\"og:url\" content=\"https:\/\/lesforestiersassocies.fr\/index.php\/produit\/steicoflex-f-036\/\" \/>\n<meta property=\"og:site_name\" content=\"Les Forestiers Associ\u00e9s\" \/>\n<meta property=\"article:modified_time\" content=\"2024-07-08T15:54:33+00:00\" \/>\n<meta property=\"og:image\" content=\"https:\/\/lesforestiersassocies.fr\/wp-content\/uploads\/2024\/07\/steico-flex-036.jpg\" \/>\n\t<meta property=\"og:image:width\" content=\"505\" \/>\n\t<meta property=\"og:image:height\" content=\"393\" \/>\n\t<meta property=\"og:image:type\" content=\"image\/jpeg\" \/>\n<meta name=\"twitter:card\" content=\"summary_large_image\" \/>\n<meta name=\"twitter:label1\" content=\"Dur\u00e9e de lecture estim\u00e9e\" \/>\n\t<meta name=\"twitter:data1\" content=\"4 minutes\" \/>\n<script type=\"application\/ld+json\" class=\"yoast-schema-graph\">{\"@context\":\"https:\/\/schema.org\",\"@graph\":[{\"@type\":\"WebPage\",\"@id\":\"https:\/\/lesforestiersassocies.fr\/index.php\/produit\/steicoflex-f-036\/\",\"url\":\"https:\/\/lesforestiersassocies.fr\/index.php\/produit\/steicoflex-f-036\/\",\"name\":\"STEICOflex F 036 - Les Forestiers Associ\u00e9s\",\"isPartOf\":{\"@id\":\"https:\/\/lesforestiersassocies.fr\/#website\"},\"datePublished\":\"2024-07-04T09:15:05+00:00\",\"dateModified\":\"2024-07-08T15:54:33+00:00\",\"breadcrumb\":{\"@id\":\"https:\/\/lesforestiersassocies.fr\/index.php\/produit\/steicoflex-f-036\/#breadcrumb\"},\"inLanguage\":\"fr-FR\",\"potentialAction\":[{\"@type\":\"ReadAction\",\"target\":[\"https:\/\/lesforestiersassocies.fr\/index.php\/produit\/steicoflex-f-036\/\"]}]},{\"@type\":\"BreadcrumbList\",\"@id\":\"https:\/\/lesforestiersassocies.fr\/index.php\/produit\/steicoflex-f-036\/#breadcrumb\",\"itemListElement\":[{\"@type\":\"ListItem\",\"position\":1,\"name\":\"Accueil\",\"item\":\"https:\/\/lesforestiersassocies.fr\/\"},{\"@type\":\"ListItem\",\"position\":2,\"name\":\"Inventory\",\"item\":\"https:\/\/lesforestiersassocies.fr\/index.php\/inventory\/\"},{\"@type\":\"ListItem\",\"position\":3,\"name\":\"STEICOflex F 036\"}]},{\"@type\":\"WebSite\",\"@id\":\"https:\/\/lesforestiersassocies.fr\/#website\",\"url\":\"https:\/\/lesforestiersassocies.fr\/\",\"name\":\"Les Forestiers Associ\u00e9s\",\"description\":\"Les Forestiers Associ\u00e9s\",\"publisher\":{\"@id\":\"https:\/\/lesforestiersassocies.fr\/#organization\"},\"potentialAction\":[{\"@type\":\"SearchAction\",\"target\":{\"@type\":\"EntryPoint\",\"urlTemplate\":\"https:\/\/lesforestiersassocies.fr\/?s={search_term_string}\"},\"query-input\":\"required name=search_term_string\"}],\"inLanguage\":\"fr-FR\"},{\"@type\":\"Organization\",\"@id\":\"https:\/\/lesforestiersassocies.fr\/#organization\",\"name\":\"Les Forestiers Associ\u00e9s\",\"url\":\"https:\/\/lesforestiersassocies.fr\/\",\"logo\":{\"@type\":\"ImageObject\",\"inLanguage\":\"fr-FR\",\"@id\":\"https:\/\/lesforestiersassocies.fr\/#\/schema\/logo\/image\/\",\"url\":\"http:\/\/lesforestiersassocies.fr\/wp-content\/uploads\/2019\/01\/LFA-Logo.jpg\",\"contentUrl\":\"http:\/\/lesforestiersassocies.fr\/wp-content\/uploads\/2019\/01\/LFA-Logo.jpg\",\"width\":905,\"height\":314,\"caption\":\"Les Forestiers Associ\u00e9s\"},\"image\":{\"@id\":\"https:\/\/lesforestiersassocies.fr\/#\/schema\/logo\/image\/\"}}]}<\/script>\n<!-- \/ Yoast SEO plugin. -->","yoast_head_json":{"title":"STEICOflex F 036 - Les Forestiers Associ\u00e9s","robots":{"index":"index","follow":"follow","max-snippet":"max-snippet:-1","max-image-preview":"max-image-preview:large","max-video-preview":"max-video-preview:-1"},"canonical":"https:\/\/lesforestiersassocies.fr\/index.php\/produit\/steicoflex-f-036\/","og_locale":"fr_FR","og_type":"article","og_title":"STEICOflex F 036 - Les Forestiers Associ\u00e9s","og_description":"Laine isolante semi-rigide Isolant compressible et flexible \u00e0 base de [&hellip;]","og_url":"https:\/\/lesforestiersassocies.fr\/index.php\/produit\/steicoflex-f-036\/","og_site_name":"Les Forestiers Associ\u00e9s","article_modified_time":"2024-07-08T15:54:33+00:00","og_image":[{"width":505,"height":393,"url":"https:\/\/lesforestiersassocies.fr\/wp-content\/uploads\/2024\/07\/steico-flex-036.jpg","type":"image\/jpeg"}],"twitter_card":"summary_large_image","twitter_misc":{"Dur\u00e9e de lecture estim\u00e9e":"4 minutes"},"schema":{"@context":"https:\/\/schema.org","@graph":[{"@type":"WebPage","@id":"https:\/\/lesforestiersassocies.fr\/index.php\/produit\/steicoflex-f-036\/","url":"https:\/\/lesforestiersassocies.fr\/index.php\/produit\/steicoflex-f-036\/","name":"STEICOflex F 036 - Les Forestiers Associ\u00e9s","isPartOf":{"@id":"https:\/\/lesforestiersassocies.fr\/#website"},"datePublished":"2024-07-04T09:15:05+00:00","dateModified":"2024-07-08T15:54:33+00:00","breadcrumb":{"@id":"https:\/\/lesforestiersassocies.fr\/index.php\/produit\/steicoflex-f-036\/#breadcrumb"},"inLanguage":"fr-FR","potentialAction":[{"@type":"ReadAction","target":["https:\/\/lesforestiersassocies.fr\/index.php\/produit\/steicoflex-f-036\/"]}]},{"@type":"BreadcrumbList","@id":"https:\/\/lesforestiersassocies.fr\/index.php\/produit\/steicoflex-f-036\/#breadcrumb","itemListElement":[{"@type":"ListItem","position":1,"name":"Accueil","item":"https:\/\/lesforestiersassocies.fr\/"},{"@type":"ListItem","position":2,"name":"Inventory","item":"https:\/\/lesforestiersassocies.fr\/index.php\/inventory\/"},{"@type":"ListItem","position":3,"name":"STEICOflex F 036"}]},{"@type":"WebSite","@id":"https:\/\/lesforestiersassocies.fr\/#website","url":"https:\/\/lesforestiersassocies.fr\/","name":"Les Forestiers Associ\u00e9s","description":"Les Forestiers Associ\u00e9s","publisher":{"@id":"https:\/\/lesforestiersassocies.fr\/#organization"},"potentialAction":[{"@type":"SearchAction","target":{"@type":"EntryPoint","urlTemplate":"https:\/\/lesforestiersassocies.fr\/?s={search_term_string}"},"query-input":"required name=search_term_string"}],"inLanguage":"fr-FR"},{"@type":"Organization","@id":"https:\/\/lesforestiersassocies.fr\/#organization","name":"Les Forestiers Associ\u00e9s","url":"https:\/\/lesforestiersassocies.fr\/","logo":{"@type":"ImageObject","inLanguage":"fr-FR","@id":"https:\/\/lesforestiersassocies.fr\/#\/schema\/logo\/image\/","url":"http:\/\/lesforestiersassocies.fr\/wp-content\/uploads\/2019\/01\/LFA-Logo.jpg","contentUrl":"http:\/\/lesforestiersassocies.fr\/wp-content\/uploads\/2019\/01\/LFA-Logo.jpg","width":905,"height":314,"caption":"Les Forestiers Associ\u00e9s"},"image":{"@id":"https:\/\/lesforestiersassocies.fr\/#\/schema\/logo\/image\/"}}]}},"_links":{"self":[{"href":"https:\/\/lesforestiersassocies.fr\/index.php\/wp-json\/wp\/v2\/product\/11940"}],"collection":[{"href":"https:\/\/lesforestiersassocies.fr\/index.php\/wp-json\/wp\/v2\/product"}],"about":[{"href":"https:\/\/lesforestiersassocies.fr\/index.php\/wp-json\/wp\/v2\/types\/product"}],"wp:featuredmedia":[{"embeddable":true,"href":"https:\/\/lesforestiersassocies.fr\/index.php\/wp-json\/wp\/v2\/media\/11960"}],"wp:attachment":[{"href":"https:\/\/lesforestiersassocies.fr\/index.php\/wp-json\/wp\/v2\/media?parent=11940"}],"wp:term":[{"taxonomy":"product_cat","embeddable":true,"href":"https:\/\/lesforestiersassocies.fr\/index.php\/wp-json\/wp\/v2\/product_cat?post=11940"},{"taxonomy":"product_tag","embeddable":true,"href":"https:\/\/lesforestiersassocies.fr\/index.php\/wp-json\/wp\/v2\/product_tag?post=11940"}],"curies":[{"name":"wp","href":"https:\/\/api.w.org\/{rel}","templated":true}]}}