{"id":12134,"date":"2024-07-17T11:34:44","date_gmt":"2024-07-17T09:34:44","guid":{"rendered":"http:\/\/lesforestiersassocies.fr\/?post_type=product&#038;p=12134"},"modified":"2024-07-17T11:39:32","modified_gmt":"2024-07-17T09:39:32","slug":"coffret-de-7-scies-cloche-diam-22-29-35-44-51-64-68mm","status":"publish","type":"product","link":"https:\/\/lesforestiersassocies.fr\/index.php\/produit\/coffret-de-7-scies-cloche-diam-22-29-35-44-51-64-68mm\/","title":{"rendered":"Coffret de 7 scies cloche diam: 22, 29, 35, 44, 51, 64, 68mm"},"content":{"rendered":"<p>+ petit et large mandrin quick change et 2 m\u00e8ches pilotes<\/p>\n<p>Caract\u00e9ristiques<\/p>\n<ul>\n<li>G\u00e9om\u00e9trie des dents tr\u00e8s tranchante pour un travail rapide et une dur\u00e9e de vie accrue.<\/li>\n<li>Ressort d\u2019\u00e9jection le d\u00e9chet ne reste pas coinc\u00e9 dans la scie cloche.<\/li>\n<li>Arri\u00e8re avec un \u00e9paulement emp\u00eache la scie de traverser le trou.<\/li>\n<\/ul>\n<p>Applications<\/p>\n<ul>\n<li>m\u00e9tal<\/li>\n<li>plastique<\/li>\n<li>bois<\/li>\n<\/ul>\n","protected":false},"excerpt":{"rendered":"<p>+ petit et large mandrin quick change et 2 m\u00e8ches [&hellip;]<\/p>\n","protected":false},"featured_media":12135,"template":"","meta":[],"product_cat":[64],"product_tag":[],"acf":[],"yoast_head":"<!-- This site is optimized with the Yoast SEO plugin v21.9 - https:\/\/yoast.com\/wordpress\/plugins\/seo\/ -->\n<title>Coffret de 7 scies cloche diam: 22, 29, 35, 44, 51, 64, 68mm - Les Forestiers Associ\u00e9s<\/title>\n<meta name=\"robots\" content=\"index, follow, max-snippet:-1, max-image-preview:large, max-video-preview:-1\" \/>\n<link rel=\"canonical\" href=\"https:\/\/lesforestiersassocies.fr\/index.php\/produit\/coffret-de-7-scies-cloche-diam-22-29-35-44-51-64-68mm\/\" \/>\n<meta property=\"og:locale\" content=\"fr_FR\" \/>\n<meta property=\"og:type\" content=\"article\" \/>\n<meta property=\"og:title\" content=\"Coffret de 7 scies cloche diam: 22, 29, 35, 44, 51, 64, 68mm - Les Forestiers Associ\u00e9s\" \/>\n<meta property=\"og:description\" content=\"+ petit et large mandrin quick change et 2 m\u00e8ches [&hellip;]\" \/>\n<meta property=\"og:url\" content=\"https:\/\/lesforestiersassocies.fr\/index.php\/produit\/coffret-de-7-scies-cloche-diam-22-29-35-44-51-64-68mm\/\" \/>\n<meta property=\"og:site_name\" content=\"Les Forestiers Associ\u00e9s\" \/>\n<meta property=\"article:modified_time\" content=\"2024-07-17T09:39:32+00:00\" \/>\n<meta property=\"og:image\" content=\"https:\/\/lesforestiersassocies.fr\/wp-content\/uploads\/2024\/07\/coffret-scie-cloche.jpg\" \/>\n\t<meta property=\"og:image:width\" content=\"478\" \/>\n\t<meta property=\"og:image:height\" content=\"530\" \/>\n\t<meta property=\"og:image:type\" content=\"image\/jpeg\" \/>\n<meta name=\"twitter:card\" content=\"summary_large_image\" \/>\n<meta name=\"twitter:label1\" content=\"Dur\u00e9e de lecture estim\u00e9e\" \/>\n\t<meta name=\"twitter:data1\" content=\"1 minute\" \/>\n<script type=\"application\/ld+json\" class=\"yoast-schema-graph\">{\"@context\":\"https:\/\/schema.org\",\"@graph\":[{\"@type\":\"WebPage\",\"@id\":\"https:\/\/lesforestiersassocies.fr\/index.php\/produit\/coffret-de-7-scies-cloche-diam-22-29-35-44-51-64-68mm\/\",\"url\":\"https:\/\/lesforestiersassocies.fr\/index.php\/produit\/coffret-de-7-scies-cloche-diam-22-29-35-44-51-64-68mm\/\",\"name\":\"Coffret de 7 scies cloche diam: 22, 29, 35, 44, 51, 64, 68mm - Les Forestiers Associ\u00e9s\",\"isPartOf\":{\"@id\":\"https:\/\/lesforestiersassocies.fr\/#website\"},\"datePublished\":\"2024-07-17T09:34:44+00:00\",\"dateModified\":\"2024-07-17T09:39:32+00:00\",\"breadcrumb\":{\"@id\":\"https:\/\/lesforestiersassocies.fr\/index.php\/produit\/coffret-de-7-scies-cloche-diam-22-29-35-44-51-64-68mm\/#breadcrumb\"},\"inLanguage\":\"fr-FR\",\"potentialAction\":[{\"@type\":\"ReadAction\",\"target\":[\"https:\/\/lesforestiersassocies.fr\/index.php\/produit\/coffret-de-7-scies-cloche-diam-22-29-35-44-51-64-68mm\/\"]}]},{\"@type\":\"BreadcrumbList\",\"@id\":\"https:\/\/lesforestiersassocies.fr\/index.php\/produit\/coffret-de-7-scies-cloche-diam-22-29-35-44-51-64-68mm\/#breadcrumb\",\"itemListElement\":[{\"@type\":\"ListItem\",\"position\":1,\"name\":\"Accueil\",\"item\":\"https:\/\/lesforestiersassocies.fr\/\"},{\"@type\":\"ListItem\",\"position\":2,\"name\":\"Inventory\",\"item\":\"https:\/\/lesforestiersassocies.fr\/index.php\/inventory\/\"},{\"@type\":\"ListItem\",\"position\":3,\"name\":\"Coffret de 7 scies cloche diam: 22, 29, 35, 44, 51, 64, 68mm\"}]},{\"@type\":\"WebSite\",\"@id\":\"https:\/\/lesforestiersassocies.fr\/#website\",\"url\":\"https:\/\/lesforestiersassocies.fr\/\",\"name\":\"Les Forestiers Associ\u00e9s\",\"description\":\"Les Forestiers Associ\u00e9s\",\"publisher\":{\"@id\":\"https:\/\/lesforestiersassocies.fr\/#organization\"},\"potentialAction\":[{\"@type\":\"SearchAction\",\"target\":{\"@type\":\"EntryPoint\",\"urlTemplate\":\"https:\/\/lesforestiersassocies.fr\/?s={search_term_string}\"},\"query-input\":\"required name=search_term_string\"}],\"inLanguage\":\"fr-FR\"},{\"@type\":\"Organization\",\"@id\":\"https:\/\/lesforestiersassocies.fr\/#organization\",\"name\":\"Les Forestiers Associ\u00e9s\",\"url\":\"https:\/\/lesforestiersassocies.fr\/\",\"logo\":{\"@type\":\"ImageObject\",\"inLanguage\":\"fr-FR\",\"@id\":\"https:\/\/lesforestiersassocies.fr\/#\/schema\/logo\/image\/\",\"url\":\"http:\/\/lesforestiersassocies.fr\/wp-content\/uploads\/2019\/01\/LFA-Logo.jpg\",\"contentUrl\":\"http:\/\/lesforestiersassocies.fr\/wp-content\/uploads\/2019\/01\/LFA-Logo.jpg\",\"width\":905,\"height\":314,\"caption\":\"Les Forestiers Associ\u00e9s\"},\"image\":{\"@id\":\"https:\/\/lesforestiersassocies.fr\/#\/schema\/logo\/image\/\"}}]}<\/script>\n<!-- \/ Yoast SEO plugin. -->","yoast_head_json":{"title":"Coffret de 7 scies cloche diam: 22, 29, 35, 44, 51, 64, 68mm - Les Forestiers Associ\u00e9s","robots":{"index":"index","follow":"follow","max-snippet":"max-snippet:-1","max-image-preview":"max-image-preview:large","max-video-preview":"max-video-preview:-1"},"canonical":"https:\/\/lesforestiersassocies.fr\/index.php\/produit\/coffret-de-7-scies-cloche-diam-22-29-35-44-51-64-68mm\/","og_locale":"fr_FR","og_type":"article","og_title":"Coffret de 7 scies cloche diam: 22, 29, 35, 44, 51, 64, 68mm - Les Forestiers Associ\u00e9s","og_description":"+ petit et large mandrin quick change et 2 m\u00e8ches [&hellip;]","og_url":"https:\/\/lesforestiersassocies.fr\/index.php\/produit\/coffret-de-7-scies-cloche-diam-22-29-35-44-51-64-68mm\/","og_site_name":"Les Forestiers Associ\u00e9s","article_modified_time":"2024-07-17T09:39:32+00:00","og_image":[{"width":478,"height":530,"url":"https:\/\/lesforestiersassocies.fr\/wp-content\/uploads\/2024\/07\/coffret-scie-cloche.jpg","type":"image\/jpeg"}],"twitter_card":"summary_large_image","twitter_misc":{"Dur\u00e9e de lecture estim\u00e9e":"1 minute"},"schema":{"@context":"https:\/\/schema.org","@graph":[{"@type":"WebPage","@id":"https:\/\/lesforestiersassocies.fr\/index.php\/produit\/coffret-de-7-scies-cloche-diam-22-29-35-44-51-64-68mm\/","url":"https:\/\/lesforestiersassocies.fr\/index.php\/produit\/coffret-de-7-scies-cloche-diam-22-29-35-44-51-64-68mm\/","name":"Coffret de 7 scies cloche diam: 22, 29, 35, 44, 51, 64, 68mm - Les Forestiers Associ\u00e9s","isPartOf":{"@id":"https:\/\/lesforestiersassocies.fr\/#website"},"datePublished":"2024-07-17T09:34:44+00:00","dateModified":"2024-07-17T09:39:32+00:00","breadcrumb":{"@id":"https:\/\/lesforestiersassocies.fr\/index.php\/produit\/coffret-de-7-scies-cloche-diam-22-29-35-44-51-64-68mm\/#breadcrumb"},"inLanguage":"fr-FR","potentialAction":[{"@type":"ReadAction","target":["https:\/\/lesforestiersassocies.fr\/index.php\/produit\/coffret-de-7-scies-cloche-diam-22-29-35-44-51-64-68mm\/"]}]},{"@type":"BreadcrumbList","@id":"https:\/\/lesforestiersassocies.fr\/index.php\/produit\/coffret-de-7-scies-cloche-diam-22-29-35-44-51-64-68mm\/#breadcrumb","itemListElement":[{"@type":"ListItem","position":1,"name":"Accueil","item":"https:\/\/lesforestiersassocies.fr\/"},{"@type":"ListItem","position":2,"name":"Inventory","item":"https:\/\/lesforestiersassocies.fr\/index.php\/inventory\/"},{"@type":"ListItem","position":3,"name":"Coffret de 7 scies cloche diam: 22, 29, 35, 44, 51, 64, 68mm"}]},{"@type":"WebSite","@id":"https:\/\/lesforestiersassocies.fr\/#website","url":"https:\/\/lesforestiersassocies.fr\/","name":"Les Forestiers Associ\u00e9s","description":"Les Forestiers Associ\u00e9s","publisher":{"@id":"https:\/\/lesforestiersassocies.fr\/#organization"},"potentialAction":[{"@type":"SearchAction","target":{"@type":"EntryPoint","urlTemplate":"https:\/\/lesforestiersassocies.fr\/?s={search_term_string}"},"query-input":"required name=search_term_string"}],"inLanguage":"fr-FR"},{"@type":"Organization","@id":"https:\/\/lesforestiersassocies.fr\/#organization","name":"Les Forestiers Associ\u00e9s","url":"https:\/\/lesforestiersassocies.fr\/","logo":{"@type":"ImageObject","inLanguage":"fr-FR","@id":"https:\/\/lesforestiersassocies.fr\/#\/schema\/logo\/image\/","url":"http:\/\/lesforestiersassocies.fr\/wp-content\/uploads\/2019\/01\/LFA-Logo.jpg","contentUrl":"http:\/\/lesforestiersassocies.fr\/wp-content\/uploads\/2019\/01\/LFA-Logo.jpg","width":905,"height":314,"caption":"Les Forestiers Associ\u00e9s"},"image":{"@id":"https:\/\/lesforestiersassocies.fr\/#\/schema\/logo\/image\/"}}]}},"_links":{"self":[{"href":"https:\/\/lesforestiersassocies.fr\/index.php\/wp-json\/wp\/v2\/product\/12134"}],"collection":[{"href":"https:\/\/lesforestiersassocies.fr\/index.php\/wp-json\/wp\/v2\/product"}],"about":[{"href":"https:\/\/lesforestiersassocies.fr\/index.php\/wp-json\/wp\/v2\/types\/product"}],"wp:featuredmedia":[{"embeddable":true,"href":"https:\/\/lesforestiersassocies.fr\/index.php\/wp-json\/wp\/v2\/media\/12135"}],"wp:attachment":[{"href":"https:\/\/lesforestiersassocies.fr\/index.php\/wp-json\/wp\/v2\/media?parent=12134"}],"wp:term":[{"taxonomy":"product_cat","embeddable":true,"href":"https:\/\/lesforestiersassocies.fr\/index.php\/wp-json\/wp\/v2\/product_cat?post=12134"},{"taxonomy":"product_tag","embeddable":true,"href":"https:\/\/lesforestiersassocies.fr\/index.php\/wp-json\/wp\/v2\/product_tag?post=12134"}],"curies":[{"name":"wp","href":"https:\/\/api.w.org\/{rel}","templated":true}]}}