{"id":12149,"date":"2024-07-17T12:18:30","date_gmt":"2024-07-17T10:18:30","guid":{"rendered":"https:\/\/lesforestiersassocies.fr\/?post_type=product&#038;p=12149"},"modified":"2024-07-17T12:19:07","modified_gmt":"2024-07-17T10:19:07","slug":"lame-de-scie-sauteuse-bois-coupe-rapide-et-droite-bois-agglomere-et-panneaux-de-fibres","status":"publish","type":"product","link":"https:\/\/lesforestiersassocies.fr\/index.php\/produit\/lame-de-scie-sauteuse-bois-coupe-rapide-et-droite-bois-agglomere-et-panneaux-de-fibres\/","title":{"rendered":"Lame de scie sauteuse bois &#8211; Coupe Rapide et Droite &#8211; Bois, agglom\u00e9r\u00e9 et panneaux de fibres"},"content":{"rendered":"<ul class=\"additional-feature-ul\">\n<li class=\"feature-list-li\">Lames de scie sauteuse HCS offrant une grande durabilit\u00e9 et des r\u00e9sultats de coupe optimaux<\/li>\n<li class=\"feature-list-li\">Compos\u00e9es en acier \u00e0 forte teneur en carbone flexible (HCS, High Carbon Steel)<\/li>\n<li class=\"feature-list-li\">Pour utilisation dans le bois, le bois rev\u00eatu de plastique, de panneaux de fibres et de plastiques<\/li>\n<\/ul>\n<p>&nbsp;<\/p>\n<ul class=\"additional-feature-ul\">\n<li>Pour couper dans des mat\u00e9riaux tendres tels que le bois, l&rsquo;agglom\u00e9r\u00e9, le stratifi\u00e9, le contre-plaqu\u00e9, le plastique<\/li>\n<\/ul>\n","protected":false},"excerpt":{"rendered":"<p class=\"coh-heading title coh-style-h3---default\">profondeur de coupe &lt; 60 mm attache en T<\/p>\n","protected":false},"featured_media":12147,"template":"","meta":[],"product_cat":[64],"product_tag":[],"acf":[],"yoast_head":"<!-- This site is optimized with the Yoast SEO plugin v21.9 - https:\/\/yoast.com\/wordpress\/plugins\/seo\/ -->\n<title>Lame de scie sauteuse bois - Coupe Rapide et Droite - Bois, agglom\u00e9r\u00e9 et panneaux de fibres - Les Forestiers Associ\u00e9s<\/title>\n<meta name=\"robots\" content=\"index, follow, max-snippet:-1, max-image-preview:large, max-video-preview:-1\" \/>\n<link rel=\"canonical\" href=\"https:\/\/lesforestiersassocies.fr\/index.php\/produit\/lame-de-scie-sauteuse-bois-coupe-rapide-et-droite-bois-agglomere-et-panneaux-de-fibres\/\" \/>\n<meta property=\"og:locale\" content=\"fr_FR\" \/>\n<meta property=\"og:type\" content=\"article\" \/>\n<meta property=\"og:title\" content=\"Lame de scie sauteuse bois - Coupe Rapide et Droite - Bois, agglom\u00e9r\u00e9 et panneaux de fibres - Les Forestiers Associ\u00e9s\" \/>\n<meta property=\"og:description\" content=\"profondeur de coupe &lt; 60 mm attache en T\" \/>\n<meta property=\"og:url\" content=\"https:\/\/lesforestiersassocies.fr\/index.php\/produit\/lame-de-scie-sauteuse-bois-coupe-rapide-et-droite-bois-agglomere-et-panneaux-de-fibres\/\" \/>\n<meta property=\"og:site_name\" content=\"Les Forestiers Associ\u00e9s\" \/>\n<meta property=\"article:modified_time\" content=\"2024-07-17T10:19:07+00:00\" \/>\n<meta property=\"og:image\" content=\"https:\/\/lesforestiersassocies.fr\/wp-content\/uploads\/2024\/05\/lame-de-scie-2.jpg\" \/>\n\t<meta property=\"og:image:width\" content=\"501\" \/>\n\t<meta property=\"og:image:height\" content=\"345\" \/>\n\t<meta property=\"og:image:type\" content=\"image\/jpeg\" \/>\n<meta name=\"twitter:card\" content=\"summary_large_image\" \/>\n<meta name=\"twitter:label1\" content=\"Dur\u00e9e de lecture estim\u00e9e\" \/>\n\t<meta name=\"twitter:data1\" content=\"1 minute\" \/>\n<script type=\"application\/ld+json\" class=\"yoast-schema-graph\">{\"@context\":\"https:\/\/schema.org\",\"@graph\":[{\"@type\":\"WebPage\",\"@id\":\"https:\/\/lesforestiersassocies.fr\/index.php\/produit\/lame-de-scie-sauteuse-bois-coupe-rapide-et-droite-bois-agglomere-et-panneaux-de-fibres\/\",\"url\":\"https:\/\/lesforestiersassocies.fr\/index.php\/produit\/lame-de-scie-sauteuse-bois-coupe-rapide-et-droite-bois-agglomere-et-panneaux-de-fibres\/\",\"name\":\"Lame de scie sauteuse bois - Coupe Rapide et Droite - Bois, agglom\u00e9r\u00e9 et panneaux de fibres - Les Forestiers Associ\u00e9s\",\"isPartOf\":{\"@id\":\"https:\/\/lesforestiersassocies.fr\/#website\"},\"datePublished\":\"2024-07-17T10:18:30+00:00\",\"dateModified\":\"2024-07-17T10:19:07+00:00\",\"breadcrumb\":{\"@id\":\"https:\/\/lesforestiersassocies.fr\/index.php\/produit\/lame-de-scie-sauteuse-bois-coupe-rapide-et-droite-bois-agglomere-et-panneaux-de-fibres\/#breadcrumb\"},\"inLanguage\":\"fr-FR\",\"potentialAction\":[{\"@type\":\"ReadAction\",\"target\":[\"https:\/\/lesforestiersassocies.fr\/index.php\/produit\/lame-de-scie-sauteuse-bois-coupe-rapide-et-droite-bois-agglomere-et-panneaux-de-fibres\/\"]}]},{\"@type\":\"BreadcrumbList\",\"@id\":\"https:\/\/lesforestiersassocies.fr\/index.php\/produit\/lame-de-scie-sauteuse-bois-coupe-rapide-et-droite-bois-agglomere-et-panneaux-de-fibres\/#breadcrumb\",\"itemListElement\":[{\"@type\":\"ListItem\",\"position\":1,\"name\":\"Accueil\",\"item\":\"https:\/\/lesforestiersassocies.fr\/\"},{\"@type\":\"ListItem\",\"position\":2,\"name\":\"Inventory\",\"item\":\"https:\/\/lesforestiersassocies.fr\/index.php\/inventory\/\"},{\"@type\":\"ListItem\",\"position\":3,\"name\":\"Lame de scie sauteuse bois &#8211; Coupe Rapide et Droite &#8211; Bois, agglom\u00e9r\u00e9 et panneaux de fibres\"}]},{\"@type\":\"WebSite\",\"@id\":\"https:\/\/lesforestiersassocies.fr\/#website\",\"url\":\"https:\/\/lesforestiersassocies.fr\/\",\"name\":\"Les Forestiers Associ\u00e9s\",\"description\":\"Les Forestiers Associ\u00e9s\",\"publisher\":{\"@id\":\"https:\/\/lesforestiersassocies.fr\/#organization\"},\"potentialAction\":[{\"@type\":\"SearchAction\",\"target\":{\"@type\":\"EntryPoint\",\"urlTemplate\":\"https:\/\/lesforestiersassocies.fr\/?s={search_term_string}\"},\"query-input\":\"required name=search_term_string\"}],\"inLanguage\":\"fr-FR\"},{\"@type\":\"Organization\",\"@id\":\"https:\/\/lesforestiersassocies.fr\/#organization\",\"name\":\"Les Forestiers Associ\u00e9s\",\"url\":\"https:\/\/lesforestiersassocies.fr\/\",\"logo\":{\"@type\":\"ImageObject\",\"inLanguage\":\"fr-FR\",\"@id\":\"https:\/\/lesforestiersassocies.fr\/#\/schema\/logo\/image\/\",\"url\":\"http:\/\/lesforestiersassocies.fr\/wp-content\/uploads\/2019\/01\/LFA-Logo.jpg\",\"contentUrl\":\"http:\/\/lesforestiersassocies.fr\/wp-content\/uploads\/2019\/01\/LFA-Logo.jpg\",\"width\":905,\"height\":314,\"caption\":\"Les Forestiers Associ\u00e9s\"},\"image\":{\"@id\":\"https:\/\/lesforestiersassocies.fr\/#\/schema\/logo\/image\/\"}}]}<\/script>\n<!-- \/ Yoast SEO plugin. -->","yoast_head_json":{"title":"Lame de scie sauteuse bois - Coupe Rapide et Droite - Bois, agglom\u00e9r\u00e9 et panneaux de fibres - Les Forestiers Associ\u00e9s","robots":{"index":"index","follow":"follow","max-snippet":"max-snippet:-1","max-image-preview":"max-image-preview:large","max-video-preview":"max-video-preview:-1"},"canonical":"https:\/\/lesforestiersassocies.fr\/index.php\/produit\/lame-de-scie-sauteuse-bois-coupe-rapide-et-droite-bois-agglomere-et-panneaux-de-fibres\/","og_locale":"fr_FR","og_type":"article","og_title":"Lame de scie sauteuse bois - Coupe Rapide et Droite - Bois, agglom\u00e9r\u00e9 et panneaux de fibres - Les Forestiers Associ\u00e9s","og_description":"profondeur de coupe &lt; 60 mm attache en T","og_url":"https:\/\/lesforestiersassocies.fr\/index.php\/produit\/lame-de-scie-sauteuse-bois-coupe-rapide-et-droite-bois-agglomere-et-panneaux-de-fibres\/","og_site_name":"Les Forestiers Associ\u00e9s","article_modified_time":"2024-07-17T10:19:07+00:00","og_image":[{"width":501,"height":345,"url":"https:\/\/lesforestiersassocies.fr\/wp-content\/uploads\/2024\/05\/lame-de-scie-2.jpg","type":"image\/jpeg"}],"twitter_card":"summary_large_image","twitter_misc":{"Dur\u00e9e de lecture estim\u00e9e":"1 minute"},"schema":{"@context":"https:\/\/schema.org","@graph":[{"@type":"WebPage","@id":"https:\/\/lesforestiersassocies.fr\/index.php\/produit\/lame-de-scie-sauteuse-bois-coupe-rapide-et-droite-bois-agglomere-et-panneaux-de-fibres\/","url":"https:\/\/lesforestiersassocies.fr\/index.php\/produit\/lame-de-scie-sauteuse-bois-coupe-rapide-et-droite-bois-agglomere-et-panneaux-de-fibres\/","name":"Lame de scie sauteuse bois - Coupe Rapide et Droite - Bois, agglom\u00e9r\u00e9 et panneaux de fibres - Les Forestiers Associ\u00e9s","isPartOf":{"@id":"https:\/\/lesforestiersassocies.fr\/#website"},"datePublished":"2024-07-17T10:18:30+00:00","dateModified":"2024-07-17T10:19:07+00:00","breadcrumb":{"@id":"https:\/\/lesforestiersassocies.fr\/index.php\/produit\/lame-de-scie-sauteuse-bois-coupe-rapide-et-droite-bois-agglomere-et-panneaux-de-fibres\/#breadcrumb"},"inLanguage":"fr-FR","potentialAction":[{"@type":"ReadAction","target":["https:\/\/lesforestiersassocies.fr\/index.php\/produit\/lame-de-scie-sauteuse-bois-coupe-rapide-et-droite-bois-agglomere-et-panneaux-de-fibres\/"]}]},{"@type":"BreadcrumbList","@id":"https:\/\/lesforestiersassocies.fr\/index.php\/produit\/lame-de-scie-sauteuse-bois-coupe-rapide-et-droite-bois-agglomere-et-panneaux-de-fibres\/#breadcrumb","itemListElement":[{"@type":"ListItem","position":1,"name":"Accueil","item":"https:\/\/lesforestiersassocies.fr\/"},{"@type":"ListItem","position":2,"name":"Inventory","item":"https:\/\/lesforestiersassocies.fr\/index.php\/inventory\/"},{"@type":"ListItem","position":3,"name":"Lame de scie sauteuse bois &#8211; Coupe Rapide et Droite &#8211; Bois, agglom\u00e9r\u00e9 et panneaux de fibres"}]},{"@type":"WebSite","@id":"https:\/\/lesforestiersassocies.fr\/#website","url":"https:\/\/lesforestiersassocies.fr\/","name":"Les Forestiers Associ\u00e9s","description":"Les Forestiers Associ\u00e9s","publisher":{"@id":"https:\/\/lesforestiersassocies.fr\/#organization"},"potentialAction":[{"@type":"SearchAction","target":{"@type":"EntryPoint","urlTemplate":"https:\/\/lesforestiersassocies.fr\/?s={search_term_string}"},"query-input":"required name=search_term_string"}],"inLanguage":"fr-FR"},{"@type":"Organization","@id":"https:\/\/lesforestiersassocies.fr\/#organization","name":"Les Forestiers Associ\u00e9s","url":"https:\/\/lesforestiersassocies.fr\/","logo":{"@type":"ImageObject","inLanguage":"fr-FR","@id":"https:\/\/lesforestiersassocies.fr\/#\/schema\/logo\/image\/","url":"http:\/\/lesforestiersassocies.fr\/wp-content\/uploads\/2019\/01\/LFA-Logo.jpg","contentUrl":"http:\/\/lesforestiersassocies.fr\/wp-content\/uploads\/2019\/01\/LFA-Logo.jpg","width":905,"height":314,"caption":"Les Forestiers Associ\u00e9s"},"image":{"@id":"https:\/\/lesforestiersassocies.fr\/#\/schema\/logo\/image\/"}}]}},"_links":{"self":[{"href":"https:\/\/lesforestiersassocies.fr\/index.php\/wp-json\/wp\/v2\/product\/12149"}],"collection":[{"href":"https:\/\/lesforestiersassocies.fr\/index.php\/wp-json\/wp\/v2\/product"}],"about":[{"href":"https:\/\/lesforestiersassocies.fr\/index.php\/wp-json\/wp\/v2\/types\/product"}],"wp:featuredmedia":[{"embeddable":true,"href":"https:\/\/lesforestiersassocies.fr\/index.php\/wp-json\/wp\/v2\/media\/12147"}],"wp:attachment":[{"href":"https:\/\/lesforestiersassocies.fr\/index.php\/wp-json\/wp\/v2\/media?parent=12149"}],"wp:term":[{"taxonomy":"product_cat","embeddable":true,"href":"https:\/\/lesforestiersassocies.fr\/index.php\/wp-json\/wp\/v2\/product_cat?post=12149"},{"taxonomy":"product_tag","embeddable":true,"href":"https:\/\/lesforestiersassocies.fr\/index.php\/wp-json\/wp\/v2\/product_tag?post=12149"}],"curies":[{"name":"wp","href":"https:\/\/api.w.org\/{rel}","templated":true}]}}