{"id":12157,"date":"2024-08-02T10:53:25","date_gmt":"2024-08-02T08:53:25","guid":{"rendered":"https:\/\/lesforestiersassocies.fr\/?post_type=product&#038;p=12157"},"modified":"2024-08-02T11:42:24","modified_gmt":"2024-08-02T09:42:24","slug":"panneau-contreplaque-filme-eucalyptus-ep-15mm","status":"publish","type":"product","link":"https:\/\/lesforestiersassocies.fr\/index.php\/produit\/panneau-contreplaque-filme-eucalyptus-ep-15mm\/","title":{"rendered":"Panneau contreplaqu\u00e9 film\u00e9 Eucalyptus"},"content":{"rendered":"<p>Epaisseurs : 12, 15 et 18 mm \/ Panneau de 1250 x 2500 mm<\/p>\n<p>Contreplaqu\u00e9 Powerfilm multiplis compos\u00e9 de 100% eucalyptus rev\u00eatu sur sa face et contre face d\u2019un film ph\u00e9nolique marron 120gr\/m\u00b2 avec des chants peints en peinture hydrofuge.\u00a0 Domaine d\u2019utilisation: est principalement utilis\u00e9 pour les coffrages de dalles et murs, les mannequins, les moules pr\u00e9fabriqu\u00e9s, ouvrages d\u2019art, banches. R\u00e9emplois: De par sa qualit\u00e9 de fabrication, il peut \u00eatre utilis\u00e9 en garanti 8 r\u00e9emplois en respectant un certains nombres de r\u00e8gles d&rsquo;entretien. R\u00e8gles d&rsquo;entretien : Pour optimiser le nombre d\u2019emploi du contreplaqu\u00e9, il convient de respecter les r\u00e8gles suivantes : Les panneaux doivent \u00eatre stock\u00e9s \u00e0 l\u2019horizontale, sous abri, avec des conditions d\u2019humidit\u00e9 et de temp\u00e9rature similaires \u00e0 leur utilisation. Des variations d\u2019humidit\u00e9 et de temp\u00e9rature peuvent provoquer l\u2019usure pr\u00e9matur\u00e9e du panneau ainsi que des d\u00e9fauts d\u2019\u00e9paisseurs suite \u00e0 des gonflements. L\u2019exposition des contreplaqu\u00e9s au soleil peut provoquer une perte d\u2019humidit\u00e9 du panneau et risquer un ph\u00e9nom\u00e8ne de fissures en surface.<br \/>\nLes panneaux seront empil\u00e9s sur un support ferme et sur\u00e9lev\u00e9 con\u00e7ut de mani\u00e8re \u00e0 \u00e9viter le fl\u00e9chissement et la non plan\u00e9it\u00e9 des panneaux. Il convient \u00e9galement de prot\u00e9ger les panneaux des risques de p\u00e9n\u00e9tration de l\u2019humidit\u00e9. A chaque utilisation, une huile de d\u00e9coffrage adapt\u00e9e doit \u00eatre employ\u00e9e. Il convient au client de consulter son fournisseur qui lui indiquera le produit le mieux adapt\u00e9. Si des manipulations telles que le sciage ou le per\u00e7age des panneaux devaient \u00eatre effectu\u00e9es, il est imp\u00e9ratif de prot\u00e9ger imm\u00e9diatement les chants ou les trous avec une peinture hydrofuge adapt\u00e9e. Encore une fois, le client devra se rapprocher de son fournisseur qui lui indiquera le produit le mieux adapt\u00e9. Si ces conditions ne sont pas remplies, aucune r\u00e9clamation ne pourra \u00eatre faite si des probl\u00e8mes sur les panneaux apparaissent.<\/p>\n","protected":false},"excerpt":{"rendered":"<p>Epaisseurs : 12, 15 et 18 mm \/ Panneau de [&hellip;]<\/p>\n","protected":false},"featured_media":12159,"template":"","meta":[],"product_cat":[66],"product_tag":[109],"acf":[],"yoast_head":"<!-- This site is optimized with the Yoast SEO plugin v21.9 - https:\/\/yoast.com\/wordpress\/plugins\/seo\/ -->\n<title>Panneau contreplaqu\u00e9 film\u00e9 Eucalyptus - Les Forestiers Associ\u00e9s<\/title>\n<meta name=\"robots\" content=\"index, follow, max-snippet:-1, max-image-preview:large, max-video-preview:-1\" \/>\n<link rel=\"canonical\" href=\"https:\/\/lesforestiersassocies.fr\/index.php\/produit\/panneau-contreplaque-filme-eucalyptus-ep-15mm\/\" \/>\n<meta property=\"og:locale\" content=\"fr_FR\" \/>\n<meta property=\"og:type\" content=\"article\" \/>\n<meta property=\"og:title\" content=\"Panneau contreplaqu\u00e9 film\u00e9 Eucalyptus - Les Forestiers Associ\u00e9s\" \/>\n<meta property=\"og:description\" content=\"Epaisseurs : 12, 15 et 18 mm \/ Panneau de [&hellip;]\" \/>\n<meta property=\"og:url\" content=\"https:\/\/lesforestiersassocies.fr\/index.php\/produit\/panneau-contreplaque-filme-eucalyptus-ep-15mm\/\" \/>\n<meta property=\"og:site_name\" content=\"Les Forestiers Associ\u00e9s\" \/>\n<meta property=\"article:modified_time\" content=\"2024-08-02T09:42:24+00:00\" \/>\n<meta property=\"og:image\" content=\"https:\/\/lesforestiersassocies.fr\/wp-content\/uploads\/2024\/08\/CP-FILM-15-ET-18-MM.png\" \/>\n\t<meta property=\"og:image:width\" content=\"339\" \/>\n\t<meta property=\"og:image:height\" content=\"184\" \/>\n\t<meta property=\"og:image:type\" content=\"image\/png\" \/>\n<meta name=\"twitter:card\" content=\"summary_large_image\" \/>\n<meta name=\"twitter:label1\" content=\"Dur\u00e9e de lecture estim\u00e9e\" \/>\n\t<meta name=\"twitter:data1\" content=\"2 minutes\" \/>\n<script type=\"application\/ld+json\" class=\"yoast-schema-graph\">{\"@context\":\"https:\/\/schema.org\",\"@graph\":[{\"@type\":\"WebPage\",\"@id\":\"https:\/\/lesforestiersassocies.fr\/index.php\/produit\/panneau-contreplaque-filme-eucalyptus-ep-15mm\/\",\"url\":\"https:\/\/lesforestiersassocies.fr\/index.php\/produit\/panneau-contreplaque-filme-eucalyptus-ep-15mm\/\",\"name\":\"Panneau contreplaqu\u00e9 film\u00e9 Eucalyptus - Les Forestiers Associ\u00e9s\",\"isPartOf\":{\"@id\":\"https:\/\/lesforestiersassocies.fr\/#website\"},\"datePublished\":\"2024-08-02T08:53:25+00:00\",\"dateModified\":\"2024-08-02T09:42:24+00:00\",\"breadcrumb\":{\"@id\":\"https:\/\/lesforestiersassocies.fr\/index.php\/produit\/panneau-contreplaque-filme-eucalyptus-ep-15mm\/#breadcrumb\"},\"inLanguage\":\"fr-FR\",\"potentialAction\":[{\"@type\":\"ReadAction\",\"target\":[\"https:\/\/lesforestiersassocies.fr\/index.php\/produit\/panneau-contreplaque-filme-eucalyptus-ep-15mm\/\"]}]},{\"@type\":\"BreadcrumbList\",\"@id\":\"https:\/\/lesforestiersassocies.fr\/index.php\/produit\/panneau-contreplaque-filme-eucalyptus-ep-15mm\/#breadcrumb\",\"itemListElement\":[{\"@type\":\"ListItem\",\"position\":1,\"name\":\"Accueil\",\"item\":\"https:\/\/lesforestiersassocies.fr\/\"},{\"@type\":\"ListItem\",\"position\":2,\"name\":\"Inventory\",\"item\":\"https:\/\/lesforestiersassocies.fr\/index.php\/inventory\/\"},{\"@type\":\"ListItem\",\"position\":3,\"name\":\"Panneau contreplaqu\u00e9 film\u00e9 Eucalyptus\"}]},{\"@type\":\"WebSite\",\"@id\":\"https:\/\/lesforestiersassocies.fr\/#website\",\"url\":\"https:\/\/lesforestiersassocies.fr\/\",\"name\":\"Les Forestiers Associ\u00e9s\",\"description\":\"Les Forestiers Associ\u00e9s\",\"publisher\":{\"@id\":\"https:\/\/lesforestiersassocies.fr\/#organization\"},\"potentialAction\":[{\"@type\":\"SearchAction\",\"target\":{\"@type\":\"EntryPoint\",\"urlTemplate\":\"https:\/\/lesforestiersassocies.fr\/?s={search_term_string}\"},\"query-input\":\"required name=search_term_string\"}],\"inLanguage\":\"fr-FR\"},{\"@type\":\"Organization\",\"@id\":\"https:\/\/lesforestiersassocies.fr\/#organization\",\"name\":\"Les Forestiers Associ\u00e9s\",\"url\":\"https:\/\/lesforestiersassocies.fr\/\",\"logo\":{\"@type\":\"ImageObject\",\"inLanguage\":\"fr-FR\",\"@id\":\"https:\/\/lesforestiersassocies.fr\/#\/schema\/logo\/image\/\",\"url\":\"http:\/\/lesforestiersassocies.fr\/wp-content\/uploads\/2019\/01\/LFA-Logo.jpg\",\"contentUrl\":\"http:\/\/lesforestiersassocies.fr\/wp-content\/uploads\/2019\/01\/LFA-Logo.jpg\",\"width\":905,\"height\":314,\"caption\":\"Les Forestiers Associ\u00e9s\"},\"image\":{\"@id\":\"https:\/\/lesforestiersassocies.fr\/#\/schema\/logo\/image\/\"}}]}<\/script>\n<!-- \/ Yoast SEO plugin. -->","yoast_head_json":{"title":"Panneau contreplaqu\u00e9 film\u00e9 Eucalyptus - Les Forestiers Associ\u00e9s","robots":{"index":"index","follow":"follow","max-snippet":"max-snippet:-1","max-image-preview":"max-image-preview:large","max-video-preview":"max-video-preview:-1"},"canonical":"https:\/\/lesforestiersassocies.fr\/index.php\/produit\/panneau-contreplaque-filme-eucalyptus-ep-15mm\/","og_locale":"fr_FR","og_type":"article","og_title":"Panneau contreplaqu\u00e9 film\u00e9 Eucalyptus - Les Forestiers Associ\u00e9s","og_description":"Epaisseurs : 12, 15 et 18 mm \/ Panneau de [&hellip;]","og_url":"https:\/\/lesforestiersassocies.fr\/index.php\/produit\/panneau-contreplaque-filme-eucalyptus-ep-15mm\/","og_site_name":"Les Forestiers Associ\u00e9s","article_modified_time":"2024-08-02T09:42:24+00:00","og_image":[{"width":339,"height":184,"url":"https:\/\/lesforestiersassocies.fr\/wp-content\/uploads\/2024\/08\/CP-FILM-15-ET-18-MM.png","type":"image\/png"}],"twitter_card":"summary_large_image","twitter_misc":{"Dur\u00e9e de lecture estim\u00e9e":"2 minutes"},"schema":{"@context":"https:\/\/schema.org","@graph":[{"@type":"WebPage","@id":"https:\/\/lesforestiersassocies.fr\/index.php\/produit\/panneau-contreplaque-filme-eucalyptus-ep-15mm\/","url":"https:\/\/lesforestiersassocies.fr\/index.php\/produit\/panneau-contreplaque-filme-eucalyptus-ep-15mm\/","name":"Panneau contreplaqu\u00e9 film\u00e9 Eucalyptus - Les Forestiers Associ\u00e9s","isPartOf":{"@id":"https:\/\/lesforestiersassocies.fr\/#website"},"datePublished":"2024-08-02T08:53:25+00:00","dateModified":"2024-08-02T09:42:24+00:00","breadcrumb":{"@id":"https:\/\/lesforestiersassocies.fr\/index.php\/produit\/panneau-contreplaque-filme-eucalyptus-ep-15mm\/#breadcrumb"},"inLanguage":"fr-FR","potentialAction":[{"@type":"ReadAction","target":["https:\/\/lesforestiersassocies.fr\/index.php\/produit\/panneau-contreplaque-filme-eucalyptus-ep-15mm\/"]}]},{"@type":"BreadcrumbList","@id":"https:\/\/lesforestiersassocies.fr\/index.php\/produit\/panneau-contreplaque-filme-eucalyptus-ep-15mm\/#breadcrumb","itemListElement":[{"@type":"ListItem","position":1,"name":"Accueil","item":"https:\/\/lesforestiersassocies.fr\/"},{"@type":"ListItem","position":2,"name":"Inventory","item":"https:\/\/lesforestiersassocies.fr\/index.php\/inventory\/"},{"@type":"ListItem","position":3,"name":"Panneau contreplaqu\u00e9 film\u00e9 Eucalyptus"}]},{"@type":"WebSite","@id":"https:\/\/lesforestiersassocies.fr\/#website","url":"https:\/\/lesforestiersassocies.fr\/","name":"Les Forestiers Associ\u00e9s","description":"Les Forestiers Associ\u00e9s","publisher":{"@id":"https:\/\/lesforestiersassocies.fr\/#organization"},"potentialAction":[{"@type":"SearchAction","target":{"@type":"EntryPoint","urlTemplate":"https:\/\/lesforestiersassocies.fr\/?s={search_term_string}"},"query-input":"required name=search_term_string"}],"inLanguage":"fr-FR"},{"@type":"Organization","@id":"https:\/\/lesforestiersassocies.fr\/#organization","name":"Les Forestiers Associ\u00e9s","url":"https:\/\/lesforestiersassocies.fr\/","logo":{"@type":"ImageObject","inLanguage":"fr-FR","@id":"https:\/\/lesforestiersassocies.fr\/#\/schema\/logo\/image\/","url":"http:\/\/lesforestiersassocies.fr\/wp-content\/uploads\/2019\/01\/LFA-Logo.jpg","contentUrl":"http:\/\/lesforestiersassocies.fr\/wp-content\/uploads\/2019\/01\/LFA-Logo.jpg","width":905,"height":314,"caption":"Les Forestiers Associ\u00e9s"},"image":{"@id":"https:\/\/lesforestiersassocies.fr\/#\/schema\/logo\/image\/"}}]}},"_links":{"self":[{"href":"https:\/\/lesforestiersassocies.fr\/index.php\/wp-json\/wp\/v2\/product\/12157"}],"collection":[{"href":"https:\/\/lesforestiersassocies.fr\/index.php\/wp-json\/wp\/v2\/product"}],"about":[{"href":"https:\/\/lesforestiersassocies.fr\/index.php\/wp-json\/wp\/v2\/types\/product"}],"wp:featuredmedia":[{"embeddable":true,"href":"https:\/\/lesforestiersassocies.fr\/index.php\/wp-json\/wp\/v2\/media\/12159"}],"wp:attachment":[{"href":"https:\/\/lesforestiersassocies.fr\/index.php\/wp-json\/wp\/v2\/media?parent=12157"}],"wp:term":[{"taxonomy":"product_cat","embeddable":true,"href":"https:\/\/lesforestiersassocies.fr\/index.php\/wp-json\/wp\/v2\/product_cat?post=12157"},{"taxonomy":"product_tag","embeddable":true,"href":"https:\/\/lesforestiersassocies.fr\/index.php\/wp-json\/wp\/v2\/product_tag?post=12157"}],"curies":[{"name":"wp","href":"https:\/\/api.w.org\/{rel}","templated":true}]}}